{"id":73,"date":"2014-09-18T14:01:51","date_gmt":"2014-09-18T14:01:51","guid":{"rendered":"http:\/\/agora.xtec.cat\/escjoanxxiiilleida\/?page_id=73"},"modified":"2026-04-09T13:36:40","modified_gmt":"2026-04-09T11:36:40","slug":"menjador-escolar","status":"publish","type":"page","link":"https:\/\/agora.xtec.cat\/escjoanxxiiilleida\/serveis\/menjador-escolar\/","title":{"rendered":"Menjador escolar"},"content":{"rendered":"<p>El menjador de la nostra escola est\u00e0 gestionant per l&#8217;empresa SERCODAGA. Aquesta empresa ens fa el menjar a la nostra cuina, tenim al cuiner Victor i l&#8217;Elena que tamb\u00e9 l&#8217;ajuda. L&#8217;Elena a m\u00e9s d&#8217;estar a la cuina tamb\u00e9 \u00e9s l&#8217;encarregada del menjador.<\/p>\n<p>El men\u00fa del menjador es va canviant cada mes. Aquest \u00e9s el d&#8217;aquest mes est\u00e0ndard, ja que tamb\u00e9 hi ha d&#8217;altres men\u00fas per alumnes amb intoler\u00e0ncies, dietes<\/p>\n<p><a href=\"https:\/\/drive.google.com\/file\/d\/1EuRUapSFVi33acm2Hs2HDOD6IOYq7Cdc\/view?usp=sharing\">Men\u00fa abril 2026<\/a><\/p>\n<p><a href=\"https:\/\/drive.google.com\/file\/d\/1gNpLceOAzMKokAoDjC8ZhdXz-uGDshie\/view?usp=sharing\">Men\u00fa abril sense carn 2026<\/a><\/p>\n<p>&nbsp;<\/p>\n<p><a href=\"https:\/\/agora.xtec.cat\/escjoanxxiiilleida\/wp-content\/uploads\/usu359\/2026\/04\/08-JOAN-XXIII-ABRIL-2026_page-0001.jpg\"><img loading=\"lazy\" decoding=\"async\" class=\"alignnone size-large wp-image-13939\" src=\"https:\/\/agora.xtec.cat\/escjoanxxiiilleida\/wp-content\/uploads\/usu359\/2026\/04\/08-JOAN-XXIII-ABRIL-2026_page-0001-1024x724.jpg\" alt=\"\" width=\"1024\" height=\"724\" srcset=\"https:\/\/agora.xtec.cat\/escjoanxxiiilleida\/wp-content\/uploads\/usu359\/2026\/04\/08-JOAN-XXIII-ABRIL-2026_page-0001-1024x724.jpg 1024w, https:\/\/agora.xtec.cat\/escjoanxxiiilleida\/wp-content\/uploads\/usu359\/2026\/04\/08-JOAN-XXIII-ABRIL-2026_page-0001-300x212.jpg 300w, https:\/\/agora.xtec.cat\/escjoanxxiiilleida\/wp-content\/uploads\/usu359\/2026\/04\/08-JOAN-XXIII-ABRIL-2026_page-0001-768x543.jpg 768w, https:\/\/agora.xtec.cat\/escjoanxxiiilleida\/wp-content\/uploads\/usu359\/2026\/04\/08-JOAN-XXIII-ABRIL-2026_page-0001-1536x1086.jpg 1536w, https:\/\/agora.xtec.cat\/escjoanxxiiilleida\/wp-content\/uploads\/usu359\/2026\/04\/08-JOAN-XXIII-ABRIL-2026_page-0001.jpg 1755w\" sizes=\"auto, (max-width: 1024px) 100vw, 1024px\" \/><\/a><\/p>\n<p>&nbsp;<\/p>\n<p>&nbsp;<\/p>\n<p>&nbsp;<\/p>\n<p>&nbsp;<\/p>\n<p>&nbsp;<\/p>\n<p>&nbsp;<\/p>\n<p>&nbsp;<\/p>\n<p>&nbsp;<\/p>\n<p>&nbsp;<\/p>\n<p>&nbsp;<\/p>\n<p>&nbsp;<\/p>\n<p>&nbsp;<\/p>\n<p>&nbsp;<\/p>\n<p>&nbsp;<\/p>\n<p>&nbsp;<\/p>\n<p>&nbsp;<\/p>\n<p>&nbsp;<\/p>\n<p>&nbsp;<\/p>\n<p>&nbsp;<\/p>\n<p>&nbsp;<\/p>\n<p>&nbsp;<\/p>\n","protected":false},"excerpt":{"rendered":"<p>El menjador de la nostra escola est\u00e0 gestionant per l&#8217;empresa SERCODAGA. Aquesta empresa ens fa el menjar a la nostra cuina, tenim al cuiner Victor i l&#8217;Elena que tamb\u00e9 l&#8217;ajuda. L&#8217;Elena a m\u00e9s d&#8217;estar a la cuina tamb\u00e9 \u00e9s l&#8217;encarregada del menjador.<br \/>\nEl men\u00fa del menjador&hellip;  <a href=\"https:\/\/agora.xtec.cat\/escjoanxxiiilleida\/serveis\/menjador-escolar\/\" title=\"Read Menjador escolar\">Llegeix m\u00e9s\u00bb<\/a><\/p>\n","protected":false},"author":2,"featured_media":0,"parent":66,"menu_order":30,"comment_status":"closed","ping_status":"closed","template":"page-templates\/side-menu.php","meta":{"_bbp_topic_count":0,"_bbp_reply_count":0,"_bbp_total_topic_count":0,"_bbp_total_reply_count":0,"_bbp_voice_count":0,"_bbp_anonymous_reply_count":0,"_bbp_topic_count_hidden":0,"_bbp_reply_count_hidden":0,"_bbp_forum_subforum_count":0,"footnotes":""},"class_list":["post-73","page","type-page","status-publish","hentry"],"post_mailing_queue_ids":[],"_links":{"self":[{"href":"https:\/\/agora.xtec.cat\/escjoanxxiiilleida\/wp-json\/wp\/v2\/pages\/73","targetHints":{"allow":["GET"]}}],"collection":[{"href":"https:\/\/agora.xtec.cat\/escjoanxxiiilleida\/wp-json\/wp\/v2\/pages"}],"about":[{"href":"https:\/\/agora.xtec.cat\/escjoanxxiiilleida\/wp-json\/wp\/v2\/types\/page"}],"author":[{"embeddable":true,"href":"https:\/\/agora.xtec.cat\/escjoanxxiiilleida\/wp-json\/wp\/v2\/users\/2"}],"replies":[{"embeddable":true,"href":"https:\/\/agora.xtec.cat\/escjoanxxiiilleida\/wp-json\/wp\/v2\/comments?post=73"}],"version-history":[{"count":9,"href":"https:\/\/agora.xtec.cat\/escjoanxxiiilleida\/wp-json\/wp\/v2\/pages\/73\/revisions"}],"predecessor-version":[{"id":13940,"href":"https:\/\/agora.xtec.cat\/escjoanxxiiilleida\/wp-json\/wp\/v2\/pages\/73\/revisions\/13940"}],"up":[{"embeddable":true,"href":"https:\/\/agora.xtec.cat\/escjoanxxiiilleida\/wp-json\/wp\/v2\/pages\/66"}],"wp:attachment":[{"href":"https:\/\/agora.xtec.cat\/escjoanxxiiilleida\/wp-json\/wp\/v2\/media?parent=73"}],"curies":[{"name":"wp","href":"https:\/\/api.w.org\/{rel}","templated":true}]}}