{"id":64,"date":"2014-09-18T12:39:08","date_gmt":"2014-09-18T11:39:08","guid":{"rendered":"http:\/\/agora.xtec.cat\/escjoanxxiiilleida\/?page_id=64"},"modified":"2017-03-23T15:16:39","modified_gmt":"2017-03-23T14:16:39","slug":"projecte-educatiu","status":"publish","type":"page","link":"https:\/\/agora.xtec.cat\/escjoanxxiiilleida\/lescola\/projecte-educatiu\/","title":{"rendered":"Projecte educatiu"},"content":{"rendered":"<p>La nostra escola\u00a0 d&#8217;acord amb la <a title=\"Article 91 LEC\" href=\"http:\/\/www20.gencat.cat\/portal\/site\/portaljuridic\/menuitem.d15a4e5dfb99396dc366ec10b0c0e1a0\/?vgnextoid=b85297b5a87d6210VgnVCM1000000b0c1e0aRCRD&amp;vgnextchannel=b85297b5a87d6210VgnVCM1000000b0c1e0aRCRD&amp;vgnextfmt=default&amp;action=fitxa&amp;portalId=1&amp;documentId=480169&amp;newLang=ca_ES#fragment-1182442\" target=\"_blank\">Llei d&#8217;Educaci\u00f3 de Catalunya<\/a>\u00a0 ha\u00a0elaborat\u00a0 el projecte educatiu incorporant el car\u00e0cter propi del centre, aqu\u00ed us deixem dos apartats que volem destacar del nostre projecte:<\/p>\n<ul>\n<li><strong>TRETS D\u2019IDENTITAT I CAR\u00c0CTER PROPI:<\/strong><\/li>\n<\/ul>\n<p><strong>Trets d&#8217;identitat <\/strong>(tenint en compte els principis rectors de la LEC)<\/p>\n<p>L\u2019escola Joan XXIII, es defineix com a: <strong><em>inclusiva, laica i respectuosa amb la pluralitat<\/em><\/strong>, trets definidors del seu car\u00e0cter propi.<\/p>\n<p>Els centres p\u00fablics es defineixen d\u2019acord amb els principis de qualitat pedag\u00f2gica, de direcci\u00f3 responsable, de dedicaci\u00f3 i professionalitat docents, d\u2019avaluaci\u00f3, de retiment de comptes, d\u2019implicaci\u00f3 de les fam\u00edlies, de preservaci\u00f3 de l\u2019equitat, de cerca de l\u2019excel\u00b7l\u00e8ncia i de respecte a les idees i les creences dels alumnes i de llurs mares, pares o tutors.<\/p>\n<p>Els principis definits als apartats anteriors inspiren el projecte educatiu que l\u2019escola Joan XXIII ha d\u2019adoptar en exercici de l\u2019autonomia que aquesta llei li reconeix. En tot cas, el projecte educatiu del centre s\u2019ha de comprometre expressament a complir aquests principis i ha de determinar la relaci\u00f3 amb els alumnes i les fam\u00edlies, la implicaci\u00f3 activa del centre en l\u2019entorn social i el comprom\u00eds de cooperaci\u00f3 i d\u2019integraci\u00f3 plena en la prestaci\u00f3 del Servei d\u2019Educaci\u00f3 de Catalunya.<\/p>\n<p><strong>Car\u00e0cter propi<\/strong><\/p>\n<p>Principis i criteris en que es fonamenta la proposta metodol\u00f2gica en el marc de les <strong>Comunitats d\u2019Aprenentatge<\/strong>:<\/p>\n<ul>\n<li><i><em>Di\u00e0leg igualitari<\/em><\/i><\/li>\n<li><em>Participaci\u00f3 de la comunitat educativa:<\/em>\n<ul>\n<li><em>Individualitzaci\u00f3<\/em>: Cadasc\u00fa al seu propi ritme de treball i nivell d\u2019aprenentatge.<\/li>\n<li><em>Socialitzaci\u00f3<\/em>: Promovent les condicions socials que afavoreixin el desenvolupament integral de la persona.<\/li>\n<li><em>Activitat<\/em>: per tal de consolidar la facultat de treballar de cada un.<\/li>\n<li><em>Creativitat<\/em>: per desenvolupar la capacitat de crear o inventar.<\/li>\n<li><em>Llibertat<\/em>: dret a pensar, expressar, escollir, manifestar-se tal i com un \u00e9s, respectant als altres.<\/li>\n<\/ul>\n<\/li>\n<li><i><em>L\u2019esfor\u00e7 diari i els h\u00e0bits de treball s\u00f3n la nostra premissa.<\/em><\/i><\/li>\n<li><em>La valoraci\u00f3 del proc\u00e9s d\u2019aprenentatge i donar oportunitats per aconseguir refermar els coneixements \u00e9s el nostre criteri pedag\u00f2gic prioritari. <\/em><\/li>\n<li><em>La motivaci\u00f3, l\u2019ordre, el respecte s\u00f3n objectius irrenunciables.<\/em><\/li>\n<li><em>Potenciem el coneixement, l\u2019estima i el respecte al medi ambient.<\/em><\/li>\n<li><em>Centre acollidor.<\/em><\/li>\n<\/ul>\n<p><em>\u00a0 <\/em>Aquests principis inspiren el projecte educatiu que l\u2019Escola Joan XXIII adopta\u00a0en exercici d\u2019autonomia que la llei li reconeix.<\/p>\n<ul>\n<li><strong>OBJECTIUS DE CENTRE<\/strong><\/li>\n<\/ul>\n<ol>\n<li><em><strong>En relaci\u00f3 al desenvolupament, aprenentatges i resultats acad\u00e8mics dels alumnes (compet\u00e8ncies b\u00e0siques\/m\u00e0xim aprofitament educatiu)<\/strong><\/em><\/li>\n<\/ol>\n<ol>\n<ol style=\"list-style-type: lower-alpha;\">\n<li>Aconseguir l\u2019\u00e8xit de resultats per a tothom, millorant l\u2019aprenentatge de tot l\u2019alumnat, amb atenci\u00f3 especial per als qui per raons de desigualtat tenen nivells elevats de frac\u00e0s escolar.<\/li>\n<li><strong>Millorar la conviv\u00e8ncia<\/strong> a trav\u00e9s de la prevenci\u00f3 dial\u00f2gica dels conflictes.<\/li>\n<li><strong>Impulsar l\u2019exel.l\u00e8ncia i l\u2019equitat<\/strong>, amb un model de centre inclusiu basat en la <strong>igualtat de possibilitats<\/strong>, entesa com donar m\u00e9s a qui m\u00e9s ho necessita a fi i efecte de no excloure a ning\u00fa.<\/li>\n<li>Garantir <strong>la participaci\u00f3, coresponsabilitzaci\u00f3 i implicaci\u00f3 de tota la comunitat<\/strong> com a base de transformaci\u00f3 social, educativa i cultural d\u2019un centre educatiu i del seu entorn mitjan\u00e7ant el di\u00e0leg igualitari i una educaci\u00f3 participativa de la comunitat.<\/li>\n<li>Potenciar la <strong>formaci\u00f3 de tots els agents<\/strong> com a valor de millora educativa.<\/li>\n<li>Garantir que el centre educatiu estigui <strong>obert al territori<\/strong>, i participi en la promoci\u00f3 del treball i l\u2019aprenentatge en xarxa.<\/li>\n<\/ol>\n<\/ol>\n<p>A partir d\u2019aquests objectius definim els dos grans <strong><em><u>objectius estrat\u00e8gics<\/u><\/em><\/strong>: <strong><em>MILLORA DELS RESULTATS EDUCATIUS I <\/em><\/strong><strong><em>MILLORA DE LA COHESI\u00d3 SOCIAL.<\/em><\/strong><\/p>\n<p><strong><em>2. <\/em><\/strong><strong><em>En relaci\u00f3 a la cohesi\u00f3 social (inclusi\u00f3, equitat i coeducaci\u00f3)<\/em><\/strong><\/p>\n<ol>\n<ol style=\"list-style-type: lower-alpha;\">\n<li>Millorar la conviv\u00e8ncia a trav\u00e9s de la prevenci\u00f3 dial\u00f2gica dels conflictes.<\/li>\n<li>Fomentar l\u2019adquisici\u00f3 de valors com la solidaritat, la col\u00b7laboraci\u00f3, el di\u00e0leg, la toler\u00e0ncia, la no discriminaci\u00f3, la coeducaci\u00f3, la interculturalitat.<\/li>\n<li>Garantir la participaci\u00f3, la responsabilitat i implicaci\u00f3 de tota la comunitat com a base de transformaci\u00f3 social, educativa i cultural.<\/li>\n<li>Impulsar l\u2019excel\u00b7l\u00e8ncia i equitat, amb un model de centre inclusor en la igualtat de possibilitats, entesa com el donar m\u00e9s a qui m\u00e9s ho necessita a fi de no excloure a ning\u00fa.<\/li>\n<li>Fomentar l\u2019educaci\u00f3 intercultural com un element fonamental per la integraci\u00f3 dels col\u00b7lectius m\u00e9s desafavorits (immigraci\u00f3, necessitats s\u00f2cio-econ\u00f2miques, discapacitats i N.E.E.).<\/li>\n<li>Potenciar el di\u00e0leg igualitari entre tots els agents educatius com a valor de millora educativa.<\/li>\n<li>Fomentar l\u2019adquisici\u00f3 de valors com la solidaritat, la col\u00b7laboraci\u00f3, el di\u00e0leg, la toler\u00e0ncia, la no discriminaci\u00f3, la coeducaci\u00f3&#8230;<\/li>\n<\/ol>\n<\/ol>\n<p><em><strong>3. En relaci\u00f3 a la vinculaci\u00f3 amb l\u2019entorn.<\/strong><\/em><\/p>\n<ol>\n<ol style=\"list-style-type: lower-alpha;\">\n<li>Implicar el centre educatiu al seu entorn, mitjan\u00e7ant el di\u00e0leg igualitari i una educaci\u00f3 participativa de la comunitat (CdA).<\/li>\n<li>Potenciar la projecci\u00f3 del centre a l\u2019entorn, facilitant la integraci\u00f3 dels alumnes al barri i a la ciutat de Lleida.<\/li>\n<\/ol>\n<\/ol>\n<p><em><strong>4. Altres addicionals del Centre<\/strong><\/em><\/p>\n<ol style=\"list-style-type: lower-alpha;\">\n<li>Aplicar mecanismes d\u2019avaluaci\u00f3 atenent la diversitat.<\/li>\n<li>Vetllar pel seguiment dels Projectes endegats i novells.<\/li>\n<li>Impulsar el proc\u00e9s lector: Projecte Impuls per la lectura (ILEC).<\/li>\n<\/ol>\n<p><strong>\u00a0<\/strong><strong>D&#8217;altra banda,\u00a0si voleu saber m\u00e9s sobre el nostre projecte educatiu\u00a0el podeu consultar\u00a0al seg\u00fcent enlla\u00e7<\/strong>:<\/p>\n<p><a href=\"https:\/\/drive.google.com\/open?id=0B4XSs-0eE5loUEhCT25IMTVfUUE\">https:\/\/drive.google.com\/open?id=0B4XSs-0eE5loUEhCT25IMTVfUUE<\/a><\/p>\n<p>&nbsp;<\/p>\n","protected":false},"excerpt":{"rendered":"<p>La nostra escola\u00a0 d&#8217;acord amb la <a title=\"Article 91 LEC\" href=\"http:\/\/www20.gencat.cat\/portal\/site\/portaljuridic\/menuitem.d15a4e5dfb99396dc366ec10b0c0e1a0\/?vgnextoid=b85297b5a87d6210VgnVCM1000000b0c1e0aRCRD&amp;vgnextchannel=b85297b5a87d6210VgnVCM1000000b0c1e0aRCRD&amp;vgnextfmt=default&amp;action=fitxa&amp;portalId=1&amp;documentId=480169&amp;newLang=ca_ES#fragment-1182442\" target=\"_blank\">Llei d&#8217;Educaci\u00f3 de Catalunya<\/a>\u00a0 ha\u00a0elaborat\u00a0 el projecte educatiu incorporant el car\u00e0cter propi del centre, aqu\u00ed us deixem dos apartats que volem destacar del nostre projecte:<\/p>\n<ul>\n<li>TRETS D\u2019IDENTITAT I CAR\u00c0CTER PROPI:<\/li>\n<\/ul>\n<p>Trets d&#8217;identitat (tenint en compte els&hellip;  <a href=\"https:\/\/agora.xtec.cat\/escjoanxxiiilleida\/lescola\/projecte-educatiu\/\" title=\"Read Projecte educatiu\">Llegeix m\u00e9s\u00bb<\/a><\/p>\n","protected":false},"author":2,"featured_media":0,"parent":22,"menu_order":2,"comment_status":"closed","ping_status":"closed","template":"page-templates\/side-menu.php","meta":{"_bbp_topic_count":0,"_bbp_reply_count":0,"_bbp_total_topic_count":0,"_bbp_total_reply_count":0,"_bbp_voice_count":0,"_bbp_anonymous_reply_count":0,"_bbp_topic_count_hidden":0,"_bbp_reply_count_hidden":0,"_bbp_forum_subforum_count":0,"footnotes":""},"class_list":["post-64","page","type-page","status-publish","hentry"],"post_mailing_queue_ids":[],"_links":{"self":[{"href":"https:\/\/agora.xtec.cat\/escjoanxxiiilleida\/wp-json\/wp\/v2\/pages\/64","targetHints":{"allow":["GET"]}}],"collection":[{"href":"https:\/\/agora.xtec.cat\/escjoanxxiiilleida\/wp-json\/wp\/v2\/pages"}],"about":[{"href":"https:\/\/agora.xtec.cat\/escjoanxxiiilleida\/wp-json\/wp\/v2\/types\/page"}],"author":[{"embeddable":true,"href":"https:\/\/agora.xtec.cat\/escjoanxxiiilleida\/wp-json\/wp\/v2\/users\/2"}],"replies":[{"embeddable":true,"href":"https:\/\/agora.xtec.cat\/escjoanxxiiilleida\/wp-json\/wp\/v2\/comments?post=64"}],"version-history":[{"count":4,"href":"https:\/\/agora.xtec.cat\/escjoanxxiiilleida\/wp-json\/wp\/v2\/pages\/64\/revisions"}],"predecessor-version":[{"id":1444,"href":"https:\/\/agora.xtec.cat\/escjoanxxiiilleida\/wp-json\/wp\/v2\/pages\/64\/revisions\/1444"}],"up":[{"embeddable":true,"href":"https:\/\/agora.xtec.cat\/escjoanxxiiilleida\/wp-json\/wp\/v2\/pages\/22"}],"wp:attachment":[{"href":"https:\/\/agora.xtec.cat\/escjoanxxiiilleida\/wp-json\/wp\/v2\/media?parent=64"}],"curies":[{"name":"wp","href":"https:\/\/api.w.org\/{rel}","templated":true}]}}