{"id":6126,"date":"2020-02-19T16:59:42","date_gmt":"2020-02-19T15:59:42","guid":{"rendered":"http:\/\/agora.xtec.cat\/escjoanxxiiilleida\/?page_id=6126"},"modified":"2022-04-22T10:26:07","modified_gmt":"2022-04-22T08:26:07","slug":"agenda-21","status":"publish","type":"page","link":"https:\/\/agora.xtec.cat\/escjoanxxiiilleida\/lescola\/projectes\/agenda-21\/","title":{"rendered":"Agenda 21"},"content":{"rendered":"<p><img loading=\"lazy\" decoding=\"async\" class=\"aligncenter wp-image-6105 size-full\" src=\"https:\/\/agora.xtec.cat\/escjoanxxiiilleida\/wp-content\/uploads\/usu359\/2020\/02\/agenda-21.jpg\" alt=\"\" width=\"200\" height=\"155\" \/><\/p>\n<p><strong>Que \u00e9s l&#8217;agenda 21?<\/strong><\/p>\n<p>Cada cop som m\u00e9s gent que ens adonem que no podem gaudir d\u2019una societat i una economia sana a costa de la pobresa d\u2019altres i la degradaci\u00f3 de l\u2019entorn, i que cal trobar un equilibri entre la protecci\u00f3 del medi, el progr\u00e9s econ\u00f2mic i el benestar social.<\/p>\n<p>L\u2019esdeveniment hist\u00f2ric que ha donat l\u2019impuls definitiu al pensament ambiental de finals del segle XX va ser la celebraci\u00f3, l\u2019any 1992 de la Cimera de la Terra de la ONU. En ella els estats van treballar conjuntament per definir i construir un model de desenvolupament m\u00e9s just, m\u00e9s eficient i m\u00e9s ecol\u00f2gic que garant\u00eds el benestar de les generacions futures. \u00c9s a dir m\u00e9s sostenible.<\/p>\n<p>D\u2019aquesta trobada va sorgir un pla per actuar en favor del desenvolupament sostenible mundial per al segle XXI:\u00a0<span class=\"link-external\"><a class=\"fora\" href=\"http:\/\/www.un.org\/esa\/sustdev\/documents\/agenda21\/index.htm\" target=\"_blank\" rel=\"noopener noreferrer\">l\u2019Agenda 21 global<\/a><\/span><\/p>\n<p>Per tal d\u2019aplicar a nivell local les propostes de l\u2019Agenda 21 global, milers de ciutats d\u2019arreu del m\u00f3n han elaborat la seva pr\u00f2pia Agenda 21 Local, comprometent-se aix\u00ed a ajustar la seva estrat\u00e8gia de govern als principis de sostenibilitat.<\/p>\n<p style=\"text-align: justify; background: white; margin: 0cm 0cm 15.0pt 0cm;\"><span style=\"font-family: 'Arial','sans-serif'; color: #444444;\">La nostra escola forma part de l\u2019Agenda 21 Escolar Lleida des del curs 2005\/2006. Aquest programa impulsat per l\u2019Ajuntament de Lleida vol facilitar la implicaci\u00f3 dels centres escolars en l\u2019ambici\u00f3s projecte planetari de construir un m\u00f3n m\u00e9s sostenible, comen\u00e7ant per la intervenci\u00f3 en el nostre entorn m\u00e9s immediat.<\/span><\/p>\n<p style=\"text-align: justify; background: white; box-sizing: border-box; text-rendering: optimizelegibility; font-variant-ligatures: normal; font-variant-caps: normal; orphans: 2; widows: 2; -webkit-text-stroke-width: 0px; text-decoration-thickness: initial; text-decoration-style: initial; text-decoration-color: initial; word-spacing: 0px; margin: 0cm 0cm 15.0pt 0cm;\"><span style=\"font-family: 'Arial','sans-serif'; color: #444444;\">Durant aquest curs 2021\/2022 ens trobem immersos en el segon any del nostre projecte mediambiental triennal (2020\/2023) que podeu veure a continuaci\u00f3:<\/span><\/p>\n<p>&nbsp;<\/p>\n<p>PROJECTE<\/p>\n","protected":false},"excerpt":{"rendered":"<p>Que \u00e9s l&#8217;agenda 21?<br \/>\nCada cop som m\u00e9s gent que ens adonem que no podem gaudir d\u2019una societat i una economia sana a costa de la pobresa d\u2019altres i la degradaci\u00f3 de l\u2019entorn, i que cal trobar un equilibri entre la protecci\u00f3 del medi, el progr\u00e9s&hellip;  <a href=\"https:\/\/agora.xtec.cat\/escjoanxxiiilleida\/lescola\/projectes\/agenda-21\/\" title=\"Read Agenda 21\">Llegeix m\u00e9s\u00bb<\/a><\/p>\n","protected":false},"author":17,"featured_media":0,"parent":6117,"menu_order":4,"comment_status":"closed","ping_status":"closed","template":"page-templates\/side-menu.php","meta":{"_bbp_topic_count":0,"_bbp_reply_count":0,"_bbp_total_topic_count":0,"_bbp_total_reply_count":0,"_bbp_voice_count":0,"_bbp_anonymous_reply_count":0,"_bbp_topic_count_hidden":0,"_bbp_reply_count_hidden":0,"_bbp_forum_subforum_count":0,"footnotes":""},"class_list":["post-6126","page","type-page","status-publish","hentry"],"post_mailing_queue_ids":[],"_links":{"self":[{"href":"https:\/\/agora.xtec.cat\/escjoanxxiiilleida\/wp-json\/wp\/v2\/pages\/6126","targetHints":{"allow":["GET"]}}],"collection":[{"href":"https:\/\/agora.xtec.cat\/escjoanxxiiilleida\/wp-json\/wp\/v2\/pages"}],"about":[{"href":"https:\/\/agora.xtec.cat\/escjoanxxiiilleida\/wp-json\/wp\/v2\/types\/page"}],"author":[{"embeddable":true,"href":"https:\/\/agora.xtec.cat\/escjoanxxiiilleida\/wp-json\/wp\/v2\/users\/17"}],"replies":[{"embeddable":true,"href":"https:\/\/agora.xtec.cat\/escjoanxxiiilleida\/wp-json\/wp\/v2\/comments?post=6126"}],"version-history":[{"count":2,"href":"https:\/\/agora.xtec.cat\/escjoanxxiiilleida\/wp-json\/wp\/v2\/pages\/6126\/revisions"}],"predecessor-version":[{"id":10948,"href":"https:\/\/agora.xtec.cat\/escjoanxxiiilleida\/wp-json\/wp\/v2\/pages\/6126\/revisions\/10948"}],"up":[{"embeddable":true,"href":"https:\/\/agora.xtec.cat\/escjoanxxiiilleida\/wp-json\/wp\/v2\/pages\/6117"}],"wp:attachment":[{"href":"https:\/\/agora.xtec.cat\/escjoanxxiiilleida\/wp-json\/wp\/v2\/media?parent=6126"}],"curies":[{"name":"wp","href":"https:\/\/api.w.org\/{rel}","templated":true}]}}