{"id":6123,"date":"2020-02-19T16:50:07","date_gmt":"2020-02-19T15:50:07","guid":{"rendered":"http:\/\/agora.xtec.cat\/escjoanxxiiilleida\/?page_id=6123"},"modified":"2022-04-22T10:25:20","modified_gmt":"2022-04-22T08:25:20","slug":"robotica","status":"publish","type":"page","link":"https:\/\/agora.xtec.cat\/escjoanxxiiilleida\/lescola\/projectes\/robotica\/","title":{"rendered":"Rob\u00f2tica"},"content":{"rendered":"<div class=\"fusion-text\"><\/div>\n<div class=\"fusion-text\">\n<p>&nbsp;<\/p>\n<p style=\"text-align: justify;\">Prenent com a refer\u00e8ncia el Decret 119\/2015, es pot dir que la compet\u00e8ncia digital \u00e9s indispensable per a tota persona que vulgui interactuar amb normalitat en la societat actual, \u00e9s per aquest motiu, que des de l\u2019escola es vetlla per apropar les TAC a l\u2019alumnat a fi de desenvolupar la compet\u00e8ncia digital i a l\u2019hora aprofitar les oportunitats d\u2019ensenyament-aprenentatge que ofereixen aquestes.<\/p>\n<p style=\"text-align: justify;\">El curs 2018-2019 l\u2019escola Joan XXIII decideix iniciar el treball de la rob\u00f2tica i la programaci\u00f3, destinant una de les sessions de la sisena hora. Es decideix iniciar el projecte en tots els cursos de prim\u00e0ria alhora (de 1r a 6\u00e8), treballant diferents metodologies. Des del curs 2021-2022, s\u2019incorpora el treball de la rob\u00f2tica i la programaci\u00f3 a les sessions de l&#8217;\u00e0mbit de coneixement del medi social i natural.<\/p>\n<p style=\"text-align: justify;\">La rob\u00f2tica permetr\u00e0 a l&#8217;alumnat desenvolupar la seva creativitat en la resoluci\u00f3 de problemes, els ajudar\u00e0 a estructurar el pensament, a descobrir de manera aut\u00f2noma la ci\u00e8ncia i la tecnologia i a m\u00e9s a m\u00e9s, podran treballar per a la resoluci\u00f3 de reptes i situacions a partir del treball cooperatiu<\/p>\n<p><a href=\"https:\/\/agora.xtec.cat\/escjoanxxiiilleida\/wp-content\/uploads\/usu359\/2021\/11\/IMG_20211126_154253.jpg\"><img loading=\"lazy\" decoding=\"async\" class=\"alignnone size-full wp-image-10292\" src=\"https:\/\/agora.xtec.cat\/escjoanxxiiilleida\/wp-content\/uploads\/usu359\/2021\/11\/IMG_20211126_154253.jpg\" alt=\"\" width=\"889\" height=\"889\" srcset=\"https:\/\/agora.xtec.cat\/escjoanxxiiilleida\/wp-content\/uploads\/usu359\/2021\/11\/IMG_20211126_154253.jpg 889w, https:\/\/agora.xtec.cat\/escjoanxxiiilleida\/wp-content\/uploads\/usu359\/2021\/11\/IMG_20211126_154253-300x300.jpg 300w, https:\/\/agora.xtec.cat\/escjoanxxiiilleida\/wp-content\/uploads\/usu359\/2021\/11\/IMG_20211126_154253-150x150.jpg 150w, https:\/\/agora.xtec.cat\/escjoanxxiiilleida\/wp-content\/uploads\/usu359\/2021\/11\/IMG_20211126_154253-768x768.jpg 768w\" sizes=\"auto, (max-width: 889px) 100vw, 889px\" \/><\/a><\/p>\n<\/div>\n","protected":false},"excerpt":{"rendered":"<p>&nbsp;<br \/>\nPrenent com a refer\u00e8ncia el Decret 119\/2015, es pot dir que la compet\u00e8ncia digital \u00e9s indispensable per a tota persona que vulgui interactuar amb normalitat en la societat actual, \u00e9s per aquest motiu, que des de l\u2019escola es vetlla per apropar les TAC a l\u2019alumnat&hellip;  <a href=\"https:\/\/agora.xtec.cat\/escjoanxxiiilleida\/lescola\/projectes\/robotica\/\" title=\"Read Rob\u00f2tica\">Llegeix m\u00e9s\u00bb<\/a><\/p>\n","protected":false},"author":17,"featured_media":0,"parent":6117,"menu_order":3,"comment_status":"closed","ping_status":"closed","template":"page-templates\/side-menu.php","meta":{"_bbp_topic_count":0,"_bbp_reply_count":0,"_bbp_total_topic_count":0,"_bbp_total_reply_count":0,"_bbp_voice_count":0,"_bbp_anonymous_reply_count":0,"_bbp_topic_count_hidden":0,"_bbp_reply_count_hidden":0,"_bbp_forum_subforum_count":0,"footnotes":""},"class_list":["post-6123","page","type-page","status-publish","hentry"],"post_mailing_queue_ids":[],"_links":{"self":[{"href":"https:\/\/agora.xtec.cat\/escjoanxxiiilleida\/wp-json\/wp\/v2\/pages\/6123","targetHints":{"allow":["GET"]}}],"collection":[{"href":"https:\/\/agora.xtec.cat\/escjoanxxiiilleida\/wp-json\/wp\/v2\/pages"}],"about":[{"href":"https:\/\/agora.xtec.cat\/escjoanxxiiilleida\/wp-json\/wp\/v2\/types\/page"}],"author":[{"embeddable":true,"href":"https:\/\/agora.xtec.cat\/escjoanxxiiilleida\/wp-json\/wp\/v2\/users\/17"}],"replies":[{"embeddable":true,"href":"https:\/\/agora.xtec.cat\/escjoanxxiiilleida\/wp-json\/wp\/v2\/comments?post=6123"}],"version-history":[{"count":3,"href":"https:\/\/agora.xtec.cat\/escjoanxxiiilleida\/wp-json\/wp\/v2\/pages\/6123\/revisions"}],"predecessor-version":[{"id":10865,"href":"https:\/\/agora.xtec.cat\/escjoanxxiiilleida\/wp-json\/wp\/v2\/pages\/6123\/revisions\/10865"}],"up":[{"embeddable":true,"href":"https:\/\/agora.xtec.cat\/escjoanxxiiilleida\/wp-json\/wp\/v2\/pages\/6117"}],"wp:attachment":[{"href":"https:\/\/agora.xtec.cat\/escjoanxxiiilleida\/wp-json\/wp\/v2\/media?parent=6123"}],"curies":[{"name":"wp","href":"https:\/\/api.w.org\/{rel}","templated":true}]}}