{"id":6119,"date":"2020-02-19T16:45:25","date_gmt":"2020-02-19T15:45:25","guid":{"rendered":"http:\/\/agora.xtec.cat\/escjoanxxiiilleida\/?page_id=6119"},"modified":"2022-10-17T09:21:22","modified_gmt":"2022-10-17T07:21:22","slug":"optometria","status":"publish","type":"page","link":"https:\/\/agora.xtec.cat\/escjoanxxiiilleida\/lescola\/projectes\/optometria\/","title":{"rendered":"Ulls en acci\u00f3"},"content":{"rendered":"<p style=\"text-align: justify;\">Aquest \u00e9s un projecte que s\u2019inicia en col\u00b7laboraci\u00f3 amb el Centre de Recursos Psicopedag\u00f2gics (CRP) del Segri\u00e0 i l\u2019Associaci\u00f3 Catalana d\u2019Optometria i Ter\u00e0pia Visual (ACOTV). La seva impulsora, Na Araceli Garcia Cardona, ens endinsa en el m\u00f3n de la visi\u00f3, afavorint-ne el seu desenvolupament i, a trav\u00e9s de la prevenci\u00f3, evitar futurs trastorns.<\/p>\n<p style=\"text-align: justify;\">A la p\u00e0gina web del CRP, dins de l\u2019apartat Projectes, hi ha un enlla\u00e7 amb tota la informaci\u00f3 relativa al projecte:<\/p>\n<p><a href=\"https:\/\/antiga.sesegria.cat\/projectes\/ulls-en-acci%C3%B3\">https:\/\/antiga.sesegria.cat\/projectes\/ulls-en-acci%C3%B3<\/a><\/p>\n<p style=\"text-align: justify;\">En la nostra escola el projecte <em>s\u2019inicia el curs 2015-2016<\/em> fins a dia d\u2019avui. Amb una planificaci\u00f3 i incid\u00e8ncia efectiva a l\u2019aula de 2h a la setmana de treball espec\u00edfic des de\u00a0 P5, a l\u2019Educaci\u00f3 Infantil, i fins a 2n de Prim\u00e0ria. Durant <em>el curs 2017-2018<\/em> es duu a terme una formaci\u00f3 interna de centre (FIC) a tot el professorat d\u2019Educaci\u00f3 Infantil i de Cicle Inicial. Cicles on s\u2019hi desenvolupen les sessions del projecte. Al llarg d\u2019aquest curs es valora la necessitat de comprar m\u00e9s materials (manipulatius) per tal de poder realitzar m\u00e9s c\u00f2modament les classes. Les sessions s\u00f3n molt din\u00e0miques i experimentatives. Les activitats no solen durar m\u00e9s de 15\u2019 amb la qual cosa els\/les alumnes col\u00b7laboren i es motiven m\u00e9s.<\/p>\n<p style=\"text-align: justify;\">Les activitats proposades s\u00f3n molt diverses, algunes de les propostes s\u00f3n:<\/p>\n<ul>\n<li style=\"text-align: justify;\">Exercicis visuals i de desenvolupament de la visi\u00f3 com per exemple mem\u00f2ria i\/o reconeixement visual, moviments oculars, visi\u00f3 perif\u00e8rica, camp visual, etc.<\/li>\n<li style=\"text-align: justify;\">Exercicis amb materials matem\u00e0tics com per exemples les Regletes, els Geoplans, els Blocs L\u00f2gics, etc.<\/li>\n<li style=\"text-align: justify;\">Propostes m\u00e9s encaminades al desenvolupament de la lectura com per exemple: Bits de vocabulari (POWERPOINT i\/o targetes), lectura de paraules i\/o pseudoparaules (programa inform\u00e0tic HAVILECT), paraules i frases, &#8230; .<\/li>\n<li style=\"text-align: justify;\">Tamb\u00e9 s\u2019hi inclou una petita part de desenvolupament motriu en les sessions de Psicomotricitat a P5 i en les classes d\u2019Educaci\u00f3 F\u00edsica a Cicle Inicial (1r i 2n).<\/li>\n<\/ul>\n<p>M\u00e9s informaci\u00f3:<\/p>\n<p><a href=\"https:\/\/agora.xtec.cat\/escjoanxxiiilleida\/wp-content\/uploads\/usu359\/2022\/10\/Sintesi-de-les-actuacions_JoanXXIII.pdf\">S\u00edntesi de les actuacions_JoanXXIII<\/a><\/p>\n<p style=\"text-align: justify;\">\n","protected":false},"excerpt":{"rendered":"<p>Aquest \u00e9s un projecte que s\u2019inicia en col\u00b7laboraci\u00f3 amb el Centre de Recursos Psicopedag\u00f2gics (CRP) del Segri\u00e0 i l\u2019Associaci\u00f3 Catalana d\u2019Optometria i Ter\u00e0pia Visual (ACOTV). La seva impulsora, Na Araceli Garcia Cardona, ens endinsa en el m\u00f3n de la visi\u00f3, afavorint-ne el seu desenvolupament i,&hellip;  <a href=\"https:\/\/agora.xtec.cat\/escjoanxxiiilleida\/lescola\/projectes\/optometria\/\" title=\"Read Ulls en acci\u00f3\">Llegeix m\u00e9s\u00bb<\/a><\/p>\n","protected":false},"author":17,"featured_media":0,"parent":6117,"menu_order":0,"comment_status":"closed","ping_status":"closed","template":"page-templates\/side-menu.php","meta":{"_bbp_topic_count":0,"_bbp_reply_count":0,"_bbp_total_topic_count":0,"_bbp_total_reply_count":0,"_bbp_voice_count":0,"_bbp_anonymous_reply_count":0,"_bbp_topic_count_hidden":0,"_bbp_reply_count_hidden":0,"_bbp_forum_subforum_count":0,"footnotes":""},"class_list":["post-6119","page","type-page","status-publish","hentry"],"post_mailing_queue_ids":[],"_links":{"self":[{"href":"https:\/\/agora.xtec.cat\/escjoanxxiiilleida\/wp-json\/wp\/v2\/pages\/6119","targetHints":{"allow":["GET"]}}],"collection":[{"href":"https:\/\/agora.xtec.cat\/escjoanxxiiilleida\/wp-json\/wp\/v2\/pages"}],"about":[{"href":"https:\/\/agora.xtec.cat\/escjoanxxiiilleida\/wp-json\/wp\/v2\/types\/page"}],"author":[{"embeddable":true,"href":"https:\/\/agora.xtec.cat\/escjoanxxiiilleida\/wp-json\/wp\/v2\/users\/17"}],"replies":[{"embeddable":true,"href":"https:\/\/agora.xtec.cat\/escjoanxxiiilleida\/wp-json\/wp\/v2\/comments?post=6119"}],"version-history":[{"count":3,"href":"https:\/\/agora.xtec.cat\/escjoanxxiiilleida\/wp-json\/wp\/v2\/pages\/6119\/revisions"}],"predecessor-version":[{"id":11810,"href":"https:\/\/agora.xtec.cat\/escjoanxxiiilleida\/wp-json\/wp\/v2\/pages\/6119\/revisions\/11810"}],"up":[{"embeddable":true,"href":"https:\/\/agora.xtec.cat\/escjoanxxiiilleida\/wp-json\/wp\/v2\/pages\/6117"}],"wp:attachment":[{"href":"https:\/\/agora.xtec.cat\/escjoanxxiiilleida\/wp-json\/wp\/v2\/media?parent=6119"}],"curies":[{"name":"wp","href":"https:\/\/api.w.org\/{rel}","templated":true}]}}