{"id":6117,"date":"2020-02-19T16:44:22","date_gmt":"2020-02-19T15:44:22","guid":{"rendered":"http:\/\/agora.xtec.cat\/escjoanxxiiilleida\/?page_id=6117"},"modified":"2022-10-17T09:23:11","modified_gmt":"2022-10-17T07:23:11","slug":"projectes","status":"publish","type":"page","link":"https:\/\/agora.xtec.cat\/escjoanxxiiilleida\/lescola\/projectes\/","title":{"rendered":"Quins s\u00f3n els nostres projectes?"},"content":{"rendered":"<p>L&#8217;escola Joan XXIII porta a terme diverses actuacions d&#8217;\u00e8xit educatiu pr\u00f2pies de les comunitats d&#8217;aprenentatge, com s\u00f3n: grups interactius, el club dels valents, etc.<\/p>\n<p>A m\u00e9s a m\u00e9s, el centre t\u00e9 posats en marxa diversos projectes educatius que permeten a l&#8217;alumnat un millor desenvolupament de les seves compet\u00e8ncies. Els projectes que es porten a terme a l&#8217;escola s\u00f3n:<\/p>\n<ul>\n<li>Ulls en acci\u00f3<\/li>\n<li>Rob\u00f2tica i programaci\u00f3<\/li>\n<li>Agenda 21<\/li>\n<li>Projecte escolta&#8217;m<\/li>\n<li>Tallers internivells a educaci\u00f3 infantil<\/li>\n<\/ul>\n<p>&nbsp;<\/p>\n","protected":false},"excerpt":{"rendered":"<p>L&#8217;escola Joan XXIII porta a terme diverses actuacions d&#8217;\u00e8xit educatiu pr\u00f2pies de les comunitats d&#8217;aprenentatge, com s\u00f3n: grups interactius, el club dels valents, etc.<br \/>\nA m\u00e9s a m\u00e9s, el centre t\u00e9 posats en marxa diversos projectes educatius que permeten a l&#8217;alumnat un millor desenvolupament de les&hellip;  <a href=\"https:\/\/agora.xtec.cat\/escjoanxxiiilleida\/lescola\/projectes\/\" title=\"Read Quins s\u00f3n els nostres projectes?\">Llegeix m\u00e9s\u00bb<\/a><\/p>\n","protected":false},"author":17,"featured_media":0,"parent":22,"menu_order":0,"comment_status":"closed","ping_status":"closed","template":"page-templates\/side-menu.php","meta":{"_bbp_topic_count":0,"_bbp_reply_count":0,"_bbp_total_topic_count":0,"_bbp_total_reply_count":0,"_bbp_voice_count":0,"_bbp_anonymous_reply_count":0,"_bbp_topic_count_hidden":0,"_bbp_reply_count_hidden":0,"_bbp_forum_subforum_count":0,"footnotes":""},"class_list":["post-6117","page","type-page","status-publish","hentry"],"post_mailing_queue_ids":[],"_links":{"self":[{"href":"https:\/\/agora.xtec.cat\/escjoanxxiiilleida\/wp-json\/wp\/v2\/pages\/6117","targetHints":{"allow":["GET"]}}],"collection":[{"href":"https:\/\/agora.xtec.cat\/escjoanxxiiilleida\/wp-json\/wp\/v2\/pages"}],"about":[{"href":"https:\/\/agora.xtec.cat\/escjoanxxiiilleida\/wp-json\/wp\/v2\/types\/page"}],"author":[{"embeddable":true,"href":"https:\/\/agora.xtec.cat\/escjoanxxiiilleida\/wp-json\/wp\/v2\/users\/17"}],"replies":[{"embeddable":true,"href":"https:\/\/agora.xtec.cat\/escjoanxxiiilleida\/wp-json\/wp\/v2\/comments?post=6117"}],"version-history":[{"count":3,"href":"https:\/\/agora.xtec.cat\/escjoanxxiiilleida\/wp-json\/wp\/v2\/pages\/6117\/revisions"}],"predecessor-version":[{"id":11812,"href":"https:\/\/agora.xtec.cat\/escjoanxxiiilleida\/wp-json\/wp\/v2\/pages\/6117\/revisions\/11812"}],"up":[{"embeddable":true,"href":"https:\/\/agora.xtec.cat\/escjoanxxiiilleida\/wp-json\/wp\/v2\/pages\/22"}],"wp:attachment":[{"href":"https:\/\/agora.xtec.cat\/escjoanxxiiilleida\/wp-json\/wp\/v2\/media?parent=6117"}],"curies":[{"name":"wp","href":"https:\/\/api.w.org\/{rel}","templated":true}]}}