{"id":36,"date":"2014-09-18T12:33:11","date_gmt":"2014-09-18T11:33:11","guid":{"rendered":"http:\/\/agora.xtec.cat\/escjoanxxiiilleida\/?page_id=36"},"modified":"2025-07-07T10:16:29","modified_gmt":"2025-07-07T08:16:29","slug":"material-escolar","status":"publish","type":"page","link":"https:\/\/agora.xtec.cat\/escjoanxxiiilleida\/lescola\/material-escolar\/","title":{"rendered":"Material escolar"},"content":{"rendered":"<p><strong>LLIBRES DE TEXT<\/strong><\/p>\n<p><a href=\"https:\/\/agora.xtec.cat\/escjoanxxiiilleida\/wp-content\/uploads\/usu359\/2025\/07\/LLIBRES-DE-TEXT-25-26.docx-1.pdf\">LLIBRES DE TEXT 25-26.docx<\/a><\/p>\n<p>&nbsp;<\/p>\n<p>Descripci\u00f3 i enumeraci\u00f3 del material escolar que els alumnes i fam\u00edlies necessitaran per al nivell educatiu corresponent<\/p>\n<p><a href=\"http:\/\/agora.xtec.cat\/escjoanxxiiilleida\/wp-content\/uploads\/usu359\/2014\/09\/material.jpg\"><img loading=\"lazy\" decoding=\"async\" class=\"alignnone size-full wp-image-774\" src=\"http:\/\/agora.xtec.cat\/escjoanxxiiilleida\/wp-content\/uploads\/usu359\/2014\/09\/material.jpg\" alt=\"material\" width=\"322\" height=\"157\" srcset=\"https:\/\/agora.xtec.cat\/escjoanxxiiilleida\/wp-content\/uploads\/usu359\/2014\/09\/material.jpg 322w, https:\/\/agora.xtec.cat\/escjoanxxiiilleida\/wp-content\/uploads\/usu359\/2014\/09\/material-300x146.jpg 300w\" sizes=\"auto, (max-width: 322px) 100vw, 322px\" \/><\/a><\/p>\n<p><em><strong>MATERIAL A EDUCACI\u00d3 INFANTIL<\/strong><\/em><\/p>\n<p><u>MATERIAL QUE S\u2019HA DE PORTAR A P3,P4 i P5<br \/>\n<\/u><\/p>\n<ul style=\"list-style-type: circle;\">\n<li>4 fotos tamany carnet<\/li>\n<li>1 got de pl\u00e0stic<\/li>\n<li>bata<\/li>\n<li>motxilla sense rodes<\/li>\n<\/ul>\n<p>&nbsp;<\/p>\n<p><em><strong>MATERIAL A CICLE INICIAL<br \/>\n<\/strong><\/em><\/p>\n<p>El material el posa l&#8217;escola per tots aquells alumnes socialitzats.<\/p>\n<p>&nbsp;<\/p>\n<p><em><strong>MATERIAL A CICLE MITJ\u00c0<br \/>\n<\/strong><\/em><\/p>\n<ul>\n<li>El material el posa l&#8217;escola per tots aquells alumnes socialitzats.<\/li>\n<\/ul>\n<p>&nbsp;<\/p>\n<p><strong>MATERIAL A CICLE SUPERIOR<\/strong><\/p>\n<ul style=\"list-style-type: circle;\">\n<li>El material el posa l&#8217;escola per tots aquells alumnes socialitzats.<\/li>\n<\/ul>\n<p><strong>\u00a0<\/strong><\/p>\n<p><strong>MATERIAL PER EDUCACI\u00d3 F\u00cdSICA AL LLARG DE TOTA LA PRIM\u00c0RIA :<\/strong><\/p>\n<ul>\n<li><strong>XANDALL I SAMARRETA DE L&#8217;ESCOLA<\/strong><\/li>\n<li><strong>NECESSER I TOVALLOLA<\/strong><\/li>\n<\/ul>\n<p>&nbsp;<\/p>\n<p>&nbsp;<\/p>\n<p>&nbsp;<\/p>\n<p>&nbsp;<\/p>\n","protected":false},"excerpt":{"rendered":"<p>LLIBRES DE TEXT<br \/>\n<a href=\"https:\/\/agora.xtec.cat\/escjoanxxiiilleida\/wp-content\/uploads\/usu359\/2025\/07\/LLIBRES-DE-TEXT-25-26.docx-1.pdf\">LLIBRES DE TEXT 25-26.docx<\/a><br \/>\n&nbsp;<br \/>\nDescripci\u00f3 i enumeraci\u00f3 del material escolar que els alumnes i fam\u00edlies necessitaran per al nivell educatiu corresponent<br \/>\n<a href=\"http:\/\/agora.xtec.cat\/escjoanxxiiilleida\/wp-content\/uploads\/usu359\/2014\/09\/material.jpg\"><\/a><br \/>\nMATERIAL A EDUCACI\u00d3 INFANTIL<br \/>\nMATERIAL QUE S\u2019HA DE PORTAR A P3,P4 i P5<\/p>\n<ul style=\"list-style-type: circle;\">\n<li>4 fotos tamany carnet<\/li>\n<li>1 got de pl\u00e0stic<\/li>\n<li>bata<\/li>\n<li>motxilla sense rodes<\/li>\n<\/ul>\n<p>&nbsp;<br \/>\nMATERIAL&hellip;  <a href=\"https:\/\/agora.xtec.cat\/escjoanxxiiilleida\/lescola\/material-escolar\/\" title=\"Read Material escolar\">Llegeix m\u00e9s\u00bb<\/a><\/p>\n","protected":false},"author":2,"featured_media":0,"parent":22,"menu_order":6,"comment_status":"closed","ping_status":"closed","template":"page-templates\/side-menu.php","meta":{"_bbp_topic_count":0,"_bbp_reply_count":0,"_bbp_total_topic_count":0,"_bbp_total_reply_count":0,"_bbp_voice_count":0,"_bbp_anonymous_reply_count":0,"_bbp_topic_count_hidden":0,"_bbp_reply_count_hidden":0,"_bbp_forum_subforum_count":0,"footnotes":""},"class_list":["post-36","page","type-page","status-publish","hentry"],"post_mailing_queue_ids":[],"_links":{"self":[{"href":"https:\/\/agora.xtec.cat\/escjoanxxiiilleida\/wp-json\/wp\/v2\/pages\/36","targetHints":{"allow":["GET"]}}],"collection":[{"href":"https:\/\/agora.xtec.cat\/escjoanxxiiilleida\/wp-json\/wp\/v2\/pages"}],"about":[{"href":"https:\/\/agora.xtec.cat\/escjoanxxiiilleida\/wp-json\/wp\/v2\/types\/page"}],"author":[{"embeddable":true,"href":"https:\/\/agora.xtec.cat\/escjoanxxiiilleida\/wp-json\/wp\/v2\/users\/2"}],"replies":[{"embeddable":true,"href":"https:\/\/agora.xtec.cat\/escjoanxxiiilleida\/wp-json\/wp\/v2\/comments?post=36"}],"version-history":[{"count":6,"href":"https:\/\/agora.xtec.cat\/escjoanxxiiilleida\/wp-json\/wp\/v2\/pages\/36\/revisions"}],"predecessor-version":[{"id":13723,"href":"https:\/\/agora.xtec.cat\/escjoanxxiiilleida\/wp-json\/wp\/v2\/pages\/36\/revisions\/13723"}],"up":[{"embeddable":true,"href":"https:\/\/agora.xtec.cat\/escjoanxxiiilleida\/wp-json\/wp\/v2\/pages\/22"}],"wp:attachment":[{"href":"https:\/\/agora.xtec.cat\/escjoanxxiiilleida\/wp-json\/wp\/v2\/media?parent=36"}],"curies":[{"name":"wp","href":"https:\/\/api.w.org\/{rel}","templated":true}]}}