{"id":287,"date":"2016-01-02T21:01:26","date_gmt":"2016-01-02T20:01:26","guid":{"rendered":"http:\/\/agora.xtec.cat\/escjoanxxiiilleida\/?page_id=287"},"modified":"2017-03-29T12:57:15","modified_gmt":"2017-03-29T10:57:15","slug":"voluntariat","status":"publish","type":"page","link":"https:\/\/agora.xtec.cat\/escjoanxxiiilleida\/comunitats-daprenentatge\/voluntariat\/","title":{"rendered":"Voluntariat"},"content":{"rendered":"<p>El voluntariat \u00e9s una part molt important del projecte de Comunitats d&#8217;Aprenentatge ja que un dels eixos principals d&#8217;aquest model d&#8217;escola \u00e9s la participaci\u00f3 en l&#8217;educaci\u00f3 de tots els membres de la Comunitat educativa: pares i mares, estudiants amb pr\u00e0ctiques&#8230; tots s\u00f3n ben vinguts a participar en la vida de l&#8217;escola.<\/p>\n<p>Dins d&#8217;aquest projecte s&#8217;ha creat una comissi\u00f3 de voluntariat i fam\u00edlies\u00a0 que es reuneixen un cop al mes. Les dates d&#8217;aquest curs s\u00f3n: 17 d&#8217;octubre, 7 de novembre, 12 de desembre, 23 de gener, 6 de febrer, 13 de mar\u00e7, 3 d&#8217;abril, 8 de maig i 4 de juny.<\/p>\n<p>Aix\u00ed que qualsevol que estigui interessat en fer de voluntari pot venir a aquetes reunions o posar-se en contacte amb l&#8217;escola.<\/p>\n<p>Us esperem!<\/p>\n","protected":false},"excerpt":{"rendered":"<p>El voluntariat \u00e9s una part molt important del projecte de Comunitats d&#8217;Aprenentatge ja que un dels eixos principals d&#8217;aquest model d&#8217;escola \u00e9s la participaci\u00f3 en l&#8217;educaci\u00f3 de tots els membres de la Comunitat educativa: pares i mares, estudiants amb pr\u00e0ctiques&#8230; tots s\u00f3n ben vinguts a&hellip;  <a href=\"https:\/\/agora.xtec.cat\/escjoanxxiiilleida\/comunitats-daprenentatge\/voluntariat\/\" title=\"Read Voluntariat\">Llegeix m\u00e9s\u00bb<\/a><\/p>\n","protected":false},"author":1,"featured_media":0,"parent":280,"menu_order":0,"comment_status":"closed","ping_status":"closed","template":"page-templates\/side-menu.php","meta":{"_bbp_topic_count":0,"_bbp_reply_count":0,"_bbp_total_topic_count":0,"_bbp_total_reply_count":0,"_bbp_voice_count":0,"_bbp_anonymous_reply_count":0,"_bbp_topic_count_hidden":0,"_bbp_reply_count_hidden":0,"_bbp_forum_subforum_count":0,"footnotes":""},"class_list":["post-287","page","type-page","status-publish","hentry"],"post_mailing_queue_ids":[],"_links":{"self":[{"href":"https:\/\/agora.xtec.cat\/escjoanxxiiilleida\/wp-json\/wp\/v2\/pages\/287","targetHints":{"allow":["GET"]}}],"collection":[{"href":"https:\/\/agora.xtec.cat\/escjoanxxiiilleida\/wp-json\/wp\/v2\/pages"}],"about":[{"href":"https:\/\/agora.xtec.cat\/escjoanxxiiilleida\/wp-json\/wp\/v2\/types\/page"}],"author":[{"embeddable":true,"href":"https:\/\/agora.xtec.cat\/escjoanxxiiilleida\/wp-json\/wp\/v2\/users\/1"}],"replies":[{"embeddable":true,"href":"https:\/\/agora.xtec.cat\/escjoanxxiiilleida\/wp-json\/wp\/v2\/comments?post=287"}],"version-history":[{"count":4,"href":"https:\/\/agora.xtec.cat\/escjoanxxiiilleida\/wp-json\/wp\/v2\/pages\/287\/revisions"}],"predecessor-version":[{"id":1525,"href":"https:\/\/agora.xtec.cat\/escjoanxxiiilleida\/wp-json\/wp\/v2\/pages\/287\/revisions\/1525"}],"up":[{"embeddable":true,"href":"https:\/\/agora.xtec.cat\/escjoanxxiiilleida\/wp-json\/wp\/v2\/pages\/280"}],"wp:attachment":[{"href":"https:\/\/agora.xtec.cat\/escjoanxxiiilleida\/wp-json\/wp\/v2\/media?parent=287"}],"curies":[{"name":"wp","href":"https:\/\/api.w.org\/{rel}","templated":true}]}}