{"id":282,"date":"2015-12-16T11:07:31","date_gmt":"2015-12-16T10:07:31","guid":{"rendered":"http:\/\/agora.xtec.cat\/escjoanxxiiilleida\/?page_id=282"},"modified":"2021-09-23T15:30:18","modified_gmt":"2021-09-23T13:30:18","slug":"ampa","status":"publish","type":"page","link":"https:\/\/agora.xtec.cat\/escjoanxxiiilleida\/lescola\/ampa\/","title":{"rendered":"AMPA"},"content":{"rendered":"<p>L&#8217;AMPA \u00e9s una associaci\u00f3 formada per tots els pares i mares de l&#8217;escola. L&#8217;AMPA t\u00e9 com a finalitat contribuir i col\u00b7laborar amb l&#8217;escola en la millora de l&#8217;ensenyament dels seus fills i filles.<\/p>\n<p><a href=\"https:\/\/agora.xtec.cat\/escjoanxxiiilleida\/wp-content\/uploads\/usu359\/2021\/09\/ESTATUTS-AMPA-23092021151153.pdf\">ESTATUTS AMPA-23092021151153<\/a><\/p>\n","protected":false},"excerpt":{"rendered":"<p>L&#8217;AMPA \u00e9s una associaci\u00f3 formada per tots els pares i mares de l&#8217;escola. L&#8217;AMPA t\u00e9 com a finalitat contribuir i col\u00b7laborar amb l&#8217;escola en la millora de l&#8217;ensenyament dels seus fills i filles.<br \/>\n<a href=\"https:\/\/agora.xtec.cat\/escjoanxxiiilleida\/wp-content\/uploads\/usu359\/2021\/09\/ESTATUTS-AMPA-23092021151153.pdf\">ESTATUTS AMPA-23092021151153<\/a><\/p>\n","protected":false},"author":1,"featured_media":0,"parent":22,"menu_order":7,"comment_status":"closed","ping_status":"closed","template":"page-templates\/side-menu.php","meta":{"_bbp_topic_count":0,"_bbp_reply_count":0,"_bbp_total_topic_count":0,"_bbp_total_reply_count":0,"_bbp_voice_count":0,"_bbp_anonymous_reply_count":0,"_bbp_topic_count_hidden":0,"_bbp_reply_count_hidden":0,"_bbp_forum_subforum_count":0,"footnotes":""},"class_list":["post-282","page","type-page","status-publish","hentry"],"post_mailing_queue_ids":[],"_links":{"self":[{"href":"https:\/\/agora.xtec.cat\/escjoanxxiiilleida\/wp-json\/wp\/v2\/pages\/282","targetHints":{"allow":["GET"]}}],"collection":[{"href":"https:\/\/agora.xtec.cat\/escjoanxxiiilleida\/wp-json\/wp\/v2\/pages"}],"about":[{"href":"https:\/\/agora.xtec.cat\/escjoanxxiiilleida\/wp-json\/wp\/v2\/types\/page"}],"author":[{"embeddable":true,"href":"https:\/\/agora.xtec.cat\/escjoanxxiiilleida\/wp-json\/wp\/v2\/users\/1"}],"replies":[{"embeddable":true,"href":"https:\/\/agora.xtec.cat\/escjoanxxiiilleida\/wp-json\/wp\/v2\/comments?post=282"}],"version-history":[{"count":3,"href":"https:\/\/agora.xtec.cat\/escjoanxxiiilleida\/wp-json\/wp\/v2\/pages\/282\/revisions"}],"predecessor-version":[{"id":10049,"href":"https:\/\/agora.xtec.cat\/escjoanxxiiilleida\/wp-json\/wp\/v2\/pages\/282\/revisions\/10049"}],"up":[{"embeddable":true,"href":"https:\/\/agora.xtec.cat\/escjoanxxiiilleida\/wp-json\/wp\/v2\/pages\/22"}],"wp:attachment":[{"href":"https:\/\/agora.xtec.cat\/escjoanxxiiilleida\/wp-json\/wp\/v2\/media?parent=282"}],"curies":[{"name":"wp","href":"https:\/\/api.w.org\/{rel}","templated":true}]}}