{"id":28,"date":"2014-09-18T12:29:35","date_gmt":"2014-09-18T11:29:35","guid":{"rendered":"http:\/\/agora.xtec.cat\/escjoanxxiiilleida\/?page_id=28"},"modified":"2024-12-09T15:00:44","modified_gmt":"2024-12-09T14:00:44","slug":"consell-escolar","status":"publish","type":"page","link":"https:\/\/agora.xtec.cat\/escjoanxxiiilleida\/lescola\/consell-escolar\/","title":{"rendered":"Consell escolar"},"content":{"rendered":"<p style=\"color: #444444;\">El \u00a0consell escolar\u00a0 \u00e9s l&#8217;<strong>\u00f2rgan col\u00b7legiat de participaci\u00f3<\/strong> de la comunitat escolar en el\u00a0funcionament de l&#8217;escola. En el consell escolar hi ha representats tots els col\u00b7lectius que intervenen en la comunitat educativa: director, professorat,\u00a0fam\u00edlies, personal d&#8217;administraci\u00f3 i serveis, etc.<\/p>\n<p>En els centres p\u00fablics, com el\u00a0nostre, \u00a0la funci\u00f3 principal del consell escolar \u00e9s participar en la presa de decisions en relaci\u00f3 amb aquells temes importants per al funcionament i l&#8217;organitzaci\u00f3 del centre: el projecte educatiu, la programaci\u00f3 general, la gesti\u00f3 econ\u00f2mica, l&#8217;aprovaci\u00f3 de sortides, etc.<\/p>\n<p>El consell escolar actual de la nostra escola est\u00e0 format per:<\/p>\n<ul>\n<li>\u00a0Marta Florences Rivera, directora del centre.<\/li>\n<li>\u00a0Jordi Dalmau Duaig\u00fces, cap d&#8217;estudis.<\/li>\n<li>\u00a0M. Angels Mart\u00ednez Vilabona, secret\u00e0ria.<\/li>\n<li>El representant de l&#8217;ajuntament: Anna Miranda<\/li>\n<li>Representants del professorat: Bibiana Periron, Marta Ruestes,\u00a0 Carles L\u00f3pez, Ester Ramon.<\/li>\n<li>Representant AMPA: Mabel Santa Cruz<\/li>\n<li>Representants del pares i mares: Kouriba Fofana,\u00a0 \u00a0Erika Soto, Valeria Bravo, Saida Achahbar<\/li>\n<li>Nadia Costa com representat del personal d&#8217;administraci\u00f3 i serveis.<\/li>\n<\/ul>\n<p>&nbsp;<\/p>\n<p><strong>Acords del consell del 27-1-20<\/strong><\/p>\n<p><a style=\"color: #2795b6;\" href=\"https:\/\/agora.xtec.cat\/escjoanxxiiilleida\/wp-content\/uploads\/usu359\/2020\/02\/acords-consell-07022020120356.pdf\">acords consell-07022020120356<\/a>.<\/p>\n","protected":false},"excerpt":{"rendered":"<p>El \u00a0consell escolar\u00a0 \u00e9s l&#8217;\u00f2rgan col\u00b7legiat de participaci\u00f3 de la comunitat escolar en el\u00a0funcionament de l&#8217;escola. En el consell escolar hi ha representats tots els col\u00b7lectius que intervenen en la comunitat educativa: director, professorat,\u00a0fam\u00edlies, personal d&#8217;administraci\u00f3 i serveis, etc.<br \/>\nEn els centres p\u00fablics, com el\u00a0nostre, \u00a0la&hellip;  <a href=\"https:\/\/agora.xtec.cat\/escjoanxxiiilleida\/lescola\/consell-escolar\/\" title=\"Read Consell escolar\">Llegeix m\u00e9s\u00bb<\/a><\/p>\n","protected":false},"author":2,"featured_media":0,"parent":22,"menu_order":4,"comment_status":"closed","ping_status":"closed","template":"page-templates\/side-menu.php","meta":{"_bbp_topic_count":0,"_bbp_reply_count":0,"_bbp_total_topic_count":0,"_bbp_total_reply_count":0,"_bbp_voice_count":0,"_bbp_anonymous_reply_count":0,"_bbp_topic_count_hidden":0,"_bbp_reply_count_hidden":0,"_bbp_forum_subforum_count":0,"footnotes":""},"class_list":["post-28","page","type-page","status-publish","hentry"],"post_mailing_queue_ids":[],"_links":{"self":[{"href":"https:\/\/agora.xtec.cat\/escjoanxxiiilleida\/wp-json\/wp\/v2\/pages\/28","targetHints":{"allow":["GET"]}}],"collection":[{"href":"https:\/\/agora.xtec.cat\/escjoanxxiiilleida\/wp-json\/wp\/v2\/pages"}],"about":[{"href":"https:\/\/agora.xtec.cat\/escjoanxxiiilleida\/wp-json\/wp\/v2\/types\/page"}],"author":[{"embeddable":true,"href":"https:\/\/agora.xtec.cat\/escjoanxxiiilleida\/wp-json\/wp\/v2\/users\/2"}],"replies":[{"embeddable":true,"href":"https:\/\/agora.xtec.cat\/escjoanxxiiilleida\/wp-json\/wp\/v2\/comments?post=28"}],"version-history":[{"count":5,"href":"https:\/\/agora.xtec.cat\/escjoanxxiiilleida\/wp-json\/wp\/v2\/pages\/28\/revisions"}],"predecessor-version":[{"id":13421,"href":"https:\/\/agora.xtec.cat\/escjoanxxiiilleida\/wp-json\/wp\/v2\/pages\/28\/revisions\/13421"}],"up":[{"embeddable":true,"href":"https:\/\/agora.xtec.cat\/escjoanxxiiilleida\/wp-json\/wp\/v2\/pages\/22"}],"wp:attachment":[{"href":"https:\/\/agora.xtec.cat\/escjoanxxiiilleida\/wp-json\/wp\/v2\/media?parent=28"}],"curies":[{"name":"wp","href":"https:\/\/api.w.org\/{rel}","templated":true}]}}