{"id":10641,"date":"2022-03-07T16:21:47","date_gmt":"2022-03-07T15:21:47","guid":{"rendered":"https:\/\/agora.xtec.cat\/escjoanxxiiilleida\/?page_id=10641"},"modified":"2022-07-08T13:34:14","modified_gmt":"2022-07-08T11:34:14","slug":"estrategia-digital-de-centre","status":"publish","type":"page","link":"https:\/\/agora.xtec.cat\/escjoanxxiiilleida\/estrategia-digital-de-centre\/","title":{"rendered":"Estrat\u00e8gia Digital de Centre"},"content":{"rendered":"<p style=\"text-align: justify;\">L&#8217;estrat\u00e8gia digital de centre (EDC) definir\u00e0 i concretar\u00e0 les l\u00ednies d&#8217;actuaci\u00f3 de l&#8217;escola que faran possible que docents, alumnat i centre assoleixin la compet\u00e8ncia digital.<\/p>\n<p style=\"text-align: justify;\">Des de l&#8217;escola Joan XXIII de Lleida els darrers anys s&#8217;ha estat treballant per la digitalitzaci\u00f3 dels processos d&#8217;ensenyament-aprenentatge, a fi de millorar la compet\u00e8ncia digital de l&#8217;alumnat. Amb aquesta finalitat, la Programaci\u00f3 General Anual (PGA) cada any recull objectius relacionats amb la millora de la compet\u00e8ncia digital de l&#8217;alumnat. En aquesta l\u00ednia, l&#8217;escola est\u00e0 intervertint en millorar l&#8217;equipament digital del centre, ampliar-lo, actualitzar-lo i reempla\u00e7ar el material obsolet.<\/p>\n<p style=\"text-align: justify;\">Per tal de con\u00e8ixer l&#8217;estrat\u00e8gia digital del centre podeu consultar els apartats: l&#8217;estrat\u00e8gia digital i la cultura digital del centre.<\/p>\n<p><a href=\"https:\/\/agora.xtec.cat\/escjoanxxiiilleida\/estrategia-digital-de-centre\/estrategia\/\" rel=\"attachment wp-att-11682\"><img loading=\"lazy\" decoding=\"async\" class=\"alignnone wp-image-11682\" src=\"https:\/\/agora.xtec.cat\/escjoanxxiiilleida\/wp-content\/uploads\/usu359\/2022\/07\/Part-estrategica-correcte.png\" alt=\"\" width=\"336\" height=\"242\" srcset=\"https:\/\/agora.xtec.cat\/escjoanxxiiilleida\/wp-content\/uploads\/usu359\/2022\/07\/Part-estrategica-correcte.png 500w, https:\/\/agora.xtec.cat\/escjoanxxiiilleida\/wp-content\/uploads\/usu359\/2022\/07\/Part-estrategica-correcte-300x216.png 300w\" sizes=\"auto, (max-width: 336px) 100vw, 336px\" \/><\/a><a href=\"https:\/\/agora.xtec.cat\/escjoanxxiiilleida\/estrategia-digital-de-centre\/cultura-digital\/\" rel=\"attachment wp-att-11683\"><img loading=\"lazy\" decoding=\"async\" class=\"wp-image-11683 alignright\" src=\"https:\/\/agora.xtec.cat\/escjoanxxiiilleida\/wp-content\/uploads\/usu359\/2022\/07\/Cultura-Digital.png\" alt=\"\" width=\"337\" height=\"241\" srcset=\"https:\/\/agora.xtec.cat\/escjoanxxiiilleida\/wp-content\/uploads\/usu359\/2022\/07\/Cultura-Digital.png 500w, https:\/\/agora.xtec.cat\/escjoanxxiiilleida\/wp-content\/uploads\/usu359\/2022\/07\/Cultura-Digital-300x215.png 300w\" sizes=\"auto, (max-width: 337px) 100vw, 337px\" \/><\/a><\/p>\n<p>&nbsp;<\/p>\n","protected":false},"excerpt":{"rendered":"<p>L&#8217;estrat\u00e8gia digital de centre (EDC) definir\u00e0 i concretar\u00e0 les l\u00ednies d&#8217;actuaci\u00f3 de l&#8217;escola que faran possible que docents, alumnat i centre assoleixin la compet\u00e8ncia digital.<br \/>\nDes de l&#8217;escola Joan XXIII de Lleida els darrers anys s&#8217;ha estat treballant per la digitalitzaci\u00f3 dels processos d&#8217;ensenyament-aprenentatge, a fi&hellip;  <a href=\"https:\/\/agora.xtec.cat\/escjoanxxiiilleida\/estrategia-digital-de-centre\/\" title=\"Read Estrat\u00e8gia Digital de Centre\">Llegeix m\u00e9s\u00bb<\/a><\/p>\n","protected":false},"author":55,"featured_media":0,"parent":0,"menu_order":0,"comment_status":"closed","ping_status":"closed","template":"page-templates\/side-menu.php","meta":{"_bbp_topic_count":0,"_bbp_reply_count":0,"_bbp_total_topic_count":0,"_bbp_total_reply_count":0,"_bbp_voice_count":0,"_bbp_anonymous_reply_count":0,"_bbp_topic_count_hidden":0,"_bbp_reply_count_hidden":0,"_bbp_forum_subforum_count":0,"footnotes":""},"class_list":["post-10641","page","type-page","status-publish","hentry"],"post_mailing_queue_ids":[],"_links":{"self":[{"href":"https:\/\/agora.xtec.cat\/escjoanxxiiilleida\/wp-json\/wp\/v2\/pages\/10641","targetHints":{"allow":["GET"]}}],"collection":[{"href":"https:\/\/agora.xtec.cat\/escjoanxxiiilleida\/wp-json\/wp\/v2\/pages"}],"about":[{"href":"https:\/\/agora.xtec.cat\/escjoanxxiiilleida\/wp-json\/wp\/v2\/types\/page"}],"author":[{"embeddable":true,"href":"https:\/\/agora.xtec.cat\/escjoanxxiiilleida\/wp-json\/wp\/v2\/users\/55"}],"replies":[{"embeddable":true,"href":"https:\/\/agora.xtec.cat\/escjoanxxiiilleida\/wp-json\/wp\/v2\/comments?post=10641"}],"version-history":[{"count":5,"href":"https:\/\/agora.xtec.cat\/escjoanxxiiilleida\/wp-json\/wp\/v2\/pages\/10641\/revisions"}],"predecessor-version":[{"id":11698,"href":"https:\/\/agora.xtec.cat\/escjoanxxiiilleida\/wp-json\/wp\/v2\/pages\/10641\/revisions\/11698"}],"wp:attachment":[{"href":"https:\/\/agora.xtec.cat\/escjoanxxiiilleida\/wp-json\/wp\/v2\/media?parent=10641"}],"curies":[{"name":"wp","href":"https:\/\/api.w.org\/{rel}","templated":true}]}}