{"id":698,"date":"2016-11-21T09:41:09","date_gmt":"2016-11-21T08:41:09","guid":{"rendered":"http:\/\/agora.xtec.cat\/escjoanmirobdn\/?page_id=698"},"modified":"2018-11-19T08:45:38","modified_gmt":"2018-11-19T07:45:38","slug":"pla-de-consum-de-fruita","status":"publish","type":"page","link":"https:\/\/agora.xtec.cat\/escjoanmirobdn\/projecte-educatiu\/pla-de-consum-de-fruita\/","title":{"rendered":"PLA DE CONSUM DE FRUITA"},"content":{"rendered":"<p>Enguany l&#8217;Escola Joan Mir\u00f3 torna a participar en el Pla de Consum de Fruita i Hortalisses a les escoles, gr\u00e0cies al Departament d&#8217;Agricultura, Ramaderia, Pesca i Alimentaci\u00f3 de la Generalitat de Catalunya.<\/p>\n<p>L&#8217;empresa AFRUCAT ens subministra la fruita i \u00e9s la responsable del seguiment del Pla.<\/p>\n<p>Els alumnes podran menja fruita per esmorzar i\/o berenar durant el per\u00edode d&#8217;entrega mensual fins que s&#8217;esgotin les exist\u00e8ncies.<\/p>\n<div class=\"gmail_default\"><\/div>\n<div><\/div>\n<div class=\"gmail_default\"><span style=\"color: #000000;\">\u00a0<\/span><\/div>\n<div class=\"gmail_default\"><b>El calendari de fruites per aquest curs ser\u00e0 el seg\u00fcent:<\/b><\/div>\n<div><\/div>\n<div class=\"gmail_default\">\n<p class=\"m_6570832646124336709gmail-m_3380478921353890624m_8701632685514020920m_-1361519254392209070gmail-m_8867547937274729928m_1414931839186709591m_6735370295113584205gmail-m-8109158311969942491m-382811121497434931gmail-m-7700368550844576641m521837814281423583m2224034804021397348m-579193378540346696gmail-m933471428123959742gmail-m-8817764240258467844gmail-m9166118190923917391gmail-m6841010468782599591m5563811339127326108\"><span lang=\"CA\"><b>Novembre:<\/b>\u00a0Pera (180 g\/alumne), Poma (180 g\/alumne), Ra\u00efm (120 g\/alumne), Clementina (150 g\/alumne)<\/span><\/p>\n<p class=\"m_6570832646124336709gmail-m_3380478921353890624m_8701632685514020920m_-1361519254392209070gmail-m_8867547937274729928m_1414931839186709591m_6735370295113584205gmail-m-8109158311969942491m-382811121497434931gmail-m-7700368550844576641m521837814281423583m2224034804021397348m-579193378540346696gmail-m933471428123959742gmail-m-8817764240258467844gmail-m9166118190923917391gmail-m6841010468782599591m5563811339127326108\"><span lang=\"CA\"><b>Gener:<\/b>\u00a0Cirerol (80 g\/alumne), Pera Conference (180 g\/alumne), Clementina (150 g\/alumne), Pl\u00e0tan (180 g\/alumne)<\/span><\/p>\n<p class=\"m_6570832646124336709gmail-m_3380478921353890624m_8701632685514020920m_-1361519254392209070gmail-m_8867547937274729928m_1414931839186709591m_6735370295113584205gmail-m-8109158311969942491m-382811121497434931gmail-m-7700368550844576641m521837814281423583m2224034804021397348m-579193378540346696gmail-m933471428123959742gmail-m-8817764240258467844gmail-m9166118190923917391gmail-m6841010468782599591m5563811339127326108\"><span lang=\"CA\"><b>Febrer:<\/b>\u00a0Kiwi (120 g\/alumne), Poma Golden (180 g\/alumne), Taronja (200 g\/alumne), Poma Vermella\/bicolor (180 g\/alumne)<\/span><\/p>\n<p class=\"m_6570832646124336709gmail-m_3380478921353890624m_8701632685514020920m_-1361519254392209070gmail-m_8867547937274729928m_1414931839186709591m_6735370295113584205gmail-m-8109158311969942491m-382811121497434931gmail-m-7700368550844576641m521837814281423583m2224034804021397348m-579193378540346696gmail-m933471428123959742gmail-m-8817764240258467844gmail-m9166118190923917391gmail-m6841010468782599591m5563811339127326108\"><span lang=\"CA\"><b>Mar\u00e7:<\/b>\u00a0Maduixot (120 g\/alumne), Pera Conference (180 g\/alumne), Pastanaga (80 g\/alumne), Taronja (200 g\/alumne)<\/span><\/p>\n<p class=\"m_6570832646124336709gmail-m_3380478921353890624m_8701632685514020920m_-1361519254392209070gmail-m_8867547937274729928m_1414931839186709591m_6735370295113584205gmail-m-8109158311969942491m-382811121497434931gmail-m-7700368550844576641m521837814281423583m2224034804021397348m-579193378540346696gmail-m933471428123959742gmail-m-8817764240258467844gmail-m9166118190923917391gmail-m6841010468782599591m5563811339127326108\"><span lang=\"CA\"><b>Abril:<\/b>\u00a0Pera (180 g\/alumne), Poma (180 g\/alumne), Pl\u00e0tan (180 g\/alumne)<\/span><\/p>\n<p class=\"m_6570832646124336709gmail-m_3380478921353890624m_8701632685514020920m_-1361519254392209070gmail-m_8867547937274729928m_1414931839186709591m_6735370295113584205gmail-m-8109158311969942491m-382811121497434931gmail-m-7700368550844576641m521837814281423583m2224034804021397348m-579193378540346696gmail-m933471428123959742gmail-m-8817764240258467844gmail-m9166118190923917391gmail-m6841010468782599591m5563811339127326108\"><span lang=\"CA\"><b>Maig:<\/b>\u00a0Albercoc (120 g\/alumne), Nespra (120 g\/alumne), Nectarina (150 g\/alumne), Pera addicional aportada per Afrucat (180 g\/alumne)<\/span><\/p>\n<p class=\"m_6570832646124336709gmail-m_3380478921353890624m_8701632685514020920m_-1361519254392209070gmail-m_8867547937274729928m_1414931839186709591m_6735370295113584205gmail-m-8109158311969942491m-382811121497434931gmail-m-7700368550844576641m521837814281423583m2224034804021397348m-579193378540346696gmail-m933471428123959742gmail-m-8817764240258467844gmail-m9166118190923917391gmail-m6841010468782599591m5563811339127326108\"><span lang=\"CA\"><b>Juny:<\/b>\u00a0Cirera (120 g\/alumne), Pr\u00e9ssec (150 g\/alumne), Paraguai\u00e0 (150 g\/alumne)<\/span><\/p>\n<p class=\"m_6570832646124336709gmail-m_3380478921353890624m_8701632685514020920m_-1361519254392209070gmail-m_8867547937274729928m_1414931839186709591m_6735370295113584205gmail-m-8109158311969942491m-382811121497434931gmail-m-7700368550844576641m521837814281423583m2224034804021397348m-579193378540346696gmail-m933471428123959742gmail-m-8817764240258467844gmail-m9166118190923917391gmail-m6841010468782599591m5563811339127326108\">Hi pot haver canvis de fruita entre els mesos del trimestre, sempre amb la finalitat d&#8217;aportar la m\u00e0xima qualitat en les fruites que es reparteixen cada mes.<\/p>\n<\/div>\n<p>&nbsp;<\/p>\n<p><a href=\"http:\/\/agora.xtec.cat\/escjoanmirobdn\/wp-content\/uploads\/usu1527\/2016\/11\/IMG_2914.jpg\"><img loading=\"lazy\" decoding=\"async\" class=\"alignnone size-large wp-image-700\" src=\"http:\/\/agora.xtec.cat\/escjoanmirobdn\/wp-content\/uploads\/usu1527\/2016\/11\/IMG_2914-1024x765.jpg\" alt=\"img_2914\" width=\"1024\" height=\"765\" \/><\/a><\/p>\n<p><a href=\"http:\/\/agora.xtec.cat\/escjoanmirobdn\/wp-content\/uploads\/usu1527\/2016\/11\/IMG_2915.jpg\"><img loading=\"lazy\" decoding=\"async\" class=\"alignnone size-large wp-image-701\" src=\"http:\/\/agora.xtec.cat\/escjoanmirobdn\/wp-content\/uploads\/usu1527\/2016\/11\/IMG_2915-1024x765.jpg\" alt=\"img_2915\" width=\"1024\" height=\"765\" \/><\/a><\/p>\n<p><a href=\"http:\/\/agora.xtec.cat\/escjoanmirobdn\/wp-content\/uploads\/usu1527\/2016\/11\/IMG_2916.jpg\"><img loading=\"lazy\" decoding=\"async\" class=\"alignnone size-large wp-image-702\" src=\"http:\/\/agora.xtec.cat\/escjoanmirobdn\/wp-content\/uploads\/usu1527\/2016\/11\/IMG_2916-1024x765.jpg\" alt=\"img_2916\" width=\"1024\" height=\"765\" \/><\/a><\/p>\n<p><a href=\"http:\/\/agora.xtec.cat\/escjoanmirobdn\/wp-content\/uploads\/usu1527\/2016\/11\/IMG_2917.jpg\"><img loading=\"lazy\" decoding=\"async\" class=\"alignnone size-large wp-image-703\" src=\"http:\/\/agora.xtec.cat\/escjoanmirobdn\/wp-content\/uploads\/usu1527\/2016\/11\/IMG_2917-1024x765.jpg\" alt=\"img_2917\" width=\"1024\" height=\"765\" \/><\/a><\/p>\n<p><a href=\"http:\/\/agora.xtec.cat\/escjoanmirobdn\/wp-content\/uploads\/usu1527\/2016\/11\/IMG_2918.jpg\"><img loading=\"lazy\" decoding=\"async\" class=\"alignnone size-large wp-image-704\" src=\"http:\/\/agora.xtec.cat\/escjoanmirobdn\/wp-content\/uploads\/usu1527\/2016\/11\/IMG_2918-1024x765.jpg\" alt=\"img_2918\" width=\"1024\" height=\"765\" \/><\/a><\/p>\n<p><a href=\"http:\/\/agora.xtec.cat\/escjoanmirobdn\/wp-content\/uploads\/usu1527\/2016\/11\/IMG_2959.jpg\"><img loading=\"lazy\" decoding=\"async\" class=\"alignnone size-large wp-image-735\" src=\"http:\/\/agora.xtec.cat\/escjoanmirobdn\/wp-content\/uploads\/usu1527\/2016\/11\/IMG_2959-1024x765.jpg\" alt=\"img_2959\" width=\"1024\" height=\"765\" \/><\/a> <a href=\"http:\/\/agora.xtec.cat\/escjoanmirobdn\/wp-content\/uploads\/usu1527\/2016\/11\/IMG_2960.jpg\"><img loading=\"lazy\" decoding=\"async\" class=\"alignnone size-large wp-image-736\" src=\"http:\/\/agora.xtec.cat\/escjoanmirobdn\/wp-content\/uploads\/usu1527\/2016\/11\/IMG_2960-1024x765.jpg\" alt=\"img_2960\" width=\"1024\" height=\"765\" \/><\/a> <a href=\"http:\/\/agora.xtec.cat\/escjoanmirobdn\/wp-content\/uploads\/usu1527\/2016\/11\/IMG_2961.jpg\"><img loading=\"lazy\" decoding=\"async\" class=\"alignnone size-large wp-image-737\" src=\"http:\/\/agora.xtec.cat\/escjoanmirobdn\/wp-content\/uploads\/usu1527\/2016\/11\/IMG_2961-1024x765.jpg\" alt=\"img_2961\" width=\"1024\" height=\"765\" \/><\/a><\/p>\n","protected":false},"excerpt":{"rendered":"<p>Enguany l&#8217;Escola Joan Mir\u00f3 torna a participar en el Pla de Consum de Fruita i Hortalisses a les escoles, gr\u00e0cies al Departament d&#8217;Agricultura, Ramaderia, Pesca i Alimentaci\u00f3 de la Generalitat de Catalunya.<br \/>\nL&#8217;empresa AFRUCAT ens subministra la fruita i \u00e9s la responsable del seguiment del Pla.<br \/>\nEls&hellip;  <a href=\"https:\/\/agora.xtec.cat\/escjoanmirobdn\/projecte-educatiu\/pla-de-consum-de-fruita\/\" title=\"Read PLA DE CONSUM DE FRUITA\">Llegeix m\u00e9s\u00bb<\/a><\/p>\n","protected":false},"author":1,"featured_media":0,"parent":64,"menu_order":0,"comment_status":"closed","ping_status":"closed","template":"page-templates\/side-menu.php","meta":{"_bbp_topic_count":0,"_bbp_reply_count":0,"_bbp_total_topic_count":0,"_bbp_total_reply_count":0,"_bbp_voice_count":0,"_bbp_anonymous_reply_count":0,"_bbp_topic_count_hidden":0,"_bbp_reply_count_hidden":0,"_bbp_forum_subforum_count":0,"footnotes":""},"class_list":["post-698","page","type-page","status-publish","hentry"],"post_mailing_queue_ids":[],"_links":{"self":[{"href":"https:\/\/agora.xtec.cat\/escjoanmirobdn\/wp-json\/wp\/v2\/pages\/698","targetHints":{"allow":["GET"]}}],"collection":[{"href":"https:\/\/agora.xtec.cat\/escjoanmirobdn\/wp-json\/wp\/v2\/pages"}],"about":[{"href":"https:\/\/agora.xtec.cat\/escjoanmirobdn\/wp-json\/wp\/v2\/types\/page"}],"author":[{"embeddable":true,"href":"https:\/\/agora.xtec.cat\/escjoanmirobdn\/wp-json\/wp\/v2\/users\/1"}],"replies":[{"embeddable":true,"href":"https:\/\/agora.xtec.cat\/escjoanmirobdn\/wp-json\/wp\/v2\/comments?post=698"}],"version-history":[{"count":4,"href":"https:\/\/agora.xtec.cat\/escjoanmirobdn\/wp-json\/wp\/v2\/pages\/698\/revisions"}],"predecessor-version":[{"id":5638,"href":"https:\/\/agora.xtec.cat\/escjoanmirobdn\/wp-json\/wp\/v2\/pages\/698\/revisions\/5638"}],"up":[{"embeddable":true,"href":"https:\/\/agora.xtec.cat\/escjoanmirobdn\/wp-json\/wp\/v2\/pages\/64"}],"wp:attachment":[{"href":"https:\/\/agora.xtec.cat\/escjoanmirobdn\/wp-json\/wp\/v2\/media?parent=698"}],"curies":[{"name":"wp","href":"https:\/\/api.w.org\/{rel}","templated":true}]}}