{"id":64,"date":"2014-09-18T12:39:08","date_gmt":"2014-09-18T11:39:08","guid":{"rendered":"http:\/\/agora.xtec.cat\/escjoanmirobdn\/?page_id=64"},"modified":"2017-03-08T10:21:37","modified_gmt":"2017-03-08T09:21:37","slug":"projecte-educatiu","status":"publish","type":"page","link":"https:\/\/agora.xtec.cat\/escjoanmirobdn\/projecte-educatiu\/","title":{"rendered":"Projecte educatiu"},"content":{"rendered":"<h4><strong>MISSI\u00d3:<\/strong><\/h4>\n<p>La ra\u00f3 de ser de la nostra escola \u00e9s contribuir en l&#8217;educaci\u00f3 i formaci\u00f3 dels nostres alumnes en el seu proc\u00e9s de socialitzaci\u00f3 i individualitzaci\u00f3, per tal que puguin incorporar-se a una societat multicultural i din\u00e0mica. Som una escola que volem desenvolupar al m\u00e0xim les capacitats i compet\u00e8ncies de tots i cadascun dels infants. Volem formar futurs ciutadans i ciutadanes capa\u00e7os d&#8217;organitzar-se i treballar en equip, \u00e9sser tolerants i respectuosos envers el medi i el pa\u00eds; esdevenir persones creatives, amb capacitat d&#8217;an\u00e0lisi i esperit cr\u00edtic, competents en habilitats socials.<\/p>\n<p>En definitiva, que puguin esdevenir persones adultes aut\u00f2nomes i equilibrades i que puguin ser part activa de la societat canviant en la que vivim, de manera responsable. Cal proporcionar-los, des de les diferents \u00e0rees curriculars, les eines, coneixements, procediments i orientacions que els permetin en el futur integrar-se de manera satisfact\u00f2ria dins de la societat actual.<\/p>\n<p>&nbsp;<\/p>\n<h4><strong>VISI\u00d3:<\/strong><\/h4>\n<p>Volem que al nostre centre el clima de conviv\u00e8ncia sigui \u00f2ptim i que l&#8217;activitat di\u00e0ria es produeixi en un ambient respectu\u00f3s, alegre i relaxat, on la toler\u00e0ncia no es confongui amb la permissivitat; on la conviv\u00e8ncia sigui harm\u00f2nica i la resoluci\u00f3 de conflictes dialogada; on no es transigeixi amb la viol\u00e8ncia i els maltractaments tant f\u00edsics com verbals.<\/p>\n<p>Volem ser un centre integrat en l&#8217;entorn, on es fomenti la participaci\u00f3 i la motivaci\u00f3 de l&#8217;alumnat per tal de fer-los sentir l&#8217;escola com a seva. Que la relaci\u00f3 amb l&#8217;entorn proper (administracions, centres educatius, entitats, etc.) sigui activa. Que la coordinaci\u00f3, dins i entre els diferents grups pedag\u00f2gics sigui flu\u00efda i efica\u00e7 i condueixi a a l&#8217;establiment d&#8217;acord operatius.<\/p>\n<p>Volem que es potenci\u00ef l&#8217;acci\u00f3 tutorial, no nom\u00e9s a nivell de grup classe, sin\u00f3 entesa com una orientaci\u00f3 a nivell personal i acad\u00e8mic de l&#8217;alumnat. Que hi hagi un ambient de treball en equip i s&#8217;impulsi una cultura de l&#8217;esfor\u00e7 que tingui presents les diferents capacitats personals, de manera que eviti el des\u00e0nim i la frustraci\u00f3. Que s&#8217;atengui la diversitat amb accions individualitzades i programes adaptats.<\/p>\n<p>Volem ser un referent de qualitat educativa, impulsant un canvi curricular que potenci\u00ef les compet\u00e8ncies i habilitats de l&#8217;alumnat, oferint nous entorns d&#8217;aprenentatge per a afavorir resultats acad\u00e8mics \u00f2ptims dins de les seves possibilitats i que la pr\u00e0ctica pedag\u00f2gica sigui efectiva i innovadora. Que es fomenti el coneixement prec\u00eds i l&#8217;\u00fas correcte de les lleng\u00fces oficials, especialment del catal\u00e0, tant a nivell oral com escrit i s&#8217;impulsi el coneixement i utilitzaci\u00f3 de l&#8217;angl\u00e8s com a llengua estrangera.<\/p>\n<p>Volem que es fomenti la utilitzaci\u00f3 de les noves tecnologies (TAC) i la seva aplicaci\u00f3 en els diferents \u00e0mbits d&#8217;estudi.<\/p>\n<p>&nbsp;<\/p>\n<h4>VALORS:<\/h4>\n<p>Entenem l&#8217;educaci\u00f3 com un proc\u00e9s integral en el que cal potenciar els diferents aspectes que formen la personalitat dels nens i nenes. L&#8217;escola Joan Mir\u00f3 es defineix aconfessional i pluralista, garantia del principi de la\u00efcitat i no adoctrinament tant en el vessant pol\u00edtic com religi\u00f3s. Estimulem en l&#8217;alumnat els valors d&#8217;una societat democr\u00e0tica: solidaritat, respecte, conviv\u00e8ncia, toler\u00e0ncia, di\u00e0leg, esperit cr\u00edtic, autonomia i responsabilitat.<\/p>\n<p>L&#8217;escola Joan Mir\u00f3 es basa en el principi de la coeducaci\u00f3, entesa com l&#8217;intent d&#8217;educar per a la igualtat d&#8217;oportunitats, sense cap mena de discriminaci\u00f3 per ra\u00f3 de sexe (igualtat de g\u00e8nere). Igualment, el nostre centre opta per un m\u00f2del d&#8217;escola inclusiva en la qual el punt de partida \u00e9s el respecte pels diferents ritmes d&#8217;aprenentatge i on tots els infants hi tenen cabuda. Vetllem per la integraci\u00f3 dels alumnes nouvinguts.<\/p>\n<p>L&#8217;alumnat \u00e9s el protagonista del seu proc\u00e9s d&#8217;aprenentatge. Treballem de forma expl\u00edcita, com a part b\u00e0sica del proc\u00e9s de socialitzaci\u00f3: els valors morals (esfor\u00e7 i responsabilitat), les habilitats socials (autorregulaci\u00f3) i les relacions interpersonals (respecte i di\u00e0leg) que permetran als infants formar part d&#8217;una societat plural i canviant. A m\u00e9s, potenciem el treball cooperatiu i col\u00b7laboratiu en contra d&#8217;un treball m\u00e9s individualista i competitiu.<\/p>\n<p>Els mestres, per la seva banda, s\u00f3n els protagonistes del proc\u00e9s d&#8217;ensenyament que t\u00e9 com a punt de partida la reflexi\u00f3 i el treball en equip. La nostra escola vol ser un espai de trobada entre fam\u00edlies i docents a trav\u00e9s del di\u00e0leg, revalorant la tasca del professorat i el paper de les fam\u00edlies coma part essencial en l&#8217;educaci\u00f3.<\/p>\n","protected":false},"excerpt":{"rendered":"<p>MISSI\u00d3:<br \/>\nLa ra\u00f3 de ser de la nostra escola \u00e9s contribuir en l&#8217;educaci\u00f3 i formaci\u00f3 dels nostres alumnes en el seu proc\u00e9s de socialitzaci\u00f3 i individualitzaci\u00f3, per tal que puguin incorporar-se a una societat multicultural i din\u00e0mica. Som una escola que volem desenvolupar al m\u00e0xim les&hellip;  <a href=\"https:\/\/agora.xtec.cat\/escjoanmirobdn\/projecte-educatiu\/\" title=\"Read Projecte educatiu\">Llegeix m\u00e9s\u00bb<\/a><\/p>\n","protected":false},"author":1,"featured_media":0,"parent":0,"menu_order":0,"comment_status":"closed","ping_status":"closed","template":"page-templates\/side-menu.php","meta":{"_bbp_topic_count":0,"_bbp_reply_count":0,"_bbp_total_topic_count":0,"_bbp_total_reply_count":0,"_bbp_voice_count":0,"_bbp_anonymous_reply_count":0,"_bbp_topic_count_hidden":0,"_bbp_reply_count_hidden":0,"_bbp_forum_subforum_count":0,"footnotes":""},"class_list":["post-64","page","type-page","status-publish","hentry"],"post_mailing_queue_ids":[],"_links":{"self":[{"href":"https:\/\/agora.xtec.cat\/escjoanmirobdn\/wp-json\/wp\/v2\/pages\/64","targetHints":{"allow":["GET"]}}],"collection":[{"href":"https:\/\/agora.xtec.cat\/escjoanmirobdn\/wp-json\/wp\/v2\/pages"}],"about":[{"href":"https:\/\/agora.xtec.cat\/escjoanmirobdn\/wp-json\/wp\/v2\/types\/page"}],"author":[{"embeddable":true,"href":"https:\/\/agora.xtec.cat\/escjoanmirobdn\/wp-json\/wp\/v2\/users\/1"}],"replies":[{"embeddable":true,"href":"https:\/\/agora.xtec.cat\/escjoanmirobdn\/wp-json\/wp\/v2\/comments?post=64"}],"version-history":[{"count":3,"href":"https:\/\/agora.xtec.cat\/escjoanmirobdn\/wp-json\/wp\/v2\/pages\/64\/revisions"}],"predecessor-version":[{"id":1485,"href":"https:\/\/agora.xtec.cat\/escjoanmirobdn\/wp-json\/wp\/v2\/pages\/64\/revisions\/1485"}],"wp:attachment":[{"href":"https:\/\/agora.xtec.cat\/escjoanmirobdn\/wp-json\/wp\/v2\/media?parent=64"}],"curies":[{"name":"wp","href":"https:\/\/api.w.org\/{rel}","templated":true}]}}