{"id":605,"date":"2016-11-08T12:48:33","date_gmt":"2016-11-08T11:48:33","guid":{"rendered":"http:\/\/agora.xtec.cat\/escjoanmirobdn\/?page_id=605"},"modified":"2026-02-22T12:38:23","modified_gmt":"2026-02-22T11:38:23","slug":"personal-docent","status":"publish","type":"page","link":"https:\/\/agora.xtec.cat\/escjoanmirobdn\/lescola\/personal-docent\/","title":{"rendered":"Personal docent"},"content":{"rendered":"<div class=\"gmail_default\">\n<h4 class=\"gmail_default\"><strong>MESTRES:<\/strong><\/h4>\n<\/div>\n<h4 class=\"gmail_default\">I3: Amalia D\u00edaz<\/h4>\n<h4 class=\"gmail_default\">I4: Sandra Navarro<\/h4>\n<h4 class=\"gmail_default\">I5: Marta Boh\u00e9<\/h4>\n<h4 class=\"gmail_default\">Refor\u00e7 EI: Susana Corchero i Sara Valle<\/h4>\n<h4 class=\"gmail_default\">1r: Roser Planas<\/h4>\n<h4 class=\"gmail_default\">2n: Eva Jim\u00e9nez<\/h4>\n<h4 class=\"gmail_default\">3r: N\u00faria Marot<\/h4>\n<h4 class=\"gmail_default\">4t: Gerard Sol\u00e9<\/h4>\n<h4 class=\"gmail_default\">5\u00e8: Fran Villar<\/h4>\n<h4 class=\"gmail_default\">6\u00e8: Ant\u00f2nia Cayuelas i Franc Serrano.<\/h4>\n<h4 class=\"gmail_default\"><\/h4>\n<h4 class=\"gmail_default\"><strong>ESPECIALISTES:<\/strong><\/h4>\n<h4 class=\"gmail_default\">M\u00fasica: Roser Planas<\/h4>\n<h4 class=\"gmail_default\">Pedagogia Terap\u00e8utica: M\u00f2nica Arjona, Montserrat Garc\u00eda i Brigitte Roca.<\/h4>\n<h4 class=\"gmail_default\">Educaci\u00f3 F\u00edsica: Anabel Candalija<\/h4>\n<h4 class=\"gmail_default\">Angl\u00e8s: Aida Roda<\/h4>\n<h4 class=\"gmail_default\">TIS (T\u00e8cnica Integradora Social): Esther Guerrero<\/h4>\n<h4><\/h4>\n<h4><strong>EQUIP DIRECTIU:<\/strong><\/h4>\n<h4>Directora: Susana G\u00f3mez<\/h4>\n<h4>Cap d&#8217;Estudis: Gemma Segura<\/h4>\n<h4>Secret\u00e0ria: Ant\u00f2nia Cayuelas<\/h4>\n<h4><\/h4>\n<h4><\/h4>\n<h4 class=\"gmail_default\"><strong>CONSELL DIRECCI\u00d3:<\/strong><\/h4>\n<h4 class=\"gmail_default\">Susana G\u00f3mez, Gemma Segura, Ant\u00f2nia Cayuelas, Marta Boh\u00e9 i Anabel Candalija.<\/h4>\n<h4><\/h4>\n<h4><\/h4>\n<h4><\/h4>\n<h4><\/h4>\n<h4><\/h4>\n<h4><\/h4>\n<h4><\/h4>\n<h4><\/h4>\n","protected":false},"excerpt":{"rendered":"<p>MESTRES:<\/p>\n<p>I3: Amalia D\u00edaz<br \/>\nI4: Sandra Navarro<br \/>\nI5: Marta Boh\u00e9<br \/>\nRefor\u00e7 EI: Susana Corchero i Sara Valle<br \/>\n1r: Roser Planas<br \/>\n2n: Eva Jim\u00e9nez<br \/>\n3r: N\u00faria Marot<br \/>\n4t: Gerard Sol\u00e9<br \/>\n5\u00e8: Fran Villar<br \/>\n6\u00e8: Ant\u00f2nia Cayuelas i Franc Serrano.<\/p>\n<p>ESPECIALISTES:<br \/>\nM\u00fasica: Roser Planas<br \/>\nPedagogia Terap\u00e8utica: M\u00f2nica Arjona, Montserrat Garc\u00eda i Brigitte Roca.<br \/>\nEducaci\u00f3 F\u00edsica: Anabel Candalija<br \/>\nAngl\u00e8s: Aida Roda<br \/>\nTIS (T\u00e8cnica Integradora&hellip;  <a href=\"https:\/\/agora.xtec.cat\/escjoanmirobdn\/lescola\/personal-docent\/\" title=\"Read Personal docent\">Llegeix m\u00e9s\u00bb<\/a><\/p>\n","protected":false},"author":1,"featured_media":0,"parent":22,"menu_order":50,"comment_status":"closed","ping_status":"closed","template":"page-templates\/side-menu.php","meta":{"_bbp_topic_count":0,"_bbp_reply_count":0,"_bbp_total_topic_count":0,"_bbp_total_reply_count":0,"_bbp_voice_count":0,"_bbp_anonymous_reply_count":0,"_bbp_topic_count_hidden":0,"_bbp_reply_count_hidden":0,"_bbp_forum_subforum_count":0,"footnotes":""},"class_list":["post-605","page","type-page","status-publish","hentry"],"post_mailing_queue_ids":[],"_links":{"self":[{"href":"https:\/\/agora.xtec.cat\/escjoanmirobdn\/wp-json\/wp\/v2\/pages\/605","targetHints":{"allow":["GET"]}}],"collection":[{"href":"https:\/\/agora.xtec.cat\/escjoanmirobdn\/wp-json\/wp\/v2\/pages"}],"about":[{"href":"https:\/\/agora.xtec.cat\/escjoanmirobdn\/wp-json\/wp\/v2\/types\/page"}],"author":[{"embeddable":true,"href":"https:\/\/agora.xtec.cat\/escjoanmirobdn\/wp-json\/wp\/v2\/users\/1"}],"replies":[{"embeddable":true,"href":"https:\/\/agora.xtec.cat\/escjoanmirobdn\/wp-json\/wp\/v2\/comments?post=605"}],"version-history":[{"count":6,"href":"https:\/\/agora.xtec.cat\/escjoanmirobdn\/wp-json\/wp\/v2\/pages\/605\/revisions"}],"predecessor-version":[{"id":15664,"href":"https:\/\/agora.xtec.cat\/escjoanmirobdn\/wp-json\/wp\/v2\/pages\/605\/revisions\/15664"}],"up":[{"embeddable":true,"href":"https:\/\/agora.xtec.cat\/escjoanmirobdn\/wp-json\/wp\/v2\/pages\/22"}],"wp:attachment":[{"href":"https:\/\/agora.xtec.cat\/escjoanmirobdn\/wp-json\/wp\/v2\/media?parent=605"}],"curies":[{"name":"wp","href":"https:\/\/api.w.org\/{rel}","templated":true}]}}