{"id":4266,"date":"2018-02-19T16:30:55","date_gmt":"2018-02-19T15:30:55","guid":{"rendered":"http:\/\/agora.xtec.cat\/escjoanmirobdn\/?page_id=4266"},"modified":"2026-01-28T10:41:27","modified_gmt":"2026-01-28T09:41:27","slug":"piscina-ci","status":"publish","type":"page","link":"https:\/\/agora.xtec.cat\/escjoanmirobdn\/projecte-educatiu\/piscina-ci\/","title":{"rendered":"PISCINA CI"},"content":{"rendered":"<p>El curset de nataci\u00f3 t\u00e9 lloc a la piscina del Complex Esportiu Municipal Sistrells durant tot el curs escolar. Els infants de 1r i 2n de prim\u00e0ria s&#8217;inicien a la nataci\u00f3 gr\u00e0cies a aquesta activitat que ofereix el centre educatiu.<\/p>\n<p><a href=\"https:\/\/agora.xtec.cat\/escjoanmirobdn\/wp-content\/uploads\/usu1527\/2026\/01\/Piscina.png\"><img loading=\"lazy\" decoding=\"async\" class=\"alignnone size-full wp-image-15646\" src=\"https:\/\/agora.xtec.cat\/escjoanmirobdn\/wp-content\/uploads\/usu1527\/2026\/01\/Piscina.png\" alt=\"\" width=\"427\" height=\"298\" srcset=\"https:\/\/agora.xtec.cat\/escjoanmirobdn\/wp-content\/uploads\/usu1527\/2026\/01\/Piscina.png 427w, https:\/\/agora.xtec.cat\/escjoanmirobdn\/wp-content\/uploads\/usu1527\/2026\/01\/Piscina-300x209.png 300w\" sizes=\"auto, (max-width: 427px) 100vw, 427px\" \/><\/a><\/p>\n","protected":false},"excerpt":{"rendered":"<p>El curset de nataci\u00f3 t\u00e9 lloc a la piscina del Complex Esportiu Municipal Sistrells durant tot el curs escolar. Els infants de 1r i 2n de prim\u00e0ria s&#8217;inicien a la nataci\u00f3 gr\u00e0cies a aquesta activitat que ofereix el centre educatiu.<br \/>\n<a href=\"https:\/\/agora.xtec.cat\/escjoanmirobdn\/wp-content\/uploads\/usu1527\/2026\/01\/Piscina.png\"><\/a><\/p>\n","protected":false},"author":1,"featured_media":0,"parent":64,"menu_order":70,"comment_status":"closed","ping_status":"closed","template":"page-templates\/side-menu.php","meta":{"_bbp_topic_count":0,"_bbp_reply_count":0,"_bbp_total_topic_count":0,"_bbp_total_reply_count":0,"_bbp_voice_count":0,"_bbp_anonymous_reply_count":0,"_bbp_topic_count_hidden":0,"_bbp_reply_count_hidden":0,"_bbp_forum_subforum_count":0,"footnotes":""},"class_list":["post-4266","page","type-page","status-publish","hentry"],"post_mailing_queue_ids":[],"_links":{"self":[{"href":"https:\/\/agora.xtec.cat\/escjoanmirobdn\/wp-json\/wp\/v2\/pages\/4266","targetHints":{"allow":["GET"]}}],"collection":[{"href":"https:\/\/agora.xtec.cat\/escjoanmirobdn\/wp-json\/wp\/v2\/pages"}],"about":[{"href":"https:\/\/agora.xtec.cat\/escjoanmirobdn\/wp-json\/wp\/v2\/types\/page"}],"author":[{"embeddable":true,"href":"https:\/\/agora.xtec.cat\/escjoanmirobdn\/wp-json\/wp\/v2\/users\/1"}],"replies":[{"embeddable":true,"href":"https:\/\/agora.xtec.cat\/escjoanmirobdn\/wp-json\/wp\/v2\/comments?post=4266"}],"version-history":[{"count":4,"href":"https:\/\/agora.xtec.cat\/escjoanmirobdn\/wp-json\/wp\/v2\/pages\/4266\/revisions"}],"predecessor-version":[{"id":15647,"href":"https:\/\/agora.xtec.cat\/escjoanmirobdn\/wp-json\/wp\/v2\/pages\/4266\/revisions\/15647"}],"up":[{"embeddable":true,"href":"https:\/\/agora.xtec.cat\/escjoanmirobdn\/wp-json\/wp\/v2\/pages\/64"}],"wp:attachment":[{"href":"https:\/\/agora.xtec.cat\/escjoanmirobdn\/wp-json\/wp\/v2\/media?parent=4266"}],"curies":[{"name":"wp","href":"https:\/\/api.w.org\/{rel}","templated":true}]}}