{"id":9072,"date":"2019-02-13T10:41:12","date_gmt":"2019-02-13T09:41:12","guid":{"rendered":"http:\/\/agora.xtec.cat\/escjoanmaragall\/?page_id=9072"},"modified":"2019-06-07T13:31:04","modified_gmt":"2019-06-07T11:31:04","slug":"recer-kids","status":"publish","type":"page","link":"https:\/\/agora.xtec.cat\/escjoanmaragall\/recer-kids\/","title":{"rendered":"RECER [KIDS]"},"content":{"rendered":"<p>Aquest curs, durant el segon trimestre, el Cicle Superior hem participat en el programa educatiu Recerkids que t\u00e9 el prop\u00f2sit d&#8217;apropar a les escoles l&#8217;activitat cient\u00edfica.<\/p>\n<p>Les fases s\u00f3n:<\/p>\n<p>&#8211; La recerca cient\u00edfica que es fa a l&#8217;escola, en qu\u00e8 la tem\u00e0tica ha estat la llum.<\/p>\n<p>&#8211; El congr\u00e9s cient\u00edfic, on es comparteix, amb les altres escoles, els resultats de la recerca.<\/p>\n<p><strong>Organitzaci\u00f3<\/strong><\/p>\n<p>Hem dividit l&#8217;alumnat en 5 grups heterogenis, els quals han treballat mitjan\u00e7ant el m\u00e8tode cient\u00edfic.<\/p>\n<p><em>Primer pas: Formulem preguntes<\/em><\/p>\n<p>&#8211; Com ha de ser una superf\u00edcie per veure&#8217;ns reflectits en ella?<\/p>\n<p>&#8211; Si la barreja de tots els colors de la llum \u00e9s el blanc, per qu\u00e8 quan barregem tots els colors no surt el blanc?<\/p>\n<p>&#8211; Com podem crear moviment a partir de la llum solar?<\/p>\n<p>&#8211; De quina manera podem arribar a cuinar amb la llum solar?<\/p>\n<p>&#8211; Com puc fondre materials amb la llum del Sol?<\/p>\n<p><em>Segon pas: Formulem hip\u00f2tesis<\/em><\/p>\n<ul style=\"list-style-type: square;\">\n<li>Taller : De quina manera podem arribar a cuinar amb la llum solar?<\/li>\n<\/ul>\n<p>Les hip\u00f2tesis sobre les que vam treballar van ser:<\/p>\n<ul>\n<li>Podem escalfar aigua dins d&#8217;un recipient amb la llum del sol.<\/li>\n<li>Podem cuinar un ou amb l&#8217;energia solar.<\/li>\n<\/ul>\n<p>Per a verificar les hip\u00f2tesis vam decidir experimentar<img loading=\"lazy\" decoding=\"async\" class=\"alignnone wp-image-9684\" src=\"https:\/\/agora.xtec.cat\/escjoanmaragall\/wp-content\/uploads\/usu115\/2019\/06\/opti.jpg\" alt=\"\" width=\"242\" height=\"136\" \/><\/p>\n<p><img loading=\"lazy\" decoding=\"async\" class=\"alignnone wp-image-9685\" src=\"https:\/\/agora.xtec.cat\/escjoanmaragall\/wp-content\/uploads\/usu115\/2019\/06\/termo.jpg\" alt=\"\" width=\"232\" height=\"174\" \/><\/p>\n<p>Traiem conclusions:<\/p>\n<p>Vam poder esclafar l&#8217;aigua per\u00f2 no vam aconseguir la temperatura<\/p>\n<p>necess\u00e0ria per a poder coure aliments.<\/p>\n<p>Amb\u00a0 l&#8217;ajuda d&#8217;una lupa vam intentar accelerar el proc\u00e9s de coure l&#8217;ou per\u00f2 els resultats no vam ser els esperats.<\/p>\n<p>&nbsp;<\/p>\n<ul style=\"list-style-type: square;\">\n<li>Taller: Podem moure objectes amb l&#8217;energia del Sol?<\/li>\n<\/ul>\n<p>Primerament vam fer un debat sobre la difer\u00e8ncia entre &#8220;moure&#8221; i despla\u00e7ar&#8221;. Vam dir que la nostra investigaci\u00f3 se centraria en el &#8220;moure&#8221;<\/p>\n<p>Vam treballar les seg\u00fcents hip\u00f2tesi:<\/p>\n<ul style=\"list-style-type: disc;\">\n<li>El Sol fa moure els gira-sols\u00a0 per tant la nostra hip\u00f2tesi \u00e9s que pot fer moure altres plantes.<\/li>\n<li>Les ombres es mouen per la influ\u00e8ncia del Sol. Segons el lloc on ens col\u00b7loquem l&#8217;ombra ser\u00e0 m\u00e9s llarga o m\u00e9s curta.<\/li>\n<\/ul>\n<p>Per a poder treballar sobre les nostre hip\u00f2tesis vam iniciar un proc\u00e9s d&#8217;observaci\u00f3:<\/p>\n<p><img loading=\"lazy\" decoding=\"async\" class=\"aligncenter size-full wp-image-9690\" src=\"https:\/\/agora.xtec.cat\/escjoanmaragall\/wp-content\/uploads\/usu115\/2019\/06\/20190312_161137_opt-1-1.jpg\" alt=\"\" width=\"272\" height=\"198\" \/><\/p>\n<p><sub>\u00a0 \u00a0 \u00a0 \u00a0 \u00a0 \u00a0 \u00a0 \u00a0 \u00a0 \u00a0 \u00a0 \u00a0 \u00a0 \u00a0 \u00a0 \u00a0 \u00a0 \u00a0 \u00a0 \u00a0 \u00a0 \u00a0 \u00a0 \u00a0 \u00a0 \u00a0 \u00a0 \u00a0 \u00a0 Fem un rellotge solar<\/sub><\/p>\n<p><img loading=\"lazy\" decoding=\"async\" class=\"aligncenter  wp-image-9691\" src=\"https:\/\/agora.xtec.cat\/escjoanmaragall\/wp-content\/uploads\/usu115\/2019\/06\/20190402_155014_opt.jpg\" alt=\"\" width=\"174\" height=\"278\" \/><\/p>\n<p><sub>\u00a0 \u00a0 \u00a0 \u00a0 \u00a0 \u00a0 \u00a0 \u00a0 \u00a0 \u00a0 \u00a0 \u00a0 \u00a0 \u00a0 \u00a0 \u00a0 \u00a0 \u00a0 \u00a0 \u00a0 Fem un forat on entrar\u00e0 la llum del Sol<\/sub><\/p>\n<p>Traiem conclusions:<\/p>\n<p>Vam poder observar que totes les plantes feien un moviment buscant la llum del Sol. Aquests moviments s&#8217;anomenen tropismes.<\/p>\n<p>Pel que fa a les ombres, vam observar que la llargada i posici\u00f3 de les ombres <em><strong>\u00a0no<\/strong> <\/em>dep\u00e8n\u00a0 del lloc on ens situem si no que t\u00e9 a veure amb la posici\u00f3 del Sol en les diferents hores.<\/p>\n","protected":false},"excerpt":{"rendered":"<p>Aquest curs, durant el segon trimestre, el Cicle Superior hem participat en el programa educatiu Recerkids que t\u00e9 el prop\u00f2sit d&#8217;apropar a les escoles l&#8217;activitat cient\u00edfica.<br \/>\nLes fases s\u00f3n:<br \/>\n&#8211; La recerca cient\u00edfica que es fa a l&#8217;escola, en qu\u00e8 la tem\u00e0tica ha estat la llum.<br \/>\n&#8211; El&hellip;  <a href=\"https:\/\/agora.xtec.cat\/escjoanmaragall\/recer-kids\/\" title=\"Read RECER [KIDS]\">Llegeix m\u00e9s\u00bb<\/a><\/p>\n","protected":false},"author":1,"featured_media":0,"parent":0,"menu_order":0,"comment_status":"closed","ping_status":"closed","template":"","meta":{"_bbp_topic_count":0,"_bbp_reply_count":0,"_bbp_total_topic_count":0,"_bbp_total_reply_count":0,"_bbp_voice_count":0,"_bbp_anonymous_reply_count":0,"_bbp_topic_count_hidden":0,"_bbp_reply_count_hidden":0,"_bbp_forum_subforum_count":0,"footnotes":""},"class_list":["post-9072","page","type-page","status-publish","hentry"],"post_mailing_queue_ids":[],"_links":{"self":[{"href":"https:\/\/agora.xtec.cat\/escjoanmaragall\/wp-json\/wp\/v2\/pages\/9072","targetHints":{"allow":["GET"]}}],"collection":[{"href":"https:\/\/agora.xtec.cat\/escjoanmaragall\/wp-json\/wp\/v2\/pages"}],"about":[{"href":"https:\/\/agora.xtec.cat\/escjoanmaragall\/wp-json\/wp\/v2\/types\/page"}],"author":[{"embeddable":true,"href":"https:\/\/agora.xtec.cat\/escjoanmaragall\/wp-json\/wp\/v2\/users\/1"}],"replies":[{"embeddable":true,"href":"https:\/\/agora.xtec.cat\/escjoanmaragall\/wp-json\/wp\/v2\/comments?post=9072"}],"version-history":[{"count":4,"href":"https:\/\/agora.xtec.cat\/escjoanmaragall\/wp-json\/wp\/v2\/pages\/9072\/revisions"}],"predecessor-version":[{"id":9692,"href":"https:\/\/agora.xtec.cat\/escjoanmaragall\/wp-json\/wp\/v2\/pages\/9072\/revisions\/9692"}],"wp:attachment":[{"href":"https:\/\/agora.xtec.cat\/escjoanmaragall\/wp-json\/wp\/v2\/media?parent=9072"}],"curies":[{"name":"wp","href":"https:\/\/api.w.org\/{rel}","templated":true}]}}