{"id":860,"date":"2015-02-22T19:36:35","date_gmt":"2015-02-22T18:36:35","guid":{"rendered":"http:\/\/agora.xtec.cat\/escjoanmaragall\/?page_id=860"},"modified":"2015-03-27T14:00:09","modified_gmt":"2015-03-27T13:00:09","slug":"fundacio-jaume-bofill","status":"publish","type":"page","link":"https:\/\/agora.xtec.cat\/escjoanmaragall\/projecte-educatiu\/fundacio-jaume-bofill\/","title":{"rendered":"Fundaci\u00f3 Jaume Bofill"},"content":{"rendered":"<p>&nbsp;<\/p>\n<p><iframe loading=\"lazy\" title=\"Magnet. Aliances per a l&#039;\u00e8xit educatiu\" width=\"500\" height=\"281\" src=\"https:\/\/www.youtube.com\/embed\/eOgi5Puu_Jg?feature=oembed\" frameborder=\"0\" allow=\"accelerometer; autoplay; clipboard-write; encrypted-media; gyroscope; picture-in-picture; web-share\" referrerpolicy=\"strict-origin-when-cross-origin\" allowfullscreen><\/iframe><\/p>\n<p>&nbsp;<\/p>\n<p style=\"text-align: justify;\"><span style=\"color: #ff9900;\">MAGNET<\/span> \u00e9s un programa impulsat per la Fundaci\u00f3 Jaume Bofill en col\u00b7laboraci\u00f3 amb el Departament d&#8217;Ensenyament, que t\u00e9 per objectiu acompanyar els centres educatius en el desenvolupament d&#8217;un projecte educatiu en alian\u00e7a amb una instituci\u00f3. Aquesta alian\u00e7a ha de permetre al centre educatiu desenvolupar un projecte educatiu innovador i de qualitat, un projecte atractiu, que tingui magnetisme i que es converteixi en un projecte de refer\u00e8ncia en el seu territori, tant per les fam\u00edlies com per la comunitat educativa.<\/p>\n<p style=\"text-align: justify;\">Les institucions que hi participen s\u00f3n institucions de refer\u00e8ncia i excel\u00b7l\u00e8ncia en un camp de coneixement espec\u00edfic (ci\u00e8ncia, tecnologia, art, comunicaci\u00f3 audiovisual, m\u00fasica, etc.) que tenen un comprom\u00eds educatiu amb la societat, i una gran capacitat de transferir innovaci\u00f3 i coneixement.<\/p>\n<p style=\"text-align: justify;\">El programa MAGNET est\u00e0 inspirat en les Magnet Schools dels Estats Units, que funcionen des dels anys setanta. Per con\u00e8ixer com \u00e9s el model d&#8217;aquestes Magnet Schools americanes i les potencialitats i dificultats d&#8217;aquesta proposta en el cas de Catalunya, podeu consultar l&#8217;informe d&#8217;Aina Tarabini Les escoles magnet. Una aposta per l&#8217;excel\u00b7l\u00e8ncia i l&#8217;equitat.<\/p>\n<p style=\"text-align: justify;\">Les escoles i institucions que han iniciat el programa s\u00f3n:<\/p>\n<ul style=\"list-style-type: circle; text-align: justify;\">\n<li><a href=\"https:\/\/sites.google.com\/a\/xtec.cat\/escola-josep-maria-de-sagarra\/\"><strong>Escola Josep M. de Sagarra<\/strong> <\/a>(Barcelona) i Museu d&#8217;Art Contemporani de Barcelona (MACBA). Vegeu el v\u00eddeo i el tr\u00edptic de presentaci\u00f3 de l&#8217;escola m\u00e9s avall.<\/li>\n<li><a href=\"http:\/\/blocs.xtec.cat\/eduardmarquina\/\"><strong>Escola Eduard Marquina<\/strong><\/a> (Barcelona) i l&#8217;Escola Concepci\u00f3 Arenal (Barcelona) amb l&#8217;Institut de Ci\u00e8ncies del Mar (CSIC). Vegeu el tr\u00edptic informatiu i el v\u00eddeo de l&#8217;escola Eduard Marquina m\u00e9s avall.<\/li>\n<li><a href=\"http:\/\/institutbroggi.org\/\"><strong>Institut Mois\u00e8s Broggi<\/strong><\/a> (Barcelona) i Museu d&#8217;Art Contemporani de Barcelona (MACBA)<\/li>\n<li><a href=\"http:\/\/escola-samuntada.wix.com\/escola-samuntada\"><strong>Escola Samuntada de Sabadell<\/strong><\/a> i Institut Catal\u00e0 de Paleontologia Miquel Crusafont (Cerdanyola del Vall\u00e8s).<\/li>\n<li><a href=\"http:\/\/agora.xtec.cat\/escjoanmaragall\/\"><strong>Escola Joan Maragall<\/strong><\/a> (Lleida) i Magical Media i Universitat de Lleida<\/li>\n<li><a href=\"http:\/\/agora.xtec.cat\/escpardinyes\/\"><strong>Escola Pardinyes<\/strong><\/a> (Lleida) i Institut de Recerca i Tecnologies Agroaliment\u00e0ries i Escola T\u00e8cnica Superior d&#8217;Enginyeria Agr\u00e0ria de la UdL<\/li>\n<\/ul>\n<p style=\"text-align: justify;\">Per a m\u00e9s informaci\u00f3 visiteu&#8230;<\/p>\n<figure class=\"figure wp-caption aligncenter\"><a href=\"http:\/\/www.fbofill.cat\" target=\"_blank\"><img loading=\"lazy\" decoding=\"async\" class=\"wp-image-864\" src=\"http:\/\/agora.xtec.cat\/escjoanmaragall\/wp-content\/uploads\/usu115\/2015\/02\/logotip.gif\" alt=\"Bofill\" width=\"100\" height=\"100\" \/><\/a><figcaption class=\"wp-caption-text\">Fundaci\u00f3 Jaume Bofill<\/figcaption><\/figure>\n<p>&nbsp;<\/p>\n","protected":false},"excerpt":{"rendered":"<p>&nbsp;<\/p>\n<p>&nbsp;<br \/>\nMAGNET \u00e9s un programa impulsat per la Fundaci\u00f3 Jaume Bofill en col\u00b7laboraci\u00f3 amb el Departament d&#8217;Ensenyament, que t\u00e9 per objectiu acompanyar els centres educatius en el desenvolupament d&#8217;un projecte educatiu en alian\u00e7a amb una instituci\u00f3. Aquesta alian\u00e7a ha de permetre al centre educatiu desenvolupar un&hellip;  <a href=\"https:\/\/agora.xtec.cat\/escjoanmaragall\/projecte-educatiu\/fundacio-jaume-bofill\/\" title=\"Read Fundaci\u00f3 Jaume Bofill\">Llegeix m\u00e9s\u00bb<\/a><\/p>\n","protected":false},"author":1,"featured_media":0,"parent":64,"menu_order":0,"comment_status":"closed","ping_status":"closed","template":"page-templates\/side-menu.php","meta":{"_bbp_topic_count":0,"_bbp_reply_count":0,"_bbp_total_topic_count":0,"_bbp_total_reply_count":0,"_bbp_voice_count":0,"_bbp_anonymous_reply_count":0,"_bbp_topic_count_hidden":0,"_bbp_reply_count_hidden":0,"_bbp_forum_subforum_count":0,"footnotes":""},"class_list":["post-860","page","type-page","status-publish","hentry"],"post_mailing_queue_ids":[],"_links":{"self":[{"href":"https:\/\/agora.xtec.cat\/escjoanmaragall\/wp-json\/wp\/v2\/pages\/860","targetHints":{"allow":["GET"]}}],"collection":[{"href":"https:\/\/agora.xtec.cat\/escjoanmaragall\/wp-json\/wp\/v2\/pages"}],"about":[{"href":"https:\/\/agora.xtec.cat\/escjoanmaragall\/wp-json\/wp\/v2\/types\/page"}],"author":[{"embeddable":true,"href":"https:\/\/agora.xtec.cat\/escjoanmaragall\/wp-json\/wp\/v2\/users\/1"}],"replies":[{"embeddable":true,"href":"https:\/\/agora.xtec.cat\/escjoanmaragall\/wp-json\/wp\/v2\/comments?post=860"}],"version-history":[{"count":4,"href":"https:\/\/agora.xtec.cat\/escjoanmaragall\/wp-json\/wp\/v2\/pages\/860\/revisions"}],"predecessor-version":[{"id":1402,"href":"https:\/\/agora.xtec.cat\/escjoanmaragall\/wp-json\/wp\/v2\/pages\/860\/revisions\/1402"}],"up":[{"embeddable":true,"href":"https:\/\/agora.xtec.cat\/escjoanmaragall\/wp-json\/wp\/v2\/pages\/64"}],"wp:attachment":[{"href":"https:\/\/agora.xtec.cat\/escjoanmaragall\/wp-json\/wp\/v2\/media?parent=860"}],"curies":[{"name":"wp","href":"https:\/\/api.w.org\/{rel}","templated":true}]}}