{"id":8367,"date":"2018-09-12T10:16:13","date_gmt":"2018-09-12T08:16:13","guid":{"rendered":"http:\/\/agora.xtec.cat\/escjoanmaragall\/?page_id=8367"},"modified":"2019-06-03T15:32:16","modified_gmt":"2019-06-03T13:32:16","slug":"viatgem-pel-mon","status":"publish","type":"page","link":"https:\/\/agora.xtec.cat\/escjoanmaragall\/viatgem-pel-mon\/","title":{"rendered":"VIATGEM PEL M\u00d3N"},"content":{"rendered":"<p style=\"text-align: left;\">Comencem un nou curs amb ganes d\u2019iniciar nous reptes i aprenentatges. Aquest any centrarem el nostre objectiu en que els nens\/es s&#8217;adonin de la import\u00e0ncia de l\u2019home com a \u00e9sser social. Tots formem part d\u2019una fam\u00edlia, una ciutat, una societat, un pa\u00eds&#8230; \u00e9s \u00a0aqu\u00ed on anem integrant tota una s\u00e8rie d&#8217;h\u00e0bits, valors, viv\u00e8ncies, costums, llengua, gastronomia&#8230; Tots aquests par\u00e0metres condicionaran la nostra manera d\u2019entendre el m\u00f3n i de relacionar-nos. A partir d\u2019aquesta idea inicial anirem desgranant diferents temes d\u2019aprenentatge com: les parts de la Terra (continents i oceans), mitjants de transport, climes segons la zona terrestre, la diversitat natural i animal. Aprofitarem la nostra multiculturalitat a l\u2019aula per a con\u00e8ixer altres lleng\u00fces, tradicions, gastronomia, monuments emblem\u00e0tics&#8230;<\/p>\n<p>Aix\u00ed doncs iniciem la nostra tasca per aquest curs. Comencem el nostre viatge&#8230; <strong>VIATGEM PEL M\u00d3N.<\/strong><\/p>\n<p><iframe loading=\"lazy\" src=\"\/\/www.youtube.com\/embed\/V9mgxQMqP04\" width=\"560\" height=\"314\" allowfullscreen=\"allowfullscreen\"><\/iframe><\/p>\n<p>Quin \u00e9s l&#8217;origen del nostre planeta?. Qu\u00e8 va passar fins a crear-se tota la nostra gal\u00e0xia, <strong>la Via L\u00e0ctia<\/strong>?. A partir d&#8217;un experiment us ho expliquem.<\/p>\n<p><iframe loading=\"lazy\" src=\"\/\/www.youtube.com\/embed\/kvLfpQbHDZg\" width=\"560\" height=\"314\" allowfullscreen=\"allowfullscreen\"><\/iframe><\/p>\n<p>Ara que ja sabem com s&#8217;ha format la nostra gal\u00e0xia i el nostre <strong>Sistema Solar<\/strong>, hem comen\u00e7at a treballar el nostre planeta: <strong>La Terra<\/strong>. Ens hem adonat que la Terra \u00e9s de diferents colors: blau (dels mars i oceans), marr\u00f3 (dels deserts i terres seques), verd (de les zones boscoses) i blanc (de les zones gelades).<\/p>\n<p><img loading=\"lazy\" decoding=\"async\" class=\" wp-image-8724\" style=\"font-weight: bold; font-family: inherit; font-size: 1em;\" src=\"https:\/\/agora.xtec.cat\/escjoanmaragall\/wp-content\/uploads\/usu115\/2018\/11\/IMG_20181123_094616-1024x768.jpg\" alt=\"\" width=\"557\" height=\"418\" \/><\/p>\n<p><img loading=\"lazy\" decoding=\"async\" class=\" wp-image-8727\" src=\"https:\/\/agora.xtec.cat\/escjoanmaragall\/wp-content\/uploads\/usu115\/2018\/11\/IMG_20181123_095234-1-1024x768.jpg\" alt=\"\" width=\"365\" height=\"274\" \/><img loading=\"lazy\" decoding=\"async\" class=\" wp-image-8728\" src=\"https:\/\/agora.xtec.cat\/escjoanmaragall\/wp-content\/uploads\/usu115\/2018\/11\/IMG_20181123_101450-1-1024x722.jpg\" alt=\"\" width=\"392\" height=\"276\" \/><\/p>\n<p>Continuem aprenent moltes coses sobre el nostre planeta; la seva forma, hi situem el pol nord, el pol sud i l&#8217;equador, &#8230;<\/p>\n<p><iframe loading=\"lazy\" title=\"TERRA\" width=\"500\" height=\"375\" src=\"https:\/\/www.youtube.com\/embed\/lpJDCGP1LBs?feature=oembed\" frameborder=\"0\" allow=\"accelerometer; autoplay; clipboard-write; encrypted-media; gyroscope; picture-in-picture; web-share\" referrerpolicy=\"strict-origin-when-cross-origin\" allowfullscreen><\/iframe><\/p>\n<p style=\"text-align: left;\">Treballem els animals, plantes i \u00e9ssers inanimats que podem trobar a l&#8217;aigua i a la terra.<\/p>\n<p style=\"text-align: left;\">Hem fet diverses activitats: fitxes, un mural&#8230;<\/p>\n<p><img loading=\"lazy\" decoding=\"async\" class=\"aligncenter size-large wp-image-8729\" src=\"https:\/\/agora.xtec.cat\/escjoanmaragall\/wp-content\/uploads\/usu115\/2018\/11\/20181123_104131-1-1024x576.jpg\" alt=\"\" width=\"1024\" height=\"576\" \/><\/p>\n<p>i tamb\u00e9 trencaclosques&#8230;<img loading=\"lazy\" decoding=\"async\" class=\"aligncenter size-full wp-image-8851\" src=\"https:\/\/agora.xtec.cat\/escjoanmaragall\/wp-content\/uploads\/usu115\/2018\/12\/20181219_154800-COLLAGE.jpg\" alt=\"\" width=\"1024\" height=\"1024\" \/><\/p>\n<p>Despr\u00e9s passem a anomenar la terra i l&#8217;aigua com correspon: <strong>continents i oceans.\u00a0<\/strong><\/p>\n<p><img loading=\"lazy\" decoding=\"async\" class=\"wp-image-8902 alignleft\" src=\"https:\/\/agora.xtec.cat\/escjoanmaragall\/wp-content\/uploads\/usu115\/2019\/01\/20190122_095601-1024x576.jpg\" alt=\"\" width=\"566\" height=\"318\" \/><\/p>\n<p>&nbsp;<\/p>\n<p>&nbsp;<\/p>\n<p>&nbsp;<\/p>\n<p>&nbsp;<\/p>\n<p>&nbsp;<\/p>\n<p>&nbsp;<\/p>\n<p>&nbsp;<\/p>\n<p>&nbsp;<\/p>\n<p>Ens adonem que hi ha diferents continents i busquem la nostra situaci\u00f3. Nosaltres estem a <strong>EUROPA\u00a0<\/strong> i vivim en una ciutat que es diu <strong>Lleida.<\/strong><\/p>\n<p><iframe loading=\"lazy\" src=\"\/\/www.youtube.com\/embed\/36Ua5C7TlIk\" width=\"560\" height=\"314\" allowfullscreen=\"allowfullscreen\"><\/iframe><\/p>\n<p>La nostra escola est\u00e0 ubicada al barri de <strong>la Bordeta<\/strong>, dins de la ciutat de Lleida. El monument m\u00e9s emblem\u00e0tic de la nostra ciutat \u00e9s <strong>la Seu Vella.<\/strong><\/p>\n<p><img loading=\"lazy\" decoding=\"async\" class=\"aligncenter size-large wp-image-8904\" src=\"https:\/\/agora.xtec.cat\/escjoanmaragall\/wp-content\/uploads\/usu115\/2019\/01\/20190121_093153_HDR-1024x576.jpg\" alt=\"\" width=\"1024\" height=\"576\" \/><\/p>\n<p>Hem treballat els monuments m\u00e9s importants de la nostra ciutat, les festes tradicionals, els seu folklore, la gastronomia i la cultura catalana en general. Per complementar el nostre coneixement, han vingut pares i mares a l&#8217;escola a explicar-nos m\u00e9s coses de les nostres tradicions.<\/p>\n<p><iframe loading=\"lazy\" title=\"LLEIDA\" width=\"500\" height=\"375\" src=\"https:\/\/www.youtube.com\/embed\/M4jhicIIHN0?feature=oembed\" frameborder=\"0\" allow=\"accelerometer; autoplay; clipboard-write; encrypted-media; gyroscope; picture-in-picture; web-share\" referrerpolicy=\"strict-origin-when-cross-origin\" allowfullscreen><\/iframe><\/p>\n<p><iframe loading=\"lazy\" src=\"\/\/www.youtube.com\/embed\/XMYcZl_NCeE\" width=\"560\" height=\"314\" allowfullscreen=\"allowfullscreen\"><\/iframe><\/p>\n<p><iframe loading=\"lazy\" src=\"\/\/www.youtube.com\/embed\/YVivLF3oJdU\" width=\"560\" height=\"314\" allowfullscreen=\"allowfullscreen\"><\/iframe><\/p>\n<p>Una vegada treballada la nostra ciutat i la nostra cultura, <strong>comencem el nostre VIATGE PEL M\u00d3N<\/strong>\u00a0per a con\u00e8ixer nous pa\u00efsos.<\/p>\n<p>Sense moure&#8217;ns d&#8217;Europa, viatgem a l&#8217;est. Les mares de <strong>Romania<\/strong> ens han vingut a explicar la seva cultura, festes tradicionals, gastronomia, la seva bandera, &#8230;<\/p>\n<p><iframe loading=\"lazy\" title=\"ROMANIA\" width=\"500\" height=\"375\" src=\"https:\/\/www.youtube.com\/embed\/JRun_iTyY7M?feature=oembed\" frameborder=\"0\" allow=\"accelerometer; autoplay; clipboard-write; encrypted-media; gyroscope; picture-in-picture; web-share\" referrerpolicy=\"strict-origin-when-cross-origin\" allowfullscreen><\/iframe><\/p>\n<p><iframe loading=\"lazy\" src=\"\/\/www.youtube.com\/embed\/mCt8ZTVKLR8\" width=\"560\" height=\"314\" allowfullscreen=\"allowfullscreen\"><\/iframe><\/p>\n<p>Anem ara fins a <strong>R\u00fassia. <\/strong>Una mare ens ha vingut a explicar la seva cultura: llengua, tradicions, festes, objectes t\u00edpics,etc.<\/p>\n<p><iframe loading=\"lazy\" src=\"\/\/www.youtube.com\/embed\/f40pQ0eCYXU\" width=\"560\" height=\"314\" allowfullscreen=\"allowfullscreen\"><\/iframe><\/p>\n<p>Canviem de continent, viatgem a\u00a0 <strong>\u00c0FRICA<\/strong><span style=\"font-family: inherit; font-size: 1em;\">.<\/span><\/p>\n<p>Primer anem a <strong>Marroc<\/strong>. Les mares marroquines ens han explicat coses molt interessants: les seves costums, llengua, m\u00fasica, vestimenta, gastronomia, &#8230;<\/p>\n<p><iframe loading=\"lazy\" title=\"MARROC\" width=\"500\" height=\"375\" src=\"https:\/\/www.youtube.com\/embed\/aI1KaXWQbIk?feature=oembed\" frameborder=\"0\" allow=\"accelerometer; autoplay; clipboard-write; encrypted-media; gyroscope; picture-in-picture; web-share\" referrerpolicy=\"strict-origin-when-cross-origin\" allowfullscreen><\/iframe><\/p>\n<p><iframe loading=\"lazy\" src=\"\/\/www.youtube.com\/embed\/mJfVJkGJ7MQ\" width=\"560\" height=\"314\" allowfullscreen=\"allowfullscreen\"><\/iframe><\/p>\n<p><iframe loading=\"lazy\" src=\"\/\/www.youtube.com\/embed\/2gjpc4u-g4w\" width=\"560\" height=\"314\" allowfullscreen=\"allowfullscreen\"><\/iframe><\/p>\n<p>Ara ens endinsem m\u00e9s en el continent i viatgem cap al sud. Visitem m\u00e9s pa\u00efsos: <strong>Senegal, Nig\u00e8ria i Mali.\u00a0<\/strong>Els pares i mares d&#8217;origen afric\u00e0 han vingut a la classe a explicar-nos moltes coses de les seves cultures: les diferents lleng\u00fces, m\u00fasica, vestimenta t\u00edpica, menjars tradicionals, etc.<\/p>\n<p><iframe loading=\"lazy\" src=\"\/\/www.youtube.com\/embed\/mnYz7Q2omP0\" width=\"560\" height=\"314\" allowfullscreen=\"allowfullscreen\"><\/iframe><\/p>\n<p><iframe loading=\"lazy\" src=\"\/\/www.youtube.com\/embed\/VlrfK6qv5C0\" width=\"560\" height=\"314\" allowfullscreen=\"allowfullscreen\"><\/iframe><\/p>\n<p>Tornem a canviar de continent i anem ara a\u00a0 <strong>AM\u00c8RICA<\/strong>.<\/p>\n<p>Comencem viatjant a Am\u00e8rica central, a l&#8217;illa de <strong>Cuba<\/strong>. Hem conegut les seves platges, hem provat fruites tropicals, hem ballat salsa, i molt m\u00e9s,&#8230;<\/p>\n<p><iframe loading=\"lazy\" title=\"CUBA\" width=\"500\" height=\"375\" src=\"https:\/\/www.youtube.com\/embed\/yzwapfQcAf0?feature=oembed\" frameborder=\"0\" allow=\"accelerometer; autoplay; clipboard-write; encrypted-media; gyroscope; picture-in-picture; web-share\" referrerpolicy=\"strict-origin-when-cross-origin\" allowfullscreen><\/iframe><\/p>\n<p>Baixem ara a Am\u00e8rica del sud. Visitem altres pa\u00efsos: <strong>Col\u00f2mbia i Vene\u00e7uela. <\/strong>Pare, mares i familiars d&#8217;aquests pa\u00efsos ens han ensenyat i explicat coses molt interessants de la seva cultura: situaci\u00f3 d&#8217;aquests pa\u00efsos, bandera, tradicions, gastronomia, vestimenta t\u00edpica, balls, etc.<\/p>\n<p><iframe loading=\"lazy\" src=\"\/\/www.youtube.com\/embed\/_AjuXMjGGt4\" width=\"560\" height=\"314\" allowfullscreen=\"allowfullscreen\"><\/iframe><\/p>\n<p><iframe loading=\"lazy\" src=\"\/\/www.youtube.com\/embed\/rUIYQYSofts\" width=\"560\" height=\"314\" allowfullscreen=\"allowfullscreen\"><\/iframe><\/p>\n<p>I aix\u00ed acabem el nostre particular VIATGE PEL M\u00d3N. Hem visitat tots els pa\u00efsos d&#8217;origen dels pares i mares dels\/les alumnes d&#8217;Educaci\u00f3 Infantil. Ara coneixem millor els seus llocs de proced\u00e8ncia i entenem la riquesa cultural de la que disposem. Ha estat un llarg viatge per\u00f2 molt, molt interessant i enriquidor.<\/p>\n","protected":false},"excerpt":{"rendered":"<p>Comencem un nou curs amb ganes d\u2019iniciar nous reptes i aprenentatges. Aquest any centrarem el nostre objectiu en que els nens\/es s&#8217;adonin de la import\u00e0ncia de l\u2019home com a \u00e9sser social. Tots formem part d\u2019una fam\u00edlia, una ciutat, una societat, un pa\u00eds&#8230; \u00e9s \u00a0aqu\u00ed on&hellip;  <a href=\"https:\/\/agora.xtec.cat\/escjoanmaragall\/viatgem-pel-mon\/\" title=\"Read VIATGEM PEL M\u00d3N\">Llegeix m\u00e9s\u00bb<\/a><\/p>\n","protected":false},"author":1,"featured_media":0,"parent":0,"menu_order":0,"comment_status":"closed","ping_status":"closed","template":"","meta":{"_bbp_topic_count":0,"_bbp_reply_count":0,"_bbp_total_topic_count":0,"_bbp_total_reply_count":0,"_bbp_voice_count":0,"_bbp_anonymous_reply_count":0,"_bbp_topic_count_hidden":0,"_bbp_reply_count_hidden":0,"_bbp_forum_subforum_count":0,"footnotes":""},"class_list":["post-8367","page","type-page","status-publish","hentry"],"post_mailing_queue_ids":[],"_links":{"self":[{"href":"https:\/\/agora.xtec.cat\/escjoanmaragall\/wp-json\/wp\/v2\/pages\/8367","targetHints":{"allow":["GET"]}}],"collection":[{"href":"https:\/\/agora.xtec.cat\/escjoanmaragall\/wp-json\/wp\/v2\/pages"}],"about":[{"href":"https:\/\/agora.xtec.cat\/escjoanmaragall\/wp-json\/wp\/v2\/types\/page"}],"author":[{"embeddable":true,"href":"https:\/\/agora.xtec.cat\/escjoanmaragall\/wp-json\/wp\/v2\/users\/1"}],"replies":[{"embeddable":true,"href":"https:\/\/agora.xtec.cat\/escjoanmaragall\/wp-json\/wp\/v2\/comments?post=8367"}],"version-history":[{"count":6,"href":"https:\/\/agora.xtec.cat\/escjoanmaragall\/wp-json\/wp\/v2\/pages\/8367\/revisions"}],"predecessor-version":[{"id":9680,"href":"https:\/\/agora.xtec.cat\/escjoanmaragall\/wp-json\/wp\/v2\/pages\/8367\/revisions\/9680"}],"wp:attachment":[{"href":"https:\/\/agora.xtec.cat\/escjoanmaragall\/wp-json\/wp\/v2\/media?parent=8367"}],"curies":[{"name":"wp","href":"https:\/\/api.w.org\/{rel}","templated":true}]}}