{"id":7713,"date":"2018-04-27T10:45:51","date_gmt":"2018-04-27T08:45:51","guid":{"rendered":"http:\/\/agora.xtec.cat\/escjoanmaragall\/?page_id=7713"},"modified":"2018-06-06T09:37:33","modified_gmt":"2018-06-06T07:37:33","slug":"els-nostres-habits-alimentaris-fem-salut","status":"publish","type":"page","link":"https:\/\/agora.xtec.cat\/escjoanmaragall\/habits-saludables\/els-nostres-habits-alimentaris-fem-salut\/","title":{"rendered":"ELS NOSTRES H\u00c0BITS ALIMENTARIS: FEM SALUT"},"content":{"rendered":"<p>Aquest darrer trimestre a Cicle Superior hem fet una tasca\u00a0 conjunta sobre\u00a0 &#8220;Els nostres h\u00e0bits alimentaris i la Salut&#8221;.<\/p>\n<p>L\u2019hem lligat amb l\u2019estudi que es fa dels esmorzars a nivel de centre i amb altres \u00e0mbits curriculars.<\/p>\n<p>Algunes de les activitats fetes s\u00f3n :<\/p>\n<p><strong>MEN\u00da D&#8217;UN DIA<\/strong><\/p>\n<p>Els alumnes del CS hem anotat tot el que hem menjat durant un dia. A classe hem omplert una taula amb els diferents aliments durant els diferents \u00e0pats i n&#8217;hem fet una reflexi\u00f3. Cada un de nosaltres hem redactat un informe sobre com cr\u00e8iem que havia estat la nostra alimentaci\u00f3 durant el dia que hem pres com a refer\u00e8ncia.<\/p>\n<p>La nostra companya Yasmin E de 5\u00e8 A ha anat m\u00e9s enll\u00e0. Ens ha confeccionat aquest mural despr\u00e8s d&#8217;haver analitzat les dades de cada alumne de la seva classe.<img loading=\"lazy\" decoding=\"async\" class=\"aligncenter wp-image-7764\" src=\"http:\/\/agora.xtec.cat\/escjoanmaragall\/wp-content\/uploads\/usu115\/2018\/04\/DSCN0574-1-1024x795.jpg\" alt=\"\" width=\"278\" height=\"216\" \/><\/p>\n<p>Ha fet un recompte de les diferents racions que hav\u00edem pres. Aquestes racions les ha classificat dins de les categories d&#8217; hidrats de carboni, vitamines, brioxeria, prote\u00efnes i l\u00e0ctics.<\/p>\n<p>Ens ha exposat el seu treball a la classe tot comentant-nos-en els resultats:<\/p>\n<ul>\n<li>Nom\u00e9s la meitat de la classe mengem fruita<\/li>\n<li>Nom\u00e9s un 33% mengem ,habitualment, verdura.<\/li>\n<li>Consumin massa brioxeria. Un 85% de nosaltres en consumim.<\/li>\n<li>Fem un consum adequat de prote\u00efnes i d&#8217;hidrats de carboni.<\/li>\n<\/ul>\n<p>En acabar, ens ha comentat que haur\u00edem de consumir m\u00e9s fruita i verdura i que no hav\u00edem d&#8217;abusar tant dels dol\u00e7os.<\/p>\n<p>Ha estat una exposici\u00f3 molt interessant que ens ha ajudat en la nostra reflexi\u00f3 personal.<\/p>\n<p>MOLTES GR\u00c0CIES YASMIN!!<\/p>\n<p><em>Alumnes 5\u00e8A<\/em><\/p>\n<p><strong>HUEVOS DE PASCUA<\/strong><\/p>\n<p>Los alumnos de quinto hemos aprendido a pintar huevos siguiendo la tradici\u00f3n de la religi\u00f3n ortodoxa gracias a la colaboraci\u00f3n de la Sra. Ana , madre de Andrea Cristea.<\/p>\n<p>En cinco boles , con agua caliente y dos cucharaditas de vinagre para fijar el color, disolvimos colorante alimentario de cinco colores diferentes. Seguidamente, cada alumno con su huevo duro , eleg\u00eda el color con el que lo quer\u00eda te\u00f1ir y esperaba un par de minutos a que se secara. A continuaci\u00f3n lo decoraba a su gusto.<\/p>\n<p><img loading=\"lazy\" decoding=\"async\" class=\" wp-image-7800\" src=\"http:\/\/agora.xtec.cat\/escjoanmaragall\/wp-content\/uploads\/usu115\/2018\/04\/P1010042.jpg\" alt=\"\" width=\"267\" height=\"194\" \/><\/p>\n<p>La tarde de pl\u00e1tica fue muy amena y divertida.<\/p>\n<p>Agradecimos a la Sra Ana su asistencia con un obsequio un y un fuerte aplauso.<\/p>\n<figure class=\"figure wp-caption alignnone\"><img loading=\"lazy\" decoding=\"async\" class=\" wp-image-7801\" src=\"http:\/\/agora.xtec.cat\/escjoanmaragall\/wp-content\/uploads\/usu115\/2018\/04\/P1010044.jpg\" alt=\"\" width=\"307\" height=\"230\" \/><figcaption class=\"wp-caption-text\">Alumnes 5\u00e8 -B<\/figcaption><\/figure>\n<p>&nbsp;<\/p>\n<p><strong>L&#8217;HORT<\/strong><\/p>\n<p>.A l\u2019escola tenim un hort i d\u2019ell hem estudiat els ecosistemes, els cucs de terra i les plantes arom\u00e0tiques i medicinals.<\/p>\n<p><img loading=\"lazy\" decoding=\"async\" class=\"alignnone size-full wp-image-7979\" src=\"http:\/\/agora.xtec.cat\/escjoanmaragall\/wp-content\/uploads\/usu115\/2018\/04\/maduixeres.jpg\" alt=\"\" width=\"448\" height=\"336\" \/><\/p>\n<p><img loading=\"lazy\" decoding=\"async\" class=\"alignnone size-full wp-image-7980\" src=\"http:\/\/agora.xtec.cat\/escjoanmaragall\/wp-content\/uploads\/usu115\/2018\/04\/foto-ecosistema-hort.jpg\" alt=\"\" width=\"336\" height=\"448\" \/><\/p>\n<p><img loading=\"lazy\" decoding=\"async\" class=\"alignnone size-full wp-image-7981\" src=\"http:\/\/agora.xtec.cat\/escjoanmaragall\/wp-content\/uploads\/usu115\/2018\/04\/TEXT-CUCS-yAIZA.jpg\" alt=\"\" width=\"419\" height=\"336\" \/><\/p>\n<p>De plantes arom\u00e0tiques i medicinals hem estudiat: lavanda,\u00a0 romer, farigola i la menta. I hem fet una fitxa amb el suport d\u2019una p\u00e1gina web.<\/p>\n<p><a href=\"https:\/\/dolcarevolucio.cat\/language\/ca\/guia-de-plantes-medicinals\/\">https:\/\/dolcarevolucio.cat\/language\/ca\/guia-de-plantes-medicinals\/<\/a><\/p>\n<p><img loading=\"lazy\" decoding=\"async\" class=\"alignnone size-full wp-image-7983\" src=\"http:\/\/agora.xtec.cat\/escjoanmaragall\/wp-content\/uploads\/usu115\/2018\/04\/FOTO-FITXA-PLANTES-AROM\u00c0TIQUES.jpg\" alt=\"\" width=\"336\" height=\"444\" \/><\/p>\n<p><strong>\u00a0ELS IOGURTS!<\/strong><\/p>\n<p>Una altra gran activitat que hem fet i que ens ha portat al Congr\u00e9s Anna Gen\u00e9\u00a0 per a comunicar ha estat l\u00a1elaboraci\u00f3\u00a0 de iogurt. Hem seguit tots els passos d\u2019una indagaci\u00f3 cient\u00edfica i ens han felicitat des de la universitat.<\/p>\n<p><img loading=\"lazy\" decoding=\"async\" class=\"alignnone size-large wp-image-7985\" src=\"http:\/\/agora.xtec.cat\/escjoanmaragall\/wp-content\/uploads\/usu115\/2018\/04\/congr\u00e9s-power-tapa-1024x819.jpg\" alt=\"\" width=\"1024\" height=\"819\" \/><\/p>\n<p><img loading=\"lazy\" decoding=\"async\" class=\"alignnone size-full wp-image-7986\" src=\"http:\/\/agora.xtec.cat\/escjoanmaragall\/wp-content\/uploads\/usu115\/2018\/04\/iogurt-6\u00e8-A-11.jpg\" alt=\"\" width=\"448\" height=\"336\" \/><\/p>\n<p><strong>FUNDACI\u00d3 RENAL ARN\u00d3<\/strong><\/p>\n<p>L&#8217;alimentaci\u00f3 afecta directament a la nostra salut. El rony\u00f3 i tot el sistema s&#8217;han de cuidar. Es van fer tallers i a 6\u00e8 vam construir rentadores- rony\u00f3 per comparar les seves funcions. Llavors les vam presentar a l&#8217;exposici\u00f3 de tota l&#8217;escola.<\/p>\n<p><img loading=\"lazy\" decoding=\"async\" class=\"alignnone size-full wp-image-7987\" src=\"http:\/\/agora.xtec.cat\/escjoanmaragall\/wp-content\/uploads\/usu115\/2018\/04\/blog-rony\u00f3-rentadora-5.jpg\" alt=\"\" width=\"448\" height=\"336\" \/><\/p>\n<p><strong>TEXTOS DE COMPRENSI\u00d3 LECTORA<\/strong><\/p>\n<p>En les \u00e0rees de catal\u00e0 i castell\u00e0 hem treballat textos diversos i n&#8217;hem fet les comprensions lectores corresponents. Alguns dels textos s\u00f3n:<\/p>\n<ul>\n<li>&#8220;Aprendre a menjar b\u00e9&#8221;<\/li>\n<li>&#8220;Nuestros h\u00e1bitos alimentarios&#8221;<\/li>\n<li>&#8220;La Pasteuritzaci\u00f3&#8221;<\/li>\n<li>&#8221; La dieta dels inuits&#8221;\u00a0 i altres<\/li>\n<\/ul>\n<p><strong>ETIQUETES DELS PRODUCTES<\/strong><\/p>\n<p>A partir d&#8217;etiquetes de productes que hem portat , de lectures sobre el tema\u00a0 ( els llegums) i de la visita a la c\u00fapula dels aliments que va venir al centre, vam treballar el valors dels nutrients que tenen els aliments que prenem.<\/p>\n<p><img loading=\"lazy\" decoding=\"async\" class=\"alignnone size-full wp-image-7989\" src=\"http:\/\/agora.xtec.cat\/escjoanmaragall\/wp-content\/uploads\/usu115\/2018\/04\/blog-etiquetes.jpg\" alt=\"\" width=\"336\" height=\"399\" \/><\/p>\n<p><img loading=\"lazy\" decoding=\"async\" class=\"alignnone size-large wp-image-8006\" src=\"http:\/\/agora.xtec.cat\/escjoanmaragall\/wp-content\/uploads\/usu115\/2018\/04\/cupula-fruita-1024x498.jpg\" alt=\"\" width=\"1024\" height=\"498\" \/><\/p>\n<p><strong>ESTUDI ESTAD\u00cdSTIC DELS ESMORZARS<\/strong><\/p>\n<p>Dins del projecte de centre dels h\u00e0bits saludables i esmorzar fruita els dimarts, a Cicle Superior fem l&#8217;estudi estad\u00edstic dels tots els cursos. A 5\u00e8\u00a0 s&#8217;estudia educaci\u00f3 infantil i a 6\u00e8 , els cicles inicial i mitj\u00e0. L&#8217;objectiu \u00e9s con\u00e8ixer la realitat, comunicar resultats per millorar els h\u00e0bits a l&#8217;hora d&#8217;esmorzar.<\/p>\n<p><img loading=\"lazy\" decoding=\"async\" class=\"alignnone size-full wp-image-7990\" src=\"http:\/\/agora.xtec.cat\/escjoanmaragall\/wp-content\/uploads\/usu115\/2018\/04\/blog-RECOMPTE-DADES-2.jpg\" alt=\"\" width=\"448\" height=\"336\" \/><\/p>\n<p><img loading=\"lazy\" decoding=\"async\" class=\"alignnone size-full wp-image-7991\" src=\"http:\/\/agora.xtec.cat\/escjoanmaragall\/wp-content\/uploads\/usu115\/2018\/04\/blog-est-estad\u00edstic-5.jpg\" alt=\"\" width=\"448\" height=\"336\" \/><\/p>\n<p>&nbsp;<\/p>\n","protected":false},"excerpt":{"rendered":"<p>Aquest darrer trimestre a Cicle Superior hem fet una tasca\u00a0 conjunta sobre\u00a0 &#8220;Els nostres h\u00e0bits alimentaris i la Salut&#8221;.<br \/>\nL\u2019hem lligat amb l\u2019estudi que es fa dels esmorzars a nivel de centre i amb altres \u00e0mbits curriculars.<br \/>\nAlgunes de les activitats fetes s\u00f3n :<br \/>\nMEN\u00da D&#8217;UN DIA<br \/>\nEls alumnes&hellip;  <a href=\"https:\/\/agora.xtec.cat\/escjoanmaragall\/habits-saludables\/els-nostres-habits-alimentaris-fem-salut\/\" title=\"Read ELS NOSTRES H\u00c0BITS ALIMENTARIS: FEM SALUT\">Llegeix m\u00e9s\u00bb<\/a><\/p>\n","protected":false},"author":1,"featured_media":0,"parent":3002,"menu_order":0,"comment_status":"closed","ping_status":"closed","template":"","meta":{"_bbp_topic_count":0,"_bbp_reply_count":0,"_bbp_total_topic_count":0,"_bbp_total_reply_count":0,"_bbp_voice_count":0,"_bbp_anonymous_reply_count":0,"_bbp_topic_count_hidden":0,"_bbp_reply_count_hidden":0,"_bbp_forum_subforum_count":0,"footnotes":""},"class_list":["post-7713","page","type-page","status-publish","hentry"],"post_mailing_queue_ids":[],"_links":{"self":[{"href":"https:\/\/agora.xtec.cat\/escjoanmaragall\/wp-json\/wp\/v2\/pages\/7713","targetHints":{"allow":["GET"]}}],"collection":[{"href":"https:\/\/agora.xtec.cat\/escjoanmaragall\/wp-json\/wp\/v2\/pages"}],"about":[{"href":"https:\/\/agora.xtec.cat\/escjoanmaragall\/wp-json\/wp\/v2\/types\/page"}],"author":[{"embeddable":true,"href":"https:\/\/agora.xtec.cat\/escjoanmaragall\/wp-json\/wp\/v2\/users\/1"}],"replies":[{"embeddable":true,"href":"https:\/\/agora.xtec.cat\/escjoanmaragall\/wp-json\/wp\/v2\/comments?post=7713"}],"version-history":[{"count":5,"href":"https:\/\/agora.xtec.cat\/escjoanmaragall\/wp-json\/wp\/v2\/pages\/7713\/revisions"}],"predecessor-version":[{"id":8007,"href":"https:\/\/agora.xtec.cat\/escjoanmaragall\/wp-json\/wp\/v2\/pages\/7713\/revisions\/8007"}],"up":[{"embeddable":true,"href":"https:\/\/agora.xtec.cat\/escjoanmaragall\/wp-json\/wp\/v2\/pages\/3002"}],"wp:attachment":[{"href":"https:\/\/agora.xtec.cat\/escjoanmaragall\/wp-json\/wp\/v2\/media?parent=7713"}],"curies":[{"name":"wp","href":"https:\/\/api.w.org\/{rel}","templated":true}]}}