{"id":7680,"date":"2018-04-24T13:16:01","date_gmt":"2018-04-24T11:16:01","guid":{"rendered":"http:\/\/agora.xtec.cat\/escjoanmaragall\/?page_id=7680"},"modified":"2018-05-09T18:12:25","modified_gmt":"2018-05-09T16:12:25","slug":"els-invertebrats","status":"publish","type":"page","link":"https:\/\/agora.xtec.cat\/escjoanmaragall\/els-invertebrats\/","title":{"rendered":"ELS INVERTEBRATS"},"content":{"rendered":"<p><img loading=\"lazy\" decoding=\"async\" class=\"alignnone size-full wp-image-7770 aligncenter\" src=\"http:\/\/agora.xtec.cat\/escjoanmaragall\/wp-content\/uploads\/usu115\/2018\/04\/descarga.jpg\" alt=\"\" width=\"193\" height=\"261\" \/>Aquest segon trimestre a partir del visionat de la pel\u00b7l\u00edcula de &#8220;Min\u00fasculos&#8221; hem estudiat els animals invertebrats. L&#8217;alumnat ha cercat informaci\u00f3 sobre invertebrats i han descobert les seves caracter\u00edstiques principals, arribant a obtenir una classificaci\u00f3 d&#8217;aquests \u00e9ssers vius.<\/p>\n<p>A m\u00e9s a m\u00e9s per grups han confeccionat uns murals amb les curiositats descobertes sobre alguns invertebrats: camuflatge, metamorfosi, bioluminesc\u00e8ncia, colors d&#8217;advertiment&#8230; que posteriorment han exposat oralment a altres companys de l&#8217;escola.\u00a0Aqu\u00ed us deixem un petit tastet de tot el que hem apr\u00e8s.<\/p>\n<p><iframe loading=\"lazy\" title=\"La Safa i la Joana ens expliquen el camuflatge\" width=\"500\" height=\"281\" src=\"https:\/\/www.youtube.com\/embed\/-vd_4p-xoGc?feature=oembed\" frameborder=\"0\" allow=\"accelerometer; autoplay; clipboard-write; encrypted-media; gyroscope; picture-in-picture; web-share\" referrerpolicy=\"strict-origin-when-cross-origin\" allowfullscreen><\/iframe><\/p>\n<p><iframe loading=\"lazy\" title=\"El Raul i el Yazid ens expliquen la bioluminesc\u00e8ncia\" width=\"500\" height=\"281\" src=\"https:\/\/www.youtube.com\/embed\/wI2yRXFXui0?feature=oembed\" frameborder=\"0\" allow=\"accelerometer; autoplay; clipboard-write; encrypted-media; gyroscope; picture-in-picture; web-share\" referrerpolicy=\"strict-origin-when-cross-origin\" allowfullscreen><\/iframe><\/p>\n<p><iframe loading=\"lazy\" title=\"El Sergi i el Abraham ens expliquen el mimetisme\" width=\"500\" height=\"281\" src=\"https:\/\/www.youtube.com\/embed\/jEni7ZqOKlY?feature=oembed\" frameborder=\"0\" allow=\"accelerometer; autoplay; clipboard-write; encrypted-media; gyroscope; picture-in-picture; web-share\" referrerpolicy=\"strict-origin-when-cross-origin\" allowfullscreen><\/iframe><\/p>\n<p><iframe loading=\"lazy\" title=\"El Youcef i el Cristian ens expliquen la defensa qu\u00edmica\" width=\"500\" height=\"281\" src=\"https:\/\/www.youtube.com\/embed\/3w4mJT_Wqsk?feature=oembed\" frameborder=\"0\" allow=\"accelerometer; autoplay; clipboard-write; encrypted-media; gyroscope; picture-in-picture; web-share\" referrerpolicy=\"strict-origin-when-cross-origin\" allowfullscreen><\/iframe><\/p>\n<p><iframe loading=\"lazy\" title=\"La Precious, el Miguel i l&#039;Ikpumosa ens expliquen la metamorfosi\" width=\"500\" height=\"281\" src=\"https:\/\/www.youtube.com\/embed\/URfl7fn6YB0?feature=oembed\" frameborder=\"0\" allow=\"accelerometer; autoplay; clipboard-write; encrypted-media; gyroscope; picture-in-picture; web-share\" referrerpolicy=\"strict-origin-when-cross-origin\" allowfullscreen><\/iframe><\/p>\n<p><iframe loading=\"lazy\" title=\"L&#039;Eric i el Mart\u00ed ens expliquen la metamorfosi\" width=\"500\" height=\"281\" src=\"https:\/\/www.youtube.com\/embed\/ckWRodGtbxs?feature=oembed\" frameborder=\"0\" allow=\"accelerometer; autoplay; clipboard-write; encrypted-media; gyroscope; picture-in-picture; web-share\" referrerpolicy=\"strict-origin-when-cross-origin\" allowfullscreen><\/iframe><\/p>\n<p><iframe loading=\"lazy\" title=\"El Luka i el Carlos ens expliquen la defensa qu\u00edmica\" width=\"500\" height=\"281\" src=\"https:\/\/www.youtube.com\/embed\/INRw7XoTEG4?feature=oembed\" frameborder=\"0\" allow=\"accelerometer; autoplay; clipboard-write; encrypted-media; gyroscope; picture-in-picture; web-share\" referrerpolicy=\"strict-origin-when-cross-origin\" allowfullscreen><\/iframe><\/p>\n<p><iframe loading=\"lazy\" title=\"El Rayan i l&#039;Ezequiel ens expliquen el camuflatge\" width=\"500\" height=\"281\" src=\"https:\/\/www.youtube.com\/embed\/jUFSbRnYBlM?feature=oembed\" frameborder=\"0\" allow=\"accelerometer; autoplay; clipboard-write; encrypted-media; gyroscope; picture-in-picture; web-share\" referrerpolicy=\"strict-origin-when-cross-origin\" allowfullscreen><\/iframe><\/p>\n<p><iframe loading=\"lazy\" title=\"La Claudia ens explica la bioluminesc\u00e8ncia\" width=\"500\" height=\"281\" src=\"https:\/\/www.youtube.com\/embed\/38M3K2xpqKA?feature=oembed\" frameborder=\"0\" allow=\"accelerometer; autoplay; clipboard-write; encrypted-media; gyroscope; picture-in-picture; web-share\" referrerpolicy=\"strict-origin-when-cross-origin\" allowfullscreen><\/iframe><\/p>\n<p style=\"text-align: center;\"><img loading=\"lazy\" decoding=\"async\" class=\"alignnone size-full wp-image-7837\" src=\"http:\/\/agora.xtec.cat\/escjoanmaragall\/wp-content\/uploads\/usu115\/2018\/04\/invertebrats-collage.jpg\" alt=\"\" width=\"404\" height=\"404\" \/><\/p>\n<p>Com a treballs manuals l&#8217;alumnat ha creat dos diorames un terrestre i un altre mar\u00ed, on es representen l&#8217;habitat d&#8217;aquests \u00e9ssers vius.<\/p>\n<p style=\"text-align: center;\"><img loading=\"lazy\" decoding=\"async\" class=\"alignnone size-full wp-image-7839\" src=\"http:\/\/agora.xtec.cat\/escjoanmaragall\/wp-content\/uploads\/usu115\/2018\/04\/20180509_173917-COLLAGE.jpg\" alt=\"\" width=\"1024\" height=\"1024\" \/><\/p>\n<p style=\"text-align: center;\"><img loading=\"lazy\" decoding=\"async\" class=\"alignnone size-full wp-image-7840\" src=\"http:\/\/agora.xtec.cat\/escjoanmaragall\/wp-content\/uploads\/usu115\/2018\/04\/page-1.jpg\" alt=\"\" width=\"404\" height=\"404\" \/><\/p>\n<p>L&#8217;alumnat ha mostrat molt d&#8217;inter\u00e8s i ha realitzat nous aprenentatges.<\/p>\n<p>&nbsp;<\/p>\n<p style=\"text-align: center;\">\n","protected":false},"excerpt":{"rendered":"<p>Aquest segon trimestre a partir del visionat de la pel\u00b7l\u00edcula de &#8220;Min\u00fasculos&#8221; hem estudiat els animals invertebrats. L&#8217;alumnat ha cercat informaci\u00f3 sobre invertebrats i han descobert les seves caracter\u00edstiques principals, arribant a obtenir una classificaci\u00f3 d&#8217;aquests \u00e9ssers vius.<br \/>\nA m\u00e9s a m\u00e9s per grups han confeccionat&hellip;  <a href=\"https:\/\/agora.xtec.cat\/escjoanmaragall\/els-invertebrats\/\" title=\"Read ELS INVERTEBRATS\">Llegeix m\u00e9s\u00bb<\/a><\/p>\n","protected":false},"author":1,"featured_media":0,"parent":0,"menu_order":0,"comment_status":"closed","ping_status":"closed","template":"","meta":{"_bbp_topic_count":0,"_bbp_reply_count":0,"_bbp_total_topic_count":0,"_bbp_total_reply_count":0,"_bbp_voice_count":0,"_bbp_anonymous_reply_count":0,"_bbp_topic_count_hidden":0,"_bbp_reply_count_hidden":0,"_bbp_forum_subforum_count":0,"footnotes":""},"class_list":["post-7680","page","type-page","status-publish","hentry"],"post_mailing_queue_ids":[],"_links":{"self":[{"href":"https:\/\/agora.xtec.cat\/escjoanmaragall\/wp-json\/wp\/v2\/pages\/7680","targetHints":{"allow":["GET"]}}],"collection":[{"href":"https:\/\/agora.xtec.cat\/escjoanmaragall\/wp-json\/wp\/v2\/pages"}],"about":[{"href":"https:\/\/agora.xtec.cat\/escjoanmaragall\/wp-json\/wp\/v2\/types\/page"}],"author":[{"embeddable":true,"href":"https:\/\/agora.xtec.cat\/escjoanmaragall\/wp-json\/wp\/v2\/users\/1"}],"replies":[{"embeddable":true,"href":"https:\/\/agora.xtec.cat\/escjoanmaragall\/wp-json\/wp\/v2\/comments?post=7680"}],"version-history":[{"count":4,"href":"https:\/\/agora.xtec.cat\/escjoanmaragall\/wp-json\/wp\/v2\/pages\/7680\/revisions"}],"predecessor-version":[{"id":7841,"href":"https:\/\/agora.xtec.cat\/escjoanmaragall\/wp-json\/wp\/v2\/pages\/7680\/revisions\/7841"}],"wp:attachment":[{"href":"https:\/\/agora.xtec.cat\/escjoanmaragall\/wp-json\/wp\/v2\/media?parent=7680"}],"curies":[{"name":"wp","href":"https:\/\/api.w.org\/{rel}","templated":true}]}}