{"id":7306,"date":"2018-02-22T11:43:08","date_gmt":"2018-02-22T10:43:08","guid":{"rendered":"http:\/\/agora.xtec.cat\/escjoanmaragall\/?page_id=7306"},"modified":"2018-03-14T12:23:36","modified_gmt":"2018-03-14T11:23:36","slug":"fem-barri-4","status":"publish","type":"page","link":"https:\/\/agora.xtec.cat\/escjoanmaragall\/fem-barri-4\/","title":{"rendered":"FEM BARRI"},"content":{"rendered":"<p>Els nens i les nenes de primer estem realitzant el TxT Fem Barri.<\/p>\n<p>Hem visitat la farm\u00e0cia de la Placeta Sant Jordi.<\/p>\n<p><img loading=\"lazy\" decoding=\"async\" class=\"size-full wp-image-7406 aligncenter\" src=\"http:\/\/agora.xtec.cat\/escjoanmaragall\/wp-content\/uploads\/usu115\/2018\/02\/Senyals.jpg\" alt=\"\" width=\"916\" height=\"687\" \/><\/p>\n<p>Aquesta creu amb les llumetes verdes de la dreta de la imatge, \u00e9s la senyal que ens indica que la farm\u00e0cia est\u00e0 oberta.<\/p>\n<h1>ENDAVANT!!!!!!<\/h1>\n<table>\n<tbody>\n<tr>\n<td><img loading=\"lazy\" decoding=\"async\" class=\"size-large wp-image-7407 aligncenter\" src=\"http:\/\/agora.xtec.cat\/escjoanmaragall\/wp-content\/uploads\/usu115\/2018\/02\/DSC09862-1024x768.jpg\" alt=\"\" width=\"1024\" height=\"768\" \/><\/td>\n<td><img loading=\"lazy\" decoding=\"async\" class=\"size-large wp-image-7408 aligncenter\" src=\"http:\/\/agora.xtec.cat\/escjoanmaragall\/wp-content\/uploads\/usu115\/2018\/02\/DSC09865-1024x768.jpg\" alt=\"\" width=\"1024\" height=\"768\" \/><\/td>\n<td><img loading=\"lazy\" decoding=\"async\" class=\"size-large wp-image-7409 aligncenter\" src=\"http:\/\/agora.xtec.cat\/escjoanmaragall\/wp-content\/uploads\/usu115\/2018\/02\/DSC09866-1024x768.jpg\" alt=\"\" width=\"1024\" height=\"768\" \/><\/td>\n<\/tr>\n<tr>\n<td><img loading=\"lazy\" decoding=\"async\" class=\"size-large wp-image-7414 aligncenter\" src=\"http:\/\/agora.xtec.cat\/escjoanmaragall\/wp-content\/uploads\/usu115\/2018\/02\/DSC09888-1024x768.jpg\" alt=\"\" width=\"1024\" height=\"768\" \/><\/td>\n<td><img loading=\"lazy\" decoding=\"async\" class=\"size-large wp-image-7412 aligncenter\" src=\"http:\/\/agora.xtec.cat\/escjoanmaragall\/wp-content\/uploads\/usu115\/2018\/02\/DSC09885-1024x768.jpg\" alt=\"\" width=\"1024\" height=\"768\" \/><\/td>\n<td><img loading=\"lazy\" decoding=\"async\" class=\"size-large wp-image-7410 aligncenter\" src=\"http:\/\/agora.xtec.cat\/escjoanmaragall\/wp-content\/uploads\/usu115\/2018\/02\/DSC09870-1024x768.jpg\" alt=\"\" width=\"1024\" height=\"768\" \/><\/td>\n<\/tr>\n<tr>\n<td><img loading=\"lazy\" decoding=\"async\" class=\"size-large wp-image-7416 aligncenter\" src=\"http:\/\/agora.xtec.cat\/escjoanmaragall\/wp-content\/uploads\/usu115\/2018\/02\/DSC09897-1024x768.jpg\" alt=\"\" width=\"1024\" height=\"768\" \/><\/td>\n<td><img loading=\"lazy\" decoding=\"async\" class=\"size-large wp-image-7413 aligncenter\" src=\"http:\/\/agora.xtec.cat\/escjoanmaragall\/wp-content\/uploads\/usu115\/2018\/02\/DSC09886-1024x768.jpg\" alt=\"\" width=\"1024\" height=\"768\" \/><\/td>\n<td><img loading=\"lazy\" decoding=\"async\" class=\"size-large wp-image-7415 aligncenter\" src=\"http:\/\/agora.xtec.cat\/escjoanmaragall\/wp-content\/uploads\/usu115\/2018\/02\/DSC09892-1024x768.jpg\" alt=\"\" width=\"1024\" height=\"768\" \/><\/td>\n<\/tr>\n<\/tbody>\n<\/table>\n<p style=\"text-align: left;\">L&#8217;Elena, \u00e9s una de les farmac\u00e8utiques que hi treballa. Ens ha ensenyat i explicat moltes coses.<\/p>\n<p style=\"text-align: left;\">Hem vist els calaixos on guarden els medicaments, els prestatges de les cremes,<\/p>\n<p style=\"text-align: left;\">els aliments per a nadons, els raspalls de dents, les vitamines, els biberons i els xumets.<\/p>\n<p style=\"text-align: left;\">Tamb\u00e9 hem descobert que en aquesta farm\u00e0cia fan anal\u00edtiques de sang i hem vist la m\u00e0quina que utilitzen.<\/p>\n<p style=\"text-align: left;\">Tamb\u00e9 ens han ensenyat un humidificador per l&#8217;ambient, molt xuuuuulo.<\/p>\n<p style=\"text-align: left;\">Sabeu qu\u00e8 \u00e9s aix\u00f2????<\/p>\n<p style=\"text-align: left;\"><img loading=\"lazy\" decoding=\"async\" class=\"alignnone size-large wp-image-7422\" src=\"http:\/\/agora.xtec.cat\/escjoanmaragall\/wp-content\/uploads\/usu115\/2018\/02\/DSC09889-1024x768.jpg\" alt=\"\" width=\"1024\" height=\"768\" \/><\/p>\n<p>\u00c9s una balan\u00e7a per pesar els nadons els primers mesos.<\/p>\n<p>Abans de marxar hem regalat a l&#8217;Elena un pot amb sal de colors.<\/p>\n<p><img loading=\"lazy\" decoding=\"async\" class=\"alignnone size-large wp-image-7425\" src=\"http:\/\/agora.xtec.cat\/escjoanmaragall\/wp-content\/uploads\/usu115\/2018\/02\/DSC09875-1024x768.jpg\" alt=\"\" width=\"1024\" height=\"768\" \/><\/p>\n<h1>Moltes gr\u00e0cies per tot!!!!!!<\/h1>\n<p>Fa uns dies vam sortir a donar un tomb pel nostre barri.<\/p>\n<p>Ens vam fixar molt b\u00e9 en les senyals que trob\u00e0vem pel cam\u00ed.<\/p>\n<table style=\"height: 124px; width: 606px;\">\n<tbody>\n<tr style=\"height: 209px;\">\n<td style=\"width: 279px; height: 209px;\"><img loading=\"lazy\" decoding=\"async\" class=\"size-large wp-image-7439 aligncenter\" src=\"http:\/\/agora.xtec.cat\/escjoanmaragall\/wp-content\/uploads\/usu115\/2018\/02\/DSC09856-1-1024x768.jpg\" alt=\"\" width=\"1024\" height=\"768\" \/><\/td>\n<td style=\"width: 318px; height: 209px;\"><img loading=\"lazy\" decoding=\"async\" class=\"size-large wp-image-7428 aligncenter\" src=\"http:\/\/agora.xtec.cat\/escjoanmaragall\/wp-content\/uploads\/usu115\/2018\/02\/DSC09860-1024x1024.jpg\" alt=\"\" width=\"1024\" height=\"1024\" \/><\/td>\n<\/tr>\n<tr style=\"height: 221px;\">\n<td style=\"width: 279px; height: 221px;\"><img loading=\"lazy\" decoding=\"async\" class=\"size-large wp-image-7429 aligncenter\" src=\"http:\/\/agora.xtec.cat\/escjoanmaragall\/wp-content\/uploads\/usu115\/2018\/02\/DSC09879-1024x768.jpg\" alt=\"\" width=\"1024\" height=\"768\" \/><\/td>\n<td style=\"width: 318px; height: 221px;\"><img loading=\"lazy\" decoding=\"async\" class=\"size-large wp-image-7430 aligncenter\" src=\"http:\/\/agora.xtec.cat\/escjoanmaragall\/wp-content\/uploads\/usu115\/2018\/02\/DSC09880-1024x768.jpg\" alt=\"\" width=\"1024\" height=\"768\" \/><\/td>\n<\/tr>\n<tr style=\"height: 99px;\">\n<td style=\"width: 279px; height: 99px;\" colspan=\"2\"><img loading=\"lazy\" decoding=\"async\" class=\"size-large wp-image-7437 aligncenter\" src=\"http:\/\/agora.xtec.cat\/escjoanmaragall\/wp-content\/uploads\/usu115\/2018\/02\/DSC09882-1-757x1024.jpg\" alt=\"\" width=\"757\" height=\"1024\" \/><\/td>\n<\/tr>\n<\/tbody>\n<\/table>\n<p>&nbsp;<\/p>\n<p>&nbsp;<\/p>\n<p>&nbsp;<\/p>\n<p>&nbsp;<\/p>\n<p>&nbsp;<\/p>\n<p>&nbsp;<\/p>\n<p>&nbsp;<\/p>\n<p>&nbsp;<\/p>\n","protected":false},"excerpt":{"rendered":"<p>Els nens i les nenes de primer estem realitzant el TxT Fem Barri.<br \/>\nHem visitat la farm\u00e0cia de la Placeta Sant Jordi.<\/p>\n<p>Aquesta creu amb les llumetes verdes de la dreta de la imatge, \u00e9s la senyal que ens indica que la farm\u00e0cia est\u00e0 oberta.<br \/>\nENDAVANT!!!!!!<\/p>\n<p>L&#8217;Elena, \u00e9s una&hellip;  <a href=\"https:\/\/agora.xtec.cat\/escjoanmaragall\/fem-barri-4\/\" title=\"Read FEM BARRI\">Llegeix m\u00e9s\u00bb<\/a><\/p>\n","protected":false},"author":1,"featured_media":0,"parent":0,"menu_order":0,"comment_status":"closed","ping_status":"closed","template":"","meta":{"_bbp_topic_count":0,"_bbp_reply_count":0,"_bbp_total_topic_count":0,"_bbp_total_reply_count":0,"_bbp_voice_count":0,"_bbp_anonymous_reply_count":0,"_bbp_topic_count_hidden":0,"_bbp_reply_count_hidden":0,"_bbp_forum_subforum_count":0,"footnotes":""},"class_list":["post-7306","page","type-page","status-publish","hentry"],"post_mailing_queue_ids":[],"_links":{"self":[{"href":"https:\/\/agora.xtec.cat\/escjoanmaragall\/wp-json\/wp\/v2\/pages\/7306","targetHints":{"allow":["GET"]}}],"collection":[{"href":"https:\/\/agora.xtec.cat\/escjoanmaragall\/wp-json\/wp\/v2\/pages"}],"about":[{"href":"https:\/\/agora.xtec.cat\/escjoanmaragall\/wp-json\/wp\/v2\/types\/page"}],"author":[{"embeddable":true,"href":"https:\/\/agora.xtec.cat\/escjoanmaragall\/wp-json\/wp\/v2\/users\/1"}],"replies":[{"embeddable":true,"href":"https:\/\/agora.xtec.cat\/escjoanmaragall\/wp-json\/wp\/v2\/comments?post=7306"}],"version-history":[{"count":4,"href":"https:\/\/agora.xtec.cat\/escjoanmaragall\/wp-json\/wp\/v2\/pages\/7306\/revisions"}],"predecessor-version":[{"id":7441,"href":"https:\/\/agora.xtec.cat\/escjoanmaragall\/wp-json\/wp\/v2\/pages\/7306\/revisions\/7441"}],"wp:attachment":[{"href":"https:\/\/agora.xtec.cat\/escjoanmaragall\/wp-json\/wp\/v2\/media?parent=7306"}],"curies":[{"name":"wp","href":"https:\/\/api.w.org\/{rel}","templated":true}]}}