{"id":7266,"date":"2018-02-15T11:39:38","date_gmt":"2018-02-15T10:39:38","guid":{"rendered":"http:\/\/agora.xtec.cat\/escjoanmaragall\/?page_id=7266"},"modified":"2018-05-07T18:13:24","modified_gmt":"2018-05-07T16:13:24","slug":"madagascar","status":"publish","type":"page","link":"https:\/\/agora.xtec.cat\/escjoanmaragall\/madagascar\/","title":{"rendered":"MADAGASCAR"},"content":{"rendered":"<p>Els\/Les alumnes de tercer, aquest segon trimestre hem realitzat un projecte sobre els animals vertebrats. Vam engegar-lo, tot veient la pel\u00b7l\u00edcula &#8220;Madagascar&#8221;, una pel\u00b7l\u00edcula molt divertida on apareixen molts animals vertebrats.<\/p>\n<p><img loading=\"lazy\" decoding=\"async\" class=\"alignleft\" src=\"https:\/\/cdn2www.mundo.com\/fotos\/201708\/madagascar.jpg\" alt=\"Resultado de imagen de peli madagascar\" width=\"414\" height=\"233\" \/>Despr\u00e9s de visualitzar-la, vam realitzar una pluja d&#8217;idees on van sortir tots aquells coneixements previs que els nens ja tenien; la veritat \u00e9s que ja en sabien moltes coses, perqu\u00e8 al\u00a0llarg de la seva escolaritzaci\u00f3 ja havien realitzat molts treballs sobre tot tipus d&#8217;animals.<\/p>\n<p>Seguidament vam comen\u00e7ar un treball de recerca e investigaci\u00f3, amb treball en equip, i en altres ocasions amb l&#8217;acompanyament dels mestres; on els nens van poder descobrir les diferents classificacions dels animals vertebrats, la seva descripci\u00f3 general, el seu h\u00e0bitat, que mengen, com es reprodueixen i finalment les peculiaritats de molts d&#8217;ells.<\/p>\n<p>Vam finalitzar aquest projecte, tot preparant-nos unes exposicions sobre tot el que hav\u00edem apr\u00e8s, aix\u00ed que vam gravar-ho i exposar-ho a la resta de les classes dels companys\/es del Cicle Mitj\u00e0 i Cicle Superior.<\/p>\n<p>Aix\u00ed com tamb\u00e9 vam enregistrar en v\u00eddeo les nostres exposicions.<\/p>\n<p>&nbsp;<\/p>\n<p>&nbsp;<\/p>\n<p><iframe loading=\"lazy\" src=\"https:\/\/www.youtube.com\/embed\/rLJvtb3OUVY\" width=\"560\" height=\"315\" frameborder=\"0\" allowfullscreen=\"allowfullscreen\"><\/iframe><\/p>\n<p>&nbsp;<\/p>\n<p><iframe loading=\"lazy\" src=\"https:\/\/www.youtube.com\/embed\/y97DCBM39mk\" width=\"560\" height=\"315\" frameborder=\"0\" allowfullscreen=\"allowfullscreen\"><\/iframe><\/p>\n<p>&nbsp;<\/p>\n<p><iframe loading=\"lazy\" src=\"https:\/\/www.youtube.com\/embed\/6uCaY9oseu4\" width=\"560\" height=\"315\" frameborder=\"0\" allowfullscreen=\"allowfullscreen\"><\/iframe><\/p>\n<p><iframe loading=\"lazy\" src=\"https:\/\/www.youtube.com\/embed\/0O0o_xD7Icw\" width=\"560\" height=\"315\" frameborder=\"0\" allowfullscreen=\"allowfullscreen\"><\/iframe><\/p>\n<p>&nbsp;<\/p>\n<p><iframe loading=\"lazy\" src=\"https:\/\/www.youtube.com\/embed\/BXS649RGWdk\" width=\"560\" height=\"315\" frameborder=\"0\" allowfullscreen=\"allowfullscreen\"><\/iframe><\/p>\n","protected":false},"excerpt":{"rendered":"<p>Els\/Les alumnes de tercer, aquest segon trimestre hem realitzat un projecte sobre els animals vertebrats. Vam engegar-lo, tot veient la pel\u00b7l\u00edcula &#8220;Madagascar&#8221;, una pel\u00b7l\u00edcula molt divertida on apareixen molts animals vertebrats.<br \/>\nDespr\u00e9s de visualitzar-la, vam realitzar una pluja d&#8217;idees on van sortir tots aquells coneixements previs&hellip;  <a href=\"https:\/\/agora.xtec.cat\/escjoanmaragall\/madagascar\/\" title=\"Read MADAGASCAR\">Llegeix m\u00e9s\u00bb<\/a><\/p>\n","protected":false},"author":1,"featured_media":0,"parent":0,"menu_order":0,"comment_status":"closed","ping_status":"closed","template":"","meta":{"_bbp_topic_count":0,"_bbp_reply_count":0,"_bbp_total_topic_count":0,"_bbp_total_reply_count":0,"_bbp_voice_count":0,"_bbp_anonymous_reply_count":0,"_bbp_topic_count_hidden":0,"_bbp_reply_count_hidden":0,"_bbp_forum_subforum_count":0,"footnotes":""},"class_list":["post-7266","page","type-page","status-publish","hentry"],"post_mailing_queue_ids":[],"_links":{"self":[{"href":"https:\/\/agora.xtec.cat\/escjoanmaragall\/wp-json\/wp\/v2\/pages\/7266","targetHints":{"allow":["GET"]}}],"collection":[{"href":"https:\/\/agora.xtec.cat\/escjoanmaragall\/wp-json\/wp\/v2\/pages"}],"about":[{"href":"https:\/\/agora.xtec.cat\/escjoanmaragall\/wp-json\/wp\/v2\/types\/page"}],"author":[{"embeddable":true,"href":"https:\/\/agora.xtec.cat\/escjoanmaragall\/wp-json\/wp\/v2\/users\/1"}],"replies":[{"embeddable":true,"href":"https:\/\/agora.xtec.cat\/escjoanmaragall\/wp-json\/wp\/v2\/comments?post=7266"}],"version-history":[{"count":4,"href":"https:\/\/agora.xtec.cat\/escjoanmaragall\/wp-json\/wp\/v2\/pages\/7266\/revisions"}],"predecessor-version":[{"id":7794,"href":"https:\/\/agora.xtec.cat\/escjoanmaragall\/wp-json\/wp\/v2\/pages\/7266\/revisions\/7794"}],"wp:attachment":[{"href":"https:\/\/agora.xtec.cat\/escjoanmaragall\/wp-json\/wp\/v2\/media?parent=7266"}],"curies":[{"name":"wp","href":"https:\/\/api.w.org\/{rel}","templated":true}]}}