{"id":6311,"date":"2017-10-05T12:09:53","date_gmt":"2017-10-05T10:09:53","guid":{"rendered":"http:\/\/agora.xtec.cat\/escjoanmaragall\/?page_id=6311"},"modified":"2017-12-18T15:19:50","modified_gmt":"2017-12-18T14:19:50","slug":"descobrim-el-nostre-entorn","status":"publish","type":"page","link":"https:\/\/agora.xtec.cat\/escjoanmaragall\/descobrim-el-nostre-entorn\/","title":{"rendered":"DESCOBRIM EL NOSTRE ENTORN"},"content":{"rendered":"<p>Durant el primer trimestre de 6\u00e8 treballarem la tasca\u00a0 &#8221; Descobrim el nostre entorn: barri i ciutat\u201d.<\/p>\n<p>Coneixerem m\u00e9s i millor la ciutat on hem nascut i el barri on vivim.<\/p>\n<p>La sortida inicial de conviv\u00e8ncia i coneixen\u00e7a\u00a0 a la Seu Vella i ciutat ens ha servit com a motivaci\u00f3 per iniciar aquest projecte.<\/p>\n<p><img loading=\"lazy\" decoding=\"async\" class=\"alignnone size-full wp-image-6343\" src=\"http:\/\/agora.xtec.cat\/escjoanmaragall\/wp-content\/uploads\/usu115\/2017\/10\/2N\u00faria-feta-69.jpg\" alt=\"\" width=\"640\" height=\"427\" \/><\/p>\n<p>Tot caminant per Lleida, vam veure diferents edificis\u00a0 d\u2019estils i \u00e8poques variades: El convent del Roser, avui Parador Nacional;\u00a0 diverses fonts monumentals ; Els Estudis Ilerdencs , antic hospital de Santa Maria; \u00a0la Catedral nova on hi vam descobrir els s\u00edmbols del cam\u00ed ignasi\u00e0 i de Sant Jaume;\u00a0 el Peu del Romeu;\u00a0 la Paeria; \u00a0el Rectorat de la universitat de Lleida; cases modernistes , casa Xam-mar;\u00a0 la Casa dels gegants i sobretot\u00a0 la nostra emblem\u00e0tica Seu Vella.<\/p>\n<p><img loading=\"lazy\" decoding=\"async\" class=\"size-full wp-image-6344\" src=\"http:\/\/agora.xtec.cat\/escjoanmaragall\/wp-content\/uploads\/usu115\/2017\/10\/elisabet-7-feta.jpg\" alt=\"\" width=\"640\" height=\"397\" \/><\/p>\n<p><img loading=\"lazy\" decoding=\"async\" class=\"size-full wp-image-6345\" src=\"http:\/\/agora.xtec.cat\/escjoanmaragall\/wp-content\/uploads\/usu115\/2017\/10\/josep_i_carme-122.jpg\" alt=\"\" width=\"640\" height=\"427\" \/><\/p>\n<p>Despr\u00e9s de pujar moltes escales, vam arribar al tur\u00f3 on hi ha la nostra estimada Seu Vella. Est\u00e0 formada per quatre elements : el campanar amb 238 escales, l\u2019 esgl\u00e9sia , el claustre i la Canonja.\u00a0 Durant molts anys\u00a0 va servir de caserna dels soldats i per aix\u00f2 es va malmetre. Actualment est\u00e0 molt restaurada i fa goig. \u00c9s un trosset de la nostra hist\u00f2ria!<\/p>\n<p><img loading=\"lazy\" decoding=\"async\" class=\"size-full wp-image-6346\" src=\"http:\/\/agora.xtec.cat\/escjoanmaragall\/wp-content\/uploads\/usu115\/2017\/10\/josep_i_carme-128.jpg\" alt=\"\" width=\"640\" height=\"427\" \/><\/p>\n<p>Dalt del\u00a0 tur\u00f3 tamb\u00e9 vam visitar la Suda o Castell del Rei i els pous de gel.<\/p>\n<p><img loading=\"lazy\" decoding=\"async\" class=\"size-full wp-image-6342\" src=\"http:\/\/agora.xtec.cat\/escjoanmaragall\/wp-content\/uploads\/usu115\/2017\/10\/elisabet-9.jpg\" alt=\"\" width=\"632\" height=\"322\" \/><\/p>\n<p>Ens vam dividir en sis grups, port\u00e0vem un pl\u00e0nol de la ciutat i\u00a0 un encarregat marcava llocs i contestava les preguntes de la gimcana.<\/p>\n<p>Com que hi vam anar a peu, ens vam cansar ( quasi 8 km) per\u00f2 ens ho vam passar molt b\u00e9 i vam aprendre molt!<\/p>\n<p>Una altra activitat que hem fet ha estat amb el suport del Googlemaps. Hem mesurat la dist\u00e0ncia recorreguda en la sortida i tamb\u00e9 hem marcat els l\u00edmits del nostre barri per saber la superf\u00edcie.<\/p>\n<p>&nbsp;<\/p>\n<p>Amb les dades del cens de Lleida hem construit la pir\u00e0mide\u00a0 de poblaci\u00f3 del nostre barri i l&#8217;hem comparat amb altres.<\/p>\n<p><img loading=\"lazy\" decoding=\"async\" class=\"size-full wp-image-6347\" src=\"http:\/\/agora.xtec.cat\/escjoanmaragall\/wp-content\/uploads\/usu115\/2017\/10\/pir\u00e0mide-poblaci\u00f3-2.jpg\" alt=\"\" width=\"575\" height=\"480\" \/><\/p>\n<p>Avui dia 23 d&#8217;octubre hem entrevistat a la Sra. Carmen Guerrero, presidenta de l&#8217;Associaci\u00f3 de Ve\u00efns de la Bordeta. Ens ha resp\u00f2s molt b\u00e9 a les preguntes que hav\u00edem preparat i altres improvisades. Ha estat un plaer tenir-la una estona amb nosaltres. Hem aprofitat per enregistrar-la en v\u00eddeo.<\/p>\n<p><img loading=\"lazy\" decoding=\"async\" class=\"size-full wp-image-6348\" src=\"http:\/\/agora.xtec.cat\/escjoanmaragall\/wp-content\/uploads\/usu115\/2017\/10\/entrevista-feta.jpg\" alt=\"\" width=\"640\" height=\"318\" \/><\/p>\n<p>Tamb\u00e9 vam recordar l&#8217;entrevista feta el curs passat al senyor Larios.<\/p>\n<p>A m\u00e9s, hem estudiat la hist\u00f2ria del nostre barri ( or\u00edgens, carrers, canvis en el temps &#8230;) Ho vam reflectir en una l\u00ednia del temps.<\/p>\n<p>La segona sortida va ser al mateix barri: visita al Mol\u00ed de Sant Anastasi i al Museu de l&#8217;aigua ( edifici Canadenca). Ens va acompanyar un monitor que ens va explicar la hist\u00f2ria del canal de Ser\u00f2s i del mol\u00ed. Vam completar un dossier de treball.<\/p>\n<p><img loading=\"lazy\" decoding=\"async\" class=\"size-full wp-image-6929\" src=\"http:\/\/agora.xtec.cat\/escjoanmaragall\/wp-content\/uploads\/usu115\/2017\/10\/feta-museu-aigua.jpg\" alt=\"\" width=\"640\" height=\"345\" \/><\/p>\n<p><img loading=\"lazy\" decoding=\"async\" class=\"size-full wp-image-6930\" src=\"http:\/\/agora.xtec.cat\/escjoanmaragall\/wp-content\/uploads\/usu115\/2017\/10\/feta-mol\u00ed.jpg\" alt=\"\" width=\"640\" height=\"354\" \/><\/p>\n<p>Hem escrit una carta al diari explicant el projecte que hem fet del barri i demanant unes millores: un parc per a adolescents amb pistes de patinatge i b\u00e0squet, m\u00e9s enllumenat, fites per indicar els monuments emblem\u00e0tics&#8230;<\/p>\n<p><img loading=\"lazy\" decoding=\"async\" class=\"alignnone  wp-image-6932\" src=\"http:\/\/agora.xtec.cat\/escjoanmaragall\/wp-content\/uploads\/usu115\/2017\/10\/julia.jpg\" alt=\"\" width=\"460\" height=\"340\" \/><\/p>\n<p>Tamb\u00e9 des de l&#8217;\u00e0rea de llengua hem recitat i analitzat el poema de Mag\u00ed Morera, &#8221; El campanar de Lleida&#8221;.<\/p>\n<p>Finalment hem reflexionat sobre el treball fet\u00a0 en una r\u00fabrica.<\/p>\n<p>Hem tancat el projecte amb l&#8217;exposici\u00f3 de la tasca a les fam\u00edlies.<\/p>\n<p><img loading=\"lazy\" decoding=\"async\" class=\"alignnone size-full wp-image-6924\" src=\"http:\/\/agora.xtec.cat\/escjoanmaragall\/wp-content\/uploads\/usu115\/2017\/12\/feta-exposici\u00f3-6\u00e8A-4.jpg\" alt=\"\" width=\"640\" height=\"363\" \/> <img loading=\"lazy\" decoding=\"async\" class=\"alignnone size-full wp-image-6925\" src=\"http:\/\/agora.xtec.cat\/escjoanmaragall\/wp-content\/uploads\/usu115\/2017\/12\/feta-exposici\u00f3-6\u00e8-B.jpg\" alt=\"\" width=\"640\" height=\"289\" \/><\/p>\n","protected":false},"excerpt":{"rendered":"<p>Durant el primer trimestre de 6\u00e8 treballarem la tasca\u00a0 &#8221; Descobrim el nostre entorn: barri i ciutat\u201d.<br \/>\nConeixerem m\u00e9s i millor la ciutat on hem nascut i el barri on vivim.<br \/>\nLa sortida inicial de conviv\u00e8ncia i coneixen\u00e7a\u00a0 a la Seu Vella i ciutat ens ha servit&hellip;  <a href=\"https:\/\/agora.xtec.cat\/escjoanmaragall\/descobrim-el-nostre-entorn\/\" title=\"Read DESCOBRIM EL NOSTRE ENTORN\">Llegeix m\u00e9s\u00bb<\/a><\/p>\n","protected":false},"author":1,"featured_media":0,"parent":0,"menu_order":0,"comment_status":"closed","ping_status":"closed","template":"","meta":{"_bbp_topic_count":0,"_bbp_reply_count":0,"_bbp_total_topic_count":0,"_bbp_total_reply_count":0,"_bbp_voice_count":0,"_bbp_anonymous_reply_count":0,"_bbp_topic_count_hidden":0,"_bbp_reply_count_hidden":0,"_bbp_forum_subforum_count":0,"footnotes":""},"class_list":["post-6311","page","type-page","status-publish","hentry"],"post_mailing_queue_ids":[],"_links":{"self":[{"href":"https:\/\/agora.xtec.cat\/escjoanmaragall\/wp-json\/wp\/v2\/pages\/6311","targetHints":{"allow":["GET"]}}],"collection":[{"href":"https:\/\/agora.xtec.cat\/escjoanmaragall\/wp-json\/wp\/v2\/pages"}],"about":[{"href":"https:\/\/agora.xtec.cat\/escjoanmaragall\/wp-json\/wp\/v2\/types\/page"}],"author":[{"embeddable":true,"href":"https:\/\/agora.xtec.cat\/escjoanmaragall\/wp-json\/wp\/v2\/users\/1"}],"replies":[{"embeddable":true,"href":"https:\/\/agora.xtec.cat\/escjoanmaragall\/wp-json\/wp\/v2\/comments?post=6311"}],"version-history":[{"count":3,"href":"https:\/\/agora.xtec.cat\/escjoanmaragall\/wp-json\/wp\/v2\/pages\/6311\/revisions"}],"predecessor-version":[{"id":6933,"href":"https:\/\/agora.xtec.cat\/escjoanmaragall\/wp-json\/wp\/v2\/pages\/6311\/revisions\/6933"}],"wp:attachment":[{"href":"https:\/\/agora.xtec.cat\/escjoanmaragall\/wp-json\/wp\/v2\/media?parent=6311"}],"curies":[{"name":"wp","href":"https:\/\/api.w.org\/{rel}","templated":true}]}}