{"id":6277,"date":"2017-10-03T11:09:42","date_gmt":"2017-10-03T09:09:42","guid":{"rendered":"http:\/\/agora.xtec.cat\/escjoanmaragall\/?page_id=6277"},"modified":"2018-02-20T16:30:08","modified_gmt":"2018-02-20T15:30:08","slug":"cosmos","status":"publish","type":"page","link":"https:\/\/agora.xtec.cat\/escjoanmaragall\/cosmos\/","title":{"rendered":"EL COSMOS"},"content":{"rendered":"<p>&nbsp;<\/p>\n<p><img loading=\"lazy\" decoding=\"async\" class=\"wp-image-6777 alignleft\" src=\"http:\/\/agora.xtec.cat\/escjoanmaragall\/wp-content\/uploads\/usu115\/2017\/10\/Scrat.jpg\" alt=\"\" width=\"320\" height=\"460\" \/><\/p>\n<p>Els alumnes del Cicle Mitj\u00e0 de l&#8217;Escola Joan Maragall de Lleida, durant aquest primer trimestre del curs 2017\/18 hem estat treballant un projecte sobre l&#8217;univers. Per engegar aquest estudi d&#8217;investigaci\u00f3 sobre l&#8217;univers, ho hem fet tot visualitzant un curtmetratge molt divertit anomenat: Scrat Spaced Out. A m\u00e9s a m\u00e9s de ser un curtmetratge molt divertit, \u00e9s tamb\u00e9 un curtmetratge molt interessant; at\u00e8s que en ell ens fa una pinzellada d&#8217;un munt de coses relacionades amb el tema que vol\u00edem investigar (Sistema Solar, asteroides, cometes, meteorits, sat\u00e8l\u00b7lits, falta d&#8217;oxigen, la gravetat , forats negres, naus espacials, &#8230;). De fet, aquest va ser escollit pels mestres del Cicle Mitj\u00e0, per despertar l&#8217;inter\u00e8s dels nostres alumnes sobre aquest tema, i aix\u00ed realitzar-se preguntes, a les que poder-ne donar resposta tot realitzant un llarg i seq\u00fcenciat treball d&#8217;investigaci\u00f3-aprenentatge.<\/p>\n<p>Aquest treball d&#8217;investigaci\u00f3-aprenentatge ha consistit en una recerca a trav\u00e9s d&#8217;internet, on per equips de treball, els alumnes han pogut trobar informaci\u00f3 que don\u00e9s resposta a les seves inquietuds.<\/p>\n<p>A m\u00e9s a m\u00e9s, els mestres hem seleccionat diferents curtmetratges interessants a trav\u00e9s dels que i mitjan\u00e7ant unes fitxes, els nens han ampliat i organitzat els seus coneixements sobre l&#8217;univers.<\/p>\n<p>Aprofitant el projecte de l&#8217;espai hem fet un rac\u00f3 de lectura al nostre repl\u00e0 on els nens poden gaudir de llibres de l&#8217;espai i el qual ja quedar\u00e0 com a rac\u00f3 de lectura per al curs.<\/p>\n<p><a href=\"http:\/\/agora.xtec.cat\/escjoanmaragall\/wp-content\/uploads\/usu115\/2017\/12\/DSCN0025.jpg\"><img loading=\"lazy\" decoding=\"async\" class=\"aligncenter wp-image-6762\" src=\"http:\/\/agora.xtec.cat\/escjoanmaragall\/wp-content\/uploads\/usu115\/2017\/12\/DSCN0025.jpg\" alt=\"\" width=\"323\" height=\"256\" \/><\/a><\/p>\n<p>Si voleu visitar-nos tamb\u00e9 veureu el nostre planetari particular.<\/p>\n<p><a href=\"http:\/\/agora.xtec.cat\/escjoanmaragall\/wp-content\/uploads\/usu115\/2017\/12\/DSCN0028.jpg\"><img loading=\"lazy\" decoding=\"async\" class=\"aligncenter wp-image-6765\" src=\"http:\/\/agora.xtec.cat\/escjoanmaragall\/wp-content\/uploads\/usu115\/2017\/12\/DSCN0028-768x1024.jpg\" alt=\"\" width=\"295\" height=\"394\" \/><\/a><\/p>\n<p>Sabeu que necessita un coet per a enlairar-se? Doncs a 3r ho hem experimentat. Un coet necessita una for\u00e7a que pugui superar la for\u00e7a de la gravetat que el t\u00e9 atrapat a la Terra. Nosaltres aquesta for\u00e7a l&#8217;hi hem donat amb l&#8217;aire d&#8217;una botella que l&#8217;ha impulsat al cel. Ho voleu veure?<\/p>\n<p><a href=\"http:\/\/agora.xtec.cat\/escjoanmaragall\/wp-content\/uploads\/usu115\/2017\/10\/coet.jpg\"><img loading=\"lazy\" decoding=\"async\" class=\"aligncenter size-full wp-image-7106\" src=\"http:\/\/agora.xtec.cat\/escjoanmaragall\/wp-content\/uploads\/usu115\/2017\/10\/coet.jpg\" alt=\"\" width=\"402\" height=\"402\" \/><\/a><\/p>\n<p>Finalment, hem acabat el projecte realitzant un Kahoot on es resumien tots els coneixement m\u00ednims que els mestres vol\u00edem que quedessin assolits; a m\u00e9s a m\u00e9s de realitzar un album on hem personalitzat la portada, disfressant-nos d&#8217;aut\u00e8ntics astronautes.<\/p>\n<p>&nbsp;<\/p>\n<p>En aquestes imatges i v\u00eddeo podeu veure les descobertes de l\u2019alumnat de quart i els seus treballs de recerca realitzats en aquest engrescador projecte de l\u2019Univers, esperem que us agradin!!!<\/p>\n<p><img loading=\"lazy\" decoding=\"async\" class=\"size-full wp-image-7036 aligncenter\" src=\"http:\/\/agora.xtec.cat\/escjoanmaragall\/wp-content\/uploads\/usu115\/2017\/10\/4ta.jpg\" alt=\"\" width=\"400\" height=\"400\" \/><\/p>\n<p><img loading=\"lazy\" decoding=\"async\" class=\"size-full wp-image-7038 aligncenter\" src=\"http:\/\/agora.xtec.cat\/escjoanmaragall\/wp-content\/uploads\/usu115\/2017\/10\/4tb.jpg\" alt=\"\" width=\"404\" height=\"404\" \/><\/p>\n<p>&nbsp;<\/p>\n<p><iframe loading=\"lazy\" title=\"Projecte Univers 4t\" width=\"500\" height=\"281\" src=\"https:\/\/www.youtube.com\/embed\/VUKmuS-_PL4?feature=oembed\" frameborder=\"0\" allow=\"accelerometer; autoplay; clipboard-write; encrypted-media; gyroscope; picture-in-picture; web-share\" referrerpolicy=\"strict-origin-when-cross-origin\" allowfullscreen><\/iframe><\/p>\n<p>A R\u00e0dio Carmanyola hem fet una tert\u00falia aprofitant tot el que hem apr\u00e8s sobre l&#8217;univers. Ezequiel, Sergi,\u00a0Safa i Miguel de 4t s\u00f3n avui els especialistes en aquest tema. A R\u00e0dio Carmanyola us animem a escoltar i a aprendre coses sobre l&#8217;univers. (7\/2\/18)<\/p>\n<!--[if lt IE 9]><script>document.createElement('audio');<\/script><![endif]-->\n<audio class=\"wp-audio-shortcode\" id=\"audio-6277-1\" preload=\"none\" style=\"width: 100%;\" controls=\"controls\"><source type=\"audio\/mpeg\" src=\"http:\/\/agora.xtec.cat\/escjoanmaragall\/wp-content\/uploads\/usu115\/2017\/09\/4tbg1universfinal-online-audio-converter.com_.mp3?_=1\" \/><a href=\"http:\/\/agora.xtec.cat\/escjoanmaragall\/wp-content\/uploads\/usu115\/2017\/09\/4tbg1universfinal-online-audio-converter.com_.mp3\">http:\/\/agora.xtec.cat\/escjoanmaragall\/wp-content\/uploads\/usu115\/2017\/09\/4tbg1universfinal-online-audio-converter.com_.mp3<\/a><\/audio>\n<p>&nbsp;<\/p>\n","protected":false},"excerpt":{"rendered":"<p>&nbsp;<\/p>\n<p>Els alumnes del Cicle Mitj\u00e0 de l&#8217;Escola Joan Maragall de Lleida, durant aquest primer trimestre del curs 2017\/18 hem estat treballant un projecte sobre l&#8217;univers. Per engegar aquest estudi d&#8217;investigaci\u00f3 sobre l&#8217;univers, ho hem fet tot visualitzant un curtmetratge molt divertit anomenat: Scrat Spaced Out.&hellip;  <a href=\"https:\/\/agora.xtec.cat\/escjoanmaragall\/cosmos\/\" title=\"Read EL COSMOS\">Llegeix m\u00e9s\u00bb<\/a><\/p>\n","protected":false},"author":1,"featured_media":0,"parent":0,"menu_order":0,"comment_status":"closed","ping_status":"closed","template":"","meta":{"_bbp_topic_count":0,"_bbp_reply_count":0,"_bbp_total_topic_count":0,"_bbp_total_reply_count":0,"_bbp_voice_count":0,"_bbp_anonymous_reply_count":0,"_bbp_topic_count_hidden":0,"_bbp_reply_count_hidden":0,"_bbp_forum_subforum_count":0,"footnotes":""},"class_list":["post-6277","page","type-page","status-publish","hentry"],"post_mailing_queue_ids":[],"_links":{"self":[{"href":"https:\/\/agora.xtec.cat\/escjoanmaragall\/wp-json\/wp\/v2\/pages\/6277","targetHints":{"allow":["GET"]}}],"collection":[{"href":"https:\/\/agora.xtec.cat\/escjoanmaragall\/wp-json\/wp\/v2\/pages"}],"about":[{"href":"https:\/\/agora.xtec.cat\/escjoanmaragall\/wp-json\/wp\/v2\/types\/page"}],"author":[{"embeddable":true,"href":"https:\/\/agora.xtec.cat\/escjoanmaragall\/wp-json\/wp\/v2\/users\/1"}],"replies":[{"embeddable":true,"href":"https:\/\/agora.xtec.cat\/escjoanmaragall\/wp-json\/wp\/v2\/comments?post=6277"}],"version-history":[{"count":5,"href":"https:\/\/agora.xtec.cat\/escjoanmaragall\/wp-json\/wp\/v2\/pages\/6277\/revisions"}],"predecessor-version":[{"id":7295,"href":"https:\/\/agora.xtec.cat\/escjoanmaragall\/wp-json\/wp\/v2\/pages\/6277\/revisions\/7295"}],"wp:attachment":[{"href":"https:\/\/agora.xtec.cat\/escjoanmaragall\/wp-json\/wp\/v2\/media?parent=6277"}],"curies":[{"name":"wp","href":"https:\/\/api.w.org\/{rel}","templated":true}]}}