{"id":5973,"date":"2017-05-31T11:54:39","date_gmt":"2017-05-31T09:54:39","guid":{"rendered":"http:\/\/agora.xtec.cat\/escjoanmaragall\/?page_id=5973"},"modified":"2017-06-16T12:21:18","modified_gmt":"2017-06-16T10:21:18","slug":"els-oficis","status":"publish","type":"page","link":"https:\/\/agora.xtec.cat\/escjoanmaragall\/els-oficis\/","title":{"rendered":"ELS OFICIS"},"content":{"rendered":"<p>Els alumnes de primer estem realitzant un nou TxT &#8220;Els oficis&#8221;.<\/p>\n<p>Per dur-lo a terme hem demanat la col\u00b7laboraci\u00f3 de les fam\u00edlies per tal de con\u00e8ixer alguns oficis de primera m\u00e0.<\/p>\n<p>Per comen\u00e7ar els alumnes han fet tot un seguit de preguntes imprescindibles per poder esbrinar un ofici.<\/p>\n<p>Aquesta entrevista ha anat a casa i li han fet a dos membres de la fam\u00edlia.<\/p>\n<p><img loading=\"lazy\" decoding=\"async\" class=\"wp-image-6037 aligncenter\" src=\"http:\/\/agora.xtec.cat\/escjoanmaragall\/wp-content\/uploads\/usu115\/2017\/05\/IMG_4186_opt.jpg\" alt=\"IMG_4186_opt\" width=\"475\" height=\"633\" \/><\/p>\n<p><img loading=\"lazy\" decoding=\"async\" class=\"wp-image-6038 aligncenter\" src=\"http:\/\/agora.xtec.cat\/escjoanmaragall\/wp-content\/uploads\/usu115\/2017\/05\/IMG_4188_opt.jpg\" alt=\"IMG_4188_opt\" width=\"481\" height=\"642\" \/><\/p>\n<p>Un cop a l&#8217;aula amb les entrevistes fetes hem fet un buidat de les respostes i hem fet un gr\u00e0fic de barres.<\/p>\n<p>&nbsp;<\/p>\n<p><img loading=\"lazy\" decoding=\"async\" class=\"wp-image-6035 aligncenter\" src=\"http:\/\/agora.xtec.cat\/escjoanmaragall\/wp-content\/uploads\/usu115\/2017\/05\/IMG_4185_opt.jpg\" alt=\"IMG_4185_opt\" width=\"765\" height=\"459\" \/><\/p>\n<p><img loading=\"lazy\" decoding=\"async\" class=\"wp-image-6028 aligncenter\" src=\"http:\/\/agora.xtec.cat\/escjoanmaragall\/wp-content\/uploads\/usu115\/2017\/05\/IMG_40961-1024x768.jpg\" alt=\"IMG_4096(1)\" width=\"766\" height=\"575\" \/><\/p>\n<p>El primer pare que ens ha visitat ha estat en Ramon, pare del Mart\u00ed. Abans hem estat pensant quines coses vol\u00edem saber del seu ofici que \u00e9s pag\u00e8s.<\/p>\n<p>&nbsp;<\/p>\n<p><img loading=\"lazy\" decoding=\"async\" class=\"wp-image-6030 aligncenter\" src=\"http:\/\/agora.xtec.cat\/escjoanmaragall\/wp-content\/uploads\/usu115\/2017\/05\/IMG_4104_opt1.jpg\" alt=\"IMG_4104_opt(1)\" width=\"566\" height=\"754\" \/><\/p>\n<p><img loading=\"lazy\" decoding=\"async\" class=\"wp-image-6039 aligncenter\" src=\"http:\/\/agora.xtec.cat\/escjoanmaragall\/wp-content\/uploads\/usu115\/2017\/05\/IMG_4189_opt.jpg\" alt=\"IMG_4189_opt\" width=\"562\" height=\"749\" \/><\/p>\n<p>I avui ens ha visitat !!!!<\/p>\n<p><img loading=\"lazy\" decoding=\"async\" class=\"wp-image-6020 alignnone\" src=\"http:\/\/agora.xtec.cat\/escjoanmaragall\/wp-content\/uploads\/usu115\/2017\/05\/IMG_4160_opt.jpg\" alt=\"IMG_4160_opt\" width=\"759\" height=\"569\" \/><\/p>\n<p><img loading=\"lazy\" decoding=\"async\" class=\"wp-image-6021 aligncenter\" src=\"http:\/\/agora.xtec.cat\/escjoanmaragall\/wp-content\/uploads\/usu115\/2017\/05\/IMG_4162_opt.jpg\" alt=\"IMG_4162_opt\" width=\"645\" height=\"484\" \/><\/p>\n<p><img loading=\"lazy\" decoding=\"async\" class=\"wp-image-6022 aligncenter\" src=\"http:\/\/agora.xtec.cat\/escjoanmaragall\/wp-content\/uploads\/usu115\/2017\/05\/IMG_4163_opt.jpg\" alt=\"IMG_4163_opt\" width=\"640\" height=\"384\" \/><\/p>\n<p><img loading=\"lazy\" decoding=\"async\" class=\"wp-image-6023 aligncenter\" src=\"http:\/\/agora.xtec.cat\/escjoanmaragall\/wp-content\/uploads\/usu115\/2017\/05\/IMG_4166_opt.jpg\" alt=\"IMG_4166_opt\" width=\"814\" height=\"488\" \/><\/p>\n<p><img loading=\"lazy\" decoding=\"async\" class=\"wp-image-6024 aligncenter\" src=\"http:\/\/agora.xtec.cat\/escjoanmaragall\/wp-content\/uploads\/usu115\/2017\/05\/IMG_4168_opt.jpg\" alt=\"IMG_4168_opt\" width=\"827\" height=\"620\" \/><\/p>\n<p><img loading=\"lazy\" decoding=\"async\" class=\"wp-image-6025 aligncenter\" src=\"http:\/\/agora.xtec.cat\/escjoanmaragall\/wp-content\/uploads\/usu115\/2017\/05\/IMG_4170_opt.png\" alt=\"IMG_4170_opt\" width=\"853\" height=\"631\" \/><\/p>\n<p>Ens va explicar un muuuuuuuunt de coses suuuuuuper interessants!!! fruita, estris, m\u00e0quines.<\/p>\n<p>Fins i tot ens van portar uns v\u00eddeos explicatius protagonitzats pel seu fill Mart\u00ed!<\/p>\n<p><img loading=\"lazy\" decoding=\"async\" class=\" wp-image-6061 aligncenter\" src=\"http:\/\/agora.xtec.cat\/escjoanmaragall\/wp-content\/uploads\/usu115\/2017\/05\/IMG_4210_opt.jpg\" alt=\"IMG_4210_opt\" width=\"638\" height=\"851\" \/><\/p>\n<p>Moltes gr\u00e0cies als dos !!!<\/p>\n<p>&nbsp;<\/p>\n<p>Aquestes s\u00f3n les preguntes que hem preparat per la Carme, la mare de la Carla, que treballa en una ag\u00e8ncia de viatges.<\/p>\n<p><img loading=\"lazy\" decoding=\"async\" class=\"wp-image-6063 aligncenter\" src=\"http:\/\/agora.xtec.cat\/escjoanmaragall\/wp-content\/uploads\/usu115\/2017\/05\/IMG_4212_opt.jpg\" alt=\"IMG_4212_opt\" width=\"616\" height=\"820\" \/><\/p>\n<p>Ens ha visitat avui i ens ha donat molta informaci\u00f3\u00a0 supeeeeeeeer interessant!!!!!<\/p>\n<p><img loading=\"lazy\" decoding=\"async\" class=\" wp-image-6050 aligncenter\" src=\"http:\/\/agora.xtec.cat\/escjoanmaragall\/wp-content\/uploads\/usu115\/2017\/05\/IMG_4194_opt.jpg\" alt=\"IMG_4194_opt\" width=\"664\" height=\"498\" \/><\/p>\n<p>&nbsp;<\/p>\n<p><img loading=\"lazy\" decoding=\"async\" class=\" wp-image-6051 aligncenter\" src=\"http:\/\/agora.xtec.cat\/escjoanmaragall\/wp-content\/uploads\/usu115\/2017\/05\/IMG_41991_opt.jpg\" alt=\"IMG_4199(1)_opt\" width=\"664\" height=\"498\" \/><\/p>\n<p>&nbsp;<\/p>\n<p><img loading=\"lazy\" decoding=\"async\" class=\" wp-image-6056 aligncenter\" src=\"http:\/\/agora.xtec.cat\/escjoanmaragall\/wp-content\/uploads\/usu115\/2017\/05\/IMG_4202_opt.jpg\" alt=\"IMG_4202_opt\" width=\"660\" height=\"495\" \/><\/p>\n<p><img loading=\"lazy\" decoding=\"async\" class=\" wp-image-6057 aligncenter\" src=\"http:\/\/agora.xtec.cat\/escjoanmaragall\/wp-content\/uploads\/usu115\/2017\/05\/IMG_4206_opt.jpg\" alt=\"IMG_4206_opt\" width=\"655\" height=\"491\" \/><\/p>\n<p><img loading=\"lazy\" decoding=\"async\" class=\" wp-image-6058 aligncenter\" src=\"http:\/\/agora.xtec.cat\/escjoanmaragall\/wp-content\/uploads\/usu115\/2017\/05\/IMG_4207_opt.png\" alt=\"IMG_4207_opt\" width=\"813\" height=\"813\" \/><\/p>\n<p>Darrera d&#8217;un viatge hi ha molt\u00ediiiiiiiiiissima\u00a0 feina. Decidir les dates, el nombre de persones, el lloc, el mitj\u00e0 de transport, l&#8217;hotel, llocs i museus que visitarem, agafar entrades per algun musical &#8230;.<\/p>\n<p>UUUUUUUUUUf tot aix\u00f2 no ens ho hav\u00edem plantejat mai.<\/p>\n<p>Nosaltres ja tenim moltes ganes de preparar les maletes.<\/p>\n<p>Volem fer un creuer, anar a Euro disney, visitar una illa o banyar-nos en alguna platja.<\/p>\n<p>I tu??????<\/p>\n<p><img loading=\"lazy\" decoding=\"async\" class=\" wp-image-6065 aligncenter\" src=\"http:\/\/agora.xtec.cat\/escjoanmaragall\/wp-content\/uploads\/usu115\/2017\/05\/IMG_4205_opt.jpg\" alt=\"IMG_4205_opt\" width=\"801\" height=\"601\" \/><\/p>\n<p>Moltes gr\u00e0cies, Carme!!!!!<\/p>\n<p>&nbsp;<\/p>\n<p>Avui ens ha visitat el Juan Fran, el pare del Abel. El seu ofici \u00e9s peixater.<\/p>\n<p>Aquestes s\u00f3n les preguntes que ten\u00edem preparades.<\/p>\n<p>&nbsp;<\/p>\n<p><img loading=\"lazy\" decoding=\"async\" class=\"size-large wp-image-6034 aligncenter\" src=\"http:\/\/agora.xtec.cat\/escjoanmaragall\/wp-content\/uploads\/usu115\/2017\/05\/IMG_4184_opt.jpg\" alt=\"IMG_4184_opt\" width=\"667\" height=\"400\" \/><\/p>\n<p>&nbsp;<\/p>\n<p>El Juan Fran ens ha explicat coses molt interessants sobre el seu ofici i els peixos.<\/p>\n<p>Ens ha preparat un Powerpoint mega xuuuuuuulo. Hem al.al\u00b7lucinat!!!!<\/p>\n<p>Est\u00e0vem tan motivats que hem fet un munt de preguntes que ens sorgien al moment.<\/p>\n<p>Ens ha quedat molt clar que el peix \u00e9s un aliment mooooolt saludable.<\/p>\n<p><img loading=\"lazy\" decoding=\"async\" class=\" wp-image-6085 aligncenter\" src=\"http:\/\/agora.xtec.cat\/escjoanmaragall\/wp-content\/uploads\/usu115\/2017\/05\/IMG_4234_opt-1.jpg\" alt=\"IMG_4234_opt\" width=\"640\" height=\"480\" \/><\/p>\n<p><img loading=\"lazy\" decoding=\"async\" class=\" wp-image-6086 aligncenter\" src=\"http:\/\/agora.xtec.cat\/escjoanmaragall\/wp-content\/uploads\/usu115\/2017\/05\/IMG_4236_opt-1.jpg\" alt=\"IMG_4236_opt\" width=\"627\" height=\"376\" \/><\/p>\n<p><img loading=\"lazy\" decoding=\"async\" class=\" wp-image-6087 aligncenter\" src=\"http:\/\/agora.xtec.cat\/escjoanmaragall\/wp-content\/uploads\/usu115\/2017\/05\/IMG_4237_opt-1.jpg\" alt=\"IMG_4237_opt\" width=\"626\" height=\"376\" \/><\/p>\n<p><img loading=\"lazy\" decoding=\"async\" class=\" wp-image-6088 aligncenter\" src=\"http:\/\/agora.xtec.cat\/escjoanmaragall\/wp-content\/uploads\/usu115\/2017\/05\/IMG_4276_opt-1.png\" alt=\"IMG_4276_opt\" width=\"846\" height=\"626\" \/><\/p>\n<p>Moltes gr\u00e0cies Juan Fran.<\/p>\n<p>&nbsp;<\/p>\n<p><img loading=\"lazy\" decoding=\"async\" class=\"wp-image-6092 aligncenter\" src=\"http:\/\/agora.xtec.cat\/escjoanmaragall\/wp-content\/uploads\/usu115\/2017\/05\/IMG_4316_opt.jpg\" alt=\"IMG_4316_opt\" width=\"515\" height=\"687\" \/><\/p>\n<p>&nbsp;<\/p>\n<p>Dijous que ve ens vindr\u00e0 a explicar el seu ofici l&#8217;Ang\u00e8lica, mare del Mat\u00edas!<\/p>\n<p>\u00c9s infermera, estem molt emocionats i amb moltes ganes de fer preguntes!!<\/p>\n<p><img loading=\"lazy\" decoding=\"async\" class=\" wp-image-6091 aligncenter\" src=\"http:\/\/agora.xtec.cat\/escjoanmaragall\/wp-content\/uploads\/usu115\/2017\/05\/IMG_4314_opt.jpg\" alt=\"IMG_4314_opt\" width=\"488\" height=\"650\" \/><\/p>\n<p>Avui l&#8217;Angelica ens ha visitat amb el Adri\u00e1n, el m\u00e9s petit de la seva fam\u00edlia.<\/p>\n<p>L&#8217;Angelica ens ha explicat coses molt interessants que fa en la seva feina d&#8217;infermera a la resid\u00e8ncia de gent gran &#8220;Sant Antoni de P\u00e0dua&#8221;.<\/p>\n<p><img loading=\"lazy\" decoding=\"async\" class=\" wp-image-6095 aligncenter\" src=\"http:\/\/agora.xtec.cat\/escjoanmaragall\/wp-content\/uploads\/usu115\/2017\/05\/IMG_4363_opt1.jpg\" alt=\"IMG_4363_opt(1)\" width=\"699\" height=\"525\" \/><\/p>\n<p><img loading=\"lazy\" decoding=\"async\" class=\" wp-image-6096 aligncenter\" src=\"http:\/\/agora.xtec.cat\/escjoanmaragall\/wp-content\/uploads\/usu115\/2017\/05\/IMG_4365_opt.jpg\" alt=\"IMG_4365_opt\" width=\"694\" height=\"520\" \/><\/p>\n<p><img loading=\"lazy\" decoding=\"async\" class=\"wp-image-6097 aligncenter\" src=\"http:\/\/agora.xtec.cat\/escjoanmaragall\/wp-content\/uploads\/usu115\/2017\/05\/IMG_4360_opt1.jpg\" alt=\"IMG_4360_opt(1)\" width=\"691\" height=\"518\" \/><\/p>\n<p><img loading=\"lazy\" decoding=\"async\" class=\"wp-image-6098 aligncenter\" src=\"http:\/\/agora.xtec.cat\/escjoanmaragall\/wp-content\/uploads\/usu115\/2017\/05\/IMG_4361_opt.jpg\" alt=\"IMG_4361_opt\" width=\"689\" height=\"517\" \/><\/p>\n<p>Tot i que feia molta calor, el Adri\u00e1n s&#8217;ha portat mooooolt b\u00e9.<\/p>\n<p>Moltes gr\u00e0cies Angelica i Adri\u00e1n!!!<\/p>\n<p>&nbsp;<\/p>\n<p>Dem\u00e0 ens visitar\u00e0 el Marc, pare de l&#8217;\u00c0lex.<\/p>\n<p>El Marc treballa de maquetista al diari Segre. Ja tenim moltes ganes d&#8217;aprendre moooooolt sobre el seu ofici.<\/p>\n<p>&nbsp;<\/p>\n<p>Avui el Marc ens ha explicat en qu\u00e8 consisteix el seu ofici i ens ha preparat uns retalls de not\u00edcies per a que nosaltres puguem muntar una p\u00e0gina.<\/p>\n<p>En grupets, per una estona tots hem treballat de maquetadors de p\u00e0gines de diari.<\/p>\n<p>Ha estat molt divertit!!!!!!!!<\/p>\n<p><img loading=\"lazy\" decoding=\"async\" class=\" wp-image-6105 aligncenter\" src=\"http:\/\/agora.xtec.cat\/escjoanmaragall\/wp-content\/uploads\/usu115\/2017\/05\/IMG_4401_opt.jpg\" alt=\"IMG_4401_opt\" width=\"734\" height=\"440\" \/><\/p>\n<p><img loading=\"lazy\" decoding=\"async\" class=\" wp-image-6106 aligncenter\" src=\"http:\/\/agora.xtec.cat\/escjoanmaragall\/wp-content\/uploads\/usu115\/2017\/05\/IMG_4403_opt.jpg\" alt=\"IMG_4403_opt\" width=\"725\" height=\"435\" \/><\/p>\n<p><img loading=\"lazy\" decoding=\"async\" class=\" wp-image-6107 aligncenter\" src=\"http:\/\/agora.xtec.cat\/escjoanmaragall\/wp-content\/uploads\/usu115\/2017\/05\/IMG_4404_opt.jpg\" alt=\"IMG_4404_opt\" width=\"709\" height=\"426\" \/><\/p>\n<p><img loading=\"lazy\" decoding=\"async\" class=\" wp-image-6108 aligncenter\" src=\"http:\/\/agora.xtec.cat\/escjoanmaragall\/wp-content\/uploads\/usu115\/2017\/05\/IMG_4405_opt.jpg\" alt=\"IMG_4405_opt\" width=\"699\" height=\"419\" \/><\/p>\n<p>&nbsp;<\/p>\n<p><img loading=\"lazy\" decoding=\"async\" class=\" wp-image-6113 aligncenter\" src=\"http:\/\/agora.xtec.cat\/escjoanmaragall\/wp-content\/uploads\/usu115\/2017\/05\/IMG_4408_opt.jpg\" alt=\"IMG_4408_opt\" width=\"683\" height=\"512\" \/><\/p>\n<p><img loading=\"lazy\" decoding=\"async\" class=\" wp-image-6114 aligncenter\" src=\"http:\/\/agora.xtec.cat\/escjoanmaragall\/wp-content\/uploads\/usu115\/2017\/05\/IMG_4409_opt.jpg\" alt=\"IMG_4409_opt\" width=\"679\" height=\"509\" \/><\/p>\n<p><img loading=\"lazy\" decoding=\"async\" class=\" wp-image-6115 aligncenter\" src=\"http:\/\/agora.xtec.cat\/escjoanmaragall\/wp-content\/uploads\/usu115\/2017\/05\/IMG_4413_opt.jpg\" alt=\"IMG_4413_opt\" width=\"669\" height=\"502\" \/><\/p>\n<p><img loading=\"lazy\" decoding=\"async\" class=\" wp-image-6116 aligncenter\" src=\"http:\/\/agora.xtec.cat\/escjoanmaragall\/wp-content\/uploads\/usu115\/2017\/05\/IMG_4415_opt_opt.jpg\" alt=\"IMG_4415_opt_opt\" width=\"662\" height=\"497\" \/><\/p>\n<p>Hem apr\u00e8s coses molt interessants i ens ho hem passat suuuuuuuuuuuuuuuuuuper b\u00e9.<\/p>\n<p>Mireu quines p\u00e0gines de diari m\u00e9s xules hem creat.<\/p>\n<p>Moltes gr\u00e0cies Marc.<\/p>\n","protected":false},"excerpt":{"rendered":"<p>Els alumnes de primer estem realitzant un nou TxT &#8220;Els oficis&#8221;.<br \/>\nPer dur-lo a terme hem demanat la col\u00b7laboraci\u00f3 de les fam\u00edlies per tal de con\u00e8ixer alguns oficis de primera m\u00e0.<br \/>\nPer comen\u00e7ar els alumnes han fet tot un seguit de preguntes imprescindibles per poder esbrinar un&hellip;  <a href=\"https:\/\/agora.xtec.cat\/escjoanmaragall\/els-oficis\/\" title=\"Read ELS OFICIS\">Llegeix m\u00e9s\u00bb<\/a><\/p>\n","protected":false},"author":1,"featured_media":0,"parent":0,"menu_order":0,"comment_status":"closed","ping_status":"closed","template":"","meta":{"_bbp_topic_count":0,"_bbp_reply_count":0,"_bbp_total_topic_count":0,"_bbp_total_reply_count":0,"_bbp_voice_count":0,"_bbp_anonymous_reply_count":0,"_bbp_topic_count_hidden":0,"_bbp_reply_count_hidden":0,"_bbp_forum_subforum_count":0,"footnotes":""},"class_list":["post-5973","page","type-page","status-publish","hentry"],"post_mailing_queue_ids":[],"_links":{"self":[{"href":"https:\/\/agora.xtec.cat\/escjoanmaragall\/wp-json\/wp\/v2\/pages\/5973","targetHints":{"allow":["GET"]}}],"collection":[{"href":"https:\/\/agora.xtec.cat\/escjoanmaragall\/wp-json\/wp\/v2\/pages"}],"about":[{"href":"https:\/\/agora.xtec.cat\/escjoanmaragall\/wp-json\/wp\/v2\/types\/page"}],"author":[{"embeddable":true,"href":"https:\/\/agora.xtec.cat\/escjoanmaragall\/wp-json\/wp\/v2\/users\/1"}],"replies":[{"embeddable":true,"href":"https:\/\/agora.xtec.cat\/escjoanmaragall\/wp-json\/wp\/v2\/comments?post=5973"}],"version-history":[{"count":5,"href":"https:\/\/agora.xtec.cat\/escjoanmaragall\/wp-json\/wp\/v2\/pages\/5973\/revisions"}],"predecessor-version":[{"id":6100,"href":"https:\/\/agora.xtec.cat\/escjoanmaragall\/wp-json\/wp\/v2\/pages\/5973\/revisions\/6100"}],"wp:attachment":[{"href":"https:\/\/agora.xtec.cat\/escjoanmaragall\/wp-json\/wp\/v2\/media?parent=5973"}],"curies":[{"name":"wp","href":"https:\/\/api.w.org\/{rel}","templated":true}]}}