{"id":5772,"date":"2017-05-05T13:26:59","date_gmt":"2017-05-05T11:26:59","guid":{"rendered":"http:\/\/agora.xtec.cat\/escjoanmaragall\/?page_id=5772"},"modified":"2017-06-18T23:25:15","modified_gmt":"2017-06-18T21:25:15","slug":"laigua","status":"publish","type":"page","link":"https:\/\/agora.xtec.cat\/escjoanmaragall\/laigua\/","title":{"rendered":"L&#8217;AIGUA"},"content":{"rendered":"<p><iframe loading=\"lazy\" title=\"Sortida al Museu de l&#039;Aigua - 3r de Prim\u00e0ria\" width=\"500\" height=\"281\" src=\"https:\/\/www.youtube.com\/embed\/ZDE1cMm7-og?feature=oembed\" frameborder=\"0\" allow=\"accelerometer; autoplay; clipboard-write; encrypted-media; gyroscope; picture-in-picture; web-share\" referrerpolicy=\"strict-origin-when-cross-origin\" allowfullscreen><\/iframe><\/p>\n<p>A partir de la sortida al Museu de l&#8217;aigua de Lleida on vam con\u00e8ixer moltes curiositats de l&#8217;aigua (la puresa, el Ph, la potabilitat, les xarxes de distribuci\u00f3, els diferents tipus d&#8217;aigua envasada arreu del m\u00f3n&#8230;) i on tamb\u00e9 vam realitzar uns quants experiments, hem iniciat el nostre treball per tasques.<\/p>\n<p><img loading=\"lazy\" decoding=\"async\" class=\"alignnone size-medium wp-image-5994 aligncenter\" src=\"http:\/\/agora.xtec.cat\/escjoanmaragall\/wp-content\/uploads\/usu115\/2017\/05\/mosaic-1-1-481x376.jpg\" alt=\"mosaic 1\" width=\"481\" height=\"376\" \/><\/p>\n<p>Vam comen\u00e7ar els nostres experiments observant els diferents estats de l&#8217;aigua. Primer vam posar aigua l\u00edquida en un got al congelador i vam observar la seva solidificaci\u00f3. Despr\u00e9s vam fer bullir aigua l\u00edquida i vam poder comprovar l&#8217;estat gas\u00f3s veient el vapor que sortia del bullidor. Finalment, vam posar l&#8217;aigua calenta a un got cobert amb paper film i es podia veure les gotes d&#8217;aigua condensades.<\/p>\n<p><img loading=\"lazy\" decoding=\"async\" class=\"alignnone size-large wp-image-6068\" src=\"http:\/\/agora.xtec.cat\/escjoanmaragall\/wp-content\/uploads\/usu115\/2017\/05\/mosaico-1-1024x800.jpg\" alt=\"mosaico 1\" width=\"1024\" height=\"800\" \/><\/p>\n<p>A continuaci\u00f3 vam realitzar una altre experiment, arran de preguntar-nos que passava amb l&#8217;aigua que es filtrava sota terra. Vam assabentar-nos que l&#8217;aigua de pluja cont\u00e9 diferents sals minerals, que en filtrar-se a trav\u00e9s del s\u00f2l gota a gota, queien dins les coves soterr\u00e0nies. A l&#8217; evaporar-se l&#8217;aigua les sals formaven c\u00famuls punxeguts que penjaven del sostre. Aquestes estructures s&#8217;anomenen estalactites.<\/p>\n<p>Nosaltres vam intentar reproduir aquest proc\u00e9s durant uns 15 dies observant els canvis que s&#8217;anaven produint. A les imatges podeu veure el resultat.<\/p>\n<p><img loading=\"lazy\" decoding=\"async\" class=\"alignnone size-large wp-image-6072\" src=\"http:\/\/agora.xtec.cat\/escjoanmaragall\/wp-content\/uploads\/usu115\/2017\/05\/mosaic2-1024x900.jpg\" alt=\"mosaic2\" width=\"1024\" height=\"900\" \/><\/p>\n<p>Durant l&#8217;estudi de les caracter\u00edstiques de l&#8217;aigua vam descobrir que l&#8217;aigua era un molt bon dissolvent (sucre, sal,&#8230;) per\u00f2, algunes subst\u00e0ncies no es podien barrejar (pedretes,goma d&#8217;esborrar, punta de llapis&#8230;) i llavors vam experimentar amb subst\u00e0ncies m\u00e9s o menys l\u00edquides a veure si es dissolien o no. Vam agafar: sab\u00f3, mel, oli, alcohol i aigua i el resultat ho podeu observar a les imatges&#8230;.perqu\u00e8 passa aix\u00f2? perqu\u00e8 la densitat de cada l\u00edquid \u00e9s diferent (els m\u00e9s densos queden abaix i els menys a dalt). Podem dir que dels l\u00edquids utilitzats l&#8217;aigua t\u00e9 una densitat mitjana.<\/p>\n<p><img loading=\"lazy\" decoding=\"async\" class=\"alignnone size-large wp-image-6075\" src=\"http:\/\/agora.xtec.cat\/escjoanmaragall\/wp-content\/uploads\/usu115\/2017\/05\/mosaic-3-1024x900.jpg\" alt=\"mosaic 3\" width=\"1024\" height=\"900\" \/><\/p>\n<p>Despr\u00e9s de visionar uns v\u00eddeos sobre el cicle de l&#8217;aigua vam voler recrear com es produeix la pluja.<\/p>\n<p>Vam utilitzar escuma d&#8217;afaitar (n\u00favol), aigua colorejada i un comptagotes. En un got amb una mica d&#8217;aigua, cobert per dalt amb escuma, v\u00e0rem anar afegint gotes de mica en mica com si fos un n\u00favol que s&#8217;engreix\u00e9s per la condensaci\u00f3. Finalment les gotes comencen a caure com si plogu\u00e9s.<\/p>\n<p><img loading=\"lazy\" decoding=\"async\" class=\"alignnone size-large wp-image-6120\" src=\"http:\/\/agora.xtec.cat\/escjoanmaragall\/wp-content\/uploads\/usu115\/2017\/05\/collage-per-mosaic-1-tensio-superficial-1024x800.jpg\" alt=\"collage per mosaic 1 tensio superficial\" width=\"1024\" height=\"800\" \/><\/p>\n<p><img loading=\"lazy\" decoding=\"async\" class=\"alignnone size-large wp-image-6121\" src=\"http:\/\/agora.xtec.cat\/escjoanmaragall\/wp-content\/uploads\/usu115\/2017\/05\/collage-per-mosaic-2-tensi\u00f3-superficial-1024x800.jpg\" alt=\"collage per mosaic 2 tensi\u00f3 superficial\" width=\"1024\" height=\"800\" \/><\/p>\n<p>Per qu\u00e8 un mosquit o una lib\u00e8l.lula pot caminar per damunt l&#8217;aigua sense esfonsar-se? Doncs pel mateix motiu que un clip pot surar per la superf\u00edcie i moltes gotes poden romandre juntes sense vessar d&#8217;una moneda: la tensi\u00f3 superficial de l&#8217;aigua.<\/p>\n<p><iframe loading=\"lazy\" title=\"La nostra maqueta: Cicle de l&#039;aigua i depuradora - 3r de prim\u00e0ria\" width=\"500\" height=\"281\" src=\"https:\/\/www.youtube.com\/embed\/xAEmfCEnC6I?feature=oembed\" frameborder=\"0\" allow=\"accelerometer; autoplay; clipboard-write; encrypted-media; gyroscope; picture-in-picture; web-share\" referrerpolicy=\"strict-origin-when-cross-origin\" allowfullscreen><\/iframe><\/p>\n<p>Al acabar tots els nostres experiments vam decidir que voliem construir una maqueta que expliqu\u00e9s alg\u00fan del processos que realitza l&#8217;aigua quan es mou pel nostre planeta. Aix\u00ed doncs, 3r A vam treballar en unes que representessin el cicle de l&#8217;aigua i 3r B en unes que expliquessin el funcionament d&#8217;una planta depuradora. Quan les vam acabar vam creure convenient explicarnos-les m\u00fatuament i tamb\u00e9 a qualsevol classe que en volgu\u00e9s saber alguna cosa sobre el tema.<\/p>\n","protected":false},"excerpt":{"rendered":"<p>A partir de la sortida al Museu de l&#8217;aigua de Lleida on vam con\u00e8ixer moltes curiositats de l&#8217;aigua (la puresa, el Ph, la potabilitat, les xarxes de distribuci\u00f3, els diferents tipus d&#8217;aigua envasada arreu del m\u00f3n&#8230;) i on tamb\u00e9 vam realitzar uns quants experiments, hem&hellip;  <a href=\"https:\/\/agora.xtec.cat\/escjoanmaragall\/laigua\/\" title=\"Read L&#8217;AIGUA\">Llegeix m\u00e9s\u00bb<\/a><\/p>\n","protected":false},"author":1,"featured_media":0,"parent":0,"menu_order":0,"comment_status":"closed","ping_status":"closed","template":"","meta":{"_bbp_topic_count":0,"_bbp_reply_count":0,"_bbp_total_topic_count":0,"_bbp_total_reply_count":0,"_bbp_voice_count":0,"_bbp_anonymous_reply_count":0,"_bbp_topic_count_hidden":0,"_bbp_reply_count_hidden":0,"_bbp_forum_subforum_count":0,"footnotes":""},"class_list":["post-5772","page","type-page","status-publish","hentry"],"post_mailing_queue_ids":[],"_links":{"self":[{"href":"https:\/\/agora.xtec.cat\/escjoanmaragall\/wp-json\/wp\/v2\/pages\/5772","targetHints":{"allow":["GET"]}}],"collection":[{"href":"https:\/\/agora.xtec.cat\/escjoanmaragall\/wp-json\/wp\/v2\/pages"}],"about":[{"href":"https:\/\/agora.xtec.cat\/escjoanmaragall\/wp-json\/wp\/v2\/types\/page"}],"author":[{"embeddable":true,"href":"https:\/\/agora.xtec.cat\/escjoanmaragall\/wp-json\/wp\/v2\/users\/1"}],"replies":[{"embeddable":true,"href":"https:\/\/agora.xtec.cat\/escjoanmaragall\/wp-json\/wp\/v2\/comments?post=5772"}],"version-history":[{"count":3,"href":"https:\/\/agora.xtec.cat\/escjoanmaragall\/wp-json\/wp\/v2\/pages\/5772\/revisions"}],"predecessor-version":[{"id":5957,"href":"https:\/\/agora.xtec.cat\/escjoanmaragall\/wp-json\/wp\/v2\/pages\/5772\/revisions\/5957"}],"wp:attachment":[{"href":"https:\/\/agora.xtec.cat\/escjoanmaragall\/wp-json\/wp\/v2\/media?parent=5772"}],"curies":[{"name":"wp","href":"https:\/\/api.w.org\/{rel}","templated":true}]}}