{"id":5539,"date":"2017-04-19T12:30:33","date_gmt":"2017-04-19T10:30:33","guid":{"rendered":"http:\/\/agora.xtec.cat\/escjoanmaragall\/?page_id=5539"},"modified":"2017-05-18T09:37:11","modified_gmt":"2017-05-18T07:37:11","slug":"les-plantes","status":"publish","type":"page","link":"https:\/\/agora.xtec.cat\/escjoanmaragall\/les-plantes\/","title":{"rendered":"LES PLANTES"},"content":{"rendered":"<p>Els alumnes de primer estem fent el treball per tasques de les plantes. Primer de tot, hem hagut de pensar qu\u00e8 necessitem per a fer cr\u00e9ixer una planta i entre tots\u00a0 hem dit: llavors, un pot, aigua, sol i terra.<\/p>\n<p><img loading=\"lazy\" decoding=\"async\" class=\"wp-image-5552 aligncenter\" src=\"http:\/\/agora.xtec.cat\/escjoanmaragall\/wp-content\/uploads\/usu115\/2017\/04\/IMG_3274_opt.jpg\" alt=\"IMG_3274_opt\" width=\"278\" height=\"167\" \/><\/p>\n<p>Ja anem ben encaminats! Aix\u00ed que ho hem fet.<\/p>\n<p><img loading=\"lazy\" decoding=\"async\" class=\"wp-image-5553 alignleft\" src=\"http:\/\/agora.xtec.cat\/escjoanmaragall\/wp-content\/uploads\/usu115\/2017\/04\/IMG_3275_opt.jpg\" alt=\"IMG_3275_opt\" width=\"225\" height=\"375\" \/> <img loading=\"lazy\" decoding=\"async\" class=\"wp-image-5554 alignleft\" src=\"http:\/\/agora.xtec.cat\/escjoanmaragall\/wp-content\/uploads\/usu115\/2017\/04\/IMG_3276_opt.jpg\" alt=\"IMG_3276_opt\" width=\"223\" height=\"372\" \/> <img loading=\"lazy\" decoding=\"async\" class=\"alignnone wp-image-5555\" src=\"http:\/\/agora.xtec.cat\/escjoanmaragall\/wp-content\/uploads\/usu115\/2017\/04\/IMG_3278_opt.jpg\" alt=\"IMG_3278_opt\" width=\"229\" height=\"382\" \/><\/p>\n<p><img loading=\"lazy\" decoding=\"async\" class=\"wp-image-5556 alignleft\" src=\"http:\/\/agora.xtec.cat\/escjoanmaragall\/wp-content\/uploads\/usu115\/2017\/04\/IMG_3280_opt.jpg\" alt=\"IMG_3280_opt\" width=\"205\" height=\"342\" \/> <img loading=\"lazy\" decoding=\"async\" class=\"alignnone wp-image-5557\" src=\"http:\/\/agora.xtec.cat\/escjoanmaragall\/wp-content\/uploads\/usu115\/2017\/04\/IMG_3281_opt.jpg\" alt=\"IMG_3281_opt\" width=\"208\" height=\"347\" \/><img loading=\"lazy\" decoding=\"async\" class=\"wp-image-5558 alignleft\" src=\"http:\/\/agora.xtec.cat\/escjoanmaragall\/wp-content\/uploads\/usu115\/2017\/04\/IMG_3309_opt.jpg\" alt=\"IMG_3309_opt\" width=\"255\" height=\"340\" \/><\/p>\n<p><img loading=\"lazy\" decoding=\"async\" class=\"wp-image-5559 alignleft\" src=\"http:\/\/agora.xtec.cat\/escjoanmaragall\/wp-content\/uploads\/usu115\/2017\/04\/IMG_3316_opt.jpg\" alt=\"IMG_3316_opt\" width=\"226\" height=\"301\" \/> <img loading=\"lazy\" decoding=\"async\" class=\"wp-image-5560 alignleft\" src=\"http:\/\/agora.xtec.cat\/escjoanmaragall\/wp-content\/uploads\/usu115\/2017\/04\/IMG_3317_opt.jpg\" alt=\"IMG_3317_opt\" width=\"231\" height=\"308\" \/> <img loading=\"lazy\" decoding=\"async\" class=\"wp-image-5561 alignnone\" src=\"http:\/\/agora.xtec.cat\/escjoanmaragall\/wp-content\/uploads\/usu115\/2017\/04\/IMG_3318_opt.jpg\" alt=\"IMG_3318_opt\" width=\"229\" height=\"305\" \/><\/p>\n<p>&nbsp;<\/p>\n<p><img loading=\"lazy\" decoding=\"async\" class=\"wp-image-5562 aligncenter\" src=\"http:\/\/agora.xtec.cat\/escjoanmaragall\/wp-content\/uploads\/usu115\/2017\/04\/IMG_3319_opt.jpg\" alt=\"IMG_3319_opt\" width=\"461\" height=\"346\" \/><\/p>\n<p>&nbsp;<\/p>\n<p><img loading=\"lazy\" decoding=\"async\" class=\"wp-image-5564 aligncenter\" src=\"http:\/\/agora.xtec.cat\/escjoanmaragall\/wp-content\/uploads\/usu115\/2017\/04\/IMG_3320_opt1.jpg\" alt=\"IMG_3320_opt(1)\" width=\"447\" height=\"335\" \/><\/p>\n<p><img loading=\"lazy\" decoding=\"async\" class=\"alignnone size-large wp-image-5565\" src=\"http:\/\/agora.xtec.cat\/escjoanmaragall\/wp-content\/uploads\/usu115\/2017\/04\/IMG_3321_opt.jpg\" alt=\"IMG_3321_opt\" width=\"300\" height=\"400\" \/>\u00a0\u00a0\u00a0\u00a0\u00a0\u00a0\u00a0\u00a0\u00a0 <img loading=\"lazy\" decoding=\"async\" class=\"alignnone wp-image-5550\" src=\"http:\/\/agora.xtec.cat\/escjoanmaragall\/wp-content\/uploads\/usu115\/2017\/04\/IMG_3322_opt.jpg\" alt=\"IMG_3322_opt\" width=\"300\" height=\"400\" \/><\/p>\n<p>I una setmana despr\u00e9s&#8230;..<\/p>\n<p><img loading=\"lazy\" decoding=\"async\" class=\"wp-image-5626 aligncenter\" src=\"http:\/\/agora.xtec.cat\/escjoanmaragall\/wp-content\/uploads\/usu115\/2017\/04\/IMG_3518_opt.jpg\" alt=\"IMG_3518_opt\" width=\"547\" height=\"730\" \/><\/p>\n<p>&nbsp;<\/p>\n<p>Dues setmanes despr\u00e9s&#8230; Mireu!!!!<\/p>\n<p><img loading=\"lazy\" decoding=\"async\" class=\"wp-image-5551 aligncenter\" src=\"http:\/\/agora.xtec.cat\/escjoanmaragall\/wp-content\/uploads\/usu115\/2017\/04\/got-001_opt.jpg\" alt=\"got 001_opt\" width=\"535\" height=\"892\" \/><\/p>\n<p><img loading=\"lazy\" decoding=\"async\" class=\"size-full wp-image-5737 aligncenter\" src=\"http:\/\/agora.xtec.cat\/escjoanmaragall\/wp-content\/uploads\/usu115\/2017\/04\/IMG_3629_opt.jpg\" alt=\"IMG_3629_opt\" width=\"667\" height=\"400\" \/><\/p>\n<p><img loading=\"lazy\" decoding=\"async\" class=\"size-large wp-image-5738 aligncenter\" src=\"http:\/\/agora.xtec.cat\/escjoanmaragall\/wp-content\/uploads\/usu115\/2017\/04\/IMG_3630_opt.jpg\" alt=\"IMG_3630_opt\" width=\"667\" height=\"400\" \/><\/p>\n<p>&nbsp;<\/p>\n<p>Ja tenim la nostra planta molt i molt gran!!!<\/p>\n<p><img loading=\"lazy\" decoding=\"async\" class=\"alignnone wp-image-5634\" src=\"http:\/\/agora.xtec.cat\/escjoanmaragall\/wp-content\/uploads\/usu115\/2017\/04\/IMG_3523_opt.jpg\" alt=\"IMG_3523_opt\" width=\"744\" height=\"558\" \/> <img loading=\"lazy\" decoding=\"async\" class=\"wp-image-5635 aligncenter\" src=\"http:\/\/agora.xtec.cat\/escjoanmaragall\/wp-content\/uploads\/usu115\/2017\/04\/IMG_3520_opt.jpg\" alt=\"IMG_3520_opt\" width=\"419\" height=\"559\" \/><\/p>\n<p><img loading=\"lazy\" decoding=\"async\" class=\"alignnone wp-image-5638\" src=\"http:\/\/agora.xtec.cat\/escjoanmaragall\/wp-content\/uploads\/usu115\/2017\/04\/IMG_3525_opt.jpg\" alt=\"IMG_3525_opt\" width=\"755\" height=\"453\" \/><\/p>\n<p>&nbsp;<\/p>\n<p>Ara experimentem amb la llum.<\/p>\n<p>Hem tancat la planta dins una bossa de pl\u00e0stic.<\/p>\n<p>Que passar\u00e0????<\/p>\n<p><img loading=\"lazy\" decoding=\"async\" class=\"alignnone wp-image-5650\" src=\"http:\/\/agora.xtec.cat\/escjoanmaragall\/wp-content\/uploads\/usu115\/2017\/04\/IMG_3529_opt2.jpg\" alt=\"IMG_3529_opt(2)\" width=\"291\" height=\"388\" \/> \u00a0 \u00a0 \u00a0\u00a0 <img loading=\"lazy\" decoding=\"async\" class=\"alignnone wp-image-5649\" src=\"http:\/\/agora.xtec.cat\/escjoanmaragall\/wp-content\/uploads\/usu115\/2017\/04\/IMG_3529_opt.jpg\" alt=\"IMG_3529_opt\" width=\"291\" height=\"388\" \/> <img loading=\"lazy\" decoding=\"async\" class=\" wp-image-5648 aligncenter\" src=\"http:\/\/agora.xtec.cat\/escjoanmaragall\/wp-content\/uploads\/usu115\/2017\/04\/IMG_3531_opt.jpg\" alt=\"IMG_3531_opt\" width=\"288\" height=\"384\" \/><\/p>\n<p>&nbsp;<\/p>\n<p><img loading=\"lazy\" decoding=\"async\" class=\"alignnone wp-image-5642\" src=\"http:\/\/agora.xtec.cat\/escjoanmaragall\/wp-content\/uploads\/usu115\/2017\/04\/IMG_3528_opt.jpg\" alt=\"IMG_3528_opt\" width=\"314\" height=\"418\" \/>\u00a0\u00a0\u00a0\u00a0\u00a0\u00a0\u00a0\u00a0\u00a0\u00a0\u00a0\u00a0\u00a0 <img loading=\"lazy\" decoding=\"async\" class=\"alignnone wp-image-5643\" src=\"http:\/\/agora.xtec.cat\/escjoanmaragall\/wp-content\/uploads\/usu115\/2017\/04\/IMG_3527_opt.jpg\" alt=\"IMG_3527_opt\" width=\"314\" height=\"419\" \/><\/p>\n<p><img loading=\"lazy\" decoding=\"async\" class=\"wp-image-5645 aligncenter\" src=\"http:\/\/agora.xtec.cat\/escjoanmaragall\/wp-content\/uploads\/usu115\/2017\/04\/IMG_3535-1024x768.jpg\" alt=\"IMG_3535\" width=\"707\" height=\"530\" \/><\/p>\n<p>D&#8217;aqu\u00ed una setmana ho sabrem.<\/p>\n<p>Ja hem tret la planta de la bossa&#8230;i mireu com est\u00e0!!!!<\/p>\n<p><img loading=\"lazy\" decoding=\"async\" class=\"wp-image-5715 aligncenter\" src=\"http:\/\/agora.xtec.cat\/escjoanmaragall\/wp-content\/uploads\/usu115\/2017\/04\/20170502_120719_opt.jpg\" alt=\"20170502_120719_opt\" width=\"399\" height=\"665\" \/><\/p>\n<p><img loading=\"lazy\" decoding=\"async\" class=\"wp-image-5716 alignleft\" src=\"http:\/\/agora.xtec.cat\/escjoanmaragall\/wp-content\/uploads\/usu115\/2017\/04\/20170503_092225_opt.jpg\" alt=\"20170503_092225_opt\" width=\"317\" height=\"529\" \/><\/p>\n<p><img loading=\"lazy\" decoding=\"async\" class=\"alignnone wp-image-5728\" src=\"http:\/\/agora.xtec.cat\/escjoanmaragall\/wp-content\/uploads\/usu115\/2017\/04\/IMG_3606_opt.jpg\" alt=\"IMG_3606_opt\" width=\"326\" height=\"544\" \/><\/p>\n<p>&nbsp;<\/p>\n<p>&nbsp;<\/p>\n<p><img loading=\"lazy\" decoding=\"async\" class=\"alignnone size-full wp-image-5734\" src=\"http:\/\/agora.xtec.cat\/escjoanmaragall\/wp-content\/uploads\/usu115\/2017\/04\/IMG_3623_opt.jpg\" alt=\"IMG_3623_opt\" width=\"667\" height=\"400\" \/><\/p>\n<p>Ohhhhhhhhhhhhhhhhhhhhhhhhhhhhh !!!<\/p>\n<p>&nbsp;<\/p>\n<p>Tamb\u00e9 hem posat una planta dins d&#8217;una capsa amb un petit forat.<\/p>\n<p><img loading=\"lazy\" decoding=\"async\" class=\"alignnone wp-image-5647\" src=\"http:\/\/agora.xtec.cat\/escjoanmaragall\/wp-content\/uploads\/usu115\/2017\/04\/IMG_3533_opt.jpg\" alt=\"IMG_3533_opt\" width=\"324\" height=\"432\" \/>\u00a0\u00a0\u00a0\u00a0\u00a0\u00a0 <img loading=\"lazy\" decoding=\"async\" class=\"alignnone wp-image-5646\" src=\"http:\/\/agora.xtec.cat\/escjoanmaragall\/wp-content\/uploads\/usu115\/2017\/04\/IMG_3532_opt.jpg\" alt=\"IMG_3532_opt\" width=\"325\" height=\"433\" \/><\/p>\n<p>Hip\u00f2tesi: Creiem que es far\u00e0 gran perqu\u00e8 li entra una mica de llum i una mica d&#8217;aire.<\/p>\n<p>Mireu com est\u00e0 la nostra planta despr\u00e9s d&#8217;estar uns dies dins la caixa.<\/p>\n<p><img loading=\"lazy\" decoding=\"async\" class=\" wp-image-5888 aligncenter\" src=\"http:\/\/agora.xtec.cat\/escjoanmaragall\/wp-content\/uploads\/usu115\/2017\/04\/IMG_3978_opt1.jpg\" alt=\"IMG_3978_opt(1)\" width=\"268\" height=\"357\" \/><\/p>\n<p>Ha crescut cap al costat on hi havia el forat i t\u00e9 un color m\u00e9s blanc!!!!!<\/p>\n<p>Perqu\u00e8 necessita molt la llum.<\/p>\n<p>Qu\u00e8 interessant!!!!!<\/p>\n<p>&nbsp;<\/p>\n<p>Tamb\u00e9 hem experimentat amb l&#8217;alimentaci\u00f3! hem posat unes margarides amb colorant alimentari blau.<\/p>\n<p>Qu\u00e8 passar\u00e0?<\/p>\n<p>Creiem que tot es tornar\u00e0 blau! per\u00f2 hem d&#8217;esperar uns dies &#8230;.<\/p>\n<p><img loading=\"lazy\" decoding=\"async\" class=\"size-full wp-image-5874 aligncenter\" src=\"http:\/\/agora.xtec.cat\/escjoanmaragall\/wp-content\/uploads\/usu115\/2017\/04\/20170510_120324_opt.jpg\" alt=\"20170510_120324_opt\" width=\"400\" height=\"240\" \/><\/p>\n<p>&nbsp;<\/p>\n<p>&nbsp;<\/p>\n<p><img loading=\"lazy\" decoding=\"async\" class=\"size-large wp-image-5876 aligncenter\" src=\"http:\/\/agora.xtec.cat\/escjoanmaragall\/wp-content\/uploads\/usu115\/2017\/04\/IMG_3824_opt1.jpg\" alt=\"IMG_3824_opt(1)\" width=\"300\" height=\"400\" \/><\/p>\n<p><img loading=\"lazy\" decoding=\"async\" class=\"size-large wp-image-5877 aligncenter\" src=\"http:\/\/agora.xtec.cat\/escjoanmaragall\/wp-content\/uploads\/usu115\/2017\/04\/IMG_3827_opt.jpg\" alt=\"IMG_3827_opt\" width=\"533\" height=\"400\" \/><\/p>\n<p>Sorpresa !!!!!\u00a0 Els p\u00e8tals s&#8217;han tornat blaus !!!<\/p>\n<p><img loading=\"lazy\" decoding=\"async\" class=\" wp-image-5879 aligncenter\" src=\"http:\/\/agora.xtec.cat\/escjoanmaragall\/wp-content\/uploads\/usu115\/2017\/04\/IMG_3969_opt.jpg\" alt=\"IMG_3969_opt\" width=\"567\" height=\"425\" \/><\/p>\n<p>&nbsp;<\/p>\n<p><img loading=\"lazy\" decoding=\"async\" class=\" wp-image-5886 aligncenter\" src=\"http:\/\/agora.xtec.cat\/escjoanmaragall\/wp-content\/uploads\/usu115\/2017\/04\/20170516_121147_opt.jpg\" alt=\"20170516_121147_opt\" width=\"581\" height=\"349\" \/><\/p>\n<p>&nbsp;<\/p>\n<p>Un altre experiment ha sigut posar un api partit en dos amb colorant, una part en groc i l&#8217;altra en vermell.<\/p>\n<p>Creiem que es barrejarien i es tornaria taronja per\u00f2 &#8230;. NO!<\/p>\n<p><img loading=\"lazy\" decoding=\"async\" class=\"size-large wp-image-5875 aligncenter\" src=\"http:\/\/agora.xtec.cat\/escjoanmaragall\/wp-content\/uploads\/usu115\/2017\/04\/20170510_120645_opt.jpg\" alt=\"20170510_120645_opt\" width=\"667\" height=\"400\" \/><\/p>\n<p><img loading=\"lazy\" decoding=\"async\" class=\"size-large wp-image-5878 aligncenter\" src=\"http:\/\/agora.xtec.cat\/escjoanmaragall\/wp-content\/uploads\/usu115\/2017\/04\/IMG_3834_opt.jpg\" alt=\"IMG_3834_opt\" width=\"533\" height=\"400\" \/><\/p>\n<p>&nbsp;<\/p>\n<p>Cada part s&#8217;ha tornat del color del colorant !<\/p>\n<p><img loading=\"lazy\" decoding=\"async\" class=\" wp-image-5880 aligncenter\" src=\"http:\/\/agora.xtec.cat\/escjoanmaragall\/wp-content\/uploads\/usu115\/2017\/04\/IMG_3970_opt.jpg\" alt=\"IMG_3970_opt\" width=\"639\" height=\"479\" \/><\/p>\n<p>&nbsp;<\/p>\n<p><img loading=\"lazy\" decoding=\"async\" class=\" wp-image-5896 aligncenter\" src=\"http:\/\/agora.xtec.cat\/escjoanmaragall\/wp-content\/uploads\/usu115\/2017\/04\/20170517_122136_opt.jpg\" alt=\"20170517_122136_opt\" width=\"648\" height=\"389\" \/><\/p>\n","protected":false},"excerpt":{"rendered":"<p>Els alumnes de primer estem fent el treball per tasques de les plantes. Primer de tot, hem hagut de pensar qu\u00e8 necessitem per a fer cr\u00e9ixer una planta i entre tots\u00a0 hem dit: llavors, un pot, aigua, sol i terra.<\/p>\n<p>Ja anem ben encaminats! Aix\u00ed que&hellip;  <a href=\"https:\/\/agora.xtec.cat\/escjoanmaragall\/les-plantes\/\" title=\"Read LES PLANTES\">Llegeix m\u00e9s\u00bb<\/a><\/p>\n","protected":false},"author":1,"featured_media":0,"parent":0,"menu_order":0,"comment_status":"closed","ping_status":"closed","template":"","meta":{"_bbp_topic_count":0,"_bbp_reply_count":0,"_bbp_total_topic_count":0,"_bbp_total_reply_count":0,"_bbp_voice_count":0,"_bbp_anonymous_reply_count":0,"_bbp_topic_count_hidden":0,"_bbp_reply_count_hidden":0,"_bbp_forum_subforum_count":0,"footnotes":""},"class_list":["post-5539","page","type-page","status-publish","hentry"],"post_mailing_queue_ids":[],"_links":{"self":[{"href":"https:\/\/agora.xtec.cat\/escjoanmaragall\/wp-json\/wp\/v2\/pages\/5539","targetHints":{"allow":["GET"]}}],"collection":[{"href":"https:\/\/agora.xtec.cat\/escjoanmaragall\/wp-json\/wp\/v2\/pages"}],"about":[{"href":"https:\/\/agora.xtec.cat\/escjoanmaragall\/wp-json\/wp\/v2\/types\/page"}],"author":[{"embeddable":true,"href":"https:\/\/agora.xtec.cat\/escjoanmaragall\/wp-json\/wp\/v2\/users\/1"}],"replies":[{"embeddable":true,"href":"https:\/\/agora.xtec.cat\/escjoanmaragall\/wp-json\/wp\/v2\/comments?post=5539"}],"version-history":[{"count":5,"href":"https:\/\/agora.xtec.cat\/escjoanmaragall\/wp-json\/wp\/v2\/pages\/5539\/revisions"}],"predecessor-version":[{"id":5897,"href":"https:\/\/agora.xtec.cat\/escjoanmaragall\/wp-json\/wp\/v2\/pages\/5539\/revisions\/5897"}],"wp:attachment":[{"href":"https:\/\/agora.xtec.cat\/escjoanmaragall\/wp-json\/wp\/v2\/media?parent=5539"}],"curies":[{"name":"wp","href":"https:\/\/api.w.org\/{rel}","templated":true}]}}