{"id":5420,"date":"2017-03-30T09:41:01","date_gmt":"2017-03-30T07:41:01","guid":{"rendered":"http:\/\/agora.xtec.cat\/escjoanmaragall\/?page_id=5420"},"modified":"2017-05-17T12:08:33","modified_gmt":"2017-05-17T10:08:33","slug":"no-es-magia-es-ciencia","status":"publish","type":"page","link":"https:\/\/agora.xtec.cat\/escjoanmaragall\/no-es-magia-es-ciencia\/","title":{"rendered":"NO \u00c9S M\u00c0GIA, \u00c9S CI\u00c8NCIA!"},"content":{"rendered":"<p>Els <strong>nens i nenes de 2n de l&#8217;escola Joan Maragall<\/strong> iniciem el nostre darrer treball per tasques abans de que s&#8217;acabi el 2n trimestre.<\/p>\n<p>Tot ha comen\u00e7at perqu\u00e8 un professor de la <strong>Facultat de Ci\u00e8ncies de l&#8217;Educaci\u00f3 de la Universitat de Lleida<\/strong>, el <strong>Dr.<\/strong> <strong>Manel Ib\u00e1\u00f1ez<\/strong>, ens va enviar un correu electr\u00f2nic demanat-nos si el pod\u00edem ajudar a fer uns experiments.<\/p>\n<p>Tenim moltes ganes de comen\u00e7ar a fer els experiments al tornar de les vacances de Pasqua !!!<\/p>\n<p>En el <strong>primer experiment<\/strong> hem descobert l&#8217;<strong>electricitat est\u00e0tica<\/strong>: vam fregar diferents objectes i vam comprovar com s&#8217;enganxaven a causa de la seva electricitat. Va ser d&#8217;all\u00f2 m\u00e9s divertit!!<\/p>\n<p><img loading=\"lazy\" decoding=\"async\" class=\"alignnone wp-image-5608\" src=\"http:\/\/agora.xtec.cat\/escjoanmaragall\/wp-content\/uploads\/usu115\/2017\/03\/Electricitat-est\u00e0tica-015-1024x768.jpg\" alt=\"Electricitat est\u00e0tica 015\" width=\"225\" height=\"169\" \/>\u00a0 <img loading=\"lazy\" decoding=\"async\" class=\"alignnone wp-image-5609\" src=\"http:\/\/agora.xtec.cat\/escjoanmaragall\/wp-content\/uploads\/usu115\/2017\/03\/Electricitat-est\u00e0tica-016-1024x768.jpg\" alt=\"Electricitat est\u00e0tica 016\" width=\"224\" height=\"168\" \/><\/p>\n<p><img loading=\"lazy\" decoding=\"async\" class=\"alignnone wp-image-5610\" src=\"http:\/\/agora.xtec.cat\/escjoanmaragall\/wp-content\/uploads\/usu115\/2017\/03\/Electricitat-est\u00e0tica-019-1024x768.jpg\" alt=\"Electricitat est\u00e0tica 019\" width=\"229\" height=\"172\" \/>\u00a0 <img loading=\"lazy\" decoding=\"async\" class=\"alignnone wp-image-5611\" src=\"http:\/\/agora.xtec.cat\/escjoanmaragall\/wp-content\/uploads\/usu115\/2017\/03\/Electricitat-est\u00e0tica-025-1024x768.jpg\" alt=\"Electricitat est\u00e0tica 025\" width=\"247\" height=\"185\" \/><\/p>\n<p><img loading=\"lazy\" decoding=\"async\" class=\"alignnone wp-image-5613\" src=\"http:\/\/agora.xtec.cat\/escjoanmaragall\/wp-content\/uploads\/usu115\/2017\/03\/IMG_2361-768x1024.jpg\" alt=\"IMG_2361\" width=\"228\" height=\"304\" \/>\u00a0\u00a0 <img loading=\"lazy\" decoding=\"async\" class=\"alignnone wp-image-5614\" src=\"http:\/\/agora.xtec.cat\/escjoanmaragall\/wp-content\/uploads\/usu115\/2017\/03\/IMG_2368-768x1024.jpg\" alt=\"IMG_2368\" width=\"221\" height=\"295\" \/><\/p>\n<p><img loading=\"lazy\" decoding=\"async\" class=\"alignnone wp-image-5615\" src=\"http:\/\/agora.xtec.cat\/escjoanmaragall\/wp-content\/uploads\/usu115\/2017\/03\/IMG_2374-768x1024.jpg\" alt=\"IMG_2374\" width=\"239\" height=\"318\" \/>\u00a0 <img loading=\"lazy\" decoding=\"async\" class=\"alignnone wp-image-5616\" src=\"http:\/\/agora.xtec.cat\/escjoanmaragall\/wp-content\/uploads\/usu115\/2017\/03\/IMG_2378-768x1024.jpg\" alt=\"IMG_2378\" width=\"237\" height=\"316\" \/><\/p>\n<p>El <strong>segon experiment<\/strong>, ha estat de <strong>magnetisme<\/strong>: vam fer funcionar un cotxet de joguina, amb l&#8217;ajut de dos imans que es repel\u00b7lien perqu\u00e8 els seus dos pols eren iguals.<\/p>\n<p><img loading=\"lazy\" decoding=\"async\" class=\"alignnone wp-image-5660\" src=\"http:\/\/agora.xtec.cat\/escjoanmaragall\/wp-content\/uploads\/usu115\/2017\/03\/IMG_2473_opt.jpg\" alt=\"IMG_2473_opt\" width=\"204\" height=\"273\" \/><img loading=\"lazy\" decoding=\"async\" class=\"alignnone wp-image-5668\" src=\"http:\/\/agora.xtec.cat\/escjoanmaragall\/wp-content\/uploads\/usu115\/2017\/03\/IMG_2475_opt-1.jpg\" alt=\"IMG_2475_opt\" width=\"203\" height=\"271\" \/><\/p>\n<p><img loading=\"lazy\" decoding=\"async\" class=\"alignnone wp-image-5754\" src=\"http:\/\/agora.xtec.cat\/escjoanmaragall\/wp-content\/uploads\/usu115\/2017\/03\/IMG_9916-1024x768.jpg\" alt=\"IMG_9916\" width=\"303\" height=\"227\" \/>\u00a0\u00a0\u00a0 <img loading=\"lazy\" decoding=\"async\" class=\"alignnone wp-image-5755\" src=\"http:\/\/agora.xtec.cat\/escjoanmaragall\/wp-content\/uploads\/usu115\/2017\/03\/IMG_9918-1024x768.jpg\" alt=\"IMG_9918\" width=\"295\" height=\"221\" \/><\/p>\n<p>El <strong>tercer experiment<\/strong> ha estat relacionat amb la <strong>for\u00e7a<\/strong> que fem quan apretem un globus contra xinxetes i com es distribueix per tota la <strong>superf\u00edcie<\/strong>, amb la qual cosa la\u00a0 <strong>pressi\u00f3<\/strong> \u00e9s menor i el globus no explota.<\/p>\n<p><img loading=\"lazy\" decoding=\"async\" class=\"alignnone wp-image-5724\" src=\"http:\/\/agora.xtec.cat\/escjoanmaragall\/wp-content\/uploads\/usu115\/2017\/03\/IMG_2516_opt.jpg\" alt=\"IMG_2516_opt\" width=\"215\" height=\"287\" \/><img loading=\"lazy\" decoding=\"async\" class=\"alignnone wp-image-5725\" src=\"http:\/\/agora.xtec.cat\/escjoanmaragall\/wp-content\/uploads\/usu115\/2017\/03\/IMG_2520_opt.jpg\" alt=\"IMG_2520_opt\" width=\"215\" height=\"287\" \/><\/p>\n<p><img loading=\"lazy\" decoding=\"async\" class=\"wp-image-5726 alignleft\" src=\"http:\/\/agora.xtec.cat\/escjoanmaragall\/wp-content\/uploads\/usu115\/2017\/03\/IMG_2527_opt.jpg\" alt=\"IMG_2527_opt\" width=\"203\" height=\"271\" \/>\u00a0 <img loading=\"lazy\" decoding=\"async\" class=\"alignnone wp-image-5756\" src=\"http:\/\/agora.xtec.cat\/escjoanmaragall\/wp-content\/uploads\/usu115\/2017\/03\/IMG_0006-1024x768.jpg\" alt=\"IMG_0006\" width=\"373\" height=\"280\" \/><\/p>\n<p><img loading=\"lazy\" decoding=\"async\" class=\"alignnone wp-image-5757\" src=\"http:\/\/agora.xtec.cat\/escjoanmaragall\/wp-content\/uploads\/usu115\/2017\/03\/IMG_0008-1024x768.jpg\" alt=\"IMG_0008\" width=\"431\" height=\"324\" \/>\u00a0 <img loading=\"lazy\" decoding=\"async\" class=\"alignnone wp-image-5758\" src=\"http:\/\/agora.xtec.cat\/escjoanmaragall\/wp-content\/uploads\/usu115\/2017\/03\/IMG_0013-1024x768.jpg\" alt=\"IMG_0013\" width=\"329\" height=\"247\" \/><\/p>\n<p>El globus no va explotar quan el vam pressionar contra moltes xinxetes, en canvi amb una sola xinxeta, el globus va explotar.<\/p>\n<p>&nbsp;<\/p>\n<p>El <strong>quart experiment<\/strong> est\u00e0 relacionat amb la <strong>llum<\/strong>. Si un raig de llum es fa arribar a un mirall col\u00b7locat dins l&#8217;aigua, s&#8217;observa que aquesta llum sofreix una descomposici\u00f3 i es separa en set colors diferents: vermell, taronja,groc, verd, blau, indi i violeta.<\/p>\n<p><img loading=\"lazy\" decoding=\"async\" class=\"alignnone size-full wp-image-5850\" src=\"http:\/\/agora.xtec.cat\/escjoanmaragall\/wp-content\/uploads\/usu115\/2017\/03\/IMG_2717_opt.jpg\" alt=\"IMG_2717_opt\" width=\"400\" height=\"300\" \/><\/p>\n<p><img loading=\"lazy\" decoding=\"async\" class=\"alignnone wp-image-5851\" src=\"http:\/\/agora.xtec.cat\/escjoanmaragall\/wp-content\/uploads\/usu115\/2017\/03\/IMG_2724_opt.jpg\" alt=\"IMG_2724_opt\" width=\"219\" height=\"164\" \/> <img loading=\"lazy\" decoding=\"async\" class=\"alignnone wp-image-5856\" src=\"http:\/\/agora.xtec.cat\/escjoanmaragall\/wp-content\/uploads\/usu115\/2017\/03\/IMG_2726_opt2.jpg\" alt=\"IMG_2726_opt(2)\" width=\"218\" height=\"163\" \/><\/p>\n<p><img loading=\"lazy\" decoding=\"async\" class=\"alignnone size-large wp-image-5864\" src=\"http:\/\/agora.xtec.cat\/escjoanmaragall\/wp-content\/uploads\/usu115\/2017\/03\/20170509_152702-768x1024.jpg\" alt=\"20170509_152702\" width=\"768\" height=\"1024\" \/><\/p>\n<p><img loading=\"lazy\" decoding=\"async\" class=\"alignnone size-large wp-image-5865\" src=\"http:\/\/agora.xtec.cat\/escjoanmaragall\/wp-content\/uploads\/usu115\/2017\/03\/Imagen-001-1024x768.jpg\" alt=\"Imagen 001\" width=\"1024\" height=\"768\" \/><\/p>\n<p><img loading=\"lazy\" decoding=\"async\" class=\"alignnone size-large wp-image-5866\" src=\"http:\/\/agora.xtec.cat\/escjoanmaragall\/wp-content\/uploads\/usu115\/2017\/03\/Imagen-004-1024x768.jpg\" alt=\"Imagen 004\" width=\"1024\" height=\"768\" \/><\/p>\n","protected":false},"excerpt":{"rendered":"<p>Els nens i nenes de 2n de l&#8217;escola Joan Maragall iniciem el nostre darrer treball per tasques abans de que s&#8217;acabi el 2n trimestre.<br \/>\nTot ha comen\u00e7at perqu\u00e8 un professor de la Facultat de Ci\u00e8ncies de l&#8217;Educaci\u00f3 de la Universitat de Lleida, el Dr. Manel Ib\u00e1\u00f1ez,&hellip;  <a href=\"https:\/\/agora.xtec.cat\/escjoanmaragall\/no-es-magia-es-ciencia\/\" title=\"Read NO \u00c9S M\u00c0GIA, \u00c9S CI\u00c8NCIA!\">Llegeix m\u00e9s\u00bb<\/a><\/p>\n","protected":false},"author":1,"featured_media":0,"parent":0,"menu_order":0,"comment_status":"closed","ping_status":"closed","template":"","meta":{"_bbp_topic_count":0,"_bbp_reply_count":0,"_bbp_total_topic_count":0,"_bbp_total_reply_count":0,"_bbp_voice_count":0,"_bbp_anonymous_reply_count":0,"_bbp_topic_count_hidden":0,"_bbp_reply_count_hidden":0,"_bbp_forum_subforum_count":0,"footnotes":""},"class_list":["post-5420","page","type-page","status-publish","hentry"],"post_mailing_queue_ids":[],"_links":{"self":[{"href":"https:\/\/agora.xtec.cat\/escjoanmaragall\/wp-json\/wp\/v2\/pages\/5420","targetHints":{"allow":["GET"]}}],"collection":[{"href":"https:\/\/agora.xtec.cat\/escjoanmaragall\/wp-json\/wp\/v2\/pages"}],"about":[{"href":"https:\/\/agora.xtec.cat\/escjoanmaragall\/wp-json\/wp\/v2\/types\/page"}],"author":[{"embeddable":true,"href":"https:\/\/agora.xtec.cat\/escjoanmaragall\/wp-json\/wp\/v2\/users\/1"}],"replies":[{"embeddable":true,"href":"https:\/\/agora.xtec.cat\/escjoanmaragall\/wp-json\/wp\/v2\/comments?post=5420"}],"version-history":[{"count":4,"href":"https:\/\/agora.xtec.cat\/escjoanmaragall\/wp-json\/wp\/v2\/pages\/5420\/revisions"}],"predecessor-version":[{"id":5895,"href":"https:\/\/agora.xtec.cat\/escjoanmaragall\/wp-json\/wp\/v2\/pages\/5420\/revisions\/5895"}],"wp:attachment":[{"href":"https:\/\/agora.xtec.cat\/escjoanmaragall\/wp-json\/wp\/v2\/media?parent=5420"}],"curies":[{"name":"wp","href":"https:\/\/api.w.org\/{rel}","templated":true}]}}