{"id":5352,"date":"2017-03-17T09:07:09","date_gmt":"2017-03-17T08:07:09","guid":{"rendered":"http:\/\/agora.xtec.cat\/escjoanmaragall\/?page_id=5352"},"modified":"2017-05-01T11:36:09","modified_gmt":"2017-05-01T09:36:09","slug":"vertebrats","status":"publish","type":"page","link":"https:\/\/agora.xtec.cat\/escjoanmaragall\/vertebrats\/","title":{"rendered":"VERTEBRATS"},"content":{"rendered":"<p>&nbsp;<\/p>\n<p><iframe loading=\"lazy\" title=\"Projecte Vertebrats 3r. - Sortida al CRF de Vallcalent\" width=\"500\" height=\"281\" src=\"https:\/\/www.youtube.com\/embed\/iLtoNKaH2Z8?feature=oembed\" frameborder=\"0\" allow=\"accelerometer; autoplay; clipboard-write; encrypted-media; gyroscope; picture-in-picture; web-share\" referrerpolicy=\"strict-origin-when-cross-origin\" allowfullscreen><\/iframe><\/p>\n<p>Ens vam endinsar en el m\u00f3n dels vertebrats a partir d&#8217;aquesta sortida al CRF de Vallcalent i el visionat de la pel\u00b7l\u00edcula del Rei Lle\u00f3.<\/p>\n<p><img loading=\"lazy\" decoding=\"async\" class=\"alignnone wp-image-5594\" src=\"http:\/\/agora.xtec.cat\/escjoanmaragall\/wp-content\/uploads\/usu115\/2017\/03\/Recerca-Inf5-376x376.jpg\" alt=\"Recerca Inf5\" width=\"215\" height=\"215\" \/>\u00a0 \u00a0 \u00a0 \u00a0 \u00a0<img loading=\"lazy\" decoding=\"async\" class=\"alignnone wp-image-5592\" src=\"http:\/\/agora.xtec.cat\/escjoanmaragall\/wp-content\/uploads\/usu115\/2017\/03\/Recerca-Inf3-376x376.jpg\" alt=\"Recerca Inf3\" width=\"214\" height=\"214\" \/>\u00a0 \u00a0 \u00a0 \u00a0 \u00a0\u00a0<img loading=\"lazy\" decoding=\"async\" class=\"alignnone wp-image-5593\" src=\"http:\/\/agora.xtec.cat\/escjoanmaragall\/wp-content\/uploads\/usu115\/2017\/03\/Recerca-Inf4-376x376.jpg\" alt=\"Recerca Inf4\" width=\"213\" height=\"213\" \/><\/p>\n<p>M\u00e9s tard vam buscar informaci\u00f3 sobre els vertebrats i vam recopilar la que creiem que era m\u00e1s important per als objectius del \u00a0nostre projecte.<\/p>\n<p><img loading=\"lazy\" decoding=\"async\" class=\"alignnone wp-image-5590\" src=\"http:\/\/agora.xtec.cat\/escjoanmaragall\/wp-content\/uploads\/usu115\/2017\/03\/Recerca-Inf1-376x376.jpg\" alt=\"Recerca Inf1\" width=\"304\" height=\"304\" \/> \u00a0 \u00a0 \u00a0 \u00a0\u00a0\u00a0\u00a0<img loading=\"lazy\" decoding=\"async\" class=\"alignnone wp-image-5591\" src=\"http:\/\/agora.xtec.cat\/escjoanmaragall\/wp-content\/uploads\/usu115\/2017\/03\/Recerca-Inf2-376x376.jpg\" alt=\"Recerca Inf2\" width=\"304\" height=\"304\" \/><\/p>\n<p>Tamb\u00e9 la vam comen\u00e7ar a editar i donar forma segons els nostres interessos i gustos personals.<\/p>\n<p><iframe loading=\"lazy\" title=\"Vertebrats : peixos\" width=\"500\" height=\"281\" src=\"https:\/\/www.youtube.com\/embed\/xWnPnq-GmKY?feature=oembed\" frameborder=\"0\" allow=\"accelerometer; autoplay; clipboard-write; encrypted-media; gyroscope; picture-in-picture; web-share\" referrerpolicy=\"strict-origin-when-cross-origin\" allowfullscreen><\/iframe><\/p>\n<p>Hav\u00edem d&#8217;investigar les parts externes i internes dels vertebrats i aix\u00ed ho vam fer. Vam mesurar, pesar, comparar i diseccionar un verat i una sardina. L&#8217;experi\u00e8ncia va estar molt interessant perqu\u00e8 vam descobrir informacions molt valuoses.<\/p>\n<p><img loading=\"lazy\" decoding=\"async\" class=\"wp-image-5693 aligncenter\" src=\"http:\/\/agora.xtec.cat\/escjoanmaragall\/wp-content\/uploads\/usu115\/2017\/03\/collage-294x376.jpg\" alt=\"collage\" width=\"273\" height=\"349\" \/><\/p>\n<p>Tot seguit vam anotar tots els resultats de les nostres investigacions i v\u00e0rem verificar les hip\u00f2tesis plantejades. Tot es va afegir a les dades editades inicialment en la nostra recerca.<\/p>\n<p><img loading=\"lazy\" decoding=\"async\" class=\" wp-image-5695 aligncenter\" src=\"http:\/\/agora.xtec.cat\/escjoanmaragall\/wp-content\/uploads\/usu115\/2017\/03\/collage-2-294x376.jpg\" alt=\"collage 2\" width=\"279\" height=\"357\" \/><\/p>\n<p>Al finalitzar la nostra recerca vam imprimir tot el que teniem i vam comen\u00e7ar a preparar la nostra exposici\u00f3 dels diferents tipus de vertebrats existents.<\/p>\n<p><img loading=\"lazy\" decoding=\"async\" class=\"alignnone wp-image-5697\" src=\"http:\/\/agora.xtec.cat\/escjoanmaragall\/wp-content\/uploads\/usu115\/2017\/03\/collage3-294x376.jpg\" alt=\"collage3\" width=\"251\" height=\"321\" \/>\u00a0 \u00a0 \u00a0<img loading=\"lazy\" decoding=\"async\" class=\"alignnone wp-image-5699\" src=\"http:\/\/agora.xtec.cat\/escjoanmaragall\/wp-content\/uploads\/usu115\/2017\/03\/collage-1-481x376.jpg\" alt=\"collage\" width=\"413\" height=\"323\" \/><\/p>\n<p>Mentrestant an\u00e0vem realitzant la part pl\u00e0stica amb la confecci\u00f3 de les diferents figures de papirofl\u00e8xia. Els ocells, granotes, tortugues, peixos i gossets d&#8217;origami s&#8217;anaven col.locant al nostre expositor que era un paisatge natural amb muntanyes, arbres i un extens riu.<\/p>\n<p><img loading=\"lazy\" decoding=\"async\" class=\"alignnone size-medium wp-image-5701 aligncenter\" src=\"http:\/\/agora.xtec.cat\/escjoanmaragall\/wp-content\/uploads\/usu115\/2017\/03\/collage6-481x376.jpg\" alt=\"collage6\" width=\"481\" height=\"376\" \/><\/p>\n<p>Aquest \u00e9s el resultat final del nostre projecte sobre els vertebrats, on hem treballat colze a colze amb els companys per poder assolir-lo.<\/p>\n","protected":false},"excerpt":{"rendered":"<p>&nbsp;<\/p>\n<p>Ens vam endinsar en el m\u00f3n dels vertebrats a partir d&#8217;aquesta sortida al CRF de Vallcalent i el visionat de la pel\u00b7l\u00edcula del Rei Lle\u00f3.<br \/>\n\u00a0 \u00a0 \u00a0 \u00a0 \u00a0\u00a0 \u00a0 \u00a0 \u00a0 \u00a0\u00a0<br \/>\nM\u00e9s tard vam buscar informaci\u00f3 sobre els vertebrats i vam recopilar la que&hellip;  <a href=\"https:\/\/agora.xtec.cat\/escjoanmaragall\/vertebrats\/\" title=\"Read VERTEBRATS\">Llegeix m\u00e9s\u00bb<\/a><\/p>\n","protected":false},"author":1,"featured_media":0,"parent":0,"menu_order":0,"comment_status":"closed","ping_status":"closed","template":"","meta":{"_bbp_topic_count":0,"_bbp_reply_count":0,"_bbp_total_topic_count":0,"_bbp_total_reply_count":0,"_bbp_voice_count":0,"_bbp_anonymous_reply_count":0,"_bbp_topic_count_hidden":0,"_bbp_reply_count_hidden":0,"_bbp_forum_subforum_count":0,"footnotes":""},"class_list":["post-5352","page","type-page","status-publish","hentry"],"post_mailing_queue_ids":[],"_links":{"self":[{"href":"https:\/\/agora.xtec.cat\/escjoanmaragall\/wp-json\/wp\/v2\/pages\/5352","targetHints":{"allow":["GET"]}}],"collection":[{"href":"https:\/\/agora.xtec.cat\/escjoanmaragall\/wp-json\/wp\/v2\/pages"}],"about":[{"href":"https:\/\/agora.xtec.cat\/escjoanmaragall\/wp-json\/wp\/v2\/types\/page"}],"author":[{"embeddable":true,"href":"https:\/\/agora.xtec.cat\/escjoanmaragall\/wp-json\/wp\/v2\/users\/1"}],"replies":[{"embeddable":true,"href":"https:\/\/agora.xtec.cat\/escjoanmaragall\/wp-json\/wp\/v2\/comments?post=5352"}],"version-history":[{"count":3,"href":"https:\/\/agora.xtec.cat\/escjoanmaragall\/wp-json\/wp\/v2\/pages\/5352\/revisions"}],"predecessor-version":[{"id":5702,"href":"https:\/\/agora.xtec.cat\/escjoanmaragall\/wp-json\/wp\/v2\/pages\/5352\/revisions\/5702"}],"wp:attachment":[{"href":"https:\/\/agora.xtec.cat\/escjoanmaragall\/wp-json\/wp\/v2\/media?parent=5352"}],"curies":[{"name":"wp","href":"https:\/\/api.w.org\/{rel}","templated":true}]}}