{"id":5110,"date":"2017-02-24T09:19:29","date_gmt":"2017-02-24T08:19:29","guid":{"rendered":"http:\/\/agora.xtec.cat\/escjoanmaragall\/?page_id=5110"},"modified":"2017-03-14T09:33:17","modified_gmt":"2017-03-14T08:33:17","slug":"salvem-el-planeta","status":"publish","type":"page","link":"https:\/\/agora.xtec.cat\/escjoanmaragall\/salvem-el-planeta\/","title":{"rendered":"SALVEM EL PLANETA"},"content":{"rendered":"<p style=\"text-align: center;\"><strong>Els alumnes de 2n vam iniciar el nostre segon treball per tasques que est\u00e0 dedicat al Reciclatge, la Reducci\u00f3 i la Reutilitzaci\u00f3 de residus.<\/strong><\/p>\n<p>Despr\u00e9s de veure un tros de la pel.licula WALL-E vam estar parlant de la import\u00e0ncia de tenir cura del nostre planeta i del que nosaltres pod\u00edem fer per posar el nostre granet de sorra.<\/p>\n<p><img loading=\"lazy\" decoding=\"async\" class=\" wp-image-5168 aligncenter\" src=\"http:\/\/agora.xtec.cat\/escjoanmaragall\/wp-content\/uploads\/usu115\/2017\/02\/Wall-e_opt.jpg\" alt=\"wall-e_opt\" width=\"196\" height=\"184\" \/><\/p>\n<p>&nbsp;<\/p>\n<p>Com que a la nostra escola ens van portar uns contenidors nous per reciclar, vam anar a veure on estaven situats i si s&#8217;estaven utilitzant.<\/p>\n<p><img loading=\"lazy\" decoding=\"async\" class=\"alignnone wp-image-5146\" src=\"http:\/\/agora.xtec.cat\/escjoanmaragall\/wp-content\/uploads\/usu115\/2017\/02\/contenidors-reciclatge-pati-escola-004_opt.jpg\" alt=\"contenidors-reciclatge-pati-escola-004_opt\" width=\"229\" height=\"129\" \/>\u00a0\u00a0 <img loading=\"lazy\" decoding=\"async\" class=\"alignnone wp-image-5147\" src=\"http:\/\/agora.xtec.cat\/escjoanmaragall\/wp-content\/uploads\/usu115\/2017\/02\/contenidors-reciclatge-pati-escola-005_opt.jpg\" alt=\"contenidors-reciclatge-pati-escola-005_opt\" width=\"231\" height=\"130\" \/><\/p>\n<p>I vam descobrir que a dins no tenien pr\u00e0cticament res, en canvi les papereres del pati estaven plenes de tot tipus de residus barrejats. Per tant, els contenidors nous no s&#8217;estaven utilitzant i hav\u00edem de fer alguna cosa!!!<\/p>\n<p><img loading=\"lazy\" decoding=\"async\" class=\"alignnone wp-image-5198\" src=\"http:\/\/agora.xtec.cat\/escjoanmaragall\/wp-content\/uploads\/usu115\/2017\/02\/contenidors-reciclatge-pati-escola-003-1024x576.jpg\" alt=\"contenidors-reciclatge-pati-escola-003\" width=\"148\" height=\"83\" \/>\u00a0 <img loading=\"lazy\" decoding=\"async\" class=\"alignnone wp-image-5199\" src=\"http:\/\/agora.xtec.cat\/escjoanmaragall\/wp-content\/uploads\/usu115\/2017\/02\/contenidors-reciclatge-pati-escola-008-1024x576.jpg\" alt=\"contenidors-reciclatge-pati-escola-008\" width=\"153\" height=\"86\" \/>\u00a0 <img loading=\"lazy\" decoding=\"async\" class=\"alignnone wp-image-5200\" src=\"http:\/\/agora.xtec.cat\/escjoanmaragall\/wp-content\/uploads\/usu115\/2017\/02\/contenidors-reciclatge-pati-escola-032-1024x576.jpg\" alt=\"contenidors-reciclatge-pati-escola-032\" width=\"158\" height=\"89\" \/><\/p>\n<p>&nbsp;<\/p>\n<p>Hem tingut la sort de trobar el cami\u00f3 de les escombraries i hem vist com l&#8217;escombriaire enregistrava amb un aparell especial el nostre contenidor de paper.<\/p>\n<p><img loading=\"lazy\" decoding=\"async\" class=\"size-full wp-image-5148 aligncenter\" src=\"http:\/\/agora.xtec.cat\/escjoanmaragall\/wp-content\/uploads\/usu115\/2017\/02\/contenidors-reciclatge-pati-escola-022_opt.jpg\" alt=\"contenidors-reciclatge-pati-escola-022_opt\" width=\"400\" height=\"225\" \/><\/p>\n<p><img loading=\"lazy\" decoding=\"async\" class=\"alignnone wp-image-5149\" src=\"http:\/\/agora.xtec.cat\/escjoanmaragall\/wp-content\/uploads\/usu115\/2017\/02\/contenidors-reciclatge-pati-escola-023_opt.jpg\" alt=\"contenidors-reciclatge-pati-escola-023_opt\" width=\"154\" height=\"87\" \/>\u00a0 <img loading=\"lazy\" decoding=\"async\" class=\"alignnone wp-image-5196\" src=\"http:\/\/agora.xtec.cat\/escjoanmaragall\/wp-content\/uploads\/usu115\/2017\/02\/contenidors-reciclatge-pati-escola-024-1024x576.jpg\" alt=\"contenidors-reciclatge-pati-escola-024\" width=\"158\" height=\"89\" \/>\u00a0 <img loading=\"lazy\" decoding=\"async\" class=\"alignnone wp-image-5197\" src=\"http:\/\/agora.xtec.cat\/escjoanmaragall\/wp-content\/uploads\/usu115\/2017\/02\/contenidors-reciclatge-pati-escola-025-1024x576.jpg\" alt=\"contenidors-reciclatge-pati-escola-025\" width=\"156\" height=\"88\" \/><\/p>\n<p>Tamb\u00e9 hem anat a veure els contenidors de reciclatge del carrer per esbrinar on va cada residu.<img loading=\"lazy\" decoding=\"async\" class=\"size-full wp-image-5152 aligncenter\" src=\"http:\/\/agora.xtec.cat\/escjoanmaragall\/wp-content\/uploads\/usu115\/2017\/02\/contenidors-reciclatge-pati-escola-013_opt.jpg\" alt=\"contenidors-reciclatge-pati-escola-013_opt\" width=\"400\" height=\"225\" \/><\/p>\n<p>&nbsp;<\/p>\n<p>Despr\u00e9s d&#8217;aquesta visita, a la classe hem pensat propostes de millora per tal de que a l&#8217;escola es redueixi, es recicli i es reutilitzi m\u00e9s. A inform\u00e0tica hem fet uns esl\u00f2gans que hem penjat per tot el pati de l&#8217;escola per recordar als nostres companys la import\u00e0ncia de reciclar.<\/p>\n<p><img loading=\"lazy\" decoding=\"async\" class=\"wp-image-5171 aligncenter\" src=\"http:\/\/agora.xtec.cat\/escjoanmaragall\/wp-content\/uploads\/usu115\/2017\/02\/penjant-cartells-008-1024x608.jpg\" alt=\"penjant-cartells-008\" width=\"387\" height=\"229\" \/><\/p>\n<p><img loading=\"lazy\" decoding=\"async\" class=\"wp-image-5172 alignleft\" src=\"http:\/\/agora.xtec.cat\/escjoanmaragall\/wp-content\/uploads\/usu115\/2017\/02\/penjant-cartells-011-1024x768.jpg\" alt=\"penjant-cartells-011\" width=\"169\" height=\"127\" \/><img loading=\"lazy\" decoding=\"async\" class=\"wp-image-5173 aligncenter\" src=\"http:\/\/agora.xtec.cat\/escjoanmaragall\/wp-content\/uploads\/usu115\/2017\/02\/penjant-cartells-012-1024x768.jpg\" alt=\"penjant-cartells-012\" width=\"167\" height=\"126\" \/><\/p>\n<p style=\"text-align: left;\">Despr\u00e9s de penjar els cartells els hem explicat als nens i nenes de primer, per a que sapigu\u00e9ssin on podien reciclar.<\/p>\n<p><img loading=\"lazy\" decoding=\"async\" class=\"alignnone size-large wp-image-5194\" src=\"http:\/\/agora.xtec.cat\/escjoanmaragall\/wp-content\/uploads\/usu115\/2017\/02\/IMG_2106-1-1024x768.jpg\" alt=\"img_2106\" width=\"1024\" height=\"768\" \/><\/p>\n<p>Hem tingut la idea d&#8217;escriure una carta a la Regidoria de Sostenibilitat i Medi Ambient de l&#8217;Ajuntament de Lleida, per tal de demanar algun incentiu per donar als alumnes de l&#8217;escola. I des de l&#8217;Ajuntament ens han enviat bosses de la compra per reutilitzar i imants per la nevera per saber on cal situar cada aliment.<br \/>\n<img loading=\"lazy\" decoding=\"async\" class=\"alignnone size-large wp-image-5229\" src=\"http:\/\/agora.xtec.cat\/escjoanmaragall\/wp-content\/uploads\/usu115\/2017\/02\/Presentaci\u00f3-5\u00e8-2-1024x768.jpg\" alt=\"presentacio-5e-2\" width=\"1024\" height=\"768\" \/><\/p>\n<p>Hem canviat els contenidors de lloc al pati de l&#8217;escola i ara s\u00f3n molt m\u00e9s visibles.<\/p>\n<p><img loading=\"lazy\" decoding=\"async\" class=\"alignnone wp-image-5175\" src=\"http:\/\/agora.xtec.cat\/escjoanmaragall\/wp-content\/uploads\/usu115\/2017\/02\/penjant-cartells-002-1-1024x768.jpg\" alt=\"penjant-cartells-002\" width=\"215\" height=\"161\" \/>\u00a0 <img loading=\"lazy\" decoding=\"async\" class=\"alignnone wp-image-5176\" src=\"http:\/\/agora.xtec.cat\/escjoanmaragall\/wp-content\/uploads\/usu115\/2017\/02\/penjant-cartells-003-1-1024x768.jpg\" alt=\"penjant-cartells-003\" width=\"219\" height=\"164\" \/><\/p>\n<p><img loading=\"lazy\" decoding=\"async\" class=\"size-large wp-image-5177 aligncenter\" src=\"http:\/\/agora.xtec.cat\/escjoanmaragall\/wp-content\/uploads\/usu115\/2017\/02\/penjant-cartells-006-1024x768.jpg\" alt=\"penjant-cartells-006\" width=\"1024\" height=\"768\" \/><\/p>\n<p>Per tal de saber classificar els diferents materials, hem sortit al pati de l&#8217;escola i hem fet fotos de diferents objectes per tal de classificar-los correctament.<\/p>\n<figure class=\"figure wp-caption alignnone\"><img loading=\"lazy\" decoding=\"async\" class=\"wp-image-5180\" src=\"http:\/\/agora.xtec.cat\/escjoanmaragall\/wp-content\/uploads\/usu115\/2017\/02\/DSC04555-1024x768.jpg\" alt=\"dsc04555\" width=\"136\" height=\"102\" \/><figcaption class=\"wp-caption-text\">FUSTA<\/figcaption><\/figure>\n<figure class=\"figure wp-caption alignnone\"><img loading=\"lazy\" decoding=\"async\" class=\"wp-image-5178\" src=\"http:\/\/agora.xtec.cat\/escjoanmaragall\/wp-content\/uploads\/usu115\/2017\/02\/DSC04551-1024x768.jpg\" alt=\"dsc04551\" width=\"131\" height=\"98\" \/><figcaption class=\"wp-caption-text\">VIDRE I METALL<\/figcaption><\/figure>\n<figure class=\"figure wp-caption alignnone\"><img loading=\"lazy\" decoding=\"async\" class=\"wp-image-5179\" src=\"http:\/\/agora.xtec.cat\/escjoanmaragall\/wp-content\/uploads\/usu115\/2017\/02\/DSC04553-1024x768.jpg\" alt=\"dsc04553\" width=\"129\" height=\"97\" \/><figcaption class=\"wp-caption-text\">METALL I PL\u00c0STIC<\/figcaption><\/figure>\n<p>&nbsp;<\/p>\n<p>Hem passat una enquesta a tots els alumnes de 1r fins a 6\u00e8 per con\u00e8ixer els seus h\u00e0bits de Reutilitzar, Reduir i Reciclar a l&#8217;escola.<\/p>\n<p><img loading=\"lazy\" decoding=\"async\" class=\"alignnone size-large wp-image-5201\" src=\"http:\/\/agora.xtec.cat\/escjoanmaragall\/wp-content\/uploads\/usu115\/2017\/02\/Imagen-003-1024x576.jpg\" alt=\"imagen-003\" width=\"1024\" height=\"576\" \/><\/p>\n<p>Ens ha visitat la <strong>deixalleria m\u00f2bil<\/strong> al pati de cicle inicial. Tots els nens i nenes del cicle hem pogut portar residus que no poden anar als contenidors de reciclatge de l&#8217;escola (cables, comandaments a dist\u00e0ncia, llums de Nadal, bombetes, cintes de v\u00eddeo i DVD, etc). Ha estat molt interessant.<\/p>\n<p><img loading=\"lazy\" decoding=\"async\" class=\"alignnone wp-image-5182\" src=\"http:\/\/agora.xtec.cat\/escjoanmaragall\/wp-content\/uploads\/usu115\/2017\/02\/Imagen-011-1024x768.jpg\" alt=\"imagen-011\" width=\"163\" height=\"122\" \/>\u00a0 <img loading=\"lazy\" decoding=\"async\" class=\"alignnone wp-image-5184\" src=\"http:\/\/agora.xtec.cat\/escjoanmaragall\/wp-content\/uploads\/usu115\/2017\/02\/Imagen-023-1024x768.jpg\" alt=\"imagen-023\" width=\"161\" height=\"121\" \/> <img loading=\"lazy\" decoding=\"async\" class=\"alignnone wp-image-5185\" src=\"http:\/\/agora.xtec.cat\/escjoanmaragall\/wp-content\/uploads\/usu115\/2017\/02\/Imagen-024-1024x768.jpg\" alt=\"imagen-024\" width=\"147\" height=\"110\" \/><img loading=\"lazy\" decoding=\"async\" class=\"alignnone size-large wp-image-5183\" src=\"http:\/\/agora.xtec.cat\/escjoanmaragall\/wp-content\/uploads\/usu115\/2017\/02\/Imagen-018-1024x768.jpg\" alt=\"imagen-018\" width=\"1024\" height=\"768\" \/><\/p>\n<p><img loading=\"lazy\" decoding=\"async\" class=\"alignnone wp-image-5186\" src=\"http:\/\/agora.xtec.cat\/escjoanmaragall\/wp-content\/uploads\/usu115\/2017\/02\/Imagen-027-1024x768.jpg\" alt=\"imagen-027\" width=\"146\" height=\"109\" \/>\u00a0 <img loading=\"lazy\" decoding=\"async\" class=\"alignnone wp-image-5189\" src=\"http:\/\/agora.xtec.cat\/escjoanmaragall\/wp-content\/uploads\/usu115\/2017\/02\/Imagen-048-1024x768.jpg\" alt=\"imagen-048\" width=\"147\" height=\"110\" \/>\u00a0 <img loading=\"lazy\" decoding=\"async\" class=\"alignnone wp-image-5190\" src=\"http:\/\/agora.xtec.cat\/escjoanmaragall\/wp-content\/uploads\/usu115\/2017\/02\/Imagen-051-1024x768.jpg\" alt=\"imagen-051\" width=\"145\" height=\"109\" \/><img loading=\"lazy\" decoding=\"async\" class=\"alignnone size-large wp-image-5191\" src=\"http:\/\/agora.xtec.cat\/escjoanmaragall\/wp-content\/uploads\/usu115\/2017\/02\/Imagen-004-1024x768.jpg\" alt=\"imagen-004\" width=\"1024\" height=\"768\" \/><img loading=\"lazy\" decoding=\"async\" class=\"alignnone size-large wp-image-5188\" src=\"http:\/\/agora.xtec.cat\/escjoanmaragall\/wp-content\/uploads\/usu115\/2017\/02\/Imagen-044-1024x768.jpg\" alt=\"imagen-044\" width=\"1024\" height=\"768\" \/><img loading=\"lazy\" decoding=\"async\" class=\"alignnone size-large wp-image-5187\" src=\"http:\/\/agora.xtec.cat\/escjoanmaragall\/wp-content\/uploads\/usu115\/2017\/02\/Imagen-030-1024x768.jpg\" alt=\"imagen-030\" width=\"1024\" height=\"768\" \/><\/p>\n<p>Els nens i nenes de 2n estem presentant el nostre treball per tasques als diferents cicles de tota l&#8217;escola. I aprofitem per regalar als nostres companys i companyes els incentius que vam demanar a l&#8217;Ajuntament i que molt amablement ens van fer arribar. Moltes gr\u00e0cies Laia!!!<\/p>\n<p>Els nens i nenes d&#8217;educaci\u00f3 infantil estan molt interessats en l&#8217;explicaci\u00f3 que els hem fet sobre el reciclatge.<\/p>\n<p><img loading=\"lazy\" decoding=\"async\" class=\"alignnone size-large wp-image-5203\" src=\"http:\/\/agora.xtec.cat\/escjoanmaragall\/wp-content\/uploads\/usu115\/2017\/02\/DSC04738-1024x768.jpg\" alt=\"dsc04738\" width=\"1024\" height=\"768\" \/><\/p>\n<p><img loading=\"lazy\" decoding=\"async\" class=\"alignnone size-large wp-image-5204\" src=\"http:\/\/agora.xtec.cat\/escjoanmaragall\/wp-content\/uploads\/usu115\/2017\/02\/DSC04739-1024x768.jpg\" alt=\"dsc04739\" width=\"1024\" height=\"768\" \/><\/p>\n<p><img loading=\"lazy\" decoding=\"async\" class=\"alignnone wp-image-5206\" src=\"http:\/\/agora.xtec.cat\/escjoanmaragall\/wp-content\/uploads\/usu115\/2017\/02\/DSC04762-1024x768.jpg\" alt=\"dsc04762\" width=\"150\" height=\"112\" \/>\u00a0 <img loading=\"lazy\" decoding=\"async\" class=\"alignnone wp-image-5207\" src=\"http:\/\/agora.xtec.cat\/escjoanmaragall\/wp-content\/uploads\/usu115\/2017\/02\/DSC04772-1024x768.jpg\" alt=\"dsc04772\" width=\"142\" height=\"106\" \/>\u00a0\u00a0 <img loading=\"lazy\" decoding=\"async\" class=\"alignnone wp-image-5208\" src=\"http:\/\/agora.xtec.cat\/escjoanmaragall\/wp-content\/uploads\/usu115\/2017\/02\/DSC04774-1024x768.jpg\" alt=\"dsc04774\" width=\"150\" height=\"113\" \/><\/p>\n<p>Els hi hem regalat una capseta per a que reciclin les piles i les portin a punt de recollida de piles ( a la nostra escola en tenim un!!!).<\/p>\n<p><img loading=\"lazy\" decoding=\"async\" class=\"alignnone wp-image-5205\" src=\"http:\/\/agora.xtec.cat\/escjoanmaragall\/wp-content\/uploads\/usu115\/2017\/02\/DSC04752-1024x768.jpg\" alt=\"dsc04752\" width=\"211\" height=\"159\" \/>\u00a0\u00a0\u00a0\u00a0\u00a0 <img loading=\"lazy\" decoding=\"async\" class=\"alignnone wp-image-5209\" src=\"http:\/\/agora.xtec.cat\/escjoanmaragall\/wp-content\/uploads\/usu115\/2017\/02\/DSC04778-1024x768.jpg\" alt=\"dsc04778\" width=\"211\" height=\"158\" \/><\/p>\n<p>Als alumnes des de primer a sis\u00e8, a m\u00e9s d&#8217;explicar-los com cal reciclar correctament, els hem dit com poden millorar els seus h\u00e0bits despr\u00e9s d&#8217;analitzar totes les enquestes i fer unes gr\u00e0fiques. La conclusi\u00f3 general \u00e9s que podem<strong> RECICLAR MILLOR i HO FAREM!!!<\/strong><\/p>\n<p><img loading=\"lazy\" decoding=\"async\" class=\"alignnone wp-image-5231\" src=\"http:\/\/agora.xtec.cat\/escjoanmaragall\/wp-content\/uploads\/usu115\/2017\/02\/Presentaci\u00f3-5\u00e8-4-1024x768.jpg\" alt=\"presentacio-5e-4\" width=\"228\" height=\"171\" \/>\u00a0\u00a0 <img loading=\"lazy\" decoding=\"async\" class=\"alignnone wp-image-5232\" src=\"http:\/\/agora.xtec.cat\/escjoanmaragall\/wp-content\/uploads\/usu115\/2017\/02\/Presentaci\u00f3-5\u00e8-8-1024x768.jpg\" alt=\"presentacio-5e-8\" width=\"230\" height=\"172\" \/><\/p>\n<p>Per acabar el nostre treball per tasques, l&#8217;Ariadna i la X\u00e8nia (practicants de la Facultat de Ci\u00e8ncies de l&#8217;Educaci\u00f3, Psicologia i Treball Social) ens han fet una activitat sobre com s&#8217;embruta l&#8217;aigua.<\/p>\n<p>Per comen\u00e7ar ens hem convertit en investigadors amb una targeta identificativa.<\/p>\n<p><img loading=\"lazy\" decoding=\"async\" class=\"alignnone size-large wp-image-5237\" src=\"http:\/\/agora.xtec.cat\/escjoanmaragall\/wp-content\/uploads\/usu115\/2017\/02\/DSC04838-1024x768.jpg\" alt=\"dsc04838\" width=\"1024\" height=\"768\" \/><\/p>\n<p>Despr\u00e9s hem pensat amb qu\u00e8 s&#8217;embruta l&#8217;aigua normalment.<\/p>\n<p><img loading=\"lazy\" decoding=\"async\" class=\"alignnone size-large wp-image-5238\" src=\"http:\/\/agora.xtec.cat\/escjoanmaragall\/wp-content\/uploads\/usu115\/2017\/02\/DSC04840-1024x768.jpg\" alt=\"dsc04840\" width=\"1024\" height=\"768\" \/><\/p>\n<p><img loading=\"lazy\" decoding=\"async\" class=\"alignnone wp-image-5312\" src=\"http:\/\/agora.xtec.cat\/escjoanmaragall\/wp-content\/uploads\/usu115\/2017\/02\/DSC_0002_opt.jpg\" alt=\"dsc_0002_opt\" width=\"156\" height=\"104\" \/><img loading=\"lazy\" decoding=\"async\" class=\"alignnone wp-image-5314\" src=\"http:\/\/agora.xtec.cat\/escjoanmaragall\/wp-content\/uploads\/usu115\/2017\/02\/DSC_0009_opt.jpg\" alt=\"dsc_0009_opt\" width=\"164\" height=\"109\" \/><img loading=\"lazy\" decoding=\"async\" class=\"alignnone wp-image-5313\" src=\"http:\/\/agora.xtec.cat\/escjoanmaragall\/wp-content\/uploads\/usu115\/2017\/02\/DSC_0008_opt-1.jpg\" alt=\"dsc_0008_opt-1\" width=\"162\" height=\"108\" \/><\/p>\n<p>&nbsp;<\/p>\n<p>I a continuaci\u00f3 hem embrutat aigua amb alguns d&#8217;aquests productes (sab\u00f3, pasta de dents, sorra, oli, etc) fent hip\u00f2tesis de si es barrejaria amb l&#8217;aigua o no.<\/p>\n<p><img loading=\"lazy\" decoding=\"async\" class=\"alignnone wp-image-5315\" src=\"http:\/\/agora.xtec.cat\/escjoanmaragall\/wp-content\/uploads\/usu115\/2017\/02\/DSC_0018_opt.jpg\" alt=\"dsc_0018_opt\" width=\"242\" height=\"161\" \/>\u00a0 \u00a0<img loading=\"lazy\" decoding=\"async\" class=\"alignnone wp-image-5240\" src=\"http:\/\/agora.xtec.cat\/escjoanmaragall\/wp-content\/uploads\/usu115\/2017\/02\/DSC04845-1024x768.jpg\" alt=\"dsc04845\" width=\"223\" height=\"167\" \/><img loading=\"lazy\" decoding=\"async\" class=\"alignnone wp-image-5239\" src=\"http:\/\/agora.xtec.cat\/escjoanmaragall\/wp-content\/uploads\/usu115\/2017\/02\/DSC04843-1024x768.jpg\" alt=\"dsc04843\" width=\"219\" height=\"164\" \/>\u00a0 \u00a0\u00a0<img loading=\"lazy\" decoding=\"async\" class=\"alignnone wp-image-5316\" src=\"http:\/\/agora.xtec.cat\/escjoanmaragall\/wp-content\/uploads\/usu115\/2017\/02\/DSC_0016_opt.jpg\" alt=\"dsc_0016_opt\" width=\"242\" height=\"161\" \/><\/p>\n<p><img loading=\"lazy\" decoding=\"async\" class=\"alignnone size-large wp-image-5242\" src=\"http:\/\/agora.xtec.cat\/escjoanmaragall\/wp-content\/uploads\/usu115\/2017\/02\/DSC04844-1024x768.jpg\" alt=\"dsc04844\" width=\"1024\" height=\"768\" \/><\/p>\n<p><img loading=\"lazy\" decoding=\"async\" class=\"alignnone wp-image-5243\" src=\"http:\/\/agora.xtec.cat\/escjoanmaragall\/wp-content\/uploads\/usu115\/2017\/02\/DSC04847-1024x768.jpg\" alt=\"dsc04847\" width=\"201\" height=\"151\" \/>\u00a0 <img loading=\"lazy\" decoding=\"async\" class=\"alignnone wp-image-5244\" src=\"http:\/\/agora.xtec.cat\/escjoanmaragall\/wp-content\/uploads\/usu115\/2017\/02\/DSC04848-1024x768.jpg\" alt=\"dsc04848\" width=\"207\" height=\"155\" \/><\/p>\n<p>A final les mescles han quedat aix\u00ed.<\/p>\n<p><img loading=\"lazy\" decoding=\"async\" class=\"alignnone size-large wp-image-5245\" src=\"http:\/\/agora.xtec.cat\/escjoanmaragall\/wp-content\/uploads\/usu115\/2017\/02\/DSC04850-1024x768.jpg\" alt=\"dsc04850\" width=\"1024\" height=\"768\" \/><\/p>\n<p>I hem comen\u00e7at\u00a0 a analitzar qu\u00e8 passa en cada cas.<\/p>\n<p><img loading=\"lazy\" decoding=\"async\" class=\"alignnone size-large wp-image-5246\" src=\"http:\/\/agora.xtec.cat\/escjoanmaragall\/wp-content\/uploads\/usu115\/2017\/02\/DSC04852-1024x768.jpg\" alt=\"dsc04852\" width=\"1024\" height=\"768\" \/><\/p>\n<p>Finalment hem comprovat les hip\u00f2tesis.<\/p>\n<p><img loading=\"lazy\" decoding=\"async\" class=\"alignnone size-large wp-image-5247\" src=\"http:\/\/agora.xtec.cat\/escjoanmaragall\/wp-content\/uploads\/usu115\/2017\/02\/DSC04857-1024x768.jpg\" alt=\"dsc04857\" width=\"1024\" height=\"768\" \/><\/p>\n<p>En la darrera sessi\u00f3 del nostre treball per tasques hem pensat com pod\u00edem netejar l&#8217;aigua. Amb diferents instruments: filtre de caf\u00e8, embut, colador i drap de roba, hem intentat separar l&#8217;aigua de l&#8217;altre producte amb la que l&#8217;hav\u00edem barrejat. Primer hem fet hip\u00f2tesis del que creiem que es separaria i del que no. I a continuaci\u00f3 hem intentat separar-ho.<\/p>\n<p><img loading=\"lazy\" decoding=\"async\" class=\"alignnone wp-image-5318\" src=\"http:\/\/agora.xtec.cat\/escjoanmaragall\/wp-content\/uploads\/usu115\/2017\/02\/DSC05036-1024x768.jpg\" alt=\"dsc05036\" width=\"227\" height=\"170\" \/>\u00a0 <img loading=\"lazy\" decoding=\"async\" class=\"alignnone wp-image-5319\" src=\"http:\/\/agora.xtec.cat\/escjoanmaragall\/wp-content\/uploads\/usu115\/2017\/02\/DSC05038-1024x768.jpg\" alt=\"dsc05038\" width=\"223\" height=\"167\" \/><\/p>\n<p><img loading=\"lazy\" decoding=\"async\" class=\"alignnone wp-image-5320\" src=\"http:\/\/agora.xtec.cat\/escjoanmaragall\/wp-content\/uploads\/usu115\/2017\/02\/DSC05039-1024x768.jpg\" alt=\"dsc05039\" width=\"231\" height=\"174\" \/>\u00a0 <img loading=\"lazy\" decoding=\"async\" class=\"alignnone wp-image-5321\" src=\"http:\/\/agora.xtec.cat\/escjoanmaragall\/wp-content\/uploads\/usu115\/2017\/02\/DSC05041-1024x768.jpg\" alt=\"dsc05041\" width=\"234\" height=\"175\" \/><\/p>\n<p>Per acabar, hem comprovat les hip\u00f2tesis que hav\u00edem fet veient quins productes es podien separar i quins no. La X\u00e8nia i l&#8217;Ariadna ens han explicat que als pobles i les ciutats es neteja l&#8217;aigua que gastem els habitants en les <strong>depuradores<\/strong> per retornar-la al riu.<\/p>\n","protected":false},"excerpt":{"rendered":"<p>Els alumnes de 2n vam iniciar el nostre segon treball per tasques que est\u00e0 dedicat al Reciclatge, la Reducci\u00f3 i la Reutilitzaci\u00f3 de residus.<br \/>\nDespr\u00e9s de veure un tros de la pel.licula WALL-E vam estar parlant de la import\u00e0ncia de tenir cura del nostre planeta i&hellip;  <a href=\"https:\/\/agora.xtec.cat\/escjoanmaragall\/salvem-el-planeta\/\" title=\"Read SALVEM EL PLANETA\">Llegeix m\u00e9s\u00bb<\/a><\/p>\n","protected":false},"author":1,"featured_media":0,"parent":0,"menu_order":0,"comment_status":"closed","ping_status":"closed","template":"","meta":{"_bbp_topic_count":0,"_bbp_reply_count":0,"_bbp_total_topic_count":0,"_bbp_total_reply_count":0,"_bbp_voice_count":0,"_bbp_anonymous_reply_count":0,"_bbp_topic_count_hidden":0,"_bbp_reply_count_hidden":0,"_bbp_forum_subforum_count":0,"footnotes":""},"class_list":["post-5110","page","type-page","status-publish","hentry"],"post_mailing_queue_ids":[],"_links":{"self":[{"href":"https:\/\/agora.xtec.cat\/escjoanmaragall\/wp-json\/wp\/v2\/pages\/5110","targetHints":{"allow":["GET"]}}],"collection":[{"href":"https:\/\/agora.xtec.cat\/escjoanmaragall\/wp-json\/wp\/v2\/pages"}],"about":[{"href":"https:\/\/agora.xtec.cat\/escjoanmaragall\/wp-json\/wp\/v2\/types\/page"}],"author":[{"embeddable":true,"href":"https:\/\/agora.xtec.cat\/escjoanmaragall\/wp-json\/wp\/v2\/users\/1"}],"replies":[{"embeddable":true,"href":"https:\/\/agora.xtec.cat\/escjoanmaragall\/wp-json\/wp\/v2\/comments?post=5110"}],"version-history":[{"count":4,"href":"https:\/\/agora.xtec.cat\/escjoanmaragall\/wp-json\/wp\/v2\/pages\/5110\/revisions"}],"predecessor-version":[{"id":5323,"href":"https:\/\/agora.xtec.cat\/escjoanmaragall\/wp-json\/wp\/v2\/pages\/5110\/revisions\/5323"}],"wp:attachment":[{"href":"https:\/\/agora.xtec.cat\/escjoanmaragall\/wp-json\/wp\/v2\/media?parent=5110"}],"curies":[{"name":"wp","href":"https:\/\/api.w.org\/{rel}","templated":true}]}}