{"id":4766,"date":"2017-01-12T10:09:06","date_gmt":"2017-01-12T09:09:06","guid":{"rendered":"http:\/\/agora.xtec.cat\/escjoanmaragall\/?page_id=4766"},"modified":"2017-04-03T13:28:02","modified_gmt":"2017-04-03T11:28:02","slug":"la-bordeta","status":"publish","type":"page","link":"https:\/\/agora.xtec.cat\/escjoanmaragall\/la-bordeta\/","title":{"rendered":"LA BORDETA"},"content":{"rendered":"<p>El nostre projete el vam iniciar fent una visita al Campament de la Canadiense i al Mol\u00ed de Sant Anastasi.<\/p>\n<p>&nbsp;<\/p>\n<p>&nbsp;<\/p>\n<p>Al Campament de la Canadiense ens van explicar com es va construir la xarxa hidroel\u00e8ctrica del nostre territori a comen\u00e7aments del segle XX i de la m\u00e0 de la companyia Barcelona Traction Ligth&amp;Power coneguda popularment com \u201cla Canadiense\u201d.<\/p>\n<p>Tamb\u00e9 vam tenir l\u2019oportunitat de visitar la col\u00b7lecci\u00f3 d\u2019aigua envasada amb m\u00e9s de 1500 ampolles d\u2019arreu del m\u00f3n.<\/p>\n<p><img loading=\"lazy\" decoding=\"async\" class=\"aligncenter wp-image-4809\" src=\"http:\/\/agora.xtec.cat\/escjoanmaragall\/wp-content\/uploads\/usu115\/2017\/01\/SAM_1994-1024x768.jpg\" alt=\"sam_1994\" width=\"374\" height=\"280\" \/><\/p>\n<p>Al Mol\u00ed de Sant Anastasi en van explicar que es tractava d\u2019un mol\u00ed fariner de, ja en l\u2019Edat Mitjana, aprofitava el salt d\u2019aigua de la s\u00e8quia de Fontanet per moure les moles i extreure\u2019n farina.<\/p>\n<p><img loading=\"lazy\" decoding=\"async\" class=\"aligncenter wp-image-4811\" src=\"http:\/\/agora.xtec.cat\/escjoanmaragall\/wp-content\/uploads\/usu115\/2017\/01\/DSCN0016_opt.jpg\" alt=\"dscn0016_opt\" width=\"281\" height=\"211\" \/><\/p>\n<p>Seguidament vam fer un estudi dels diferents noms dels carrers de la Bordeta. Els vam classificar en:<\/p>\n<ul>\n<li>Els que fan refer\u00e8ncia a top\u00f2nims<\/li>\n<li>Els d\u2019origen religi\u00f3s<\/li>\n<li>Aqu\u00ed vam diferenciar entre les relacionades amb la Bordeta i les que no guarden relaci\u00f3 directa amb el nostre barri.<\/li>\n<li>Altres<\/li>\n<\/ul>\n<p>&nbsp;<\/p>\n<p>&nbsp;<\/p>\n<p>D\u2019aquesta fitxa en vam treure unes quantes conclusions que us comentem:<\/p>\n<ul>\n<li>A la Bordeta hi ha molts carrers amb noms de top\u00f2nims perqu\u00e8, des d\u2019antic, la Bordeta ha estat un nus estrat\u00e8gic de comunicaci\u00f3.<\/li>\n<li>Els carrers que fan menci\u00f3 a persones relacionades amb el barri majorit\u00e0riament s\u00f3n persones que, en el seu dia, van fer donacions de terrenys, van fundar associacions, van iniciar la urbanitzaci\u00f3 del barri o van ser capdavanters en l\u2019organitzaci\u00f3 de festes i actes populars.<\/li>\n<li>Ens va cridar l\u2019atenci\u00f3 que nom\u00e9s hi hagu\u00e9s un carrer amb nom de dona. Aquest \u00e9s el carrer Maria Montessori que es troba a la part nova del barri.<\/li>\n<\/ul>\n<p>&nbsp;<\/p>\n<p>&nbsp;<\/p>\n<p>Tamb\u00e9 vam treballar una mica la hist\u00f2ria. L\u2019evoluci\u00f3 del nostre barri des de l\u2019Edat Antiga fins a l\u2019actualitat.<\/p>\n<p>&nbsp;<\/p>\n<p>&nbsp;<\/p>\n<p><strong>Sabeu que el nostre barri ha tingut diferents noms al llarg de la hist\u00f2ria?<\/strong><\/p>\n<p>Sobre aquest tema tamb\u00e9 en vam fer una indagaci\u00f3 i vam trobar que &#8220;la Bordeta&#8221; ha estat coneguda amb diferents noms:<\/p>\n<ul>\n<li>Vilanova de Fontanet<\/li>\n<li>Vilanoveta<\/li>\n<li>Vilanova de l\u2019Hota<\/li>\n<li>La Bodeta<\/li>\n<\/ul>\n<p>&nbsp;<\/p>\n<p>Tamb\u00e9 vam fer una activitat sobre la poblaci\u00f3. Vam buscar les dades sobre la poblaci\u00f3 del nostre barri a la web de la paeria i, donat que encara record\u00e0vem de l\u2019any anterior com es feia una pir\u00e0mide de poblaci\u00f3 , en aquest projecte en vam fer dues: una a m\u00e0 i una altra aplicant el programa Excel. En acabar \u00a0vam extreure algunes conclusions despr\u00e9s de fer-ne una reflexi\u00f3.<\/p>\n<p><img loading=\"lazy\" decoding=\"async\" class=\"aligncenter wp-image-4826\" src=\"http:\/\/agora.xtec.cat\/escjoanmaragall\/wp-content\/uploads\/usu115\/2017\/01\/SAM_2197-1024x768.jpg\" alt=\"sam_2197\" width=\"344\" height=\"258\" \/><\/p>\n<p><img loading=\"lazy\" decoding=\"async\" class=\"wp-image-4828 alignnone\" src=\"http:\/\/agora.xtec.cat\/escjoanmaragall\/wp-content\/uploads\/usu115\/2017\/01\/SAM_2198.jpg\" alt=\"sam_2198\" width=\"237\" height=\"163\" \/><img loading=\"lazy\" decoding=\"async\" class=\"wp-image-4830 alignnone\" src=\"http:\/\/agora.xtec.cat\/escjoanmaragall\/wp-content\/uploads\/usu115\/2017\/01\/SAM_2199.jpg\" alt=\"sam_2199\" width=\"241\" height=\"165\" \/><\/p>\n<ul>\n<li>El gruix de la poblaci\u00f3 de la Bordeta est\u00e0 concentrat a la franja 35-45 anys<\/li>\n<li>Dels 0 als 60 anys hi ha m\u00e9s poblaci\u00f3 masculina que femenina, a partir dels 60 anys hi ha m\u00e9s dones. Les dones deuen tenir m\u00e9s esperan\u00e7a de vida.<\/li>\n<li>D&#8217;aqu\u00ed uns anys, creiem que la poblaci\u00f3 de la Bordeta disminuir\u00e0 ja que la base de la pir\u00e0mide \u00e9s m\u00e9s estreta.<\/li>\n<li>La poblaci\u00f3 compresa entre els 70-80 anys \u00e9s inferior a la poblaci\u00f3 de +de 80 anys que coincideix amb la gent que van n\u00e9ixer abans de la guerra.<\/li>\n<\/ul>\n<p>Vam aprendre a fer anar el programa\u00a0 ABCYA\u00a0 i ho vam aprofitat per a fer les tapes del nostre dossier.<\/p>\n<p>&nbsp;<\/p>\n<p>Per concloure aquest projecte hem realitzat, en grups, un reportatge audiovisual tot fent un recorregut pel barri i explicant in situ tot all\u00f2 que hav\u00edem apr\u00e8s. Ho vam editar amb el programa Pinnacle Studio 15<\/p>\n<p>Reportatge sobre la Bordeta 6\u00e8-B (grup 1)<\/p>\n<p><iframe loading=\"lazy\" src=\"\/\/www.youtube.com\/embed\/6kRTpyIDpZ0\" width=\"560\" height=\"315\" frameborder=\"0\" allowfullscreen=\"allowfullscreen\"><\/iframe><\/p>\n<p>Reportatge sobre la Bordeta 6\u00e8-A (grup 1)<\/p>\n<p><iframe loading=\"lazy\" title=\"Reportatge sobre la Bordeta 6\u00e8 A (grup 1)\" width=\"500\" height=\"281\" src=\"https:\/\/www.youtube.com\/embed\/xPn9Nm6SppA?feature=oembed\" frameborder=\"0\" allow=\"accelerometer; autoplay; clipboard-write; encrypted-media; gyroscope; picture-in-picture; web-share\" referrerpolicy=\"strict-origin-when-cross-origin\" allowfullscreen><\/iframe><\/p>\n<p>Reportatge sobre la Bordeta 6\u00e8-A (grup 2)<\/p>\n<p><iframe loading=\"lazy\" title=\"Reportatge sobre la Bordeta 6\u00e8-A (grup 2)\" width=\"500\" height=\"375\" src=\"https:\/\/www.youtube.com\/embed\/0b0j50uVpSs?feature=oembed\" frameborder=\"0\" allow=\"accelerometer; autoplay; clipboard-write; encrypted-media; gyroscope; picture-in-picture; web-share\" referrerpolicy=\"strict-origin-when-cross-origin\" allowfullscreen><\/iframe><\/p>\n<p>&nbsp;<\/p>\n<p>Reportatge sobre la Bordeta 6\u00e8-A (grup 3)<\/p>\n<p><iframe loading=\"lazy\" title=\"Reportatge sobre la Bordeta 6\u00e8-A (grup 3)\" width=\"500\" height=\"281\" src=\"https:\/\/www.youtube.com\/embed\/BKTCKRCsZ5w?feature=oembed\" frameborder=\"0\" allow=\"accelerometer; autoplay; clipboard-write; encrypted-media; gyroscope; picture-in-picture; web-share\" referrerpolicy=\"strict-origin-when-cross-origin\" allowfullscreen><\/iframe><\/p>\n<p>Reportatge sobre la Bordeta 6\u00e8-A (grup 4)<\/p>\n<p><iframe loading=\"lazy\" title=\"Reportatge sobre la Bordeta 6\u00e8-A (grup 4)\" width=\"500\" height=\"281\" src=\"https:\/\/www.youtube.com\/embed\/70w7M5l4nAU?start=1&#038;feature=oembed\" frameborder=\"0\" allow=\"accelerometer; autoplay; clipboard-write; encrypted-media; gyroscope; picture-in-picture; web-share\" referrerpolicy=\"strict-origin-when-cross-origin\" allowfullscreen><\/iframe><\/p>\n<p>&nbsp;<\/p>\n<p>&nbsp;<\/p>\n","protected":false},"excerpt":{"rendered":"<p>El nostre projete el vam iniciar fent una visita al Campament de la Canadiense i al Mol\u00ed de Sant Anastasi.<br \/>\n&nbsp;<br \/>\n&nbsp;<br \/>\nAl Campament de la Canadiense ens van explicar com es va construir la xarxa hidroel\u00e8ctrica del nostre territori a comen\u00e7aments del segle XX i de la&hellip;  <a href=\"https:\/\/agora.xtec.cat\/escjoanmaragall\/la-bordeta\/\" title=\"Read LA BORDETA\">Llegeix m\u00e9s\u00bb<\/a><\/p>\n","protected":false},"author":1,"featured_media":0,"parent":0,"menu_order":0,"comment_status":"closed","ping_status":"closed","template":"","meta":{"_bbp_topic_count":0,"_bbp_reply_count":0,"_bbp_total_topic_count":0,"_bbp_total_reply_count":0,"_bbp_voice_count":0,"_bbp_anonymous_reply_count":0,"_bbp_topic_count_hidden":0,"_bbp_reply_count_hidden":0,"_bbp_forum_subforum_count":0,"footnotes":""},"class_list":["post-4766","page","type-page","status-publish","hentry"],"post_mailing_queue_ids":[],"_links":{"self":[{"href":"https:\/\/agora.xtec.cat\/escjoanmaragall\/wp-json\/wp\/v2\/pages\/4766","targetHints":{"allow":["GET"]}}],"collection":[{"href":"https:\/\/agora.xtec.cat\/escjoanmaragall\/wp-json\/wp\/v2\/pages"}],"about":[{"href":"https:\/\/agora.xtec.cat\/escjoanmaragall\/wp-json\/wp\/v2\/types\/page"}],"author":[{"embeddable":true,"href":"https:\/\/agora.xtec.cat\/escjoanmaragall\/wp-json\/wp\/v2\/users\/1"}],"replies":[{"embeddable":true,"href":"https:\/\/agora.xtec.cat\/escjoanmaragall\/wp-json\/wp\/v2\/comments?post=4766"}],"version-history":[{"count":4,"href":"https:\/\/agora.xtec.cat\/escjoanmaragall\/wp-json\/wp\/v2\/pages\/4766\/revisions"}],"predecessor-version":[{"id":5449,"href":"https:\/\/agora.xtec.cat\/escjoanmaragall\/wp-json\/wp\/v2\/pages\/4766\/revisions\/5449"}],"wp:attachment":[{"href":"https:\/\/agora.xtec.cat\/escjoanmaragall\/wp-json\/wp\/v2\/media?parent=4766"}],"curies":[{"name":"wp","href":"https:\/\/api.w.org\/{rel}","templated":true}]}}