{"id":4062,"date":"2016-10-26T11:56:22","date_gmt":"2016-10-26T09:56:22","guid":{"rendered":"http:\/\/agora.xtec.cat\/escjoanmaragall\/?page_id=4062"},"modified":"2017-02-10T19:50:35","modified_gmt":"2017-02-10T18:50:35","slug":"lucy","status":"publish","type":"page","link":"https:\/\/agora.xtec.cat\/escjoanmaragall\/lucy\/","title":{"rendered":"LUCY, UN VIATGE PER LA HIST\u00d2RIA"},"content":{"rendered":"<p>Cicle Mitj\u00e0 est\u00e0 treballant la hist\u00f2ria i ha comen\u00e7at visionant una pel\u00b7l\u00edcula que els ha endinsat a l&#8217;\u00e8poca prehist\u00f2rica.<\/p>\n<p><a href=\"http:\/\/agora.xtec.cat\/escjoanmaragall\/wp-content\/uploads\/usu115\/2016\/10\/The-Croods-8.jpg\"><img loading=\"lazy\" decoding=\"async\" class=\"aligncenter wp-image-4088\" src=\"http:\/\/agora.xtec.cat\/escjoanmaragall\/wp-content\/uploads\/usu115\/2016\/10\/The-Croods-8-1024x640.jpg\" alt=\"the-croods-8\" width=\"654\" height=\"409\" \/><\/a><\/p>\n<p>La pel\u00b7l\u00edcula ens va fer descobrir aspectes reals i ficticis d&#8217;aquella \u00e8poca i ens va animar a buscar informaci\u00f3 per a saber m\u00e9s coses sobre aquella \u00e8poca. Tamb\u00e9 ens va permetre fer un resum de la pel\u00b7l\u00edcula.<\/p>\n<p>I la Lucy&#8230; qui era la Lucy?<\/p>\n<p>La Lucy va ser la primera hom\u00ednida de la qual s&#8217;han trobat restes i a trav\u00e9s d&#8217;ella ens vam endinsar en la prehist\u00f2ria. Si voleu saber-ne m\u00e9s en aquest video en Dani i en Sulu ho expliquen en aquest video.<\/p>\n<p><iframe loading=\"lazy\" src=\"https:\/\/www.youtube.com\/embed\/mahX_wbIr58?rel=0\" width=\"560\" height=\"315\" frameborder=\"0\" allowfullscreen=\"allowfullscreen\"><\/iframe><\/p>\n<p>Vam decidir fer una cova ja que era l&#8217;habitatge t\u00edpic d&#8217;aquella \u00e8poca, l&#8217;alumnat de 4t li va fer les pintures rupestres i 3r treballaria les eines, utensilis i vestits d&#8217;aquella \u00e8poca.<\/p>\n<p><a href=\"http:\/\/agora.xtec.cat\/escjoanmaragall\/wp-content\/uploads\/usu115\/2016\/10\/DSCN1669.jpg\"><img loading=\"lazy\" decoding=\"async\" class=\"aligncenter wp-image-4510\" src=\"http:\/\/agora.xtec.cat\/escjoanmaragall\/wp-content\/uploads\/usu115\/2016\/10\/DSCN1669-1024x768.jpg\" alt=\"dscn1669\" width=\"287\" height=\"215\" \/><\/a><\/p>\n<p>Abans de de comen\u00e7ar a pintar era molt important fer una recerca de com eren les pintures, qu\u00e8 pintaven i com es feien. I vam fer els primers esborranys.<\/p>\n<p><a href=\"http:\/\/agora.xtec.cat\/escjoanmaragall\/wp-content\/uploads\/usu115\/2016\/10\/DSCN1775.jpg\"><img loading=\"lazy\" decoding=\"async\" class=\"wp-image-4512 alignleft\" src=\"http:\/\/agora.xtec.cat\/escjoanmaragall\/wp-content\/uploads\/usu115\/2016\/10\/DSCN1775-1024x768.jpg\" alt=\"dscn1775\" width=\"247\" height=\"185\" \/><\/a> <a href=\"http:\/\/agora.xtec.cat\/escjoanmaragall\/wp-content\/uploads\/usu115\/2016\/10\/DSCN1776.jpg\"><img loading=\"lazy\" decoding=\"async\" class=\"wp-image-4513 alignleft\" src=\"http:\/\/agora.xtec.cat\/escjoanmaragall\/wp-content\/uploads\/usu115\/2016\/10\/DSCN1776-1024x768.jpg\" alt=\"dscn1776\" width=\"244\" height=\"183\" \/><\/a><\/p>\n<p><a href=\"http:\/\/agora.xtec.cat\/escjoanmaragall\/wp-content\/uploads\/usu115\/2016\/10\/DSCN1668.jpg\"><img loading=\"lazy\" decoding=\"async\" class=\"aligncenter wp-image-4514\" src=\"http:\/\/agora.xtec.cat\/escjoanmaragall\/wp-content\/uploads\/usu115\/2016\/10\/DSCN1668-1024x768.jpg\" alt=\"dscn1668\" width=\"253\" height=\"190\" \/><\/a><\/p>\n<p>Era el moment de passar a l&#8217;acci\u00f3:<\/p>\n<p><a href=\"http:\/\/agora.xtec.cat\/escjoanmaragall\/wp-content\/uploads\/usu115\/2016\/10\/page.jpg\"><img loading=\"lazy\" decoding=\"async\" class=\"aligncenter wp-image-4516\" src=\"http:\/\/agora.xtec.cat\/escjoanmaragall\/wp-content\/uploads\/usu115\/2016\/10\/page.jpg\" alt=\"page\" width=\"387\" height=\"387\" \/><\/a><\/p>\n<p>Si voleu veure el resultat final sense passar pel nostre hist\u00f2ric passad\u00eds aqu\u00ed teniu el resultat:<\/p>\n<p><iframe loading=\"lazy\" title=\"LA PREHIST\u00d2RIA\" width=\"500\" height=\"281\" src=\"https:\/\/www.youtube.com\/embed\/pujhxkkJtFQ?feature=oembed\" frameborder=\"0\" allow=\"accelerometer; autoplay; clipboard-write; encrypted-media; gyroscope; picture-in-picture; web-share\" referrerpolicy=\"strict-origin-when-cross-origin\" allowfullscreen><\/iframe><\/p>\n<p>&nbsp;<\/p>\n<p>Vam anar m\u00e9s enll\u00e0 i vam fer unes pulseres amb els dibuixos de la cova.<\/p>\n<p><a href=\"http:\/\/agora.xtec.cat\/escjoanmaragall\/wp-content\/uploads\/usu115\/2016\/10\/page2.jpg\"><img loading=\"lazy\" decoding=\"async\" class=\"aligncenter size-full wp-image-4518\" src=\"http:\/\/agora.xtec.cat\/escjoanmaragall\/wp-content\/uploads\/usu115\/2016\/10\/page2.jpg\" alt=\"page2\" width=\"402\" height=\"402\" \/><\/a><\/p>\n<p>A la r\u00e0dio de la nostra escola &#8220;R\u00e0dio Carmanyola&#8221; tamb\u00e9 vam fer una petita tert\u00falia sobre el que hav\u00edem apr\u00e9s:<\/p>\n<!--[if lt IE 9]><script>document.createElement('audio');<\/script><![endif]-->\n<audio class=\"wp-audio-shortcode\" id=\"audio-4062-1\" preload=\"none\" style=\"width: 100%;\" controls=\"controls\"><source type=\"audio\/mpeg\" src=\"http:\/\/agora.xtec.cat\/escjoanmaragall\/wp-content\/uploads\/usu115\/2016\/11\/tertulia4tprehistoria-online-audio-converter.com-1.mp3?_=1\" \/><a href=\"http:\/\/agora.xtec.cat\/escjoanmaragall\/wp-content\/uploads\/usu115\/2016\/11\/tertulia4tprehistoria-online-audio-converter.com-1.mp3\">http:\/\/agora.xtec.cat\/escjoanmaragall\/wp-content\/uploads\/usu115\/2016\/11\/tertulia4tprehistoria-online-audio-converter.com-1.mp3<\/a><\/audio>\n<p>&nbsp;<\/p>\n<p>Fent les eines i el vestuari de la prehist\u00f2ria.<\/p>\n<p><img loading=\"lazy\" decoding=\"async\" class=\"aligncenter size-medium wp-image-4933\" src=\"http:\/\/agora.xtec.cat\/escjoanmaragall\/wp-content\/uploads\/usu115\/2016\/10\/mosaic-1-428x376.jpg\" alt=\"mosaic-1\" width=\"428\" height=\"376\" \/><\/p>\n<p>&nbsp;<\/p>\n<p>Despr\u00e9s de fer un pas pels romans i descobrir que eren uns grans arquitectes, ens vam endinsar en l&#8217;Edat Mitjana. Primer entre tots vam pensar que en sab\u00edem i despr\u00e9s va arribar la pel\u00b7l\u00edcula.<\/p>\n<p>DESTINO DE CABALLERO<\/p>\n<p><img decoding=\"async\" class=\"aligncenter\" src=\"http:\/\/www.elrincondenesa.com\/wp-content\/uploads\/2012\/03\/destino-caballero.jpg\" alt=\"Resultat d'imatges de destino de caballero\" \/><\/p>\n<p>Aquesta pel\u00b7l\u00edcula ens va ensenyar moltes coses de l&#8217;edat mitjana i a m\u00e9s a m\u00e9s ens ho vam passar molt b\u00e9!<\/p>\n<p>L&#8217;element m\u00e9s representatiu d&#8217;aquesta \u00e8poca s\u00f3n els castells i despr\u00e9s de buscar informaci\u00f3: qui hi viu, com s&#8217;hi viu, perqu\u00e8 es fan en llocs elevats, etc hem decidit fer el nostre.<\/p>\n<p>Per grups es fa un castell, primer la recerca d&#8217;informaci\u00f3, despr\u00e9s l&#8217;esb\u00f3s i ja amb el material principal el castell.<\/p>\n<p><a href=\"http:\/\/agora.xtec.cat\/escjoanmaragall\/wp-content\/uploads\/usu115\/2016\/10\/page-1.jpg\"><img loading=\"lazy\" decoding=\"async\" class=\"aligncenter size-full wp-image-4521\" src=\"http:\/\/agora.xtec.cat\/escjoanmaragall\/wp-content\/uploads\/usu115\/2016\/10\/page-1.jpg\" alt=\"page\" width=\"402\" height=\"402\" \/><\/a><\/p>\n<p><a href=\"http:\/\/agora.xtec.cat\/escjoanmaragall\/wp-content\/uploads\/usu115\/2016\/10\/anigif.gif\"><img loading=\"lazy\" decoding=\"async\" class=\"aligncenter wp-image-4522\" src=\"http:\/\/agora.xtec.cat\/escjoanmaragall\/wp-content\/uploads\/usu115\/2016\/10\/anigif.gif\" alt=\"anigif\" width=\"433\" height=\"325\" \/><\/a><\/p>\n<p>Voleu veure el resultat final?<\/p>\n<p><a href=\"http:\/\/agora.xtec.cat\/escjoanmaragall\/wp-content\/uploads\/usu115\/2016\/10\/page-2.jpg\"><img loading=\"lazy\" decoding=\"async\" class=\"aligncenter wp-image-5001\" src=\"http:\/\/agora.xtec.cat\/escjoanmaragall\/wp-content\/uploads\/usu115\/2016\/10\/page-2.jpg\" alt=\"page\" width=\"440\" height=\"440\" \/><\/a><\/p>\n<p>A m\u00e9s a m\u00e9s del nostre castells fets en grup n&#8217;hem realitzat un de molt gran aprofitant la columna del cos de l&#8217;ascensor per a decorar el nostre repl\u00e0.<\/p>\n<p><iframe loading=\"lazy\" src=\"\/\/www.youtube.com\/embed\/FFzdviK9l7s\" width=\"560\" height=\"314\" allowfullscreen=\"allowfullscreen\"><\/iframe><\/p>\n<p>&nbsp;<\/p>\n<p>La societat de l&#8217;edat mitjana estava organitzada per estaments jerarquitzats. A la part m\u00e9s alta hi situem\u00a0\u00a0 els m\u00e9s privilegiats i a sota les classes menys afavorides. Aix\u00f2 queda reflectit en la pir\u00e0mide que hem constru\u00eft.<\/p>\n<p><img loading=\"lazy\" decoding=\"async\" class=\"aligncenter size-medium wp-image-4936\" src=\"http:\/\/agora.xtec.cat\/escjoanmaragall\/wp-content\/uploads\/usu115\/2016\/10\/pir\u00e0mide_opt-208x376.jpg\" alt=\"piramide_opt\" width=\"208\" height=\"376\" \/><\/p>\n<p>&nbsp;<\/p>\n<p>Tamb\u00e9 hem fabricat espases i escuts que duien els cavallers decorant-los amb els nostres dissenys personalitzats.<\/p>\n<p><img loading=\"lazy\" decoding=\"async\" class=\"aligncenter size-medium wp-image-4937\" src=\"http:\/\/agora.xtec.cat\/escjoanmaragall\/wp-content\/uploads\/usu115\/2016\/10\/mosaic-1-1-481x376.jpg\" alt=\"mosaic-1\" width=\"481\" height=\"376\" \/><\/p>\n<p>&nbsp;<\/p>\n<p>Despr\u00e9s de l&#8217;edat mitjana v\u00e0rem estudiar l&#8217;edat moderna, \u00e8poca dels navegants, inventors i artistes rellevants. Nosaltres, els alumnes de 3r, ens vam encuriosir per la traject\u00f2ria dels seg\u00fcents personatges: <em>Crist\u00f2for Colom<\/em> i <em>Leonardo Da Vinci<\/em>.<\/p>\n<p>&nbsp;<\/p>\n<p><img loading=\"lazy\" decoding=\"async\" class=\"aligncenter wp-image-4975\" src=\"http:\/\/agora.xtec.cat\/escjoanmaragall\/wp-content\/uploads\/usu115\/2016\/10\/mosaic-2-428x376.jpg\" alt=\"mosaic-2\" width=\"476\" height=\"418\" \/><\/p>\n<p>Per encetar l&#8217;\u00e8poca moderna l&#8217;alumnat de 4t vam anar a visitar el museu Roda roda de Lleida.<\/p>\n<p><a href=\"http:\/\/agora.xtec.cat\/escjoanmaragall\/wp-content\/uploads\/usu115\/2016\/10\/44.gif\"><img loading=\"lazy\" decoding=\"async\" class=\"aligncenter wp-image-4999\" src=\"http:\/\/agora.xtec.cat\/escjoanmaragall\/wp-content\/uploads\/usu115\/2016\/10\/44.gif\" alt=\"44\" width=\"255\" height=\"255\" \/><\/a><\/p>\n<p>&nbsp;<\/p>\n","protected":false},"excerpt":{"rendered":"<p>Cicle Mitj\u00e0 est\u00e0 treballant la hist\u00f2ria i ha comen\u00e7at visionant una pel\u00b7l\u00edcula que els ha endinsat a l&#8217;\u00e8poca prehist\u00f2rica.<br \/>\n<a href=\"http:\/\/agora.xtec.cat\/escjoanmaragall\/wp-content\/uploads\/usu115\/2016\/10\/The-Croods-8.jpg\"><\/a><br \/>\nLa pel\u00b7l\u00edcula ens va fer descobrir aspectes reals i ficticis d&#8217;aquella \u00e8poca i ens va animar a buscar informaci\u00f3 per a saber m\u00e9s coses sobre aquella&hellip;  <a href=\"https:\/\/agora.xtec.cat\/escjoanmaragall\/lucy\/\" title=\"Read LUCY, UN VIATGE PER LA HIST\u00d2RIA\">Llegeix m\u00e9s\u00bb<\/a><\/p>\n","protected":false},"author":1,"featured_media":0,"parent":0,"menu_order":0,"comment_status":"closed","ping_status":"closed","template":"","meta":{"_bbp_topic_count":0,"_bbp_reply_count":0,"_bbp_total_topic_count":0,"_bbp_total_reply_count":0,"_bbp_voice_count":0,"_bbp_anonymous_reply_count":0,"_bbp_topic_count_hidden":0,"_bbp_reply_count_hidden":0,"_bbp_forum_subforum_count":0,"footnotes":""},"class_list":["post-4062","page","type-page","status-publish","hentry"],"post_mailing_queue_ids":[],"_links":{"self":[{"href":"https:\/\/agora.xtec.cat\/escjoanmaragall\/wp-json\/wp\/v2\/pages\/4062","targetHints":{"allow":["GET"]}}],"collection":[{"href":"https:\/\/agora.xtec.cat\/escjoanmaragall\/wp-json\/wp\/v2\/pages"}],"about":[{"href":"https:\/\/agora.xtec.cat\/escjoanmaragall\/wp-json\/wp\/v2\/types\/page"}],"author":[{"embeddable":true,"href":"https:\/\/agora.xtec.cat\/escjoanmaragall\/wp-json\/wp\/v2\/users\/1"}],"replies":[{"embeddable":true,"href":"https:\/\/agora.xtec.cat\/escjoanmaragall\/wp-json\/wp\/v2\/comments?post=4062"}],"version-history":[{"count":4,"href":"https:\/\/agora.xtec.cat\/escjoanmaragall\/wp-json\/wp\/v2\/pages\/4062\/revisions"}],"predecessor-version":[{"id":5003,"href":"https:\/\/agora.xtec.cat\/escjoanmaragall\/wp-json\/wp\/v2\/pages\/4062\/revisions\/5003"}],"wp:attachment":[{"href":"https:\/\/agora.xtec.cat\/escjoanmaragall\/wp-json\/wp\/v2\/media?parent=4062"}],"curies":[{"name":"wp","href":"https:\/\/api.w.org\/{rel}","templated":true}]}}