{"id":3406,"date":"2016-05-06T10:42:27","date_gmt":"2016-05-06T09:42:27","guid":{"rendered":"http:\/\/agora.xtec.cat\/escjoanmaragall\/?page_id=3406"},"modified":"2016-06-16T06:05:22","modified_gmt":"2016-06-16T05:05:22","slug":"la-primavera-florida","status":"publish","type":"page","link":"https:\/\/agora.xtec.cat\/escjoanmaragall\/la-primavera-florida\/","title":{"rendered":"LA PRIMAVERA FLORIDA"},"content":{"rendered":"<p>Els alumnes de 4t vam fer una sortida al parc de La Mitjana i all\u00ed vam veure molts arbres tots plens de fulles que ens feien ombra i donava bo passejar. Les monitores ens anaven explicant coses sobre els arbres i altres plantes aix\u00ed com d&#8217;alguns animals que hi viuen, per\u00f2 no els varem poder observar tots ja que alguns s\u00f3n nocturns aix\u00f2 s\u00ed, en vam observar les seves petjades. Passejant vam arribar al riu i llavors amb uns prism\u00e0tics varem intentar veure els \u00e0necs que acostumen a nedar pel Segre.Despr\u00e9s vam dinar a la zona d&#8217; esbarjo i els alumnes varen poder jugar una bona estona.<\/p>\n<p><a href=\"http:\/\/agora.xtec.cat\/escjoanmaragall\/wp-content\/uploads\/usu115\/2016\/05\/DSC00516.jpg\"><img loading=\"lazy\" decoding=\"async\" class=\" wp-image-3444 aligncenter\" src=\"http:\/\/agora.xtec.cat\/escjoanmaragall\/wp-content\/uploads\/usu115\/2016\/05\/DSC00516-1024x576.jpg\" alt=\"DSC00516\" width=\"607\" height=\"341\" \/><\/a><\/p>\n<p><a href=\"http:\/\/agora.xtec.cat\/escjoanmaragall\/wp-content\/uploads\/usu115\/2016\/05\/DSC00544.jpg\"><img loading=\"lazy\" decoding=\"async\" class=\" wp-image-3447 aligncenter\" src=\"http:\/\/agora.xtec.cat\/escjoanmaragall\/wp-content\/uploads\/usu115\/2016\/05\/DSC00544-1024x576.jpg\" alt=\"DSC00544\" width=\"621\" height=\"349\" \/><\/a><\/p>\n<p>L&#8217;endem\u00e0 \u00a0a l&#8217;escola despr\u00e9s de parlar sobre la sortida els alumnes van decidir estudiar m\u00e9s coses sobre les plantes i vam posar t\u00edtol al la nova tasca LA PRIMAVERA FLORIDA perqu\u00e8 ens varem fixar que l&#8217;hort d&#8217; E.Infantil estava tot florit.<\/p>\n<p style=\"text-align: left;\">La primera activitat va estar la visita a l&#8217;hort per observar les plantes i les seves parts. Tenen moltes plantes unes fan olor i es poden \u00a0fer servir per cuinar. Tenen arbres com l&#8217;albercoquer i un cirerer amb 4 floretes, carxofera, maduixeres&#8230; i m\u00e9s plantes.A la maduixera vam poder-hi observar una branqueta que es tornava a clavar dintre el s\u00f2l. La senyoreta ens va explicar que servia per reproduir-se. A m\u00e9s a m\u00e9s la senyoreta Kari ens va ensenyar uns cucs que hi ha al s\u00f2l on estan plantades les plantes .UFFFF!!!!!!!!!! ara ens fem moltes preguntes i mirarem de aclarir-les i aquesta ser\u00e0 la nostra tasca.<\/p>\n<p><a href=\"http:\/\/agora.xtec.cat\/escjoanmaragall\/wp-content\/uploads\/usu115\/2016\/05\/DSC00489.jpg\"><img loading=\"lazy\" decoding=\"async\" class=\" wp-image-3454 aligncenter\" src=\"http:\/\/agora.xtec.cat\/escjoanmaragall\/wp-content\/uploads\/usu115\/2016\/05\/DSC00489-1024x745.jpg\" alt=\"DSC00489\" width=\"400\" height=\"291\" \/><\/a>\u00a0 \u00a0 \u00a0 \u00a0 \u00a0\u00a0<a href=\"http:\/\/agora.xtec.cat\/escjoanmaragall\/wp-content\/uploads\/usu115\/2016\/05\/DSC004931.jpg\"><img loading=\"lazy\" decoding=\"async\" class=\" wp-image-3457 aligncenter\" src=\"http:\/\/agora.xtec.cat\/escjoanmaragall\/wp-content\/uploads\/usu115\/2016\/05\/DSC004931.jpg\" alt=\"DSC00493\" width=\"403\" height=\"227\" \/><\/a><\/p>\n<p>&nbsp;<\/p>\n<p>B\u00e9 doncs, el primer que varem fer \u00e9s observar una planta, la vam tocar \u00a0i fins i tot, en vam trencar alguns trossos \u00a0i nombrar les seves parts. Despr\u00e9s la vam dibuixar posant molta atenci\u00f3.<\/p>\n<p><a href=\"http:\/\/agora.xtec.cat\/escjoanmaragall\/wp-content\/uploads\/usu115\/2016\/05\/DSC00495.jpg\"><img loading=\"lazy\" decoding=\"async\" class=\"alignnone wp-image-3513\" src=\"http:\/\/agora.xtec.cat\/escjoanmaragall\/wp-content\/uploads\/usu115\/2016\/05\/DSC00495-1024x576.jpg\" alt=\"DSC00495\" width=\"333\" height=\"187\" \/><\/a>\u00a0 \u00a0 \u00a0 \u00a0 \u00a0 \u00a0 \u00a0 \u00a0 \u00a0 \u00a0 \u00a0 \u00a0 \u00a0\u00a0<a href=\"http:\/\/agora.xtec.cat\/escjoanmaragall\/wp-content\/uploads\/usu115\/2016\/05\/DSC00496.jpg\"><img loading=\"lazy\" decoding=\"async\" class=\"alignnone wp-image-3515\" src=\"http:\/\/agora.xtec.cat\/escjoanmaragall\/wp-content\/uploads\/usu115\/2016\/05\/DSC00496-1024x576.jpg\" alt=\"DSC00496\" width=\"320\" height=\"180\" \/><\/a><\/p>\n<p>&nbsp;<\/p>\n<p><a href=\"http:\/\/agora.xtec.cat\/escjoanmaragall\/wp-content\/uploads\/usu115\/2016\/05\/DSC00499.jpg\"><img loading=\"lazy\" decoding=\"async\" class=\" wp-image-3517 aligncenter\" src=\"http:\/\/agora.xtec.cat\/escjoanmaragall\/wp-content\/uploads\/usu115\/2016\/05\/DSC00499-1024x576.jpg\" alt=\"DSC00499\" width=\"560\" height=\"315\" \/><\/a><\/p>\n<p>Una altra observaci\u00f3 va estar la de les parts d&#8217;una flor.Amb una lupa vam poder veure una mica b\u00e9 el PISTIL,ESTAMS I ANTERES. Les parts m\u00e9s externes ( P\u00c8TALS , S\u00c8PALS formant COROL\u00b7LA I CALZE ) ja les tenim molt vistes, per\u00f2 en varem prendre consciencia.<\/p>\n<p><a href=\"http:\/\/agora.xtec.cat\/escjoanmaragall\/wp-content\/uploads\/usu115\/2016\/05\/DSC00590.jpg\"><img loading=\"lazy\" decoding=\"async\" class=\" wp-image-3518 aligncenter\" src=\"http:\/\/agora.xtec.cat\/escjoanmaragall\/wp-content\/uploads\/usu115\/2016\/05\/DSC00590-1024x576.jpg\" alt=\"DSC00590\" width=\"596\" height=\"336\" \/><\/a><\/p>\n<p>&nbsp;<\/p>\n<p><a href=\"http:\/\/agora.xtec.cat\/escjoanmaragall\/wp-content\/uploads\/usu115\/2016\/05\/DSC005911.jpg\"><img loading=\"lazy\" decoding=\"async\" class=\" wp-image-3521 aligncenter\" src=\"http:\/\/agora.xtec.cat\/escjoanmaragall\/wp-content\/uploads\/usu115\/2016\/05\/DSC005911-1024x576.jpg\" alt=\"DSC00591\" width=\"611\" height=\"344\" \/><\/a><\/p>\n<p>&nbsp;<\/p>\n<p>PER A QU\u00c8 SERVEIXEN AQUESTES PARTS???<\/p>\n<p>Varem buscar informaci\u00f3 i vam aprendre que servien per a reproduir-se i que no totes les plantes ho fan de la mateixa manera aix\u00ed \u00a0que varem comen\u00e7ar a estudiar-ho m\u00e9s detingudament i vam aprendre que la REPRODUCCIO DE LES PLANTES pot fer-se de varies maneres com ara :<\/p>\n<p>&#8211; POL\u00b7LINITZACI\u00d3. ( INSECTES , VENT, ALGUN OCELL )<\/p>\n<p><a href=\"http:\/\/agora.xtec.cat\/escjoanmaragall\/wp-content\/uploads\/usu115\/2016\/05\/DSC00641.jpg\"><img loading=\"lazy\" decoding=\"async\" class=\"wp-image-3653 aligncenter\" src=\"http:\/\/agora.xtec.cat\/escjoanmaragall\/wp-content\/uploads\/usu115\/2016\/05\/DSC00641-1024x576.jpg\" alt=\"DSC00641\" width=\"453\" height=\"255\" \/><\/a><\/p>\n<p>&#8211; RIZOMES. ( MENTA )<\/p>\n<p><a href=\"http:\/\/agora.xtec.cat\/escjoanmaragall\/wp-content\/uploads\/usu115\/2016\/05\/DSC00611.jpg\"><img loading=\"lazy\" decoding=\"async\" class=\"alignnone wp-image-3650\" src=\"http:\/\/agora.xtec.cat\/escjoanmaragall\/wp-content\/uploads\/usu115\/2016\/05\/DSC00611-1024x576.jpg\" alt=\"DSC00611\" width=\"380\" height=\"214\" \/><\/a>\u00a0 \u00a0 \u00a0\u00a0 <a href=\"http:\/\/agora.xtec.cat\/escjoanmaragall\/wp-content\/uploads\/usu115\/2016\/05\/DSC00614.jpg\"><img loading=\"lazy\" decoding=\"async\" class=\"alignnone wp-image-3651\" src=\"http:\/\/agora.xtec.cat\/escjoanmaragall\/wp-content\/uploads\/usu115\/2016\/05\/DSC00614-1024x576.jpg\" alt=\"DSC00614\" width=\"379\" height=\"213\" \/><\/a><\/p>\n<p>&#8211; BULBS.( CEBA )<\/p>\n<p><a href=\"http:\/\/agora.xtec.cat\/escjoanmaragall\/wp-content\/uploads\/usu115\/2016\/05\/DSC00599.jpg\"><img loading=\"lazy\" decoding=\"async\" class=\" wp-image-3610 aligncenter\" src=\"http:\/\/agora.xtec.cat\/escjoanmaragall\/wp-content\/uploads\/usu115\/2016\/05\/DSC00599-1024x576.jpg\" alt=\"DSC00599\" width=\"617\" height=\"347\" \/><\/a><\/p>\n<p>&#8211; TUBERCLES ( PATATA )<\/p>\n<p><a href=\"http:\/\/agora.xtec.cat\/escjoanmaragall\/wp-content\/uploads\/usu115\/2016\/05\/DSC00603.jpg\"><img loading=\"lazy\" decoding=\"async\" class=\" wp-image-3611 aligncenter\" src=\"http:\/\/agora.xtec.cat\/escjoanmaragall\/wp-content\/uploads\/usu115\/2016\/05\/DSC00603-1024x576.jpg\" alt=\"DSC00603\" width=\"611\" height=\"344\" \/><\/a><\/p>\n<p>&#8211; ESQUEIXOS. ( PHOTUS )<\/p>\n<p><a href=\"http:\/\/agora.xtec.cat\/escjoanmaragall\/wp-content\/uploads\/usu115\/2016\/05\/DSC005964.jpg\"><img loading=\"lazy\" decoding=\"async\" class=\"alignnone wp-image-3645\" src=\"http:\/\/agora.xtec.cat\/escjoanmaragall\/wp-content\/uploads\/usu115\/2016\/05\/DSC005964.jpg\" alt=\"DSC00596\" width=\"162\" height=\"287\" \/><\/a>\u00a0 \u00a0 \u00a0 \u00a0<a href=\"http:\/\/agora.xtec.cat\/escjoanmaragall\/wp-content\/uploads\/usu115\/2016\/05\/DSC00615.jpg\"><img loading=\"lazy\" decoding=\"async\" class=\"wp-image-3647 alignnone\" src=\"http:\/\/agora.xtec.cat\/escjoanmaragall\/wp-content\/uploads\/usu115\/2016\/05\/DSC00615-1024x576.jpg\" alt=\"DSC00615\" width=\"262\" height=\"147\" \/><\/a>\u00a0 \u00a0 \u00a0 \u00a0 \u00a0 \u00a0<a href=\"http:\/\/agora.xtec.cat\/escjoanmaragall\/wp-content\/uploads\/usu115\/2016\/05\/DSC00616.jpg\"><img loading=\"lazy\" decoding=\"async\" class=\"wp-image-3648 alignnone\" src=\"http:\/\/agora.xtec.cat\/escjoanmaragall\/wp-content\/uploads\/usu115\/2016\/05\/DSC00616-1024x576.jpg\" alt=\"DSC00616\" width=\"265\" height=\"149\" \/><\/a><\/p>\n<p>LLAVORS ( LLENTIES )<\/p>\n<p><a href=\"http:\/\/agora.xtec.cat\/escjoanmaragall\/wp-content\/uploads\/usu115\/2016\/05\/DSC00601.jpg\"><img loading=\"lazy\" decoding=\"async\" class=\"wp-image-3622 aligncenter\" src=\"http:\/\/agora.xtec.cat\/escjoanmaragall\/wp-content\/uploads\/usu115\/2016\/05\/DSC00601-1024x576.jpg\" alt=\"DSC00601\" width=\"637\" height=\"358\" \/><\/a><\/p>\n<p>&nbsp;<\/p>\n<p>La que ens ha donat m\u00e9s resultat ha estat la plantada de llavors i la d&#8217;esqueixos les altres no ens ha crescut res per\u00f2 ens ha servit per observar alguns elements com ara els rizomes de la menta.<\/p>\n<p>Despr\u00e9s de plantar cada planta la varem regar perqu\u00e8 sabem que l&#8217;aigua serveix per desfer els nutrients que cont\u00e9 el s\u00f2l, per\u00f2 va sorgir noves preguntes:<\/p>\n<p>&#8211; UNA VEGADA CREIX LA PLANTA, COM PUJA L&#8217;AIGUA AMB ELS NUTRIENTS?<\/p>\n<p>I vam haver d&#8217;investigar-ho amb un\u00a0<strong>EXPERIMENT.<\/strong><\/p>\n<p><strong>PROCEDIMENT.<\/strong><\/p>\n<p>&#8211; Tenyir aigua amb colorant alimentari.<\/p>\n<p>&#8211; Introduir al pot una tija d&#8217; api.<\/p>\n<p>&#8211; Esperar i observar qu\u00e8 passa.<\/p>\n<p><a href=\"http:\/\/agora.xtec.cat\/escjoanmaragall\/wp-content\/uploads\/usu115\/2016\/05\/DSC00620.jpg\"><img loading=\"lazy\" decoding=\"async\" class=\"alignnone wp-image-3656\" src=\"http:\/\/agora.xtec.cat\/escjoanmaragall\/wp-content\/uploads\/usu115\/2016\/05\/DSC00620-1024x576.jpg\" alt=\"DSC00620\" width=\"324\" height=\"182\" \/><\/a>\u00a0 \u00a0 \u00a0 \u00a0 \u00a0 \u00a0 \u00a0\u00a0<a href=\"http:\/\/agora.xtec.cat\/escjoanmaragall\/wp-content\/uploads\/usu115\/2016\/05\/DSC00629.jpg\"><img loading=\"lazy\" decoding=\"async\" class=\"alignnone wp-image-3657\" src=\"http:\/\/agora.xtec.cat\/escjoanmaragall\/wp-content\/uploads\/usu115\/2016\/05\/DSC00629-1024x576.jpg\" alt=\"DSC00629\" width=\"323\" height=\"182\" \/><\/a><\/p>\n<p>RESULTAT DE L&#8217;OBSERVACI\u00d3.<\/p>\n<p>La tija de l&#8217; \u00e0pi s&#8217;ha tenyit de color vermell, per\u00f2 no tot a l&#8217;ample si no que es veia com unes ralletes de color vermell aix\u00ed com la foto de sota. Vam fer el mateix amb unes margarides , per\u00f2 amb color blau i es van tintar les puntes dels p\u00e8tals. Per veure-ho millor ho vam observar a trav\u00e9s d&#8217;una lupa binocular i llavors vam veure que hi ha com uns tubs per on havia passat el l\u00edquid vermell. Vam aprendre que aquests tubs s&#8217;anomenen <strong>TUBS LLENYOSOS<\/strong> i que s\u00f3n molt prims.<\/p>\n<p>Un company va preguntar si l&#8217;aigua tenia \u00a0for\u00e7a per repartir-se per tota la planta, llavors la senyoreta ens va explicar que aix\u00f2 passava per un fet que es diu <strong>CAPIL\u00b7LARITAT.<\/strong><\/p>\n<p>&nbsp;<\/p>\n<p><img loading=\"lazy\" decoding=\"async\" class=\"alignnone wp-image-3721\" src=\"http:\/\/agora.xtec.cat\/escjoanmaragall\/wp-content\/uploads\/usu115\/2016\/05\/DSC00635-150x150.jpg\" alt=\"DSC00635\" width=\"241\" height=\"241\" \/>\u00a0 \u00a0 \u00a0 \u00a0 \u00a0 \u00a0 \u00a0<img loading=\"lazy\" decoding=\"async\" class=\"alignnone wp-image-3722\" src=\"http:\/\/agora.xtec.cat\/escjoanmaragall\/wp-content\/uploads\/usu115\/2016\/05\/DSC00637-150x150.jpg\" alt=\"DSC00637\" width=\"238\" height=\"238\" \/>\u00a0<img loading=\"lazy\" decoding=\"async\" class=\" wp-image-3723 alignright\" src=\"http:\/\/agora.xtec.cat\/escjoanmaragall\/wp-content\/uploads\/usu115\/2016\/05\/DSC00638-150x150.jpg\" alt=\"DSC00638\" width=\"231\" height=\"231\" \/><\/p>\n<p>A m\u00e9s a m\u00e9s varem fer maquetes de plantes per anar a explicar als companys m\u00e9s petits, com eren les plantes per dintre.<\/p>\n<p><img loading=\"lazy\" decoding=\"async\" class=\"alignnone wp-image-3726\" src=\"http:\/\/agora.xtec.cat\/escjoanmaragall\/wp-content\/uploads\/usu115\/2016\/05\/DSC00685-150x150.jpg\" alt=\"DSC00685\" width=\"220\" height=\"220\" \/>\u00a0 \u00a0 \u00a0 \u00a0 \u00a0 \u00a0 \u00a0 \u00a0<img loading=\"lazy\" decoding=\"async\" class=\"alignnone wp-image-3727\" src=\"http:\/\/agora.xtec.cat\/escjoanmaragall\/wp-content\/uploads\/usu115\/2016\/05\/DSC00683-150x150.jpg\" alt=\"DSC00683\" width=\"222\" height=\"222\" \/>\u00a0 \u00a0 \u00a0 \u00a0 \u00a0 \u00a0 \u00a0 \u00a0 \u00a0<img loading=\"lazy\" decoding=\"async\" class=\"alignnone wp-image-3728\" src=\"http:\/\/agora.xtec.cat\/escjoanmaragall\/wp-content\/uploads\/usu115\/2016\/05\/DSC00692-150x150.jpg\" alt=\"DSC00692\" width=\"217\" height=\"217\" \/><\/p>\n<p>&nbsp;<\/p>\n<p>Aquest \u00e9s el resultat.<\/p>\n<p>&nbsp;<\/p>\n<p><img loading=\"lazy\" decoding=\"async\" class=\" wp-image-3807 aligncenter\" src=\"http:\/\/agora.xtec.cat\/escjoanmaragall\/wp-content\/uploads\/usu115\/2016\/05\/DSC00699-1-e1465917109925-150x150.jpg\" alt=\"DSC00699\" width=\"291\" height=\"291\" \/><\/p>\n<p>En aquesta maqueta es poden veure els tubs llenyosos de l&#8217;interior.<\/p>\n<p>&nbsp;<\/p>\n<p><img loading=\"lazy\" decoding=\"async\" class=\"alignnone wp-image-3816\" src=\"http:\/\/agora.xtec.cat\/escjoanmaragall\/wp-content\/uploads\/usu115\/2016\/05\/DSC00701-5-150x150.jpg\" alt=\"DSC00701\" width=\"256\" height=\"256\" \/>\u00a0 \u00a0 \u00a0 \u00a0 \u00a0 \u00a0 \u00a0 \u00a0 \u00a0 \u00a0 \u00a0 \u00a0 \u00a0 \u00a0 \u00a0 \u00a0 \u00a0 \u00a0 \u00a0 \u00a0 \u00a0 \u00a0 \u00a0 \u00a0 \u00a0 \u00a0 \u00a0 \u00a0 \u00a0 \u00a0 \u00a0 \u00a0<img loading=\"lazy\" decoding=\"async\" class=\"alignnone wp-image-3822\" src=\"http:\/\/agora.xtec.cat\/escjoanmaragall\/wp-content\/uploads\/usu115\/2016\/05\/DSC00716-150x150.jpg\" alt=\"DSC00716\" width=\"256\" height=\"256\" \/><\/p>\n<p>En aquestes dues es poden apreciar for\u00e7a b\u00e9 les arrels amb l&#8217;aigua i les sals minerals absorvides.<\/p>\n<p>&nbsp;<\/p>\n<p><img loading=\"lazy\" decoding=\"async\" class=\"wp-image-3825 aligncenter\" src=\"http:\/\/agora.xtec.cat\/escjoanmaragall\/wp-content\/uploads\/usu115\/2016\/05\/DSC00703-150x150.jpg\" alt=\"DSC00703\" width=\"230\" height=\"230\" \/><\/p>\n<p>&nbsp;<\/p>\n<p>I en aquesta hem volgut mostrar els \u00f2rgan de l&#8217;interior de les flors ( estams, pistil ) i els p\u00e8tals que formen la corol\u00b7la aix\u00ed com els grans de pol\u00b7len de les anteres que participen en la pol\u00b7linitzaci\u00f3.<\/p>\n<p>Per acabar varem anar a explicar als companys m\u00e9s petits \u00a0all\u00f2 que haviem apr\u00e8s com ara la pol\u00b7linitzaci\u00f3.<\/p>\n<p><img loading=\"lazy\" decoding=\"async\" class=\"alignnone wp-image-3828\" src=\"http:\/\/agora.xtec.cat\/escjoanmaragall\/wp-content\/uploads\/usu115\/2016\/05\/DSC00708-150x150.jpg\" alt=\"DSC00708\" width=\"218\" height=\"218\" \/>\u00a0 \u00a0 \u00a0<img loading=\"lazy\" decoding=\"async\" class=\"alignnone wp-image-3830\" src=\"http:\/\/agora.xtec.cat\/escjoanmaragall\/wp-content\/uploads\/usu115\/2016\/05\/DSC00713-150x150.jpg\" alt=\"DSC00713\" width=\"218\" height=\"218\" \/><\/p>\n<p>&nbsp;<\/p>\n<p>&nbsp;<\/p>\n<p>&nbsp;<\/p>\n","protected":false},"excerpt":{"rendered":"<p>Els alumnes de 4t vam fer una sortida al parc de La Mitjana i all\u00ed vam veure molts arbres tots plens de fulles que ens feien ombra i donava bo passejar. Les monitores ens anaven explicant coses sobre els arbres i altres plantes aix\u00ed com&hellip;  <a href=\"https:\/\/agora.xtec.cat\/escjoanmaragall\/la-primavera-florida\/\" title=\"Read LA PRIMAVERA FLORIDA\">Llegeix m\u00e9s\u00bb<\/a><\/p>\n","protected":false},"author":1,"featured_media":0,"parent":0,"menu_order":0,"comment_status":"closed","ping_status":"closed","template":"","meta":{"_bbp_topic_count":0,"_bbp_reply_count":0,"_bbp_total_topic_count":0,"_bbp_total_reply_count":0,"_bbp_voice_count":0,"_bbp_anonymous_reply_count":0,"_bbp_topic_count_hidden":0,"_bbp_reply_count_hidden":0,"_bbp_forum_subforum_count":0,"footnotes":""},"class_list":["post-3406","page","type-page","status-publish","hentry"],"post_mailing_queue_ids":[],"_links":{"self":[{"href":"https:\/\/agora.xtec.cat\/escjoanmaragall\/wp-json\/wp\/v2\/pages\/3406","targetHints":{"allow":["GET"]}}],"collection":[{"href":"https:\/\/agora.xtec.cat\/escjoanmaragall\/wp-json\/wp\/v2\/pages"}],"about":[{"href":"https:\/\/agora.xtec.cat\/escjoanmaragall\/wp-json\/wp\/v2\/types\/page"}],"author":[{"embeddable":true,"href":"https:\/\/agora.xtec.cat\/escjoanmaragall\/wp-json\/wp\/v2\/users\/1"}],"replies":[{"embeddable":true,"href":"https:\/\/agora.xtec.cat\/escjoanmaragall\/wp-json\/wp\/v2\/comments?post=3406"}],"version-history":[{"count":4,"href":"https:\/\/agora.xtec.cat\/escjoanmaragall\/wp-json\/wp\/v2\/pages\/3406\/revisions"}],"predecessor-version":[{"id":3834,"href":"https:\/\/agora.xtec.cat\/escjoanmaragall\/wp-json\/wp\/v2\/pages\/3406\/revisions\/3834"}],"wp:attachment":[{"href":"https:\/\/agora.xtec.cat\/escjoanmaragall\/wp-json\/wp\/v2\/media?parent=3406"}],"curies":[{"name":"wp","href":"https:\/\/api.w.org\/{rel}","templated":true}]}}