{"id":3002,"date":"2016-02-15T20:14:49","date_gmt":"2016-02-15T19:14:49","guid":{"rendered":"http:\/\/agora.xtec.cat\/escjoanmaragall\/?page_id=3002"},"modified":"2016-05-26T15:16:45","modified_gmt":"2016-05-26T14:16:45","slug":"habits-saludables","status":"publish","type":"page","link":"https:\/\/agora.xtec.cat\/escjoanmaragall\/habits-saludables\/","title":{"rendered":"H\u00c0BITS SALUDABLES"},"content":{"rendered":"<p>Aquest curs a l\u2019escola fem un projecte d\u2019h\u00e0bits saludables. Una de les propostes ha estat esmorzar fruita cada dimarts durant tot el curs 2015-16.<\/p>\n<p>Els alumnes de cicle infantil han recollit les dades durant el mes de novembre. Els nens i nenes posaven un gomet al tipus de fruita en un mural de la classe.<\/p>\n<p>Els alumnes de cicle inicial i cicle mitj\u00e0 han recollit les dades dels mesos octubre, novembre, desembre i gener. Aquets cursos han fet un estudi diferent, ja que han recollit la tipologia d\u2019 esmorzars de cada dia de la setmana: entrep\u00e0, brioixeria, fruita, altres i res. La tipologia \u201caltres\u201d correspon a Actimels, sucs, patates, iogurts&#8230;<\/p>\n<p>Posteriorment, a cicle superior hem fet un treball m\u00e9s matem\u00e0tic recollint les dades de tota l\u2019escola, ordenant-les, fent taules de freq\u00fc\u00e8ncies (absoluta), calculant mitjanes i modes, fent gr\u00e0fics i finalment analitzant i comunicant els resultats.<\/p>\n<p>Els alumnes de 6\u00e8B han fet cicle inicial; els alumnes de 6\u00e8A, cicle mitj\u00e0 i els alumne de 5\u00e8, cicle infantil.<\/p>\n<p><a href=\"http:\/\/agora.xtec.cat\/escjoanmaragall\/wp-content\/uploads\/usu115\/2016\/02\/DSCN1007.jpg\"><img loading=\"lazy\" decoding=\"async\" class=\"alignnone size-full wp-image-3163\" src=\"http:\/\/agora.xtec.cat\/escjoanmaragall\/wp-content\/uploads\/usu115\/2016\/02\/DSCN1007.jpg\" alt=\"DSCN1007\" width=\"336\" height=\"426\" \/><\/a><\/p>\n<p>A 6\u00e8 hem treballat en grups cooperatius de 3 o 4 persones, un comptava, l\u2019altre escrivia a l\u2019ordinador, l\u2019altre buscava el material. A partir del full de dades recollides pels cursos inferiors vam obrir un document\u00a0 Word, vam inserir una taula i vam anotar les quantitats corresponents. Vam sumar i vam fer constar la freq\u00fc\u00e8ncia absoluta, i despr\u00e9s vam calcular la mitjana aritm\u00e8tica arrodonint a les unitats.<\/p>\n<p><a href=\"http:\/\/agora.xtec.cat\/escjoanmaragall\/wp-content\/uploads\/usu115\/2016\/02\/DSCN1009.jpg\"><img loading=\"lazy\" decoding=\"async\" class=\"alignnone size-full wp-image-3164\" src=\"http:\/\/agora.xtec.cat\/escjoanmaragall\/wp-content\/uploads\/usu115\/2016\/02\/DSCN1009.jpg\" alt=\"DSCN1009\" width=\"640\" height=\"228\" \/><\/a> <a href=\"http:\/\/agora.xtec.cat\/escjoanmaragall\/wp-content\/uploads\/usu115\/2016\/02\/DSCN1010.jpg\"><img loading=\"lazy\" decoding=\"async\" class=\"alignnone size-full wp-image-3165\" src=\"http:\/\/agora.xtec.cat\/escjoanmaragall\/wp-content\/uploads\/usu115\/2016\/02\/DSCN1010.jpg\" alt=\"DSCN1010\" width=\"640\" height=\"413\" \/><\/a><\/p>\n<p style=\"text-align: left;\">\u00a0 Vam comentar les dades obtingudes, les vam passar al programa Excel i despr\u00e9s vam fer gr\u00e0fics variats (diagrama de barres i sectors en 2 i 3 dimensions).<\/p>\n<p style=\"text-align: left;\"><a href=\"http:\/\/agora.xtec.cat\/escjoanmaragall\/wp-content\/uploads\/usu115\/2016\/02\/DSCN1004.jpg\"><img loading=\"lazy\" decoding=\"async\" class=\"alignnone size-full wp-image-3166\" src=\"http:\/\/agora.xtec.cat\/escjoanmaragall\/wp-content\/uploads\/usu115\/2016\/02\/DSCN1004.jpg\" alt=\"DSCN1004\" width=\"640\" height=\"480\" \/><\/a><\/p>\n<p style=\"text-align: left;\">A continuaci\u00f3 i per grups vam preparar una presentaci\u00f3 per anar a les classes respectives a exposar els resultats i a donar unes recomanacions per esmorzar m\u00e9s saludablement. Vam portar un mural on hi havia la gr\u00e0fica del curs i del cicle i els hi vam explicar tan b\u00e9 com vam saber.<\/p>\n<p style=\"text-align: left;\"><a href=\"http:\/\/agora.xtec.cat\/escjoanmaragall\/wp-content\/uploads\/usu115\/2016\/02\/foto-1-web-expo.jpg\"><img loading=\"lazy\" decoding=\"async\" class=\"alignnone size-full wp-image-3670\" src=\"http:\/\/agora.xtec.cat\/escjoanmaragall\/wp-content\/uploads\/usu115\/2016\/02\/foto-1-web-expo.jpg\" alt=\"foto 1 web expo\" width=\"448\" height=\"273\" \/><\/a><\/p>\n<p style=\"text-align: left;\"><a href=\"http:\/\/agora.xtec.cat\/escjoanmaragall\/wp-content\/uploads\/usu115\/2016\/02\/foto-2-expo-esmor.jpg\"><img loading=\"lazy\" decoding=\"async\" class=\"alignnone size-full wp-image-3671\" src=\"http:\/\/agora.xtec.cat\/escjoanmaragall\/wp-content\/uploads\/usu115\/2016\/02\/foto-2-expo-esmor.jpg\" alt=\"foto 2 expo esmor\" width=\"448\" height=\"303\" \/><\/a><a href=\"http:\/\/agora.xtec.cat\/escjoanmaragall\/wp-content\/uploads\/usu115\/2016\/02\/fot0-3-web-expo.jpg\"><img loading=\"lazy\" decoding=\"async\" class=\"alignnone size-full wp-image-3672\" src=\"http:\/\/agora.xtec.cat\/escjoanmaragall\/wp-content\/uploads\/usu115\/2016\/02\/fot0-3-web-expo.jpg\" alt=\"fot0 3 web expo\" width=\"448\" height=\"207\" \/><\/a><\/p>\n<p style=\"text-align: left;\">Esperem que millorin els esmorzars a tots els cursos per a qu\u00e8 tinguem h\u00e0bits m\u00e9s saludables!<\/p>\n<p style=\"text-align: left;\">Bon profit!!<\/p>\n<p style=\"text-align: left;\">Els nens de 4t hem volgut reflexionar sobre els h\u00e0bits saludables que tenim assolits, ja que a l&#8217;escola estem fent un estudi sobre els esmorzar saludables i aix\u00f2 ens ha despertat la curiositat sobre els altres h\u00e0bits dels que hem sentit a parlar com ara:<\/p>\n<ul style=\"list-style-type: disc;\">\n<li style=\"text-align: left;\">Alimentaci\u00f3.<\/li>\n<li style=\"text-align: left;\">Descans.<\/li>\n<li style=\"text-align: left;\">Esport.<\/li>\n<li style=\"text-align: left;\">Higiene<\/li>\n<li style=\"text-align: left;\">Postures corporals.<\/li>\n<\/ul>\n<p>A partir d&#8217;aqu\u00ed v\u00e0rem elaborar un mapa conceptual que va quedar aix\u00ed.<\/p>\n<p><a href=\"http:\/\/agora.xtec.cat\/escjoanmaragall\/wp-content\/uploads\/usu115\/2016\/02\/foto-mural.jpg\"><img loading=\"lazy\" decoding=\"async\" class=\"  wp-image-3030 aligncenter\" src=\"http:\/\/agora.xtec.cat\/escjoanmaragall\/wp-content\/uploads\/usu115\/2016\/02\/foto-mural-1024x520.jpg\" alt=\"foto mural\" width=\"616\" height=\"313\" \/><\/a><\/p>\n<p>&nbsp;<\/p>\n<p>En les seg\u00fcents sessions \u00a0ens varem distribuir en tants grups de nens com h\u00e0bits vol\u00edem treballar, vam buscar informaci\u00f3 i vam decidir quina part exposaria cadasc\u00fa. A m\u00e9s a m\u00e9s varem buscar imatges que representessin all\u00f2 que exposar\u00edem.<\/p>\n<p>Ara us mostrem unes fotos per a qu\u00e8 us en feu una idea.<\/p>\n<p>&nbsp;<\/p>\n<p><a href=\"http:\/\/agora.xtec.cat\/escjoanmaragall\/wp-content\/uploads\/usu115\/2016\/02\/dos-grups-joel-Aladgi-1.jpg\"><img loading=\"lazy\" decoding=\"async\" class=\"alignnone  wp-image-3054\" src=\"http:\/\/agora.xtec.cat\/escjoanmaragall\/wp-content\/uploads\/usu115\/2016\/02\/dos-grups-joel-Aladgi-1-1024x528.jpg\" alt=\"dos grups ( joel -Aladgi )\" width=\"343\" height=\"177\" \/><\/a>\u00a0 \u00a0 \u00a0 \u00a0\u00a0<a href=\"http:\/\/agora.xtec.cat\/escjoanmaragall\/wp-content\/uploads\/usu115\/2016\/02\/DSC00338.jpg\"><img loading=\"lazy\" decoding=\"async\" class=\"alignnone  wp-image-3058\" src=\"http:\/\/agora.xtec.cat\/escjoanmaragall\/wp-content\/uploads\/usu115\/2016\/02\/DSC00338-1024x576.jpg\" alt=\"DSC00338\" width=\"315\" height=\"177\" \/><\/a><\/p>\n<p>El grup de l&#8217;alimentaci\u00f3 i el que treballava els esports van elaborar una pir\u00e0mide per explicar- se millor.<\/p>\n<p><a href=\"http:\/\/agora.xtec.cat\/escjoanmaragall\/wp-content\/uploads\/usu115\/2016\/02\/DSC00431_opt.jpg\"><img loading=\"lazy\" decoding=\"async\" class=\"alignnone  wp-image-3074\" src=\"http:\/\/agora.xtec.cat\/escjoanmaragall\/wp-content\/uploads\/usu115\/2016\/02\/DSC00431_opt.jpg\" alt=\"DSC00431_opt\" width=\"235\" height=\"313\" \/><\/a>\u00a0 \u00a0 \u00a0 \u00a0 \u00a0 \u00a0 \u00a0 \u00a0 \u00a0 \u00a0 \u00a0 \u00a0 \u00a0 \u00a0 \u00a0 \u00a0 \u00a0 \u00a0 \u00a0 \u00a0 \u00a0 \u00a0 \u00a0 \u00a0 \u00a0\u00a0<a href=\"http:\/\/agora.xtec.cat\/escjoanmaragall\/wp-content\/uploads\/usu115\/2016\/02\/DSC00432_opt2.jpg\"><img loading=\"lazy\" decoding=\"async\" class=\"alignnone  wp-image-3080\" src=\"http:\/\/agora.xtec.cat\/escjoanmaragall\/wp-content\/uploads\/usu115\/2016\/02\/DSC00432_opt2.jpg\" alt=\"DSC00432_opt\" width=\"237\" height=\"315\" \/><\/a><\/p>\n<p>En l&#8217;\u00e0rea de castell\u00e0 v\u00e0rem treballar l&#8217;anunci publicitari i cada grup va enregistrar el seu spot publicitari per escoltar-se i millorar la seva expressi\u00f3 oral.<\/p>\n<p><a href=\"http:\/\/agora.xtec.cat\/escjoanmaragall\/wp-content\/uploads\/usu115\/2016\/02\/DSC00411_opt.jpg\"><img loading=\"lazy\" decoding=\"async\" class=\"alignnone size-full wp-image-3083\" src=\"http:\/\/agora.xtec.cat\/escjoanmaragall\/wp-content\/uploads\/usu115\/2016\/02\/DSC00411_opt.jpg\" alt=\"DSC00411_opt\" width=\"400\" height=\"225\" \/><\/a><\/p>\n<p>Si voleu podeu obrir els v\u00eddeos de la nostra expressi\u00f3 oral.<\/p>\n<p><iframe loading=\"lazy\" title=\"h\u00e0bits saludables alimentaci\u00f3\" width=\"500\" height=\"281\" src=\"https:\/\/www.youtube.com\/embed\/h8sU6wr_uY0?feature=oembed\" frameborder=\"0\" allow=\"accelerometer; autoplay; clipboard-write; encrypted-media; gyroscope; picture-in-picture; web-share\" referrerpolicy=\"strict-origin-when-cross-origin\" allowfullscreen><\/iframe><\/p>\n<p><iframe loading=\"lazy\" title=\"h\u00e0bits saludables ESPORT\" width=\"500\" height=\"281\" src=\"https:\/\/www.youtube.com\/embed\/4Qy8oYASmI0?feature=oembed\" frameborder=\"0\" allow=\"accelerometer; autoplay; clipboard-write; encrypted-media; gyroscope; picture-in-picture; web-share\" referrerpolicy=\"strict-origin-when-cross-origin\" allowfullscreen><\/iframe><\/p>\n<p><iframe loading=\"lazy\" title=\"h\u00e0bits saludables higienepersonal\" width=\"500\" height=\"281\" src=\"https:\/\/www.youtube.com\/embed\/r5UAUBojOUc?feature=oembed\" frameborder=\"0\" allow=\"accelerometer; autoplay; clipboard-write; encrypted-media; gyroscope; picture-in-picture; web-share\" referrerpolicy=\"strict-origin-when-cross-origin\" allowfullscreen><\/iframe><\/p>\n","protected":false},"excerpt":{"rendered":"<p>Aquest curs a l\u2019escola fem un projecte d\u2019h\u00e0bits saludables. Una de les propostes ha estat esmorzar fruita cada dimarts durant tot el curs 2015-16.<br \/>\nEls alumnes de cicle infantil han recollit les dades durant el mes de novembre. Els nens i nenes posaven un gomet al&hellip;  <a href=\"https:\/\/agora.xtec.cat\/escjoanmaragall\/habits-saludables\/\" title=\"Read H\u00c0BITS SALUDABLES\">Llegeix m\u00e9s\u00bb<\/a><\/p>\n","protected":false},"author":1,"featured_media":0,"parent":0,"menu_order":0,"comment_status":"closed","ping_status":"closed","template":"","meta":{"_bbp_topic_count":0,"_bbp_reply_count":0,"_bbp_total_topic_count":0,"_bbp_total_reply_count":0,"_bbp_voice_count":0,"_bbp_anonymous_reply_count":0,"_bbp_topic_count_hidden":0,"_bbp_reply_count_hidden":0,"_bbp_forum_subforum_count":0,"footnotes":""},"class_list":["post-3002","page","type-page","status-publish","hentry"],"post_mailing_queue_ids":[],"_links":{"self":[{"href":"https:\/\/agora.xtec.cat\/escjoanmaragall\/wp-json\/wp\/v2\/pages\/3002","targetHints":{"allow":["GET"]}}],"collection":[{"href":"https:\/\/agora.xtec.cat\/escjoanmaragall\/wp-json\/wp\/v2\/pages"}],"about":[{"href":"https:\/\/agora.xtec.cat\/escjoanmaragall\/wp-json\/wp\/v2\/types\/page"}],"author":[{"embeddable":true,"href":"https:\/\/agora.xtec.cat\/escjoanmaragall\/wp-json\/wp\/v2\/users\/1"}],"replies":[{"embeddable":true,"href":"https:\/\/agora.xtec.cat\/escjoanmaragall\/wp-json\/wp\/v2\/comments?post=3002"}],"version-history":[{"count":4,"href":"https:\/\/agora.xtec.cat\/escjoanmaragall\/wp-json\/wp\/v2\/pages\/3002\/revisions"}],"predecessor-version":[{"id":3674,"href":"https:\/\/agora.xtec.cat\/escjoanmaragall\/wp-json\/wp\/v2\/pages\/3002\/revisions\/3674"}],"wp:attachment":[{"href":"https:\/\/agora.xtec.cat\/escjoanmaragall\/wp-json\/wp\/v2\/media?parent=3002"}],"curies":[{"name":"wp","href":"https:\/\/api.w.org\/{rel}","templated":true}]}}