{"id":2760,"date":"2016-01-15T10:50:26","date_gmt":"2016-01-15T09:50:26","guid":{"rendered":"http:\/\/agora.xtec.cat\/escjoanmaragall\/?page_id=2760"},"modified":"2016-05-27T08:19:35","modified_gmt":"2016-05-27T07:19:35","slug":"loli","status":"publish","type":"page","link":"https:\/\/agora.xtec.cat\/escjoanmaragall\/loli\/","title":{"rendered":"OR L\u00cdQUID"},"content":{"rendered":"<p>A Cicle Superior hem iniciat el treball sobre l&#8217;oli d&#8217;oliva al qual anomenarem Or L\u00edquid perqu\u00e8 \u00e9s molt valu\u00f3s per a la nostra salut i t\u00e9 el mateix color que l&#8217;or.<\/p>\n<p>El divendres 5 de febrer vam fer una sortida a El Cogul per visitar un mol\u00ed d&#8217;oli, veure camps d&#8217;oliveres i al mateix\u00a0 temps descobrir les pintures rupestres que s\u00f3n patrimoni de la humanitat i les tombes del Saladar datades en l&#8217;edat Mitjana.<\/p>\n<p>Un bon comen\u00e7ament per un projecte molt i molt interessant!<\/p>\n<figure class=\"figure wp-caption aligncenter\"><a href=\"http:\/\/agora.xtec.cat\/escjoanmaragall\/wp-content\/uploads\/usu115\/2016\/01\/DSCN0787.jpg\"><img loading=\"lazy\" decoding=\"async\" class=\" wp-image-2921\" src=\"http:\/\/agora.xtec.cat\/escjoanmaragall\/wp-content\/uploads\/usu115\/2016\/01\/DSCN0787.jpg\" alt=\"Foto de grup prop de la Roca dels Moros\" width=\"507\" height=\"380\" \/><\/a><figcaption class=\"wp-caption-text\">Foto de grup prop de la Roca dels Moros<\/figcaption><\/figure>\n<figure class=\"figure wp-caption aligncenter\"><a href=\"http:\/\/agora.xtec.cat\/escjoanmaragall\/wp-content\/uploads\/usu115\/2016\/01\/DSCN0831.jpg\"><img loading=\"lazy\" decoding=\"async\" class=\" wp-image-2923\" src=\"http:\/\/agora.xtec.cat\/escjoanmaragall\/wp-content\/uploads\/usu115\/2016\/01\/DSCN0831.jpg\" alt=\"Dins del mol\u00ed d'oli Vil\u00e0\" width=\"508\" height=\"381\" \/><\/a><figcaption class=\"wp-caption-text\">Dins del mol\u00ed d&#8217;oli Vil\u00e0<\/figcaption><\/figure>\n<p>A la setmana seg\u00fcent, el primer que vam fer va ser una fitxa sobre que n&#8217;aprendrem de \u00a0l&#8217;or l\u00edquid. La fitxa ens deia que al final de projecte sabrem: Hist\u00f2ria i origen, caracter\u00edstiques de l&#8217;olivera, zones productives, llegendes i mitologia, tipus d&#8217;oli &#8230;<\/p>\n<figure class=\"figure wp-caption aligncenter\"><a href=\"http:\/\/agora.xtec.cat\/escjoanmaragall\/wp-content\/uploads\/usu115\/2016\/01\/esquema-oli.jpg\"><img loading=\"lazy\" decoding=\"async\" class=\"size-full wp-image-3103\" src=\"http:\/\/agora.xtec.cat\/escjoanmaragall\/wp-content\/uploads\/usu115\/2016\/01\/esquema-oli.jpg\" alt=\"Esquema sobre els conceptes de l'oli\" width=\"594\" height=\"556\" \/><\/a><figcaption class=\"wp-caption-text\">Esquema sobre els conceptes de l&#8217;oli<\/figcaption><\/figure>\n<p>Despr\u00e9s vam llegir dues lectures sobre l&#8217;oli. La primera era de la Fira de l&#8217;oli, una tradici\u00f3 de les Borges Blanques. La segona ens explicava quins s\u00f3n els marges d&#8217;acidesa per marcar la qualitat de l&#8217;oli. A partir d&#8217;aquestes lectures vam respondre diferents preguntes relacionades amb els texts.<\/p>\n<p>Una vegada ens vam situar, vam dibuixar la ruta que ens va portar a El Cogul i vam veure els pobles per on vam passar, com Alf\u00e9s o Alcan\u00f3. A m\u00e9s a m\u00e9s, aquesta fitxa ens va servir per fer una reflexi\u00f3 sobre la sortida. Aquesta fitxa va fer que vei\u00e9ssim\u00a0la quantitat de gent que va fer un gran esfor\u00e7 perqu\u00e8 la sortida fos un \u00e8xit i ens vam sentir en l&#8217;obligaci\u00f3 de redactar 3 cartes d&#8217;agra\u00efment als guies, al mol\u00ed i els qual\u00a0ens van permetre visitat les pintures rupestres i tombes.<\/p>\n<p>Ara, ja ten\u00edem molt clar sobre que tractaria el projecte: l&#8217;or l\u00edquid. Primer de tot hav\u00edem de saber d&#8217;on venia aquest valorat aliment i vam fer una fitxa t\u00e8cnica sobre l&#8217;oli i l&#8217;olivera. Vam cercar en moltes webs que ens van donar les mestres per fer un resum sobre les caracter\u00edstiques de la planta, con\u00e8ixer el seu origen, fam\u00edlia, usos&#8230; i per saber que les plantes tamb\u00e9 estan emparentades i que algunes s\u00f3n de la mateixa esp\u00e8cie.<\/p>\n<p>Per saber m\u00e9s sobre el tema, vam fer una fitxa de la hist\u00f2ria i la mitologia de l&#8217;origen de \u00a0l&#8217;oli. Primer, vam localitzar en un mapa els pa\u00efsos d&#8217;on provenia l&#8217;oli i el Mar Mediterrani perqu\u00e8 feia costa amb tots els pa\u00efsos (Orient Mitj\u00e0, Egipte, Gr\u00e8cia i It\u00e0lia).<\/p>\n<p>En l&#8217;antiga\u00a0Gr\u00e8cia hi havia una llegenda que explicava l&#8217;origen mitol\u00f2gic de l&#8217;olivera. Aquesta llegenda ens explica perqu\u00e8 la capital de Gr\u00e8cia es diu Atenes.<\/p>\n<p>Per una altra banda, tamb\u00e9 ens vam centrar en les propietats de l&#8217;oli i perqu\u00e8 \u00e9s benefici\u00f3s per a nosaltres i forma part de la dieta mediterr\u00e0nia. Vam veure que n&#8217;hi ha molt\u00edssimes, \u00e9s bo per la dieta, la pell, els embarassos, &#8230;<\/p>\n<p>A m\u00e9s a m\u00e9s, vam veure que l&#8217;oli i l&#8217;olivera s\u00f3n un motiu recurrent en poemes i dites i vam fer un treball exhaustiu per descobrir el significat i la intenci\u00f3 que tenien diferents autors en les seves rimes, com <em>Pa amb Oli i Sucre<\/em> de Miquel Mart\u00ed i Pol:<\/p>\n<p style=\"text-align: center;\"><strong>PA AMB OLI I SUCRE<\/strong><\/p>\n<p style=\"text-align: center;\">Pa amb oli i sucre,<\/p>\n<p style=\"text-align: center;\">quina pensada,<\/p>\n<p style=\"text-align: center;\">per donar gust a la mainada!<\/p>\n<p style=\"text-align: center;\">La llesca s&#8217;unta<\/p>\n<p style=\"text-align: center;\">amb el setrill,<\/p>\n<p style=\"text-align: center;\">per\u00f2 amb molt de compte,<\/p>\n<p style=\"text-align: center;\">que hi ha perill.<\/p>\n<p style=\"text-align: center;\">Despr\u00e9s del sucre,<\/p>\n<p style=\"text-align: center;\">ben escampat,<\/p>\n<p style=\"text-align: center;\">que tot quedi ben impregnat.<\/p>\n<p style=\"text-align: center;\">I apa, a menjar-se&#8217;l,<\/p>\n<p style=\"text-align: center;\">que res no hi ha m\u00e9s agradable<\/p>\n<p style=\"text-align: center;\">de mastegar.<\/p>\n<p style=\"text-align: center;\"><em>\u00a0\u00a0\u00a0\u00a0\u00a0\u00a0\u00a0\u00a0\u00a0\u00a0\u00a0\u00a0\u00a0\u00a0\u00a0\u00a0\u00a0\u00a0\u00a0\u00a0\u00a0\u00a0\u00a0\u00a0\u00a0\u00a0\u00a0\u00a0\u00a0\u00a0 Miquel Mart\u00ed i Pol<\/em><\/p>\n<p>Ara toca posar-nos les ulleres de cient\u00edfic per imaginar el que hi ha dins d&#8217;una gota d&#8217;oli i una gota d&#8217;aigua. Vam posar diferents elements. Van ser el clor, \u00e9ssers vius i \u00a0mol\u00e8cules juntes a l&#8217;aigua, i trossos d&#8217;oliva i mol\u00e8cules grosses a l&#8217;oli.<\/p>\n<p>Despr\u00e9s d&#8217;aix\u00f2 vam veure que l&#8217;oli era una mescla de: carboni, hidrogen i oxigen. La seva f\u00f3rmula qu\u00edmica \u00e9s: C18H34O2, aix\u00f2 forma una mol\u00e8cula d&#8217;oli. A continuaci\u00f3, vam observar i analitzar la taula de nutrients de l&#8217;oli d&#8217;oliva verge extra. Les conclusions extretes van ser: <em>&#8220;Quasi tot l&#8217;oli \u00e9s greix, cont\u00e9 minerals i aigua (H2O) en petit\u00edssimes quantitats&#8221;\u00a0<\/em><\/p>\n<p>Catalunya \u00e9s una terra molt rica en productes de proximitat i qualitat com el vi blanc de l&#8217;Alt Pened\u00e8s, les peres de Lleida i l&#8217;oli de les Garrigues. Vam localitzar aquestes comarques al mapa de Catalunya. Hem descobert que l&#8217;oli \u00e9s un producte t\u00edpic de les nostres terres i per aix\u00f2 l&#8217;hem analitzat amb profunditat, hem vist els tipus d&#8217;oli que hi ha i els seus usos.<\/p>\n<p>Una de les \u00faltimes tasques que\u00a0hem fet va ser dibuixar i observar una olivera vella i una de jove i despr\u00e9s escriure&#8217;n les defer\u00e8ncies. Despr\u00e9s vam veure les caracter\u00edstiques i les qualitats de la fusta de l&#8217;olivera a partir d&#8217;aquest text:<\/p>\n<p style=\"text-align: center;\"><em>&#8220;La fusta de l\u2019olivera \u00e9s dura i compacta. T\u00e9 un color ocre verd\u00f3s , una superf\u00edcie molt fina i un tacte sed\u00f3s. \u00c9s una fusta dura, resistent a l\u2019abrasi\u00f3\u00a0 homog\u00e8nia i amb una certa plasticitat a la vegada que t\u00e9 una absorci\u00f3 pr\u00e0cticament nul\u00b7la, fent-la aix\u00ed resistent a les olors. Aquestes caracter\u00edstiques fan que sigui molt apreciada per fer eines d\u2019ebenisteria i, sobretot, de cuina.&#8221;<\/em><\/p>\n<p>Per \u00faltim, vam fer una descripci\u00f3 de diferents objectes fets de fusta d&#8217;olivera.<\/p>\n<p>Per una altra banda, tamb\u00e9 vam fer una tasca en angl\u00e8s. Vam realitzar una an\u00e0lisi sobre els tipus d&#8217;aliments i els vam col\u00b7locar en <em>The Food Pyramid<\/em><\/p>\n<p>Ara que ja coneixem un munt de coses noves sobre l&#8217;oli i les seves propietats ens toca convertir-nos en cient\u00edfics i fer EXPERIMENTS!<\/p>\n<p><strong>CAPIL\u00b7LARITAT<\/strong><\/p>\n<p><em>Material<\/em>: un got ple d&#8217;aigua i un altre d&#8217;oli, tires\u00a0de paper de cuina enrotllat i colorant.<\/p>\n<p><em>Proc\u00e9s<\/em>:<\/p>\n<ol>\n<li>En un got tenim aigua amb colorant i en un altre oli.<\/li>\n<li>Posem un l&#8217;extrem de la tira de paper al got d&#8217;aigua i l&#8217;altre extrem a l&#8217;oli.<\/li>\n<li>Abans de veure el resultat, vam fer hip\u00f2tesis sobre el que passaria:<\/li>\n<\/ol>\n<ul>\n<li>El paper es desfar\u00e0 en contacte amb l&#8217;aigua i l&#8217;oli pujar\u00e0 pel paper.<\/li>\n<li>L&#8217;oli i l&#8217;aigua pujaran igual pel paper<\/li>\n<\/ul>\n<p><em>Conclusions<\/em>: Tots els l\u00edquids tenen capil\u00b7laritat, aix\u00f2 permet que puguin pujar pel paper. Aix\u00f2 tamb\u00e9 passa amb les plantes. Si posem \u00a0una planta en aigua i colorant, veurem com la planta es tornar\u00e0 del color de colorant.<\/p>\n<p><strong>DENSITAT\u00a0<\/strong><\/p>\n<p><em>Material:\u00a0<\/em>gerro o pot de vidre, got de vidre (per posar-lo dins la gerra), comptagotes, aigua, alcohol i oli<\/p>\n<p><em>Proc\u00e9s:\u00a0<\/em><\/p>\n<ol>\n<li>Poseu oli dins del got petit sense tapar i submergiu-lo dins d\u2019una gerra amb alcohol.<\/li>\n<li>Aneu afegint aigua amb un comptagotes o rajol\u00ed petit per les parets de la gerra amb molt de compte i a poc a poc.<\/li>\n<\/ol>\n<p><em>Conclusions:\u00a0<\/em>Quan posem alcohol al voltant del got amb oli, aquest es queda a baix perqu\u00e8 l&#8217;alcohol \u00e9s menys dens. En canvi, quan afegim l&#8217;aigua (que \u00e9s m\u00e9s densa que l&#8217;oli) comen\u00e7a a florar i es fa una mena de bombolla sostinguda entre una capa inferior d&#8217;aigua i una superior d&#8217;acohol.<\/p>\n<p>Aquest experiment ens ha servit per veure que una caracter\u00edsitica individual de les subst\u00e0ncies \u00e9s la DENSITAT.<\/p>\n<p><strong>VOLC\u00c0 CASSOL\u00c0<\/strong><\/p>\n<p><em>Material:\u00a0<\/em>Oli de girasol, aigua, colorant alimentari i pastilla efervescent.<\/p>\n<p><em>Proc\u00e9s:\u00a0<\/em><\/p>\n<ol>\n<li>Posem l\u2019oli i aigua en un pot de manera que n\u2019hi hagi la meitat de cada.<\/li>\n<li>Hi afegim gotes de tinta roja o blava. Observeu b\u00e9 com cauen i qu\u00e8 passa.<\/li>\n<li>Quan la tinta ja ha caigut al fons, afegiu un parell de pastilles efervescents.<\/li>\n<\/ol>\n<p><a href=\"http:\/\/agora.xtec.cat\/escjoanmaragall\/wp-content\/uploads\/usu115\/2016\/01\/P1010026-copia.jpg\"><img loading=\"lazy\" decoding=\"async\" class=\"alignnone  wp-image-3587\" src=\"http:\/\/agora.xtec.cat\/escjoanmaragall\/wp-content\/uploads\/usu115\/2016\/01\/P1010026-copia-1024x768.jpg\" alt=\"OLYMPUS DIGITAL CAMERA\" width=\"300\" height=\"225\" \/><\/a> <a href=\"http:\/\/agora.xtec.cat\/escjoanmaragall\/wp-content\/uploads\/usu115\/2016\/01\/SAM_1658.jpg\"><img loading=\"lazy\" decoding=\"async\" class=\"  wp-image-3588 alignright\" src=\"http:\/\/agora.xtec.cat\/escjoanmaragall\/wp-content\/uploads\/usu115\/2016\/01\/SAM_1658-1024x768.jpg\" alt=\"SAM_1658\" width=\"294\" height=\"220\" \/><\/a><\/p>\n<p><em>Conclusions:\u00a0<\/em>La pastilla provoca que es produeixin bombolles expulsant gas, quan aquest marxava les bombolles baixaven. Aquest fet es repetia fins que es gastava la pastilla.<\/p>\n<p><strong>SURA EL GLA\u00c7\u00d3 SOBRE\u00a0D&#8217;OLI?<\/strong><\/p>\n<p>Abans de fer aquest experiment ens plantegem la pregunta: <em>Un gla\u00e7\u00f3 d&#8217;aigua surar\u00e0 sobre de l&#8217;oli?<\/em> La majoria de nosaltres hem contestat que no, ja que el gla\u00e7\u00f3 \u00e9s aigua i ja sabem que l&#8217;aigua t\u00e9 m\u00e9s densitat que l&#8217;oli i, per tant, el glac\u00f3 s&#8217;esfonsar\u00e0.<\/p>\n<p>Per comprovar la nostra hip\u00f2tesi farem un experiment:<\/p>\n<p><em>Material:\u00a0<\/em>pot, oli i gla\u00e7\u00f3 d\u2019aigua tenyit de blau o verd.<\/p>\n<p><em>Proc\u00e9s:\u00a0<\/em><\/p>\n<ol>\n<li>Omplim un pot estret de vidre amb oli de gira-sol (perqu\u00e8 \u00e9s m\u00e9s econ\u00f2mic)<\/li>\n<li>Hi posem a sobre un gla\u00e7\u00f3 de gel amb l\u2019aigua tenyida amb qualsevol colorant<\/li>\n<\/ol>\n<p><em>Conclusions:\u00a0<\/em>El gla\u00e7\u00f3 a surat perqu\u00e8 t\u00e9 menys densitat. A mesura que es desfeia i es tornava l\u00edquid s&#8217;anava esfonsant.<\/p>\n<p><strong>COLUMNA DE L\u00cdQUIDS\u00a0<\/strong><\/p>\n<p><em>Material:\u00a0<\/em>proveta de 250 ml, aigua, glicerina, mel, oli, alcohol, balan\u00e7a, vas de precipitats de 100 ml, colorant<\/p>\n<p><em>Proc\u00e9s:\u00a0<\/em><\/p>\n<ol>\n<li>Preparem 20g de cada una de les subt\u00e0ncies que necessitarem: mel, glicerina, aigua, oli i alcohol<\/li>\n<li>Tenyirem l&#8217;aigua i l&#8217;alcohol<\/li>\n<li>Aboquem a la proveta les subst\u00e0ncies en l&#8217;orde indicat: mel, glicerina, aigua, oli i alcohol<\/li>\n<\/ol>\n<p><em>Conclusions:<\/em>\u00a0Veiem que les subt\u00e0ncies s&#8217;ordenen i no es barregen. Aix\u00f2 passa perqu\u00e8 tenen densitats diferents. A sota estan els m\u00e9s densos mentre que a dalt estan els de menys densitat,<\/p>\n<p><a href=\"http:\/\/agora.xtec.cat\/escjoanmaragall\/wp-content\/uploads\/usu115\/2016\/01\/experim-2.jpg\"><img loading=\"lazy\" decoding=\"async\" class=\"alignnone size-full wp-image-3675\" src=\"http:\/\/agora.xtec.cat\/escjoanmaragall\/wp-content\/uploads\/usu115\/2016\/01\/experim-2.jpg\" alt=\"experim 2\" width=\"448\" height=\"294\" \/><\/a><\/p>\n<p><a href=\"http:\/\/agora.xtec.cat\/escjoanmaragall\/wp-content\/uploads\/usu115\/2016\/01\/foto-5.jpg\"><img loading=\"lazy\" decoding=\"async\" class=\"alignnone size-full wp-image-3678\" src=\"http:\/\/agora.xtec.cat\/escjoanmaragall\/wp-content\/uploads\/usu115\/2016\/01\/foto-5.jpg\" alt=\"foto 5\" width=\"204\" height=\"448\" \/><\/a><\/p>\n<p><strong>FORCES D&#8217;ADHESI\u00d3 I COHESI\u00d3<\/strong><\/p>\n<p><em>Material:<\/em> monedes, comptagotes, aigua, alcohol, oli, sab\u00f3 l\u00edquid<\/p>\n<p><em>Proc\u00e9s:\u00a0<\/em><\/p>\n<ol>\n<li>Posar amb el comptagotes la subt\u00e0ncia sobre la monera<\/li>\n<li>Observar quantes gotes ret\u00e9 de cada una<\/li>\n<\/ol>\n<p><em>Conclusions:<\/em> Vam omplir una taula per veure quantes gotes aguantava la moneda. Vam veure que com m\u00e9s gotes m\u00e9s tensi\u00f3 superficial presenta el l\u00edquid.<\/p>\n<p>La capacitat d&#8217;unir-se de les gotes i formar gotes m\u00e9s grans \u00e9s la COHESI\u00d3. Aquesta capacitat dep\u00e8n de la superf\u00edcie, per aix\u00f2 no \u00e9s el mateix fer l&#8217;experiment sobre la moneda que sobre un foli de paper.<\/p>\n<p><a href=\"http:\/\/agora.xtec.cat\/escjoanmaragall\/wp-content\/uploads\/usu115\/2016\/01\/experiment.png\"><img loading=\"lazy\" decoding=\"async\" class=\"alignnone size-full wp-image-3680\" src=\"http:\/\/agora.xtec.cat\/escjoanmaragall\/wp-content\/uploads\/usu115\/2016\/01\/experiment.png\" alt=\"experiment\" width=\"448\" height=\"294\" \/><\/a><\/p>\n<p>&nbsp;<\/p>\n<p><strong>ELABORACI\u00d3 DE SAB\u00d3<\/strong><\/p>\n<p><em>Material:\u00a0<\/em>Per\u00a0 fer 1 Kg de sab\u00f3:<\/p>\n<ul>\n<li>1020 g oli<\/li>\n<li>340 g aigua<\/li>\n<li>136 g sosa c\u00e0ustica<\/li>\n<\/ul>\n<p><em>Proc\u00e9s:\u00a0<\/em><\/p>\n<figure class=\"figure wp-caption alignnone\"><a href=\"http:\/\/agora.xtec.cat\/escjoanmaragall\/wp-content\/uploads\/usu115\/2016\/01\/sab\u00f3-pas1.jpg\"><img loading=\"lazy\" decoding=\"async\" class=\" wp-image-3589\" src=\"http:\/\/agora.xtec.cat\/escjoanmaragall\/wp-content\/uploads\/usu115\/2016\/01\/sab\u00f3-pas1.jpg\" alt=\"PAS1: Barrejar l'oli amb l'aigua i la sosa c\u00e0ustica (cal que estiguin a la mateixa temperatura (aprox, 45\u00baC))\" width=\"469\" height=\"356\" \/><\/a><figcaption class=\"wp-caption-text\">PAS1: Barrejar l&#8217;oli amb l&#8217;aigua i la sosa c\u00e0ustica (cal que estiguin a la mateixa temperatura (aprox, 45\u00baC))<\/figcaption><\/figure>\n<figure class=\"figure wp-caption alignnone\"><a href=\"http:\/\/agora.xtec.cat\/escjoanmaragall\/wp-content\/uploads\/usu115\/2016\/01\/sab\u00f3-pas2.jpg\"><img loading=\"lazy\" decoding=\"async\" class=\"wp-image-3591 \" src=\"http:\/\/agora.xtec.cat\/escjoanmaragall\/wp-content\/uploads\/usu115\/2016\/01\/sab\u00f3-pas2-150x150.jpg\" alt=\"sab\u00f3 pas2\" width=\"293\" height=\"293\" \/><\/a><figcaption class=\"wp-caption-text\">PAS 2: Remenem la mescla primer amb l&#8217;esp\u00e0tula i despr\u00e9s amb el bra\u00e7 el\u00e8ctric fins aconseguir el punt de tra\u00e7a.<\/figcaption><\/figure>\n<p><img loading=\"lazy\" decoding=\"async\" class=\"  wp-image-3590 alignright\" src=\"http:\/\/agora.xtec.cat\/escjoanmaragall\/wp-content\/uploads\/usu115\/2016\/01\/sab\u00f3-pas-3.jpg\" alt=\"sab\u00f3 pas 3\" width=\"361\" height=\"252\" \/><\/p>\n<p>&nbsp;<\/p>\n<p>&nbsp;<\/p>\n<p>&nbsp;<\/p>\n<p>&nbsp;<\/p>\n<p>&nbsp;<\/p>\n<p>&nbsp;<\/p>\n<figure class=\"figure wp-caption aligncenter\"><a href=\"http:\/\/agora.xtec.cat\/escjoanmaragall\/wp-content\/uploads\/usu115\/2016\/01\/Sab\u00f3-pas-4.jpg\"><img loading=\"lazy\" decoding=\"async\" class=\" wp-image-3592\" src=\"http:\/\/agora.xtec.cat\/escjoanmaragall\/wp-content\/uploads\/usu115\/2016\/01\/Sab\u00f3-pas-4.jpg\" alt=\"PAS 3: El sab\u00f3 ja est\u00e0 fet! Ara caldr\u00e0 emmotllar-lo. \" width=\"463\" height=\"326\" \/><\/a><figcaption class=\"wp-caption-text\">PAS 3: El sab\u00f3 ja est\u00e0 fet! Ara caldr\u00e0 emmotllar-lo.<\/figcaption><\/figure>\n<figure class=\"figure wp-caption aligncenter\"><a href=\"http:\/\/agora.xtec.cat\/escjoanmaragall\/wp-content\/uploads\/usu115\/2016\/01\/sab\u00f3-pas-5.jpg\"><img loading=\"lazy\" decoding=\"async\" class=\" wp-image-3593\" src=\"http:\/\/agora.xtec.cat\/escjoanmaragall\/wp-content\/uploads\/usu115\/2016\/01\/sab\u00f3-pas-5.jpg\" alt=\"PAS 4: Afegim herbes arom\u00e0tiques i deixem reposar 48 hores per poder-lo tallar. \" width=\"466\" height=\"378\" \/><\/a><figcaption class=\"wp-caption-text\">PAS 4: Afegim herbes arom\u00e0tiques i deixem reposar 48 hores per poder-lo tallar.<\/figcaption><\/figure>\n<p><em>Conclusions:\u00a0<\/em>Veiem que fer sab\u00f3 \u00e9s un proc\u00e9s llarg i perill\u00f3s, nosaltres com a nens no ho podem fer sols. Per una altra banda, hem apr\u00e9s una manera de reutilitzar l&#8217;oli vell que tenim a casa i donar-li un nou \u00fas.<\/p>\n<p>Per una altra banda, en aquest proc\u00e9s veiem com unint diferents materials es produeixen diferens reaccions qu\u00edmiques (saponificaci\u00f3) que donen un nou producte, en aquest cas:<\/p>\n<p style=\"text-align: center;\"><em>oli + sosa c\u00e0ustica = sab\u00f3 + glicerina<\/em><\/p>\n<p><strong>KIY CURIOSITY<\/strong><\/p>\n<p>Els nostres experiments no s&#8217;acabaven aqu\u00ed. Vam demanar el Kit Curiosity a la Caixa, aquesta \u00e9s una gran maleta plena d&#8217;instruments i eines per fer un munt d&#8217;experiments.<\/p>\n<p>Nosaltres vam partir de la pregunta: <em>Els aliments semblants tenen les mateixes calories?<\/em> I vam comen\u00e7ar una indagaci\u00f3 sobre quantes calories tenen els diferents fruits secs a partir de la seva crema. Aquesta recerca ens va portar al Congr\u00e9s d&#8217;Anna Gen\u00e9 on vam exposar aquesta experi\u00e8ncia.<\/p>\n<figure class=\"figure wp-caption aligncenter\"><a href=\"http:\/\/agora.xtec.cat\/escjoanmaragall\/wp-content\/uploads\/usu115\/2016\/01\/calories-6\u00e8-A-2.jpg\"><img loading=\"lazy\" decoding=\"async\" class=\" wp-image-3634\" src=\"http:\/\/agora.xtec.cat\/escjoanmaragall\/wp-content\/uploads\/usu115\/2016\/01\/calories-6\u00e8-A-2-768x1024.jpg\" alt=\"Alumnes de 6\u00e8 treballant amb el Kit Curiosity\" width=\"424\" height=\"565\" \/><\/a><figcaption class=\"wp-caption-text\">Alumnes de 6\u00e8 treballant amb el Kit Curiosity<\/figcaption><\/figure>\n<p>Ara ja toca tancar la tasca, hem apr\u00e9s un munt de coses sobre l&#8217;olivera, l&#8217;oli i les seves propietats i ara toca avaluar tot el qu\u00e8 hem fet.<\/p>\n<p>Per fer-ho ens hem ajudat amb dues fitxes. La primera ens feia reflexionar sobre el nostre paper dins del grup de treball i del funcionament d&#8217;aquest amb un seguit de preuntes. La segona era una gran r\u00fabrica que avaluava el qu\u00e9 hem apr\u00e9s durant la tasca, hav\u00edem de fer un proc\u00e9s de sinceritat per autovalorar-nos i posar-nos una nota num\u00e8rica justificada.<\/p>\n","protected":false},"excerpt":{"rendered":"<p>A Cicle Superior hem iniciat el treball sobre l&#8217;oli d&#8217;oliva al qual anomenarem Or L\u00edquid perqu\u00e8 \u00e9s molt valu\u00f3s per a la nostra salut i t\u00e9 el mateix color que l&#8217;or.<br \/>\nEl divendres 5 de febrer vam fer una sortida a El Cogul per visitar un&hellip;  <a href=\"https:\/\/agora.xtec.cat\/escjoanmaragall\/loli\/\" title=\"Read OR L\u00cdQUID\">Llegeix m\u00e9s\u00bb<\/a><\/p>\n","protected":false},"author":1,"featured_media":0,"parent":0,"menu_order":0,"comment_status":"closed","ping_status":"closed","template":"","meta":{"_bbp_topic_count":0,"_bbp_reply_count":0,"_bbp_total_topic_count":0,"_bbp_total_reply_count":0,"_bbp_voice_count":0,"_bbp_anonymous_reply_count":0,"_bbp_topic_count_hidden":0,"_bbp_reply_count_hidden":0,"_bbp_forum_subforum_count":0,"footnotes":""},"class_list":["post-2760","page","type-page","status-publish","hentry"],"post_mailing_queue_ids":[],"_links":{"self":[{"href":"https:\/\/agora.xtec.cat\/escjoanmaragall\/wp-json\/wp\/v2\/pages\/2760","targetHints":{"allow":["GET"]}}],"collection":[{"href":"https:\/\/agora.xtec.cat\/escjoanmaragall\/wp-json\/wp\/v2\/pages"}],"about":[{"href":"https:\/\/agora.xtec.cat\/escjoanmaragall\/wp-json\/wp\/v2\/types\/page"}],"author":[{"embeddable":true,"href":"https:\/\/agora.xtec.cat\/escjoanmaragall\/wp-json\/wp\/v2\/users\/1"}],"replies":[{"embeddable":true,"href":"https:\/\/agora.xtec.cat\/escjoanmaragall\/wp-json\/wp\/v2\/comments?post=2760"}],"version-history":[{"count":5,"href":"https:\/\/agora.xtec.cat\/escjoanmaragall\/wp-json\/wp\/v2\/pages\/2760\/revisions"}],"predecessor-version":[{"id":3682,"href":"https:\/\/agora.xtec.cat\/escjoanmaragall\/wp-json\/wp\/v2\/pages\/2760\/revisions\/3682"}],"wp:attachment":[{"href":"https:\/\/agora.xtec.cat\/escjoanmaragall\/wp-json\/wp\/v2\/media?parent=2760"}],"curies":[{"name":"wp","href":"https:\/\/api.w.org\/{rel}","templated":true}]}}