{"id":2211,"date":"2015-11-06T12:31:24","date_gmt":"2015-11-06T11:31:24","guid":{"rendered":"http:\/\/agora.xtec.cat\/escjoanmaragall\/?page_id=2211"},"modified":"2016-02-01T12:57:14","modified_gmt":"2016-02-01T11:57:14","slug":"un-barri-la-bordeta","status":"publish","type":"page","link":"https:\/\/agora.xtec.cat\/escjoanmaragall\/un-barri-la-bordeta\/","title":{"rendered":"UN BARRI: LA BORDETA"},"content":{"rendered":"<p>Les dues classes de 6\u00e8 de l&#8217;escola Joan Maragall\u00a0 vam iniciar el projecte de la Bordeta, el nostre barri dins de la ciutat de \u00a0Lleida. Primer, vam recollir totes els temes sobre els quals \u00a0vol\u00edem saber del nostre barri : situaci\u00f3, origen del nom, hist\u00f2ria, associacions, places i carrers, personatges rellevants&#8230;<\/p>\n<figure class=\"figure wp-caption alignnone\"><a href=\"http:\/\/agora.xtec.cat\/escjoanmaragall\/wp-content\/uploads\/usu115\/2015\/11\/figura-1-blog.png\"><img loading=\"lazy\" decoding=\"async\" class=\"wp-image-2401\" src=\"http:\/\/agora.xtec.cat\/escjoanmaragall\/wp-content\/uploads\/usu115\/2015\/11\/figura-1-blog-975x1024.png\" alt=\"\" width=\"648\" height=\"680\" \/><\/a><figcaption class=\"wp-caption-text\">Interessos alumnat 6\u00e8 &#8211; Bogdan Craia<\/figcaption><\/figure>\n<p>Vam inicar el treball fent una cerca a internet i recollint informaci\u00f3 per despr\u00e9s classificar-la i situar-la al mural de la classe.<\/p>\n<figure class=\"figure wp-caption alignnone\"><a href=\"http:\/\/agora.xtec.cat\/escjoanmaragall\/wp-content\/uploads\/usu115\/2015\/11\/mural-aula-4.jpg\"><img loading=\"lazy\" decoding=\"async\" class=\"wp-image-2402 \" src=\"http:\/\/agora.xtec.cat\/escjoanmaragall\/wp-content\/uploads\/usu115\/2015\/11\/mural-aula-4-768x1024.jpg\" alt=\"\" width=\"631\" height=\"841\" \/><\/a><figcaption class=\"wp-caption-text\">Mural inicial aula<\/figcaption><\/figure>\n<p>Abans de comen\u00e7ar el projecte vam fer una excursi\u00f3 a la pla\u00e7a Joan Or\u00f3 (Parc de l&#8217;Aigua) que principalment, es\u00a0 tractava d&#8217;una sortida de conviv\u00e8ncia. Sense saber-ho, ens va ajudar a saber m\u00e9s coses del projecte del barri. Una de les curiositats que vam aprendre va ser com es deia la pla\u00e7a, el canal que\u00a0 passava per all\u00e0 i com es deien les persones que van plantar el roure que \u00e9s un dels arbres m\u00e9s vells del parc.<\/p>\n<figure class=\"figure wp-caption alignnone\"><a href=\"http:\/\/agora.xtec.cat\/escjoanmaragall\/wp-content\/uploads\/usu115\/2015\/11\/DSC01396.jpg\"><img loading=\"lazy\" decoding=\"async\" class=\"wp-image-2403 \" src=\"http:\/\/agora.xtec.cat\/escjoanmaragall\/wp-content\/uploads\/usu115\/2015\/11\/DSC01396.jpg\" alt=\"\" width=\"618\" height=\"463\" \/><\/a><figcaption class=\"wp-caption-text\">Sortida Pla\u00e7a Joan Or\u00f3<\/figcaption><\/figure>\n<p>Una de les nostres preguntes va ser quin\u00a0 era l&#8217;origen del nom de la Bordeta, a partir d&#8217;aquesta q\u00fcesti\u00f3 vam buscar a la Viquip\u00e8dia informaci\u00f3 relacionada amb el nostre barri i ho vam resumir. Comen\u00e7ant per una pregunta vam trobar resposta amb moltes altres: els carrers i els l\u00edmits barris de voltant.<\/p>\n<p>Un altre tema d&#8217;estudi \u00a0\u00e9s la poblaci\u00f3 de la Bordeta, vam descobrir \u00a0a partir del cens que la dada m\u00e9s alta correspon a \u00a0la poblaci\u00f3 d&#8217; homes de 36 a 40 anys i la m\u00e9s baixa , als homes de 71 a 75 anys. Per una altra banda, a partir de 66 a 70 anys hi ha m\u00e9s dones que homes. Despr\u00e9s de buscar les dades vam fer una pir\u00e0mide de poblaci\u00f3.<\/p>\n<figure class=\"figure wp-caption alignnone\"><a href=\"http:\/\/agora.xtec.cat\/escjoanmaragall\/wp-content\/uploads\/usu115\/2015\/11\/mural-aula-8.jpg\"><img loading=\"lazy\" decoding=\"async\" class=\"wp-image-2404 \" src=\"http:\/\/agora.xtec.cat\/escjoanmaragall\/wp-content\/uploads\/usu115\/2015\/11\/mural-aula-8.jpg\" alt=\"\" width=\"645\" height=\"483\" \/><\/a><figcaption class=\"wp-caption-text\">Pir\u00e0mide de poblaci\u00f3<\/figcaption><\/figure>\n<p>M\u00e9s tard, vam treballar la biografia de Joan Or\u00f3. Vam triar aquest personatge perqu\u00e8 era fill de La Bordeta i \u00e9s un personatge emblem\u00e0tic. A m\u00e9s t\u00e9 relaci\u00f3 amb el Parc de l&#8217;Aigua. El que m\u00e9s ens va cridar la atenci\u00f3 va ser la seva professi\u00f3, era bioqu\u00edmic i va fer diferents investigacions sobre el ADN.<\/p>\n<p>Una altra activitat per con\u00e8ixer m\u00e9s el barri fou la visita a la Canadenca i l&#8217;Antic Mol\u00ed el dia 17 de novembre. Vam fer un recorregut desde l&#8217;escola fins al Parc de l&#8217;Aigua. El monitor ens va donar un dossier i vam veure un v\u00eddeo sobre l&#8217;aigua, perqu\u00e8 es fa servir, quines m\u00e0quines s&#8217;utilitzaven per moure l&#8217;aigua, etc.\u00a0Gr\u00e0cies a les explicacions del monitor vam anar omplint els fulls.\u00a0Despr\u00e9s, vam anar a l&#8217;antic mol\u00ed de Sant Anastasi \u00a0i ens van ensenyar com es feia la farina.<\/p>\n<figure class=\"figure wp-caption alignnone\"><a href=\"http:\/\/agora.xtec.cat\/escjoanmaragall\/wp-content\/uploads\/usu115\/2015\/11\/IMAG2598.jpg\"><img loading=\"lazy\" decoding=\"async\" class=\"wp-image-2405 \" src=\"http:\/\/agora.xtec.cat\/escjoanmaragall\/wp-content\/uploads\/usu115\/2015\/11\/IMAG2598.jpg\" alt=\"\" width=\"667\" height=\"372\" \/><\/a><figcaption class=\"wp-caption-text\">Escoltant les explicacions del Marc<\/figcaption><\/figure>\n<p>Quan vam arribar a l&#8217;escola vam fer un treball de la sortida. Vam comparar una fotografia actual i una antiga del mol\u00ed i vam escriure l&#8217;itinerari fet per anar-hi. A m\u00e9s a m\u00e9s, vam omplir unes taules que eren les fitxes de identificaci\u00f3 dels llocs que vam visitar. Despr\u00e9s vam parlar a classe sobre la visita.<\/p>\n<p>Per arrodonir el projecte volem destacar l&#8217;entrevista que li vam fer el passat dia 22 de gener al Sr. Larios, persona rellevant en el barri, per la seva tasca social i estimaci\u00f3. Ens va respondre totes les preguntes i ens vam assabentar de curiositats del barri que encara ens el faran estimar m\u00e9s. Des del nostre bloc li donem les gr\u00e0cies!<\/p>\n<figure class=\"figure wp-caption alignnone\"><a href=\"http:\/\/agora.xtec.cat\/escjoanmaragall\/wp-content\/uploads\/usu115\/2015\/11\/DSCN0634.jpg\"><img loading=\"lazy\" decoding=\"async\" class=\"size-full wp-image-2798\" src=\"http:\/\/agora.xtec.cat\/escjoanmaragall\/wp-content\/uploads\/usu115\/2015\/11\/DSCN0634.jpg\" alt=\"Alumnat de sis\u00e8 agra\u00efts amb el senyor Larios.\" width=\"640\" height=\"480\" \/><\/a><figcaption class=\"wp-caption-text\">Alumnat de sis\u00e8 agra\u00efts amb el senyor Larios.<\/figcaption><\/figure>\n<p>Per avaluar el nostre projecte, v\u00e0rem fer una reflexi\u00f3 sobre el treball fet i mitjan\u00e7ant una r\u00fabrica vam valorar aspectes puntuals.La presentaci\u00f3 del dossier tamb\u00e9 va ser valorat.<\/p>\n<p>Per tal de comunicar el nostre projecte hem preparat per parelles una exposici\u00f3 que gravarem i penjarem a la p\u00e0gina web. Tamb\u00e9 l&#8217;exposarem a les aules de primer ja que compartim el tema de la tasca i s\u00f3n els nostres fillols de lectura.<\/p>\n<p>Despr\u00e9s de fer aquest treball podem dir que ens sentim m\u00e9s identificats amb el nostre barri i l&#8217;estimem m\u00e9s.<\/p>\n","protected":false},"excerpt":{"rendered":"<p>Les dues classes de 6\u00e8 de l&#8217;escola Joan Maragall\u00a0 vam iniciar el projecte de la Bordeta, el nostre barri dins de la ciutat de \u00a0Lleida. Primer, vam recollir totes els temes sobre els quals \u00a0vol\u00edem saber del nostre barri : situaci\u00f3, origen del nom, hist\u00f2ria,&hellip;  <a href=\"https:\/\/agora.xtec.cat\/escjoanmaragall\/un-barri-la-bordeta\/\" title=\"Read UN BARRI: LA BORDETA\">Llegeix m\u00e9s\u00bb<\/a><\/p>\n","protected":false},"author":1,"featured_media":0,"parent":0,"menu_order":0,"comment_status":"closed","ping_status":"closed","template":"","meta":{"_bbp_topic_count":0,"_bbp_reply_count":0,"_bbp_total_topic_count":0,"_bbp_total_reply_count":0,"_bbp_voice_count":0,"_bbp_anonymous_reply_count":0,"_bbp_topic_count_hidden":0,"_bbp_reply_count_hidden":0,"_bbp_forum_subforum_count":0,"footnotes":""},"class_list":["post-2211","page","type-page","status-publish","hentry"],"post_mailing_queue_ids":[],"_links":{"self":[{"href":"https:\/\/agora.xtec.cat\/escjoanmaragall\/wp-json\/wp\/v2\/pages\/2211","targetHints":{"allow":["GET"]}}],"collection":[{"href":"https:\/\/agora.xtec.cat\/escjoanmaragall\/wp-json\/wp\/v2\/pages"}],"about":[{"href":"https:\/\/agora.xtec.cat\/escjoanmaragall\/wp-json\/wp\/v2\/types\/page"}],"author":[{"embeddable":true,"href":"https:\/\/agora.xtec.cat\/escjoanmaragall\/wp-json\/wp\/v2\/users\/1"}],"replies":[{"embeddable":true,"href":"https:\/\/agora.xtec.cat\/escjoanmaragall\/wp-json\/wp\/v2\/comments?post=2211"}],"version-history":[{"count":4,"href":"https:\/\/agora.xtec.cat\/escjoanmaragall\/wp-json\/wp\/v2\/pages\/2211\/revisions"}],"predecessor-version":[{"id":2869,"href":"https:\/\/agora.xtec.cat\/escjoanmaragall\/wp-json\/wp\/v2\/pages\/2211\/revisions\/2869"}],"wp:attachment":[{"href":"https:\/\/agora.xtec.cat\/escjoanmaragall\/wp-json\/wp\/v2\/media?parent=2211"}],"curies":[{"name":"wp","href":"https:\/\/api.w.org\/{rel}","templated":true}]}}