{"id":2207,"date":"2015-11-06T12:30:46","date_gmt":"2015-11-06T11:30:46","guid":{"rendered":"http:\/\/agora.xtec.cat\/escjoanmaragall\/?page_id=2207"},"modified":"2015-12-17T21:38:20","modified_gmt":"2015-12-17T20:38:20","slug":"lentorn-proper-i-llunya","status":"publish","type":"page","link":"https:\/\/agora.xtec.cat\/escjoanmaragall\/lentorn-proper-i-llunya\/","title":{"rendered":"L&#8217;ENTORN PROPER I LLUNY\u00c0"},"content":{"rendered":"<p>Un dia els mestres de 4t ens van dir que l&#8217;endem\u00e0 anir\u00edem a esmorzar al riu\u00a0\u00a0i tot passejant vam observar que estem envoltats de cases, carrers, carreteres , canal de Ser\u00f2s, la universitat, places i parcs. A partir d&#8217;aquest moment vam decidir estudiar el nostre entorn m\u00e9s proper i aix\u00ed ho estem fent. Ja us anirem informant.<\/p>\n<p>&nbsp;<\/p>\n<p><a href=\"http:\/\/agora.xtec.cat\/escjoanmaragall\/wp-content\/uploads\/usu115\/2015\/11\/DSC00035.JPG.1.jpg\"><img loading=\"lazy\" decoding=\"async\" class=\"alignnone size-large wp-image-2408\" src=\"http:\/\/agora.xtec.cat\/escjoanmaragall\/wp-content\/uploads\/usu115\/2015\/11\/DSC00035.JPG.1-1024x407.jpg\" alt=\"DSC00035.JPG.1\" width=\"1024\" height=\"407\" \/><\/a><\/p>\n<p>&nbsp;<\/p>\n<p style=\"text-align: left;\">A partir d&#8217; aquesta sortida hem estudiat la situaci\u00f3 del nostre barri al mapa de Lleida i hem assenyalat l&#8217; itinerari seguit d&#8217;anada \u00a0i tornada.<\/p>\n<p style=\"text-align: left;\">\u00a0 \u00a0 \u00a0<a href=\"http:\/\/agora.xtec.cat\/escjoanmaragall\/wp-content\/uploads\/usu115\/2015\/11\/DSC00257.jpg\"><img loading=\"lazy\" decoding=\"async\" class=\"alignnone  wp-image-2520\" src=\"http:\/\/agora.xtec.cat\/escjoanmaragall\/wp-content\/uploads\/usu115\/2015\/11\/DSC00257.jpg\" alt=\"DSC00257\" width=\"367\" height=\"275\" \/><img loading=\"lazy\" decoding=\"async\" class=\"wp-image-2518 alignright\" src=\"http:\/\/agora.xtec.cat\/escjoanmaragall\/wp-content\/uploads\/usu115\/2015\/11\/DSC00256-2.jpg\" alt=\"DSC00256 (2)\" width=\"371\" height=\"278\" \/><\/a><\/p>\n<p>Un altre dia varem sortir pel barri i vam redescobrir \u00a0alguns dels serveis m\u00e9s importants que tenim a La Bordeta<\/p>\n<p><a href=\"http:\/\/agora.xtec.cat\/escjoanmaragall\/wp-content\/uploads\/usu115\/2015\/11\/DSC00188.jpg\"><img loading=\"lazy\" decoding=\"async\" class=\"alignnone  wp-image-2585\" src=\"http:\/\/agora.xtec.cat\/escjoanmaragall\/wp-content\/uploads\/usu115\/2015\/11\/DSC00188.jpg\" alt=\"DSC00188\" width=\"321\" height=\"226\" \/><\/a>. \u00a0 \u00a0 \u00a0 \u00a0 \u00a0 \u00a0 \u00a0 \u00a0 \u00a0 \u00a0 \u00a0 \u00a0 \u00a0 \u00a0<img loading=\"lazy\" decoding=\"async\" class=\"  wp-image-2588 alignnone\" src=\"http:\/\/agora.xtec.cat\/escjoanmaragall\/wp-content\/uploads\/usu115\/2015\/11\/DSC00190.jpg\" alt=\"DSC00190\" width=\"353\" height=\"225\" \/><\/p>\n<p>Despr\u00e9s vam decidir assenyalar en un mapa de La Bordeta els serveis m\u00e9s utilitzats. Primer van haver de dibuixar-lo i pintar-lo.<\/p>\n<p>&nbsp;<\/p>\n<p><a href=\"http:\/\/agora.xtec.cat\/escjoanmaragall\/wp-content\/uploads\/usu115\/2015\/11\/DSC000951.jpg\"><img loading=\"lazy\" decoding=\"async\" class=\"alignnone  wp-image-2602\" src=\"http:\/\/agora.xtec.cat\/escjoanmaragall\/wp-content\/uploads\/usu115\/2015\/11\/DSC000951.jpg\" alt=\"DSC00095\" width=\"342\" height=\"218\" \/><\/a>\u00a0 \u00a0 \u00a0 \u00a0 \u00a0 \u00a0 \u00a0 \u00a0 \u00a0 \u00a0 \u00a0 \u00a0\u00a0<a href=\"http:\/\/agora.xtec.cat\/escjoanmaragall\/wp-content\/uploads\/usu115\/2015\/11\/DSC00099.jpg\"><img loading=\"lazy\" decoding=\"async\" class=\"alignnone  wp-image-2598\" src=\"http:\/\/agora.xtec.cat\/escjoanmaragall\/wp-content\/uploads\/usu115\/2015\/11\/DSC00099.jpg\" alt=\"DSC00099\" width=\"289\" height=\"217\" \/><\/a><\/p>\n<p>&nbsp;<\/p>\n<p>I \u00a0aix\u00ed va quedar.<\/p>\n<p><a href=\"http:\/\/agora.xtec.cat\/escjoanmaragall\/wp-content\/uploads\/usu115\/2015\/11\/DSC00274-001.jpg\"><img loading=\"lazy\" decoding=\"async\" class=\"  wp-image-2633 aligncenter\" src=\"http:\/\/agora.xtec.cat\/escjoanmaragall\/wp-content\/uploads\/usu115\/2015\/11\/DSC00274-001.jpg\" alt=\"DSC00274-001\" width=\"339\" height=\"254\" \/><\/a><\/p>\n<p>&nbsp;<\/p>\n<p>Al mateix temps , per grups,\u00a0ens an\u00e0vem preparant per explicar una part del projecte.Calia parlar de la hist\u00f2ria i origen \u00a0del barri, paisatges naturals i humanitzats del nostre entorn (Lleida-Bordeta) i situaci\u00f3 dels serveis m\u00e9s importants de La Bordeta: escoles, el C.A.P, centre obert i altres.<\/p>\n<p>Ara us mostrem unes imatges de les exposicions orals.<\/p>\n<p>&nbsp;<\/p>\n<p><a href=\"http:\/\/agora.xtec.cat\/escjoanmaragall\/wp-content\/uploads\/usu115\/2015\/11\/Imagen-0981.jpg\"><img loading=\"lazy\" decoding=\"async\" class=\"alignnone  wp-image-2640\" src=\"http:\/\/agora.xtec.cat\/escjoanmaragall\/wp-content\/uploads\/usu115\/2015\/11\/Imagen-0981.jpg\" alt=\"Imagen 098\" width=\"270\" height=\"219\" \/><\/a>\u00a0 \u00a0 \u00a0 \u00a0 \u00a0 \u00a0 \u00a0 \u00a0 \u00a0 \u00a0 \u00a0 \u00a0 \u00a0 \u00a0 \u00a0 \u00a0 \u00a0 \u00a0 \u00a0 \u00a0\u00a0<a href=\"http:\/\/agora.xtec.cat\/escjoanmaragall\/wp-content\/uploads\/usu115\/2015\/11\/DSC00260-002.jpg\"><img loading=\"lazy\" decoding=\"async\" class=\"alignnone  wp-image-2642\" src=\"http:\/\/agora.xtec.cat\/escjoanmaragall\/wp-content\/uploads\/usu115\/2015\/11\/DSC00260-002.jpg\" alt=\"DSC00260-002\" width=\"293\" height=\"220\" \/><\/a><\/p>\n<p>&nbsp;<\/p>\n<p>&nbsp;<\/p>\n<p><a href=\"http:\/\/agora.xtec.cat\/escjoanmaragall\/wp-content\/uploads\/usu115\/2015\/11\/Imagen-087.jpg\"><img loading=\"lazy\" decoding=\"async\" class=\" size-full wp-image-2644 aligncenter\" src=\"http:\/\/agora.xtec.cat\/escjoanmaragall\/wp-content\/uploads\/usu115\/2015\/11\/Imagen-087.jpg\" alt=\"Imagen 087\" width=\"275\" height=\"207\" \/><\/a><\/p>\n<p>&nbsp;<\/p>\n<p>Nom\u00e9s ens resta dir-vos \u00a0que hem passat molts nervis a l&#8217;hora de parlar davant dels companys , per\u00f2 hem apr\u00e8s moltes coses i ha estat for\u00e7a divertit.<\/p>\n<p>Fins aviat.<\/p>\n<p>Els alumnes \u00a0de 4t<\/p>\n<p>&nbsp;<\/p>\n","protected":false},"excerpt":{"rendered":"<p>Un dia els mestres de 4t ens van dir que l&#8217;endem\u00e0 anir\u00edem a esmorzar al riu\u00a0\u00a0i tot passejant vam observar que estem envoltats de cases, carrers, carreteres , canal de Ser\u00f2s, la universitat, places i parcs. A partir d&#8217;aquest moment vam decidir estudiar el nostre&hellip;  <a href=\"https:\/\/agora.xtec.cat\/escjoanmaragall\/lentorn-proper-i-llunya\/\" title=\"Read L&#8217;ENTORN PROPER I LLUNY\u00c0\">Llegeix m\u00e9s\u00bb<\/a><\/p>\n","protected":false},"author":1,"featured_media":0,"parent":0,"menu_order":0,"comment_status":"closed","ping_status":"closed","template":"","meta":{"_bbp_topic_count":0,"_bbp_reply_count":0,"_bbp_total_topic_count":0,"_bbp_total_reply_count":0,"_bbp_voice_count":0,"_bbp_anonymous_reply_count":0,"_bbp_topic_count_hidden":0,"_bbp_reply_count_hidden":0,"_bbp_forum_subforum_count":0,"footnotes":""},"class_list":["post-2207","page","type-page","status-publish","hentry"],"post_mailing_queue_ids":[],"_links":{"self":[{"href":"https:\/\/agora.xtec.cat\/escjoanmaragall\/wp-json\/wp\/v2\/pages\/2207","targetHints":{"allow":["GET"]}}],"collection":[{"href":"https:\/\/agora.xtec.cat\/escjoanmaragall\/wp-json\/wp\/v2\/pages"}],"about":[{"href":"https:\/\/agora.xtec.cat\/escjoanmaragall\/wp-json\/wp\/v2\/types\/page"}],"author":[{"embeddable":true,"href":"https:\/\/agora.xtec.cat\/escjoanmaragall\/wp-json\/wp\/v2\/users\/1"}],"replies":[{"embeddable":true,"href":"https:\/\/agora.xtec.cat\/escjoanmaragall\/wp-json\/wp\/v2\/comments?post=2207"}],"version-history":[{"count":3,"href":"https:\/\/agora.xtec.cat\/escjoanmaragall\/wp-json\/wp\/v2\/pages\/2207\/revisions"}],"predecessor-version":[{"id":2650,"href":"https:\/\/agora.xtec.cat\/escjoanmaragall\/wp-json\/wp\/v2\/pages\/2207\/revisions\/2650"}],"wp:attachment":[{"href":"https:\/\/agora.xtec.cat\/escjoanmaragall\/wp-json\/wp\/v2\/media?parent=2207"}],"curies":[{"name":"wp","href":"https:\/\/api.w.org\/{rel}","templated":true}]}}