{"id":2078,"date":"2015-11-02T16:17:11","date_gmt":"2015-11-02T15:17:11","guid":{"rendered":"http:\/\/agora.xtec.cat\/escjoanmaragall\/?page_id=2078"},"modified":"2015-11-30T16:19:48","modified_gmt":"2015-11-30T15:19:48","slug":"la-nostra-escola","status":"publish","type":"page","link":"https:\/\/agora.xtec.cat\/escjoanmaragall\/la-nostra-escola\/","title":{"rendered":"LA NOSTRA ESCOLA"},"content":{"rendered":"<h2 style=\"text-align: center;\">Un dia de treball per tasques del projecte &#8220;La nostra escola&#8221;<\/h2>\n<p>Avui els alumnes de 1r B hem treballat la feina que fan totes les persones de l&#8217;escola. Necessitem saber com \u00e9s la nostra escola per poder ajudar la Safa i la Lavinia perqu\u00e8 elles s\u00f3n d&#8217;un altre pa\u00eds i no coneixen res de la nostra escola. Per aix\u00f2 avui hem enganxat totes les fotografies dels professors per a poder ensenyar-los-hi aviat i que els puguin con\u00e8ixer.<\/p>\n<p><a href=\"http:\/\/agora.xtec.cat\/escjoanmaragall\/wp-content\/uploads\/usu115\/2015\/11\/DSC004841_opt.jpg\"><img loading=\"lazy\" decoding=\"async\" class=\"alignnone  wp-image-2083\" src=\"http:\/\/agora.xtec.cat\/escjoanmaragall\/wp-content\/uploads\/usu115\/2015\/11\/DSC004841_opt.jpg\" alt=\"DSC00484(1)_opt\" width=\"300\" height=\"400\" \/><\/a><a href=\"http:\/\/agora.xtec.cat\/escjoanmaragall\/wp-content\/uploads\/usu115\/2015\/11\/DSC00481_opt.jpg\"><img loading=\"lazy\" decoding=\"async\" class=\" size-full wp-image-2084 alignleft\" src=\"http:\/\/agora.xtec.cat\/escjoanmaragall\/wp-content\/uploads\/usu115\/2015\/11\/DSC00481_opt.jpg\" alt=\"DSC00481_opt\" width=\"400\" height=\"300\" \/><\/a><\/p>\n<h2 style=\"text-align: center;\">Segon dia de treball&#8230; Som-hi!<\/h2>\n<p>Avui hem continuat amb el projecte de &#8220;la meva escola&#8221;. Hem treballat una fitxa on hav\u00edem d&#8217;apuntar el nom dels professors de tots els cursos de l&#8217;escola, el n\u00famero d&#8217;aula i el nombre d&#8217;alumnes de cada aula. Ho hem apuntat tot en una taula per tenir-ho tot junt.<\/p>\n<p>Despr\u00e9s, hem passat per totes les classes fent aquestes preguntes als nens i en acabar hem fet una altra tasca, un recull de dades on v\u00e8iem on hi ha m\u00e9s o menys alumnes. Per aix\u00f2 hem fet tantes creuetes com alumnes hi havien a cada aula i hem pogut comprovar el resultat.<\/p>\n<p><a href=\"http:\/\/agora.xtec.cat\/escjoanmaragall\/wp-content\/uploads\/usu115\/2015\/11\/collage1.jpg\"><img loading=\"lazy\" decoding=\"async\" class=\"  wp-image-2321 aligncenter\" src=\"http:\/\/agora.xtec.cat\/escjoanmaragall\/wp-content\/uploads\/usu115\/2015\/11\/collage1.jpg\" alt=\"collage\" width=\"679\" height=\"679\" \/><\/a><\/p>\n<h2 style=\"text-align: center;\">\u00a0Ensenyem a la Safa i la Lav\u00ednia una mica m\u00e9s de la nostra escola&#8230;<\/h2>\n<p>Avui, dia 30 de novembre, els alumnes de 1r han anat a la classe de la Safa i la Lav\u00ednia, les dues nenes estrangeres que no coneixen encara gaireb\u00e9 l&#8217;escola, i els han informat una miqueta m\u00e9s de les coses m\u00e9s importants de l&#8217;escola.<\/p>\n<p>Primerament, els alumnes un per un han anat ensenyant una fotografia de cada membre de l&#8217;equip de professors i directiu de l&#8217;escola i dient qui \u00e9s cadasc\u00fa. Seguidament, un altre grup ha mostrat diferent vocabulari de l&#8217;escola i ho han enganxat als objectes, per tal que les nenes s\u00e0piguin com es diu cada cosa i tenir m\u00e9s facilitat per demanar alguna cosa als companys, mestres&#8230; Algunes de les paraules han estat ordinadors, prestatgeria, retoladors, pissarra&#8230;etc.<\/p>\n<p>Amb l&#8217;ajuda d&#8217;uns blocs multibase hem ensenyat la representaci\u00f3 de quants alumnes hi ha a l&#8217;escola per classe, fet que els hi ha agradat molt!<\/p>\n<p>Finalment, per tal que les alumnes coneguin al complert l&#8217;escola, un grup d&#8217;alumnes les han acompanyat a visitar diferents espais de l&#8217;escola, com la secretaria, la biblioteca o la consergeria.<\/p>\n<p><a href=\"http:\/\/agora.xtec.cat\/escjoanmaragall\/wp-content\/uploads\/usu115\/2015\/11\/DSCN0356_opt1.jpg\"><img loading=\"lazy\" decoding=\"async\" class=\"alignnone size-full wp-image-2484\" src=\"http:\/\/agora.xtec.cat\/escjoanmaragall\/wp-content\/uploads\/usu115\/2015\/11\/DSCN0356_opt1.jpg\" alt=\"DSCN0356_opt\" width=\"400\" height=\"300\" \/><\/a> <a href=\"http:\/\/agora.xtec.cat\/escjoanmaragall\/wp-content\/uploads\/usu115\/2015\/11\/DSC00821_opt1.jpg\"><img loading=\"lazy\" decoding=\"async\" class=\"alignnone size-large wp-image-2485\" src=\"http:\/\/agora.xtec.cat\/escjoanmaragall\/wp-content\/uploads\/usu115\/2015\/11\/DSC00821_opt1.jpg\" alt=\"DSC00821_opt\" width=\"400\" height=\"300\" \/><\/a> <a href=\"http:\/\/agora.xtec.cat\/escjoanmaragall\/wp-content\/uploads\/usu115\/2015\/11\/DSC00834_opt1.jpg\"><img loading=\"lazy\" decoding=\"async\" class=\"alignnone size-large wp-image-2486\" src=\"http:\/\/agora.xtec.cat\/escjoanmaragall\/wp-content\/uploads\/usu115\/2015\/11\/DSC00834_opt1.jpg\" alt=\"DSC00834_opt\" width=\"400\" height=\"300\" \/><\/a> <a href=\"http:\/\/agora.xtec.cat\/escjoanmaragall\/wp-content\/uploads\/usu115\/2015\/11\/DSC00842_opt1.jpg\"><img loading=\"lazy\" decoding=\"async\" class=\"alignnone size-large wp-image-2487\" src=\"http:\/\/agora.xtec.cat\/escjoanmaragall\/wp-content\/uploads\/usu115\/2015\/11\/DSC00842_opt1.jpg\" alt=\"DSC00842_opt\" width=\"400\" height=\"300\" \/><\/a> <a href=\"http:\/\/agora.xtec.cat\/escjoanmaragall\/wp-content\/uploads\/usu115\/2015\/11\/DSC00873_opt.jpg\"><img loading=\"lazy\" decoding=\"async\" class=\"alignnone size-large wp-image-2488\" src=\"http:\/\/agora.xtec.cat\/escjoanmaragall\/wp-content\/uploads\/usu115\/2015\/11\/DSC00873_opt.jpg\" alt=\"DSC00873_opt\" width=\"400\" height=\"300\" \/><\/a> <a href=\"http:\/\/agora.xtec.cat\/escjoanmaragall\/wp-content\/uploads\/usu115\/2015\/11\/DSC00881_opt1.jpg\"><img loading=\"lazy\" decoding=\"async\" class=\"alignnone size-large wp-image-2489\" src=\"http:\/\/agora.xtec.cat\/escjoanmaragall\/wp-content\/uploads\/usu115\/2015\/11\/DSC00881_opt1.jpg\" alt=\"DSC00881_opt\" width=\"400\" height=\"300\" \/><\/a><\/p>\n<p>&nbsp;<\/p>\n","protected":false},"excerpt":{"rendered":"<p>Un dia de treball per tasques del projecte &#8220;La nostra escola&#8221;<br \/>\nAvui els alumnes de 1r B hem treballat la feina que fan totes les persones de l&#8217;escola. Necessitem saber com \u00e9s la nostra escola per poder ajudar la Safa i la Lavinia perqu\u00e8 elles s\u00f3n&hellip;  <a href=\"https:\/\/agora.xtec.cat\/escjoanmaragall\/la-nostra-escola\/\" title=\"Read LA NOSTRA ESCOLA\">Llegeix m\u00e9s\u00bb<\/a><\/p>\n","protected":false},"author":1,"featured_media":0,"parent":0,"menu_order":0,"comment_status":"closed","ping_status":"closed","template":"","meta":{"_bbp_topic_count":0,"_bbp_reply_count":0,"_bbp_total_topic_count":0,"_bbp_total_reply_count":0,"_bbp_voice_count":0,"_bbp_anonymous_reply_count":0,"_bbp_topic_count_hidden":0,"_bbp_reply_count_hidden":0,"_bbp_forum_subforum_count":0,"footnotes":""},"class_list":["post-2078","page","type-page","status-publish","hentry"],"post_mailing_queue_ids":[],"_links":{"self":[{"href":"https:\/\/agora.xtec.cat\/escjoanmaragall\/wp-json\/wp\/v2\/pages\/2078","targetHints":{"allow":["GET"]}}],"collection":[{"href":"https:\/\/agora.xtec.cat\/escjoanmaragall\/wp-json\/wp\/v2\/pages"}],"about":[{"href":"https:\/\/agora.xtec.cat\/escjoanmaragall\/wp-json\/wp\/v2\/types\/page"}],"author":[{"embeddable":true,"href":"https:\/\/agora.xtec.cat\/escjoanmaragall\/wp-json\/wp\/v2\/users\/1"}],"replies":[{"embeddable":true,"href":"https:\/\/agora.xtec.cat\/escjoanmaragall\/wp-json\/wp\/v2\/comments?post=2078"}],"version-history":[{"count":4,"href":"https:\/\/agora.xtec.cat\/escjoanmaragall\/wp-json\/wp\/v2\/pages\/2078\/revisions"}],"predecessor-version":[{"id":2492,"href":"https:\/\/agora.xtec.cat\/escjoanmaragall\/wp-json\/wp\/v2\/pages\/2078\/revisions\/2492"}],"wp:attachment":[{"href":"https:\/\/agora.xtec.cat\/escjoanmaragall\/wp-json\/wp\/v2\/media?parent=2078"}],"curies":[{"name":"wp","href":"https:\/\/api.w.org\/{rel}","templated":true}]}}