{"id":15249,"date":"2022-05-20T15:52:57","date_gmt":"2022-05-20T13:52:57","guid":{"rendered":"https:\/\/agora.xtec.cat\/escjoanmaragall\/?page_id=15249"},"modified":"2023-02-06T08:40:44","modified_gmt":"2023-02-06T07:40:44","slug":"comunicacio-i-xarxes","status":"publish","type":"page","link":"https:\/\/agora.xtec.cat\/escjoanmaragall\/comunicacio-i-xarxes\/","title":{"rendered":"COMUNICACI\u00d3 I XARXES"},"content":{"rendered":"<h2><span style=\"color: #800000;\"><strong><span style=\"color: #ff0000;\">Pla de comunicaci\u00f3 del centre<\/span> <\/strong><\/span><\/h2>\n<h3><span style=\"font-weight: 400; color: #ff0000;\">1.Justificaci\u00f3<\/span><\/h3>\n<p><span style=\"font-weight: 400;\">En els \u00faltims anys, s\u2019ha posat de manifest la necessitat dels centres educatius de comunicar-se amb tota la comunitat educativa i els seu entorn proper. La gran proliferaci\u00f3 de canals de comunicaci\u00f3 fa necessari elaborar un pla de comunicaci\u00f3 que organitzi i reguli les comunicacions del centre. Concretar les comunicacions que genera el centre pret\u00e9n que la comunicaci\u00f3 sigui m\u00e9s fluida i efectiva, arribant als seus destinataris objectius, evitant duplicitats i uniformitzant els missatges.\u00a0<\/span><\/p>\n<p><span style=\"font-weight: 400;\">Tenir la informaci\u00f3 accessible, endre\u00e7ar les comunicacions de manera efectiva als seus destinataris objectius evitant duplicitats i difondre les bones pr\u00e0ctiques del centre, permeten crear una imatge d\u2019escola funcional, din\u00e0mica i transparent.\u00a0<\/span><\/p>\n<h3><span style=\"font-weight: 400; color: #ff0000;\">2.Canals de comunicaci\u00f3<\/span><\/h3>\n<table>\n<tbody>\n<tr>\n<td style=\"background-color: #36c0c7;\">\n<h5><strong>P\u00e0gina web<\/strong><\/h5>\n<\/td>\n<td style=\"background-color: #75e6aa;\">\n<h5><strong>Informacions institucionals.\u00a0<\/strong><\/h5>\n<\/td>\n<\/tr>\n<tr>\n<td style=\"background-color: #36c0c7;\">\n<h5><strong>Correu electr\u00f2nic<\/strong><\/h5>\n<\/td>\n<td style=\"background-color: #75e6aa;\">\n<h5><strong>Per comunicacions oficials: convocat\u00f2ries de claustre, coordinacions amb altres centres o altres professionals.\u00a0<\/strong><\/h5>\n<\/td>\n<\/tr>\n<tr>\n<td style=\"background-color: #36c0c7;\">\n<h5><strong>Grup de whatsapp<\/strong><\/h5>\n<\/td>\n<td style=\"background-color: #75e6aa;\">\n<h5><strong>Comunicaci\u00f3 informal entre docents, fam\u00edlies i difusi\u00f3 a les fam\u00edlies.<\/strong><\/h5>\n<\/td>\n<\/tr>\n<tr>\n<td style=\"background-color: #36c0c7;\">\n<h5><strong>Google Calendar<\/strong><\/h5>\n<\/td>\n<td style=\"background-color: #75e6aa;\">\n<h5><strong>Publicaci\u00f3 de les diferents reunions, sortides i activitats.\u00a0<\/strong><\/h5>\n<\/td>\n<\/tr>\n<tr>\n<td style=\"background-color: #36c0c7;\">\n<h5><strong>Google Drive<\/strong><\/h5>\n<\/td>\n<td style=\"background-color: #75e6aa;\">\n<h5><strong>Documents del centre, programacions, \u2026\u00a0<\/strong><\/h5>\n<\/td>\n<\/tr>\n<tr>\n<td style=\"background-color: #36c0c7;\">\n<h5><strong>Agenda de l\u2019alumnat<\/strong><\/h5>\n<\/td>\n<td style=\"background-color: #75e6aa;\">\n<h5><strong>Comunicacions individuals entre el docent i la fam\u00edlia.\u00a0<\/strong><\/h5>\n<\/td>\n<\/tr>\n<tr>\n<td style=\"background-color: #36c0c7;\">\n<h5><strong>Xarxes socials: instagram i facebook<\/strong><\/h5>\n<\/td>\n<td style=\"background-color: #75e6aa;\">\n<h5><strong>Difondre activitats destacades del centre.\u00a0<\/strong><\/h5>\n<\/td>\n<\/tr>\n<tr>\n<td style=\"background-color: #36c0c7;\">\n<h5><strong>Tel\u00e8fon<\/strong><\/h5>\n<\/td>\n<td style=\"background-color: #75e6aa;\">\n<h5><strong>Arribar a les fam\u00edlies que no responen als altres canals de comunicaci\u00f3.<\/strong><\/h5>\n<\/td>\n<\/tr>\n<\/tbody>\n<\/table>\n<table style=\"border-collapse: collapse; width: 100%;\">\n<tbody>\n<tr>\n<td style=\"width: 50%; text-align: center;\"><a href=\"https:\/\/agora.xtec.cat\/escjoanmaragall\/cultura-digital\/\">TORNA CULTURA DIGITAL<\/a><\/td>\n<td style=\"width: 50%; text-align: center;\"><a href=\"https:\/\/agora.xtec.cat\/escjoanmaragall\/edc\/\">TORNA INICI<\/a><\/td>\n<\/tr>\n<\/tbody>\n<\/table>\n","protected":false},"excerpt":{"rendered":"<p>Pla de comunicaci\u00f3 del centre<br \/>\n1.Justificaci\u00f3<br \/>\nEn els \u00faltims anys, s\u2019ha posat de manifest la necessitat dels centres educatius de comunicar-se amb tota la comunitat educativa i els seu entorn proper. La gran proliferaci\u00f3 de canals de comunicaci\u00f3 fa necessari elaborar un pla de comunicaci\u00f3 que&hellip;  <a href=\"https:\/\/agora.xtec.cat\/escjoanmaragall\/comunicacio-i-xarxes\/\" title=\"Read COMUNICACI\u00d3 I XARXES\">Llegeix m\u00e9s\u00bb<\/a><\/p>\n","protected":false},"author":5,"featured_media":0,"parent":0,"menu_order":0,"comment_status":"closed","ping_status":"closed","template":"","meta":{"_bbp_topic_count":0,"_bbp_reply_count":0,"_bbp_total_topic_count":0,"_bbp_total_reply_count":0,"_bbp_voice_count":0,"_bbp_anonymous_reply_count":0,"_bbp_topic_count_hidden":0,"_bbp_reply_count_hidden":0,"_bbp_forum_subforum_count":0,"footnotes":""},"class_list":["post-15249","page","type-page","status-publish","hentry"],"post_mailing_queue_ids":[],"_links":{"self":[{"href":"https:\/\/agora.xtec.cat\/escjoanmaragall\/wp-json\/wp\/v2\/pages\/15249","targetHints":{"allow":["GET"]}}],"collection":[{"href":"https:\/\/agora.xtec.cat\/escjoanmaragall\/wp-json\/wp\/v2\/pages"}],"about":[{"href":"https:\/\/agora.xtec.cat\/escjoanmaragall\/wp-json\/wp\/v2\/types\/page"}],"author":[{"embeddable":true,"href":"https:\/\/agora.xtec.cat\/escjoanmaragall\/wp-json\/wp\/v2\/users\/5"}],"replies":[{"embeddable":true,"href":"https:\/\/agora.xtec.cat\/escjoanmaragall\/wp-json\/wp\/v2\/comments?post=15249"}],"version-history":[{"count":3,"href":"https:\/\/agora.xtec.cat\/escjoanmaragall\/wp-json\/wp\/v2\/pages\/15249\/revisions"}],"predecessor-version":[{"id":16190,"href":"https:\/\/agora.xtec.cat\/escjoanmaragall\/wp-json\/wp\/v2\/pages\/15249\/revisions\/16190"}],"wp:attachment":[{"href":"https:\/\/agora.xtec.cat\/escjoanmaragall\/wp-json\/wp\/v2\/media?parent=15249"}],"curies":[{"name":"wp","href":"https:\/\/api.w.org\/{rel}","templated":true}]}}