{"id":15211,"date":"2022-05-13T15:21:39","date_gmt":"2022-05-13T13:21:39","guid":{"rendered":"https:\/\/agora.xtec.cat\/escjoanmaragall\/?page_id=15211"},"modified":"2023-02-06T08:34:40","modified_gmt":"2023-02-06T07:34:40","slug":"avaluacio","status":"publish","type":"page","link":"https:\/\/agora.xtec.cat\/escjoanmaragall\/avaluacio\/","title":{"rendered":"AVALUACI\u00d3"},"content":{"rendered":"<p>&nbsp;<\/p>\n<table style=\"width: 100%; border-collapse: collapse; border-style: solid; border-color: #0dd9cb; background-color: #a5f090;\">\n<tbody>\n<tr>\n<td style=\"width: 7.99537%; text-align: center;\"><strong>N\u00ba<\/strong><\/td>\n<td style=\"width: 48.5516%; text-align: center;\"><strong>OBJECTIU<\/strong><\/td>\n<td style=\"width: 43.3372%; text-align: center;\"><strong>AVALUACI\u00d3<\/strong><\/td>\n<\/tr>\n<tr>\n<td style=\"width: 7.99537%; text-align: center;\"><strong>1<\/strong><\/td>\n<td style=\"width: 48.5516%;\"><em>Desenvolupar l&#8217;EDC<\/em><\/td>\n<td style=\"width: 43.3372%;\">Evid\u00e8ncia del document realitzat i publicat.<\/td>\n<\/tr>\n<tr>\n<td style=\"width: 7.99537%; text-align: center;\"><strong>2<\/strong><\/td>\n<td style=\"width: 48.5516%;\"><em> Facilitar l&#8217;acc\u00e9s a recursos TAC a tot l&#8217;alumnat del centre<\/em><\/td>\n<td style=\"width: 43.3372%;\">Avaluaci\u00f3 anual sobre l&#8217;aprofitament dels recursos utilitzats i revisi\u00f3 d&#8217;aquest \u00fas si s&#8217;escau.<\/td>\n<\/tr>\n<tr>\n<td style=\"width: 7.99537%; text-align: center;\"><strong>3<\/strong><\/td>\n<td style=\"width: 48.5516%;\"><em>Utilitzar un EVA per treballar la compet\u00e8ncia digital de l&#8217;alumnat<\/em><\/td>\n<td style=\"width: 43.3372%;\">&nbsp;<\/p>\n<p><em><span data-sheets-value=\"{&quot;1&quot;:2,&quot;2&quot;:&quot;S'ha creat els usuaris i les adreces de correus dels alumnes de cicle superior. &quot;}\" data-sheets-userformat=\"{&quot;2&quot;:4665,&quot;3&quot;:{&quot;1&quot;:0},&quot;6&quot;:{&quot;1&quot;:[{&quot;1&quot;:2,&quot;2&quot;:0,&quot;5&quot;:{&quot;1&quot;:2,&quot;2&quot;:0}},{&quot;1&quot;:0,&quot;2&quot;:0,&quot;3&quot;:3},{&quot;1&quot;:1,&quot;2&quot;:0,&quot;4&quot;:1}]},&quot;7&quot;:{&quot;1&quot;:[{&quot;1&quot;:2,&quot;2&quot;:0,&quot;5&quot;:{&quot;1&quot;:2,&quot;2&quot;:0}},{&quot;1&quot;:0,&quot;2&quot;:0,&quot;3&quot;:3},{&quot;1&quot;:1,&quot;2&quot;:0,&quot;4&quot;:1}]},&quot;8&quot;:{&quot;1&quot;:[{&quot;1&quot;:2,&quot;2&quot;:0,&quot;5&quot;:{&quot;1&quot;:2,&quot;2&quot;:0}},{&quot;1&quot;:0,&quot;2&quot;:0,&quot;3&quot;:3},{&quot;1&quot;:1,&quot;2&quot;:0,&quot;4&quot;:3}]},&quot;12&quot;:0,&quot;15&quot;:&quot;Arial&quot;}\">Revisi\u00f3 de la creaci\u00f3 dels usuaris en els nivells en que s&#8217;ha decidit implementar l&#8217;\u00fas de l&#8217;EVA.<\/span><\/em><\/p>\n<p><span data-sheets-value=\"{&quot;1&quot;:2,&quot;2&quot;:&quot;S'utilitza l'EVA en els treballs per tasca. &quot;}\" data-sheets-userformat=\"{&quot;2&quot;:4665,&quot;3&quot;:{&quot;1&quot;:0},&quot;6&quot;:{&quot;1&quot;:[{&quot;1&quot;:2,&quot;2&quot;:0,&quot;5&quot;:{&quot;1&quot;:2,&quot;2&quot;:0}},{&quot;1&quot;:0,&quot;2&quot;:0,&quot;3&quot;:3},{&quot;1&quot;:1,&quot;2&quot;:0,&quot;4&quot;:1}]},&quot;7&quot;:{&quot;1&quot;:[{&quot;1&quot;:2,&quot;2&quot;:0,&quot;5&quot;:{&quot;1&quot;:2,&quot;2&quot;:0}},{&quot;1&quot;:0,&quot;2&quot;:0,&quot;3&quot;:3},{&quot;1&quot;:1,&quot;2&quot;:0,&quot;4&quot;:1}]},&quot;8&quot;:{&quot;1&quot;:[{&quot;1&quot;:2,&quot;2&quot;:0,&quot;5&quot;:{&quot;1&quot;:2,&quot;2&quot;:0}},{&quot;1&quot;:0,&quot;2&quot;:0,&quot;3&quot;:3},{&quot;1&quot;:1,&quot;2&quot;:0,&quot;4&quot;:3}]},&quot;12&quot;:0,&quot;15&quot;:&quot;Arial&quot;}\">Valorar i revisar si s&#8217;escau l&#8217;\u00fas que es fa de l&#8217;EVA en els projectes i en d&#8217;altres \u00e0mbits de la formaci\u00f3 dels alumnes. . <\/span><\/td>\n<\/tr>\n<tr>\n<td style=\"width: 7.99537%; text-align: center;\"><strong>4<\/strong><\/td>\n<td style=\"width: 48.5516%;\"><em>Compartir recursos did\u00e0ctics entre el claustre <\/em><\/td>\n<td style=\"width: 43.3372%;\"><em><span data-sheets-value=\"{&quot;1&quot;:2,&quot;2&quot;:&quot;S'ha creat la unitat compartida.&quot;}\" data-sheets-userformat=\"{&quot;2&quot;:4665,&quot;3&quot;:{&quot;1&quot;:0},&quot;6&quot;:{&quot;1&quot;:[{&quot;1&quot;:2,&quot;2&quot;:0,&quot;5&quot;:{&quot;1&quot;:2,&quot;2&quot;:0}},{&quot;1&quot;:0,&quot;2&quot;:0,&quot;3&quot;:3},{&quot;1&quot;:1,&quot;2&quot;:0,&quot;4&quot;:1}]},&quot;7&quot;:{&quot;1&quot;:[{&quot;1&quot;:2,&quot;2&quot;:0,&quot;5&quot;:{&quot;1&quot;:2,&quot;2&quot;:0}},{&quot;1&quot;:0,&quot;2&quot;:0,&quot;3&quot;:3},{&quot;1&quot;:1,&quot;2&quot;:0,&quot;4&quot;:1}]},&quot;8&quot;:{&quot;1&quot;:[{&quot;1&quot;:2,&quot;2&quot;:0,&quot;5&quot;:{&quot;1&quot;:2,&quot;2&quot;:0}},{&quot;1&quot;:0,&quot;2&quot;:0,&quot;3&quot;:3},{&quot;1&quot;:1,&quot;2&quot;:0,&quot;4&quot;:3}]},&quot;12&quot;:0,&quot;15&quot;:&quot;Arial&quot;}\">Avaluar l&#8217;\u00fas que fa el claustre de la unitat compartida de centre.<\/span><\/em><\/p>\n<p>Avaluar l&#8217;aprofitament de les reunions per l&#8217;intercanvi d&#8217;experi\u00e8ncies i recursos TAC entre els membres del claustre.<\/td>\n<\/tr>\n<tr>\n<td style=\"width: 7.99537%; text-align: center;\"><strong>5<\/strong><\/td>\n<td style=\"width: 48.5516%;\"><em>Millorar la compet\u00e8ncia digital docent<\/em><\/td>\n<td style=\"width: 43.3372%;\"><em>\u00a0Assist\u00e8ncia a la formaci\u00f3 FIC de com a m\u00ednim un 80% del claustre.<\/em><\/td>\n<\/tr>\n<tr>\n<td style=\"width: 7.99537%; text-align: center;\"><strong>6<\/strong><\/td>\n<td style=\"width: 48.5516%;\"><em>Millorar la comunicaci\u00f3 amb les fam\u00edlies<\/em><\/td>\n<td style=\"width: 43.3372%;\"><em>\u00a0Avaluar el nombre de fam\u00edlies participants en el curs de formaci\u00f3 Moodle espec\u00edfic\u00a0per aquestes.<\/em><\/p>\n<p>Aprofitament d&#8217;un m\u00ednim del 70% de les fam\u00edlies del nou canal de difusi\u00f3 establert pel centre.<\/td>\n<\/tr>\n<\/tbody>\n<\/table>\n<table style=\"border-collapse: collapse; width: 100%;\">\n<tbody>\n<tr>\n<td style=\"width: 50%; text-align: center;\"><a href=\"https:\/\/agora.xtec.cat\/escjoanmaragall\/estrategia-digital\/\">TORNA PART ESTRAT\u00c8GICA<\/a><\/td>\n<td style=\"width: 50%; text-align: center;\"><a href=\"https:\/\/agora.xtec.cat\/escjoanmaragall\/edc\/\">TORNA INICI<\/a><\/td>\n<\/tr>\n<\/tbody>\n<\/table>\n","protected":false},"excerpt":{"rendered":"<p>&nbsp;<\/p>\n<p>N\u00ba<br \/>\nOBJECTIU<br \/>\nAVALUACI\u00d3<\/p>\n<p>1<br \/>\nDesenvolupar l&#8217;EDC<br \/>\nEvid\u00e8ncia del document realitzat i publicat.<\/p>\n<p>2<br \/>\n Facilitar l&#8217;acc\u00e9s a recursos TAC a tot l&#8217;alumnat del centre<br \/>\nAvaluaci\u00f3 anual sobre l&#8217;aprofitament dels recursos utilitzats i revisi\u00f3 d&#8217;aquest \u00fas si s&#8217;escau.<\/p>\n<p>3<br \/>\nUtilitzar un EVA per treballar la compet\u00e8ncia digital de l&#8217;alumnat<br \/>\n&nbsp;<br \/>\nRevisi\u00f3 de la creaci\u00f3 dels usuaris en els&hellip;  <a href=\"https:\/\/agora.xtec.cat\/escjoanmaragall\/avaluacio\/\" title=\"Read AVALUACI\u00d3\">Llegeix m\u00e9s\u00bb<\/a><\/p>\n","protected":false},"author":5,"featured_media":0,"parent":0,"menu_order":0,"comment_status":"closed","ping_status":"closed","template":"","meta":{"_bbp_topic_count":0,"_bbp_reply_count":0,"_bbp_total_topic_count":0,"_bbp_total_reply_count":0,"_bbp_voice_count":0,"_bbp_anonymous_reply_count":0,"_bbp_topic_count_hidden":0,"_bbp_reply_count_hidden":0,"_bbp_forum_subforum_count":0,"footnotes":""},"class_list":["post-15211","page","type-page","status-publish","hentry"],"post_mailing_queue_ids":[],"_links":{"self":[{"href":"https:\/\/agora.xtec.cat\/escjoanmaragall\/wp-json\/wp\/v2\/pages\/15211","targetHints":{"allow":["GET"]}}],"collection":[{"href":"https:\/\/agora.xtec.cat\/escjoanmaragall\/wp-json\/wp\/v2\/pages"}],"about":[{"href":"https:\/\/agora.xtec.cat\/escjoanmaragall\/wp-json\/wp\/v2\/types\/page"}],"author":[{"embeddable":true,"href":"https:\/\/agora.xtec.cat\/escjoanmaragall\/wp-json\/wp\/v2\/users\/5"}],"replies":[{"embeddable":true,"href":"https:\/\/agora.xtec.cat\/escjoanmaragall\/wp-json\/wp\/v2\/comments?post=15211"}],"version-history":[{"count":4,"href":"https:\/\/agora.xtec.cat\/escjoanmaragall\/wp-json\/wp\/v2\/pages\/15211\/revisions"}],"predecessor-version":[{"id":15993,"href":"https:\/\/agora.xtec.cat\/escjoanmaragall\/wp-json\/wp\/v2\/pages\/15211\/revisions\/15993"}],"wp:attachment":[{"href":"https:\/\/agora.xtec.cat\/escjoanmaragall\/wp-json\/wp\/v2\/media?parent=15211"}],"curies":[{"name":"wp","href":"https:\/\/api.w.org\/{rel}","templated":true}]}}