{"id":15195,"date":"2022-05-13T15:14:14","date_gmt":"2022-05-13T13:14:14","guid":{"rendered":"https:\/\/agora.xtec.cat\/escjoanmaragall\/?page_id=15195"},"modified":"2023-02-06T08:31:33","modified_gmt":"2023-02-06T07:31:33","slug":"diagnosi","status":"publish","type":"page","link":"https:\/\/agora.xtec.cat\/escjoanmaragall\/diagnosi\/","title":{"rendered":"DIAGNOSI"},"content":{"rendered":"<p>Fortaleses i debilitats del centre un cop implementades les eines de diagnosi acordades pr\u00e8viament per la Comissi\u00f3 Digital, Equip directiu, el mentor i realitzat el buidatge de resultats i an\u00e0lisi posterior.<\/p>\n<table style=\"height: 506px; width: 99.7683%; border-collapse: collapse; border-style: solid; border-color: #9ce87b; background-color: #b8e0cd;\">\n<tbody>\n<tr style=\"height: 32px;\">\n<td style=\"width: 17.4506%; height: 32px;\"><\/td>\n<td style=\"width: 25.3485%; height: 32px; text-align: center;\"><strong>ALUMNES<\/strong><\/td>\n<td style=\"width: 27.439%; height: 32px; text-align: center;\"><strong>PROFESSORAT<\/strong><\/td>\n<td style=\"width: 29.7619%; height: 32px; text-align: center;\"><strong>CENTRE<\/strong><\/td>\n<\/tr>\n<tr style=\"height: 303px;\">\n<td style=\"width: 17.4506%; height: 262px;\"><strong>PUNTS FORTS<\/strong><\/td>\n<td style=\"width: 25.3485%; height: 262px;\">\n<ul>\n<li>Bon coneixement els els cursos superiors de prim\u00e0ria de les xarxes socials, aplicacions no educatives i jocs en l\u00ednia.<\/li>\n<\/ul>\n<\/td>\n<td style=\"width: 27.439%; height: 262px;\">&nbsp;<\/p>\n<ul>\n<li>La majoria dels membres del claustre tenen coneixements TAC b\u00e0sics i alguns\/es amb un nivell notable de: edici\u00f3 audiovisual, p\u00e0gines web, blocs, aplicacions, &#8230;i els utilitzen alhora de preparar i impartir les seves sessions.<\/li>\n<\/ul>\n<\/td>\n<td style=\"width: 29.7619%; height: 262px;\">&nbsp;<\/p>\n<ul>\n<li>El pla TAC del centre \u00e9s recent. Aix\u00ed mateix no es parteix de zero aplicant les TAC a la tasca docent. La majoria del claustre t\u00e9 experi\u00e8ncia acumulada en formacions i projectes d&#8217;innovaci\u00f3 tecnol\u00f2giques anteriors.<\/li>\n<\/ul>\n<\/td>\n<\/tr>\n<tr style=\"height: 616px;\">\n<td style=\"width: 17.4506%; height: 212px;\"><strong>PUNTS FEBLES<\/strong><\/td>\n<td style=\"width: 25.3485%; height: 212px;\">\n<ul>\n<li>Poca implicaci\u00f3 per part de moltes fam\u00edlies per ajudar-los en les tasques digitals i manca de recursos digitals \u00f2ptims en moltes llars.<\/li>\n<\/ul>\n<\/td>\n<td style=\"width: 27.439%; height: 212px;\">&nbsp;<\/p>\n<ul>\n<li>Cal moments i espais en com\u00fa per compartir coneixements, usos, aplicacions, recursos&#8230;entre els membres del claustre. Al mateix temps manca formaci\u00f3 espec\u00edfica\u00a0per al desenvolupament i la integraci\u00f3 d&#8217;eines i models d&#8217;ensenyament-aprenentatge que utilitzin les tecnologies digitals.<\/li>\n<\/ul>\n<\/td>\n<td style=\"width: 29.7619%; height: 212px;\">\n<ul>\n<li>El centre no disposa d&#8217;EVA i el\u00a0material TAC \u00e9s va quedant obsolet i es dif\u00edcil pel centre renovar-lo. Tamb\u00e9 cal un document conc\u00eds, clar i transversal que marqui els objectius que han d&#8217;assolir els alumnes al final de la etapa.<\/li>\n<li>Poc inter\u00e8s de les fam\u00edlies en la utilitzaci\u00f3 de mitjans digitals per comunicar-se amb el centre.<\/li>\n<\/ul>\n<\/td>\n<\/tr>\n<\/tbody>\n<\/table>\n<table style=\"border-collapse: collapse; width: 100%;\">\n<tbody>\n<tr>\n<td style=\"width: 50%; text-align: center;\"><a href=\"https:\/\/agora.xtec.cat\/escjoanmaragall\/estrategia-digital\/\">TORNA PART ESTRAT\u00c8GICA<\/a><\/td>\n<td style=\"width: 50%; text-align: center;\"><a href=\"https:\/\/agora.xtec.cat\/escjoanmaragall\/edc\/\">TORNA INICI<\/a><\/td>\n<\/tr>\n<\/tbody>\n<\/table>\n","protected":false},"excerpt":{"rendered":"<p>Fortaleses i debilitats del centre un cop implementades les eines de diagnosi acordades pr\u00e8viament per la Comissi\u00f3 Digital, Equip directiu, el mentor i realitzat el buidatge de resultats i an\u00e0lisi posterior.<\/p>\n<p>ALUMNES<br \/>\nPROFESSORAT<br \/>\nCENTRE<\/p>\n<p>PUNTS FORTS<\/p>\n<ul>\n<li>Bon coneixement els els cursos superiors de prim\u00e0ria de les xarxes socials, aplicacions no&hellip;  <a href=\"https:\/\/agora.xtec.cat\/escjoanmaragall\/diagnosi\/\" title=\"Read DIAGNOSI\">Llegeix m\u00e9s\u00bb<\/a><br \/>\n","protected":false},"author":5,"featured_media":0,"parent":0,"menu_order":0,"comment_status":"closed","ping_status":"closed","template":"","meta":{"_bbp_topic_count":0,"_bbp_reply_count":0,"_bbp_total_topic_count":0,"_bbp_total_reply_count":0,"_bbp_voice_count":0,"_bbp_anonymous_reply_count":0,"_bbp_topic_count_hidden":0,"_bbp_reply_count_hidden":0,"_bbp_forum_subforum_count":0,"footnotes":""},"class_list":["post-15195","page","type-page","status-publish","hentry"],"post_mailing_queue_ids":[],"_links":{"self":[{"href":"https:\/\/agora.xtec.cat\/escjoanmaragall\/wp-json\/wp\/v2\/pages\/15195","targetHints":{"allow":["GET"]}}],"collection":[{"href":"https:\/\/agora.xtec.cat\/escjoanmaragall\/wp-json\/wp\/v2\/pages"}],"about":[{"href":"https:\/\/agora.xtec.cat\/escjoanmaragall\/wp-json\/wp\/v2\/types\/page"}],"author":[{"embeddable":true,"href":"https:\/\/agora.xtec.cat\/escjoanmaragall\/wp-json\/wp\/v2\/users\/5"}],"replies":[{"embeddable":true,"href":"https:\/\/agora.xtec.cat\/escjoanmaragall\/wp-json\/wp\/v2\/comments?post=15195"}],"version-history":[{"count":4,"href":"https:\/\/agora.xtec.cat\/escjoanmaragall\/wp-json\/wp\/v2\/pages\/15195\/revisions"}],"predecessor-version":[{"id":16185,"href":"https:\/\/agora.xtec.cat\/escjoanmaragall\/wp-json\/wp\/v2\/pages\/15195\/revisions\/16185"}],"wp:attachment":[{"href":"https:\/\/agora.xtec.cat\/escjoanmaragall\/wp-json\/wp\/v2\/media?parent=15195"}],"curies":[{"name":"wp","href":"https:\/\/api.w.org\/{rel}","templated":true}]}}