{"id":14925,"date":"2022-02-28T21:05:52","date_gmt":"2022-02-28T20:05:52","guid":{"rendered":"https:\/\/agora.xtec.cat\/escjoanmaragall\/?page_id=14925"},"modified":"2022-03-06T20:32:45","modified_gmt":"2022-03-06T19:32:45","slug":"musica-6e","status":"publish","type":"page","link":"https:\/\/agora.xtec.cat\/escjoanmaragall\/musica-6e\/","title":{"rendered":"M\u00fasica 6\u00e8"},"content":{"rendered":"<p>Hola nois i noies de 6\u00e8.<\/p>\n<p>Us penjo el kahoot d&#8217;<strong>hist\u00f2ria del jazz i el rock 2<\/strong> tal i com us he comentat a classe. Abans de fer-lo llegiu les instruccions:<\/p>\n<ol>\n<li>Nom\u00e9s podeu fer el joc 3 vegades. Si entreu i us diu que \u201cest\u00e0 ple\u201d espereu-vos i a l\u2019endem\u00e0 ja haur\u00e9 posat un altre enlla\u00e7 actualitzat. Torneu-ho a provar.<\/li>\n<li>Quan escriviu el nostre nom poseu tamb\u00e9 la classe i el n\u00famero d\u2019entrada que feu. Per exemple: si ets la L\u00eddia de 5\u00e8Z i \u00e9s la segona vegada que fas el Kahoot el teu <em>nickname<\/em>\u00a0ha de ser \u201cL\u00eddia 5Z 2\u201d. Si poseu un altre \u201cnom\u201d comptar\u00e9 aquell resultat nul.<\/li>\n<li>Valorar\u00e9 la vegada que hagueu tret m\u00e9s nota.<\/li>\n<li><strong>NO<\/strong>\u00a0heu d\u2019enviar-me res, jo ja veig el resultat.<\/li>\n<li>Teniu de temps\u00a0<strong>fins al diumenge 6 de mar\u00e7 a les 20h<\/strong>.<\/li>\n<\/ol>\n<p>Doncs ja est\u00e0, cliqueu el bot\u00f3 i a jugar!!<\/p>\n<p><a href=\"https:\/\/kahoot.it\/challenge\/03870248?challenge-id=8bc196ab-60cc-41b3-ac6e-6df4b8d9600c_1646595086569\"><img loading=\"lazy\" decoding=\"async\" class=\"alignnone wp-image-14930\" src=\"https:\/\/agora.xtec.cat\/escjoanmaragall\/wp-content\/uploads\/usu115\/2022\/02\/Boto-web-Kahoot-564x188.png\" alt=\"\" width=\"400\" height=\"133\" srcset=\"https:\/\/agora.xtec.cat\/escjoanmaragall\/wp-content\/uploads\/usu115\/2022\/02\/Boto-web-Kahoot-564x188.png 564w, https:\/\/agora.xtec.cat\/escjoanmaragall\/wp-content\/uploads\/usu115\/2022\/02\/Boto-web-Kahoot-768x256.png 768w, https:\/\/agora.xtec.cat\/escjoanmaragall\/wp-content\/uploads\/usu115\/2022\/02\/Boto-web-Kahoot.png 860w\" sizes=\"auto, (max-width: 400px) 100vw, 400px\" \/><\/a><\/p>\n","protected":false},"excerpt":{"rendered":"<p>Hola nois i noies de 6\u00e8.<br \/>\nUs penjo el kahoot d&#8217;hist\u00f2ria del jazz i el rock 2 tal i com us he comentat a classe. Abans de fer-lo llegiu les instruccions:<\/p>\n<ol>\n<li>Nom\u00e9s podeu fer el joc 3 vegades. Si entreu i us diu que \u201cest\u00e0 ple\u201d espereu-vos&hellip;  <a href=\"https:\/\/agora.xtec.cat\/escjoanmaragall\/musica-6e\/\" title=\"Read M\u00fasica 6\u00e8\">Llegeix m\u00e9s\u00bb<\/a><br \/>\n","protected":false},"author":7,"featured_media":0,"parent":0,"menu_order":0,"comment_status":"closed","ping_status":"closed","template":"","meta":{"_bbp_topic_count":0,"_bbp_reply_count":0,"_bbp_total_topic_count":0,"_bbp_total_reply_count":0,"_bbp_voice_count":0,"_bbp_anonymous_reply_count":0,"_bbp_topic_count_hidden":0,"_bbp_reply_count_hidden":0,"_bbp_forum_subforum_count":0,"footnotes":""},"class_list":["post-14925","page","type-page","status-publish","hentry"],"post_mailing_queue_ids":[],"_links":{"self":[{"href":"https:\/\/agora.xtec.cat\/escjoanmaragall\/wp-json\/wp\/v2\/pages\/14925","targetHints":{"allow":["GET"]}}],"collection":[{"href":"https:\/\/agora.xtec.cat\/escjoanmaragall\/wp-json\/wp\/v2\/pages"}],"about":[{"href":"https:\/\/agora.xtec.cat\/escjoanmaragall\/wp-json\/wp\/v2\/types\/page"}],"author":[{"embeddable":true,"href":"https:\/\/agora.xtec.cat\/escjoanmaragall\/wp-json\/wp\/v2\/users\/7"}],"replies":[{"embeddable":true,"href":"https:\/\/agora.xtec.cat\/escjoanmaragall\/wp-json\/wp\/v2\/comments?post=14925"}],"version-history":[{"count":4,"href":"https:\/\/agora.xtec.cat\/escjoanmaragall\/wp-json\/wp\/v2\/pages\/14925\/revisions"}],"predecessor-version":[{"id":14945,"href":"https:\/\/agora.xtec.cat\/escjoanmaragall\/wp-json\/wp\/v2\/pages\/14925\/revisions\/14945"}],"wp:attachment":[{"href":"https:\/\/agora.xtec.cat\/escjoanmaragall\/wp-json\/wp\/v2\/media?parent=14925"}],"curies":[{"name":"wp","href":"https:\/\/api.w.org\/{rel}","templated":true}]}}