{"id":14558,"date":"2021-09-10T12:02:01","date_gmt":"2021-09-10T10:02:01","guid":{"rendered":"https:\/\/agora.xtec.cat\/escjoanmaragall\/?page_id=14558"},"modified":"2022-05-30T10:00:34","modified_gmt":"2022-05-30T08:00:34","slug":"el-monstre-de-colors-3","status":"publish","type":"page","link":"https:\/\/agora.xtec.cat\/escjoanmaragall\/el-monstre-de-colors-3\/","title":{"rendered":"EL MONSTRE DE COLORS"},"content":{"rendered":"<p>&nbsp;<\/p>\n<p>Les emocions s\u00f3n importants i cal que les treballem a l\u2019escola. L\u2019educaci\u00f3 emocional afecta al desenvolupament dels\/les alumnes, ja que incentiva la seva motivaci\u00f3, predisposa a actituds m\u00e9s positives, millora les seves relacions i obt\u00e9 millors resultats acad\u00e8mics.<\/p>\n<p>Per aconseguir que un nen o nena creixi, en tota la dimensi\u00f3 de la paraula, no n\u2019hi ha prou amb l\u2019adquisici\u00f3 de coneixements. Generar un\u00a0clima emocional positiu\u00a0tamb\u00e9 influir\u00e0 de forma decisiva en el seu desenvolupament. Si l\u2019educaci\u00f3 ha de ser un proc\u00e9s d\u2019aprenentatge per a la vida,\u00a0les emocions\u00a0s\u00f3n molt importants\u00a0i les hem de tenir en compte.<\/p>\n<p>\u00c9s important que els\/les alumnes siguin conscients de les seves pr\u00f2pies emocions i aprenguin a\u00a0gestionar-les. S\u2019han d\u2019anar\u00a0forjant poc a poc una intel\u00b7lig\u00e8ncia emocional. Per aquest motiu comencem a treballar les emocions des de P3 i ho fem a partir d\u2019un conte: \u201cEl monstre de colors\u201d.<\/p>\n<p><img loading=\"lazy\" decoding=\"async\" class=\"aligncenter size-full wp-image-14612\" src=\"https:\/\/agora.xtec.cat\/escjoanmaragall\/wp-content\/uploads\/usu115\/2021\/09\/Sin-titulo.jpg\" alt=\"\" width=\"617\" height=\"529\" srcset=\"https:\/\/agora.xtec.cat\/escjoanmaragall\/wp-content\/uploads\/usu115\/2021\/09\/Sin-titulo.jpg 617w, https:\/\/agora.xtec.cat\/escjoanmaragall\/wp-content\/uploads\/usu115\/2021\/09\/Sin-titulo-439x376.jpg 439w\" sizes=\"auto, (max-width: 617px) 100vw, 617px\" \/><\/p>\n<p>Hem comen\u00e7at per l\u2019 emoci\u00f3 de\u00a0<strong>L\u2019ALEGRIA.\u00a0<\/strong><\/p>\n<p>Ens sentim alegres<strong>\u00a0<\/strong>quan aconseguim quelcom que desitgem molt o quan les coses ens surten b\u00e9. \u00c9s una sensaci\u00f3 agradable. \u00c9s important tamb\u00e9 aprendre a gaudir-la i a compartir-la per sentir-nos millor encara.<\/p>\n<p><iframe loading=\"lazy\" title=\"P3 L&#039; ALEGRIA\" width=\"500\" height=\"281\" src=\"https:\/\/www.youtube.com\/embed\/5c9SHvSps3c?feature=oembed\" frameborder=\"0\" allow=\"accelerometer; autoplay; clipboard-write; encrypted-media; gyroscope; picture-in-picture; web-share\" referrerpolicy=\"strict-origin-when-cross-origin\" allowfullscreen><\/iframe><\/p>\n<p>Seguint el conte, ara ens toca treballar\u00a0<strong>LA TRISTESA.\u00a0<\/strong>Sentim tristor<strong>\u00a0<\/strong>quan perdem quelcom important o quan ens han decebut. A vegades tenim ganes de plorar.<\/p>\n<p><iframe loading=\"lazy\" title=\"P3 LA TRISTESA\" width=\"500\" height=\"281\" src=\"https:\/\/www.youtube.com\/embed\/0OxBNqJ_x0g?feature=oembed\" frameborder=\"0\" allow=\"accelerometer; autoplay; clipboard-write; encrypted-media; gyroscope; picture-in-picture; web-share\" referrerpolicy=\"strict-origin-when-cross-origin\" allowfullscreen><\/iframe><\/p>\n<p>Sentim\u00a0<strong>R\u00c0BIA<\/strong>\u00a0quan alg\u00fa no ens tracta b\u00e9 o quan les coses no ens surten com ens agradaria. Hem d\u2019aprendre i sobretot, ensenyar als nens\u00a0 i nenes a gestionar-la, ja que del contrari, poden sorgir conductes inadequades com ara cridar, trencar coses, fer una rebequeria, etc.<\/p>\n<p><iframe loading=\"lazy\" title=\"P3 LA R\u00c0BIA\" width=\"500\" height=\"281\" src=\"https:\/\/www.youtube.com\/embed\/kLgD8PB3RZ8?feature=oembed\" frameborder=\"0\" allow=\"accelerometer; autoplay; clipboard-write; encrypted-media; gyroscope; picture-in-picture; web-share\" referrerpolicy=\"strict-origin-when-cross-origin\" allowfullscreen><\/iframe><\/p>\n<p>Estem en\u00a0<strong>CALMA<\/strong>\u00a0quan estem tranquils i relaxats. El nostre cos no t\u00e9 tensions, ni angoixes, ni neguits. Hem d\u2019aprendre a alliberar-nos de la tensi\u00f3, a respirar lentament i profundament\u2026, a estar en pau.<\/p>\n<p><iframe loading=\"lazy\" title=\"P3 LA CALMA\" width=\"500\" height=\"281\" src=\"https:\/\/www.youtube.com\/embed\/BIpzigZa0OE?feature=oembed\" frameborder=\"0\" allow=\"accelerometer; autoplay; clipboard-write; encrypted-media; gyroscope; picture-in-picture; web-share\" referrerpolicy=\"strict-origin-when-cross-origin\" allowfullscreen><\/iframe><\/p>\n<p>Sentim\u00a0<strong>POR<\/strong>\u00a0quan ens trobem davant d\u2019un perill. Pot ser per algun motiu real, per\u00f2 altres vegades passa per quelcom que ens estem imaginant.<\/p>\n<p><iframe loading=\"lazy\" title=\"P3 LA POR\" width=\"500\" height=\"281\" src=\"https:\/\/www.youtube.com\/embed\/ZKmlpFOUBcg?feature=oembed\" frameborder=\"0\" allow=\"accelerometer; autoplay; clipboard-write; encrypted-media; gyroscope; picture-in-picture; web-share\" referrerpolicy=\"strict-origin-when-cross-origin\" allowfullscreen><\/iframe><\/p>\n<p>L\u2019<strong>AMOR\u00a0<\/strong>\u00e9s l\u2019estimaci\u00f3 que es sent cap a les altres persones, ja poden ser familiars, parella, amics, etc. A l\u2019escola treballem l\u2019estimaci\u00f3 cap als pares i familiars i tamb\u00e9 cap als companys, companyes i mestres.<\/p>\n<p><iframe loading=\"lazy\" title=\"P3 AMOR\" width=\"500\" height=\"281\" src=\"https:\/\/www.youtube.com\/embed\/wXmPjPMAvAQ?feature=oembed\" frameborder=\"0\" allow=\"accelerometer; autoplay; clipboard-write; encrypted-media; gyroscope; picture-in-picture; web-share\" referrerpolicy=\"strict-origin-when-cross-origin\" allowfullscreen><\/iframe><\/p>\n<p>La\u00a0<strong>SORPRESA<\/strong>\u00a0la sentim com un sobresalt, per quelcom que no ens esperem. \u00c9s un sentiment que dura molt poc i que ens serveix per orientar-nos. Despr\u00e9s, passarem a sentir alguna de les altres emocions.<\/p>\n<p><iframe loading=\"lazy\" title=\"P3 LA SORPRESA\" width=\"500\" height=\"281\" src=\"https:\/\/www.youtube.com\/embed\/Xjy-okMMDHg?feature=oembed\" frameborder=\"0\" allow=\"accelerometer; autoplay; clipboard-write; encrypted-media; gyroscope; picture-in-picture; web-share\" referrerpolicy=\"strict-origin-when-cross-origin\" allowfullscreen><\/iframe><\/p>\n<p>Amb aquest conte personalitzat donem per acabat el treball de les emocions que hem dut a terme aquest curs a P3.\u00a0 L\u2019educaci\u00f3 emocional continuar\u00e0 en els propers cursos per a qu\u00e8 els nens i les nenes prenguin cada vegada m\u00e9s consci\u00e8ncia de les seves emocions i aprenguin a gestionar-les de manera positiva.<\/p>\n<p><iframe loading=\"lazy\" title=\"EL NOSTRE MONSTRE DE COLORS\" width=\"500\" height=\"281\" src=\"https:\/\/www.youtube.com\/embed\/B-SWodn19Mk?feature=oembed\" frameborder=\"0\" allow=\"accelerometer; autoplay; clipboard-write; encrypted-media; gyroscope; picture-in-picture; web-share\" referrerpolicy=\"strict-origin-when-cross-origin\" allowfullscreen><\/iframe><\/p>\n","protected":false},"excerpt":{"rendered":"<p>&nbsp;<br \/>\nLes emocions s\u00f3n importants i cal que les treballem a l\u2019escola. L\u2019educaci\u00f3 emocional afecta al desenvolupament dels\/les alumnes, ja que incentiva la seva motivaci\u00f3, predisposa a actituds m\u00e9s positives, millora les seves relacions i obt\u00e9 millors resultats acad\u00e8mics.<br \/>\nPer aconseguir que un nen o nena creixi,&hellip;  <a href=\"https:\/\/agora.xtec.cat\/escjoanmaragall\/el-monstre-de-colors-3\/\" title=\"Read EL MONSTRE DE COLORS\">Llegeix m\u00e9s\u00bb<\/a><\/p>\n","protected":false},"author":1,"featured_media":0,"parent":0,"menu_order":0,"comment_status":"closed","ping_status":"closed","template":"","meta":{"_bbp_topic_count":0,"_bbp_reply_count":0,"_bbp_total_topic_count":0,"_bbp_total_reply_count":0,"_bbp_voice_count":0,"_bbp_anonymous_reply_count":0,"_bbp_topic_count_hidden":0,"_bbp_reply_count_hidden":0,"_bbp_forum_subforum_count":0,"footnotes":""},"class_list":["post-14558","page","type-page","status-publish","hentry"],"post_mailing_queue_ids":[],"_links":{"self":[{"href":"https:\/\/agora.xtec.cat\/escjoanmaragall\/wp-json\/wp\/v2\/pages\/14558","targetHints":{"allow":["GET"]}}],"collection":[{"href":"https:\/\/agora.xtec.cat\/escjoanmaragall\/wp-json\/wp\/v2\/pages"}],"about":[{"href":"https:\/\/agora.xtec.cat\/escjoanmaragall\/wp-json\/wp\/v2\/types\/page"}],"author":[{"embeddable":true,"href":"https:\/\/agora.xtec.cat\/escjoanmaragall\/wp-json\/wp\/v2\/users\/1"}],"replies":[{"embeddable":true,"href":"https:\/\/agora.xtec.cat\/escjoanmaragall\/wp-json\/wp\/v2\/comments?post=14558"}],"version-history":[{"count":3,"href":"https:\/\/agora.xtec.cat\/escjoanmaragall\/wp-json\/wp\/v2\/pages\/14558\/revisions"}],"predecessor-version":[{"id":15257,"href":"https:\/\/agora.xtec.cat\/escjoanmaragall\/wp-json\/wp\/v2\/pages\/14558\/revisions\/15257"}],"wp:attachment":[{"href":"https:\/\/agora.xtec.cat\/escjoanmaragall\/wp-json\/wp\/v2\/media?parent=14558"}],"curies":[{"name":"wp","href":"https:\/\/api.w.org\/{rel}","templated":true}]}}