{"id":14273,"date":"2021-04-21T15:58:53","date_gmt":"2021-04-21T13:58:53","guid":{"rendered":"https:\/\/agora.xtec.cat\/escjoanmaragall\/?page_id=14273"},"modified":"2021-04-21T16:16:37","modified_gmt":"2021-04-21T14:16:37","slug":"informacio-comunitat","status":"publish","type":"page","link":"https:\/\/agora.xtec.cat\/escjoanmaragall\/informacio-comunitat\/","title":{"rendered":"INFORMACI\u00d3 COMUNITAT"},"content":{"rendered":"<p><b>INFORMACI\u00d3 A LA COMUNITAT EDUCATIVA<\/b><\/p>\n<p><span style=\"font-weight: 400;\">La Direcci\u00f3 del centre vetllar\u00e0 per a que tots els pares dels alumnes estiguin informats del present document.<\/span><\/p>\n<p><span style=\"font-weight: 400;\">Aquest document \u00e9s d\u2019obligat compliment en tots els seus punts per a tothom que participi en el servei de menjador.<\/span><\/p>\n<p><span style=\"font-weight: 400;\">Sempre que les fam\u00edlies vulguin fer arribar qualsevol dubte o queixa, s\u2019adre\u00e7aran al despatx de l\u2019AFA o via mail o via whatsapp.<\/span><\/p>\n<p><span style=\"font-weight: 400;\">Per a qualsevol den\u00fancia o reclamaci\u00f3 s&#8217;ha de presentar per escrit a la Direcci\u00f3 del centre i\/o a l\u2019AFA. Les fam\u00edlies s\u2019abstindran de fer-ho al personal en el seu horari d\u2019atenci\u00f3 als alumnes.<\/span><\/p>\n<p><span style=\"font-weight: 400;\">Les fam\u00edlies s\u2019han de comprometre a complir les normes de funcionament del menjador<\/span><\/p>\n","protected":false},"excerpt":{"rendered":"<p>INFORMACI\u00d3 A LA COMUNITAT EDUCATIVA<br \/>\nLa Direcci\u00f3 del centre vetllar\u00e0 per a que tots els pares dels alumnes estiguin informats del present document.<br \/>\nAquest document \u00e9s d\u2019obligat compliment en tots els seus punts per a tothom que participi en el servei de menjador.<br \/>\nSempre que les fam\u00edlies vulguin&hellip;  <a href=\"https:\/\/agora.xtec.cat\/escjoanmaragall\/informacio-comunitat\/\" title=\"Read INFORMACI\u00d3 COMUNITAT\">Llegeix m\u00e9s\u00bb<\/a><\/p>\n","protected":false},"author":74,"featured_media":0,"parent":0,"menu_order":0,"comment_status":"closed","ping_status":"closed","template":"","meta":{"_bbp_topic_count":0,"_bbp_reply_count":0,"_bbp_total_topic_count":0,"_bbp_total_reply_count":0,"_bbp_voice_count":0,"_bbp_anonymous_reply_count":0,"_bbp_topic_count_hidden":0,"_bbp_reply_count_hidden":0,"_bbp_forum_subforum_count":0,"footnotes":""},"class_list":["post-14273","page","type-page","status-publish","hentry"],"post_mailing_queue_ids":[],"_links":{"self":[{"href":"https:\/\/agora.xtec.cat\/escjoanmaragall\/wp-json\/wp\/v2\/pages\/14273","targetHints":{"allow":["GET"]}}],"collection":[{"href":"https:\/\/agora.xtec.cat\/escjoanmaragall\/wp-json\/wp\/v2\/pages"}],"about":[{"href":"https:\/\/agora.xtec.cat\/escjoanmaragall\/wp-json\/wp\/v2\/types\/page"}],"author":[{"embeddable":true,"href":"https:\/\/agora.xtec.cat\/escjoanmaragall\/wp-json\/wp\/v2\/users\/74"}],"replies":[{"embeddable":true,"href":"https:\/\/agora.xtec.cat\/escjoanmaragall\/wp-json\/wp\/v2\/comments?post=14273"}],"version-history":[{"count":2,"href":"https:\/\/agora.xtec.cat\/escjoanmaragall\/wp-json\/wp\/v2\/pages\/14273\/revisions"}],"predecessor-version":[{"id":14284,"href":"https:\/\/agora.xtec.cat\/escjoanmaragall\/wp-json\/wp\/v2\/pages\/14273\/revisions\/14284"}],"wp:attachment":[{"href":"https:\/\/agora.xtec.cat\/escjoanmaragall\/wp-json\/wp\/v2\/media?parent=14273"}],"curies":[{"name":"wp","href":"https:\/\/api.w.org\/{rel}","templated":true}]}}