{"id":14270,"date":"2021-04-21T15:58:39","date_gmt":"2021-04-21T13:58:39","guid":{"rendered":"https:\/\/agora.xtec.cat\/escjoanmaragall\/?page_id=14270"},"modified":"2021-04-21T16:15:40","modified_gmt":"2021-04-21T14:15:40","slug":"informes","status":"publish","type":"page","link":"https:\/\/agora.xtec.cat\/escjoanmaragall\/informes\/","title":{"rendered":"INFORMES"},"content":{"rendered":"<p>&nbsp;<\/p>\n<p dir=\"ltr\" style=\"line-height: 1.295; margin-top: 0pt; margin-bottom: 8pt;\"><span style=\"font-size: 13pt; font-family: Arial; color: #000000; background-color: transparent; font-weight: bold; font-style: normal; font-variant: normal; text-decoration: underline; -webkit-text-decoration-skip: none; text-decoration-skip-ink: none; vertical-align: baseline; white-space: pre-wrap;\">INFORMES<\/span><\/p>\n<p><span style=\"font-weight: 400;\">Les fam\u00edlies rebran informaci\u00f3 trimestral de l\u2019autonomia personal de l\u2019alumne, dels h\u00e0bits, del comportament aix\u00ed com les relacions que estableix amb companys i monitors.<\/span><\/p>\n<p><span style=\"font-weight: 400;\">La informaci\u00f3 dels alumnes d&#8217;Infantil es d\u00f3na di\u00e0riament en un full que s&#8217;entrega directament a les families, es important que aquest full torni cada dia. En aquell full s\u2019informa de com ha dinat. La resta d\u2019alumnes el rebran trimestralment. Els monitors els repartiran als tutors de cada classe per fer-los arribar a les fam\u00edlies.<\/span><\/p>\n","protected":false},"excerpt":{"rendered":"<p>&nbsp;<br \/>\nINFORMES<br \/>\nLes fam\u00edlies rebran informaci\u00f3 trimestral de l\u2019autonomia personal de l\u2019alumne, dels h\u00e0bits, del comportament aix\u00ed com les relacions que estableix amb companys i monitors.<br \/>\nLa informaci\u00f3 dels alumnes d&#8217;Infantil es d\u00f3na di\u00e0riament en un full que s&#8217;entrega directament a les families, es important que aquest full&hellip;  <a href=\"https:\/\/agora.xtec.cat\/escjoanmaragall\/informes\/\" title=\"Read INFORMES\">Llegeix m\u00e9s\u00bb<\/a><\/p>\n","protected":false},"author":74,"featured_media":0,"parent":0,"menu_order":0,"comment_status":"closed","ping_status":"closed","template":"","meta":{"_bbp_topic_count":0,"_bbp_reply_count":0,"_bbp_total_topic_count":0,"_bbp_total_reply_count":0,"_bbp_voice_count":0,"_bbp_anonymous_reply_count":0,"_bbp_topic_count_hidden":0,"_bbp_reply_count_hidden":0,"_bbp_forum_subforum_count":0,"footnotes":""},"class_list":["post-14270","page","type-page","status-publish","hentry"],"post_mailing_queue_ids":[],"_links":{"self":[{"href":"https:\/\/agora.xtec.cat\/escjoanmaragall\/wp-json\/wp\/v2\/pages\/14270","targetHints":{"allow":["GET"]}}],"collection":[{"href":"https:\/\/agora.xtec.cat\/escjoanmaragall\/wp-json\/wp\/v2\/pages"}],"about":[{"href":"https:\/\/agora.xtec.cat\/escjoanmaragall\/wp-json\/wp\/v2\/types\/page"}],"author":[{"embeddable":true,"href":"https:\/\/agora.xtec.cat\/escjoanmaragall\/wp-json\/wp\/v2\/users\/74"}],"replies":[{"embeddable":true,"href":"https:\/\/agora.xtec.cat\/escjoanmaragall\/wp-json\/wp\/v2\/comments?post=14270"}],"version-history":[{"count":2,"href":"https:\/\/agora.xtec.cat\/escjoanmaragall\/wp-json\/wp\/v2\/pages\/14270\/revisions"}],"predecessor-version":[{"id":14283,"href":"https:\/\/agora.xtec.cat\/escjoanmaragall\/wp-json\/wp\/v2\/pages\/14270\/revisions\/14283"}],"wp:attachment":[{"href":"https:\/\/agora.xtec.cat\/escjoanmaragall\/wp-json\/wp\/v2\/media?parent=14270"}],"curies":[{"name":"wp","href":"https:\/\/api.w.org\/{rel}","templated":true}]}}