{"id":14262,"date":"2021-04-21T15:58:08","date_gmt":"2021-04-21T13:58:08","guid":{"rendered":"https:\/\/agora.xtec.cat\/escjoanmaragall\/?page_id=14262"},"modified":"2021-04-21T16:11:14","modified_gmt":"2021-04-21T14:11:14","slug":"normes-comportament","status":"publish","type":"page","link":"https:\/\/agora.xtec.cat\/escjoanmaragall\/normes-comportament\/","title":{"rendered":"NORMES COMPORTAMENT"},"content":{"rendered":"<p><b>NORMES DE COMPORTAMENT DELS ALUMNES<\/b><\/p>\n<ul>\n<li style=\"font-weight: 400;\" aria-level=\"1\"><span style=\"font-weight: 400;\">Des del primer moment que els alumnes estan a c\u00e0rrec del monitor han de respectar les indicacions del monitor<\/span><\/li>\n<li style=\"font-weight: 400;\" aria-level=\"1\"><span style=\"font-weight: 400;\">Els monitors condueixen els alumnes en files ordenades fins el menjador<\/span><\/li>\n<li style=\"font-weight: 400;\" aria-level=\"1\"><span style=\"font-weight: 400;\">Cal entrar al menjador ordenadament en silenci i rentar-se les mans i posar-se gel hidroalcoh\u00f2lic<\/span><\/li>\n<li style=\"font-weight: 400;\" aria-level=\"1\"><span style=\"font-weight: 400;\">S\u2019asseuran al lloc assignat pels monitors i no s\u2019aixecaran sense la seva autoritzaci\u00f3<\/span><\/li>\n<li style=\"font-weight: 400;\" aria-level=\"1\"><span style=\"font-weight: 400;\">En cas de necessitar qualsevol cosa cal demanar-ho aixecant la m\u00e0<\/span><\/li>\n<li style=\"font-weight: 400;\" aria-level=\"1\"><span style=\"font-weight: 400;\">Hauran d\u2019esperar que la monitora hagi servit el primer plat a tothom de la seva taula per a comen\u00e7ar a dinar<\/span><\/li>\n<li style=\"font-weight: 400;\" aria-level=\"1\"><span style=\"font-weight: 400;\">Un cop acabat el primer plat, es serveix el segon i a continuaci\u00f3 les postres<\/span><\/li>\n<li style=\"font-weight: 400;\" aria-level=\"1\"><span style=\"font-weight: 400;\">Quan han acabat de dinar han d\u2019esperar que la monitora retiri els plats i han de deixar endre\u00e7ades les cadires<\/span><\/li>\n<li style=\"font-weight: 400;\" aria-level=\"1\"><span style=\"font-weight: 400;\">Aniran al pati establert sempre amb el perm\u00eds i la vigil\u00e0ncia dels monitors<\/span><\/li>\n<li style=\"font-weight: 400;\" aria-level=\"1\"><span style=\"font-weight: 400;\">En tot moment cal comportar-se amb respecte i civisme tant amb les monitores i personal de cuina com amb els companys de taula, fent un \u00fas correcte dels coberts, plats i tot all\u00f2 que es trobi dins i fora del menjador<\/span><\/li>\n<li style=\"font-weight: 400;\" aria-level=\"1\"><span style=\"font-weight: 400;\">Els alumnes han de menjar de tot i la raci\u00f3 que els correspongui, a no ser que mitjan\u00e7ant un certificat m\u00e8dic es justifiqui la intoler\u00e0ncia a qualsevol aliment<\/span><\/li>\n<li style=\"font-weight: 400;\" aria-level=\"1\"><span style=\"font-weight: 400;\">Els alumnes en tot moment han de portar la mascareta i sols se la podran treure una vegada estiguin asseguts per dinar<\/span><\/li>\n<\/ul>\n<p>&nbsp;<\/p>\n<p><span style=\"font-weight: 400;\">Quan els alumnes no es comporten d\u2019acord amb les normes acordades en aquest document, es seguir\u00e0 el seg\u00fcent protocol:<\/span><\/p>\n<ul>\n<li style=\"font-weight: 400;\" aria-level=\"1\"><span style=\"font-weight: 400;\">Anotaci\u00f3 en el full d\u2019incid\u00e8ncies de les possibles conductes negatives<\/span><\/li>\n<li style=\"font-weight: 400;\" aria-level=\"1\"><span style=\"font-weight: 400;\">Informaci\u00f3 a la coordinadora de l\u2019AFA<\/span><\/li>\n<li style=\"font-weight: 400;\" aria-level=\"1\"><span style=\"font-weight: 400;\">Informaci\u00f3 a Direcci\u00f3<\/span><\/li>\n<li style=\"font-weight: 400;\" aria-level=\"1\"><span style=\"font-weight: 400;\">Informaci\u00f3 oral i\/o escrita als pares i mares<\/span><\/li>\n<\/ul>\n","protected":false},"excerpt":{"rendered":"<p>NORMES DE COMPORTAMENT DELS ALUMNES<\/p>\n<ul>\n<li style=\"font-weight: 400;\" aria-level=\"1\">Des del primer moment que els alumnes estan a c\u00e0rrec del monitor han de respectar les indicacions del monitor<\/li>\n<li style=\"font-weight: 400;\" aria-level=\"1\">Els monitors condueixen els alumnes en files ordenades fins el menjador<\/li>\n<li style=\"font-weight: 400;\" aria-level=\"1\">Cal entrar al menjador&hellip;  <a href=\"https:\/\/agora.xtec.cat\/escjoanmaragall\/normes-comportament\/\" title=\"Read NORMES COMPORTAMENT\">Llegeix m\u00e9s\u00bb<\/a><br \/>\n","protected":false},"author":74,"featured_media":0,"parent":0,"menu_order":0,"comment_status":"closed","ping_status":"closed","template":"","meta":{"_bbp_topic_count":0,"_bbp_reply_count":0,"_bbp_total_topic_count":0,"_bbp_total_reply_count":0,"_bbp_voice_count":0,"_bbp_anonymous_reply_count":0,"_bbp_topic_count_hidden":0,"_bbp_reply_count_hidden":0,"_bbp_forum_subforum_count":0,"footnotes":""},"class_list":["post-14262","page","type-page","status-publish","hentry"],"post_mailing_queue_ids":[],"_links":{"self":[{"href":"https:\/\/agora.xtec.cat\/escjoanmaragall\/wp-json\/wp\/v2\/pages\/14262","targetHints":{"allow":["GET"]}}],"collection":[{"href":"https:\/\/agora.xtec.cat\/escjoanmaragall\/wp-json\/wp\/v2\/pages"}],"about":[{"href":"https:\/\/agora.xtec.cat\/escjoanmaragall\/wp-json\/wp\/v2\/types\/page"}],"author":[{"embeddable":true,"href":"https:\/\/agora.xtec.cat\/escjoanmaragall\/wp-json\/wp\/v2\/users\/74"}],"replies":[{"embeddable":true,"href":"https:\/\/agora.xtec.cat\/escjoanmaragall\/wp-json\/wp\/v2\/comments?post=14262"}],"version-history":[{"count":2,"href":"https:\/\/agora.xtec.cat\/escjoanmaragall\/wp-json\/wp\/v2\/pages\/14262\/revisions"}],"predecessor-version":[{"id":14281,"href":"https:\/\/agora.xtec.cat\/escjoanmaragall\/wp-json\/wp\/v2\/pages\/14262\/revisions\/14281"}],"wp:attachment":[{"href":"https:\/\/agora.xtec.cat\/escjoanmaragall\/wp-json\/wp\/v2\/media?parent=14262"}],"curies":[{"name":"wp","href":"https:\/\/api.w.org\/{rel}","templated":true}]}}