{"id":14259,"date":"2021-04-21T15:57:57","date_gmt":"2021-04-21T13:57:57","guid":{"rendered":"https:\/\/agora.xtec.cat\/escjoanmaragall\/?page_id=14259"},"modified":"2021-04-21T16:10:06","modified_gmt":"2021-04-21T14:10:06","slug":"personal","status":"publish","type":"page","link":"https:\/\/agora.xtec.cat\/escjoanmaragall\/personal\/","title":{"rendered":"PERSONAL"},"content":{"rendered":"<p><i><span style=\"font-weight: 400;\">CUINERA, ASL I MONITORES<\/span><\/i><\/p>\n<p><span style=\"font-weight: 400;\">El menjador disposa de cuina pr\u00f2pia, que possibilita l\u2019elaboraci\u00f3 i confecci\u00f3 dels men\u00fas diaris. Hi ha una cuinera i una auxiliar de cuina.<\/span><\/p>\n<p><span style=\"font-weight: 400;\">La cuinera elaborar\u00e0 dietes especials nom\u00e9s amb el corresponent certificat metge o per motius religiosos.<\/span><\/p>\n<p><span style=\"font-weight: 400;\">L\u2019entrada a la cuina estar\u00e0 limitada exclusivament per al personal que hi treballa.<\/span><\/p>\n<p><span style=\"font-weight: 400;\">El personal de menjador i cuina estan en possessi\u00f3 del carnet de manipulador d\u2019aliments i els monitors disposen del certificat del curs de monitors de lleure.<\/span><\/p>\n<p>&nbsp;<\/p>\n<p><span style=\"font-weight: 400;\">Les responsabilitats de la cuinera i ASL s\u00f3n les seg\u00fcents:<\/span><\/p>\n<ul>\n<li style=\"font-weight: 400;\" aria-level=\"1\"><span style=\"font-weight: 400;\">Realitzar les comandes als prove\u00efdors<\/span><\/li>\n<li style=\"font-weight: 400;\" aria-level=\"1\"><span style=\"font-weight: 400;\">Control d&#8217;estocs, consum i realitzaci\u00f3 dels inventaris d\u2019aliments i neteja<\/span><\/li>\n<li style=\"font-weight: 400;\" aria-level=\"1\"><span style=\"font-weight: 400;\">Complimentar els registres sanitaris de la cuina<\/span><\/li>\n<li style=\"font-weight: 400;\" aria-level=\"1\"><span style=\"font-weight: 400;\">Cuinar i emplatar, preparar els carros, amb les safates i estris necessaris per a qu\u00e8 els monitors puguin servir el dinar<\/span><\/li>\n<li style=\"font-weight: 400;\" aria-level=\"1\"><span style=\"font-weight: 400;\">Supervisar els men\u00fas i avaluar l\u2019acceptaci\u00f3 dels diferents plats<\/span><\/li>\n<li style=\"font-weight: 400;\" aria-level=\"1\"><span style=\"font-weight: 400;\">Netejar la cuina i part de la neteja d\u2019estris, olles, safates i plats<\/span><\/li>\n<li style=\"font-weight: 400;\" aria-level=\"1\"><span style=\"font-weight: 400;\">Llen\u00e7ar la brossa<\/span><\/li>\n<\/ul>\n<p>&nbsp;<\/p>\n<p><i><span style=\"font-weight: 400;\">FUNCI\u00d3 DELS MONITORS<\/span><\/i><\/p>\n<p><span style=\"font-weight: 400;\">La funci\u00f3 del monitor ha de ser educativa. Mitjan\u00e7ant la seva relaci\u00f3 personal, a trav\u00e9s del seu treball i propostes ha d&#8217;ajudar al grup de nens i nenes i a cadasc\u00fa individualment a cr\u00e8ixer en l\u2019adquisici\u00f3 d\u2019h\u00e0bits, valors envers una alimentaci\u00f3 saludable.<\/span><\/p>\n<ul>\n<li style=\"font-weight: 400;\" aria-level=\"1\"><span style=\"font-weight: 400;\">Els monitors han d\u2019arribar puntuals al seu lloc de treball<\/span><\/li>\n<li style=\"font-weight: 400;\" aria-level=\"1\"><span style=\"font-weight: 400;\">Parar les taules, posar plats, gots, safates i resta de estris necessaris<\/span><\/li>\n<li style=\"font-weight: 400;\" aria-level=\"1\"><span style=\"font-weight: 400;\">Cada monitor \u00e9s responsable d\u2019un grup d\u2019alumnes que recull al lloc concret i els trasllada a l\u2019edifici del menjador, passa llista i comprova els r\u00e8gims especials<\/span><\/li>\n<li style=\"font-weight: 400;\" aria-level=\"1\"><span style=\"font-weight: 400;\">Informar\u00e0 els alumnes dels seus drets i deures<\/span><\/li>\n<li style=\"font-weight: 400;\" aria-level=\"1\"><span style=\"font-weight: 400;\">Procurar\u00e0 que els alumnes mengin de tot i la raci\u00f3 adequada a la seva edat<\/span><\/li>\n<li style=\"font-weight: 400;\" aria-level=\"1\"><span style=\"font-weight: 400;\">Tindran cura que els alumnes es comportin segons els objectius socials, alimentaris i d\u2019higiene recollits en la programaci\u00f3<\/span><\/li>\n<li style=\"font-weight: 400;\" aria-level=\"1\"><span style=\"font-weight: 400;\">Elaborar\u00e0 els informes trimestrals dirigits a les fam\u00edlies<\/span><\/li>\n<li style=\"font-weight: 400;\" aria-level=\"1\"><span style=\"font-weight: 400;\">Mostrar\u00e0 una actitud positiva i respectuosa<\/span><\/li>\n<li style=\"font-weight: 400;\" aria-level=\"1\"><span style=\"font-weight: 400;\">Els men\u00fas els podran trobar descarregant l\u2019APP de SERCODAGA<\/span><\/li>\n<li style=\"font-weight: 400;\" aria-level=\"1\"><span style=\"font-weight: 400;\">Informar\u00e0 per escrit a l\u2019AFA i a la Direcci\u00f3 de les possibles incid\u00e8ncies<\/span><\/li>\n<li style=\"font-weight: 400;\" aria-level=\"1\"><span style=\"font-weight: 400;\">Potenciar\u00e0 el treball en equip i les conductes positives de respecte als adults, companys\/es i els materials que s&#8217;utilitza<\/span><\/li>\n<li style=\"font-weight: 400;\" aria-level=\"1\"><span style=\"font-weight: 400;\">Coneixer\u00e0 aspectes dels nens i nenes que afectin la seva salut per actuar coherentment<\/span><\/li>\n<\/ul>\n<p>&nbsp;<\/p>\n","protected":false},"excerpt":{"rendered":"<p>CUINERA, ASL I MONITORES<br \/>\nEl menjador disposa de cuina pr\u00f2pia, que possibilita l\u2019elaboraci\u00f3 i confecci\u00f3 dels men\u00fas diaris. Hi ha una cuinera i una auxiliar de cuina.<br \/>\nLa cuinera elaborar\u00e0 dietes especials nom\u00e9s amb el corresponent certificat metge o per motius religiosos.<br \/>\nL\u2019entrada a la cuina estar\u00e0 limitada&hellip;  <a href=\"https:\/\/agora.xtec.cat\/escjoanmaragall\/personal\/\" title=\"Read PERSONAL\">Llegeix m\u00e9s\u00bb<\/a><\/p>\n","protected":false},"author":74,"featured_media":0,"parent":0,"menu_order":0,"comment_status":"closed","ping_status":"closed","template":"","meta":{"_bbp_topic_count":0,"_bbp_reply_count":0,"_bbp_total_topic_count":0,"_bbp_total_reply_count":0,"_bbp_voice_count":0,"_bbp_anonymous_reply_count":0,"_bbp_topic_count_hidden":0,"_bbp_reply_count_hidden":0,"_bbp_forum_subforum_count":0,"footnotes":""},"class_list":["post-14259","page","type-page","status-publish","hentry"],"post_mailing_queue_ids":[],"_links":{"self":[{"href":"https:\/\/agora.xtec.cat\/escjoanmaragall\/wp-json\/wp\/v2\/pages\/14259","targetHints":{"allow":["GET"]}}],"collection":[{"href":"https:\/\/agora.xtec.cat\/escjoanmaragall\/wp-json\/wp\/v2\/pages"}],"about":[{"href":"https:\/\/agora.xtec.cat\/escjoanmaragall\/wp-json\/wp\/v2\/types\/page"}],"author":[{"embeddable":true,"href":"https:\/\/agora.xtec.cat\/escjoanmaragall\/wp-json\/wp\/v2\/users\/74"}],"replies":[{"embeddable":true,"href":"https:\/\/agora.xtec.cat\/escjoanmaragall\/wp-json\/wp\/v2\/comments?post=14259"}],"version-history":[{"count":2,"href":"https:\/\/agora.xtec.cat\/escjoanmaragall\/wp-json\/wp\/v2\/pages\/14259\/revisions"}],"predecessor-version":[{"id":14280,"href":"https:\/\/agora.xtec.cat\/escjoanmaragall\/wp-json\/wp\/v2\/pages\/14259\/revisions\/14280"}],"wp:attachment":[{"href":"https:\/\/agora.xtec.cat\/escjoanmaragall\/wp-json\/wp\/v2\/media?parent=14259"}],"curies":[{"name":"wp","href":"https:\/\/api.w.org\/{rel}","templated":true}]}}