{"id":14256,"date":"2021-04-21T15:57:47","date_gmt":"2021-04-21T13:57:47","guid":{"rendered":"https:\/\/agora.xtec.cat\/escjoanmaragall\/?page_id=14256"},"modified":"2023-09-08T17:02:18","modified_gmt":"2023-09-08T15:02:18","slug":"gestio-servei-menjador","status":"publish","type":"page","link":"https:\/\/agora.xtec.cat\/escjoanmaragall\/gestio-servei-menjador\/","title":{"rendered":"GESTI\u00d3 SERVEI MENJADOR"},"content":{"rendered":"<p dir=\"ltr\" style=\"line-height: 1.295; margin-top: 0pt; margin-bottom: 8pt;\"><span style=\"font-size: 13pt; font-family: Arial; color: #000000; background-color: transparent; font-weight: bold; font-style: normal; font-variant: normal; text-decoration: underline; -webkit-text-decoration-skip: none; text-decoration-skip-ink: none; vertical-align: baseline; white-space: pre-wrap;\">GESTI\u00d3 DEL SERVEI I FUNCIONAMENT ADMINISTRATIU<\/span><\/p>\n<p dir=\"ltr\" style=\"line-height: 1.295; text-align: justify; margin-top: 0pt; margin-bottom: 8pt;\"><span style=\"font-size: 13pt; font-family: Arial; color: #000000; background-color: transparent; font-weight: 400; font-style: normal; font-variant: normal; text-decoration: none; vertical-align: baseline; white-space: pre-wrap;\">El menjador escolar est\u00e0 gestionat per l\u2019AFA. El Consell escolar del centre va aprovar la concessi\u00f3 a l\u2019empresa ARAMARK per al curs 2023-24, que s\u2019encarrega de la contractaci\u00f3 del personal de cuina i monitoratge.<\/span><\/p>\n<p dir=\"ltr\" style=\"line-height: 1.295; text-align: justify; margin-top: 0pt; margin-bottom: 8pt;\"><span style=\"font-size: 13pt; font-family: Arial; color: #000000; background-color: transparent; font-weight: 400; font-style: normal; font-variant: normal; text-decoration: none; vertical-align: baseline; white-space: pre-wrap;\">Les fam\u00edlies poden optar per deixar els seus fills:<\/span><\/p>\n<p dir=\"ltr\" style=\"line-height: 1.295; text-align: justify; margin-top: 0pt; margin-bottom: 8pt;\"><span style=\"font-size: 13pt; font-family: Arial; color: #000000; background-color: #00ff00; font-weight: bold; font-style: normal; font-variant: normal; text-decoration: none; vertical-align: baseline; white-space: pre-wrap;\">FIX<\/span><span style=\"font-size: 13pt; font-family: Arial; color: #000000; background-color: transparent; font-weight: 400; font-style: normal; font-variant: normal; text-decoration: none; vertical-align: baseline; white-space: pre-wrap;\">: En aquest cas i per evitar aglomeracions de gent a l\u2019oficina de l\u2019AFA s\u2019ofereixen tres opcions per ordre de prioritat.\u00a0<\/span><\/p>\n<p dir=\"ltr\" style=\"line-height: 1.295; text-align: justify; margin-top: 0pt; margin-bottom: 8pt;\"><span style=\"font-size: 13pt; font-family: Arial; color: #000000; background-color: transparent; font-weight: 400; font-style: normal; font-variant: normal; text-decoration: none; vertical-align: baseline; white-space: pre-wrap;\">1.- Facilitar a l\u2019AFA un n\u00famero de compte on es carregar\u00e0 l\u2019import del menjador corresponent abans del dia 10 de cada mes en vigor (no a mes ven\u00e7ut)<\/span><\/p>\n<p dir=\"ltr\" style=\"line-height: 1.295; text-align: justify; margin-top: 0pt; margin-bottom: 8pt;\"><span style=\"font-size: 13pt; font-family: Arial; color: #000000; background-color: transparent; font-weight: 400; font-style: normal; font-variant: normal; text-decoration: none; vertical-align: baseline; white-space: pre-wrap;\">2.- Fer transfer\u00e8ncia banc\u00e0ria al compte del menjador. S\u2019haur\u00e0 de fer el pagament abans del dia 10 del mes en vigor i enviar via whatsapp el justificant del pagament<\/span><\/p>\n<p dir=\"ltr\" style=\"line-height: 1.295; text-align: justify; margin-top: 0pt; margin-bottom: 8pt;\"><span style=\"font-size: 13pt; font-family: Arial; color: #000000; background-color: transparent; font-weight: 400; font-style: normal; font-variant: normal; text-decoration: none; vertical-align: baseline; white-space: pre-wrap;\">3.- En efectiu a l\u2019oficina de l\u2019AFA realitzant el pagament abans del 10 del mes en vigor<\/span><\/p>\n<p dir=\"ltr\" style=\"line-height: 1.295; text-align: justify; margin-top: 0pt; margin-bottom: 8pt;\"><span style=\"font-size: 13pt; font-family: Arial; color: #000000; background-color: #00ff00; font-weight: bold; font-style: normal; font-variant: normal; text-decoration: none; vertical-align: baseline; white-space: pre-wrap;\">EVENTUAL<\/span><span style=\"font-size: 13pt; font-family: Arial; color: #000000; background-color: transparent; font-weight: 400; font-style: normal; font-variant: normal; text-decoration: none; vertical-align: baseline; white-space: pre-wrap;\">: ser\u00e0 obligatori tenir un tiquet de menjador<\/span><\/p>\n<p><b style=\"font-weight: normal;\">\u00a0<\/b><\/p>\n<p dir=\"ltr\" style=\"line-height: 1.295; text-align: justify; margin-top: 0pt; margin-bottom: 8pt;\"><span style=\"font-size: 13pt; font-family: Arial; color: #000000; background-color: transparent; font-weight: 400; font-style: normal; font-variant: normal; text-decoration: none; vertical-align: baseline; white-space: pre-wrap;\">El preu del men\u00fa ser\u00e0 establert pel Departament d\u2019Educaci\u00f3, a l\u2019inici de cada curs escolar.<\/span><\/p>\n<p dir=\"ltr\" style=\"line-height: 1.295; text-align: justify; margin-top: 0pt; margin-bottom: 8pt;\"><span style=\"font-size: 13pt; font-family: Arial; color: #000000; background-color: transparent; font-weight: 400; font-style: normal; font-variant: normal; text-decoration: none; vertical-align: baseline; white-space: pre-wrap;\">Cas que l\u2019alumne que necessiti una dieta especial cal notificar-ho i adjuntar justificant m\u00e8dic. Aquest curs oferim dos tipus de men\u00fa: normal i sense carn.<\/span><\/p>\n<p>&nbsp;<\/p>\n<p>&nbsp;<\/p>\n<p dir=\"ltr\" style=\"line-height: 1.295; margin-top: 0pt; margin-bottom: 8pt;\"><span style=\"font-size: 13pt; font-family: Arial; color: #000000; background-color: transparent; font-weight: 400; font-style: italic; font-variant: normal; text-decoration: underline; -webkit-text-decoration-skip: none; text-decoration-skip-ink: none; vertical-align: baseline; white-space: pre-wrap;\">FALTES JUSTIFICADES<\/span><\/p>\n<p dir=\"ltr\" style=\"line-height: 1.295; text-align: justify; margin-top: 0pt; margin-bottom: 8pt;\"><span style=\"font-size: 13pt; font-family: Arial; color: #000000; background-color: transparent; font-weight: 400; font-style: normal; font-variant: normal; text-decoration: none; vertical-align: baseline; white-space: pre-wrap;\">En el cas de faltes justificades, pels alumnes fixos, els dies que no s\u2019utilitzi es descomptaran en el rebut del mes seg\u00fcent. En cap cas es retornar\u00e0 la quantitat corresponent al monitoratge. Els abonaments es faran efectius en el rebut del mes seg\u00fcent, sempre que es comuniqui l\u2019abs\u00e8ncia abans de les 10 del mat\u00ed, del dia a partir del qual no s\u2019utilitzar\u00e0 el menjador.<\/span><\/p>\n<p dir=\"ltr\" style=\"line-height: 1.295; margin-top: 0pt; margin-bottom: 8pt;\"><span style=\"font-size: 13pt; font-family: Arial; color: #000000; background-color: transparent; font-weight: 400; font-style: normal; font-variant: normal; text-decoration: none; vertical-align: baseline; white-space: pre-wrap;\">En cas de no avisar en l\u2019horari previst, no es retornar\u00e0 cap import.<\/span><\/p>\n<p>&nbsp;<\/p>\n<p>&nbsp;<\/p>\n<p dir=\"ltr\" style=\"line-height: 1.295; margin-top: 0pt; margin-bottom: 8pt;\"><span style=\"font-size: 13pt; font-family: Arial; color: #000000; background-color: transparent; font-weight: 400; font-style: italic; font-variant: normal; text-decoration: underline; -webkit-text-decoration-skip: none; text-decoration-skip-ink: none; vertical-align: baseline; white-space: pre-wrap;\">TIQUETS I TALONARIS<\/span><\/p>\n<p dir=\"ltr\" style=\"line-height: 1.295; text-align: justify; margin-top: 0pt; margin-bottom: 8pt;\"><span style=\"font-size: 13pt; font-family: Arial; color: #000000; background-color: transparent; font-weight: 400; font-style: normal; font-variant: normal; text-decoration: none; vertical-align: baseline; white-space: pre-wrap;\">Els alumnes eventuals poden adquirir tiquets en el despatx de l\u2019AFA. Al finalitzar el curs, si alguna familia no l\u2019ha fet servir podr\u00e0 demanar el reemborsament o b\u00e9 guardar-lo pel proper curs (en aquest cas haur\u00e0 de passar el proper curs per canviar-los pels nous).<\/span><\/p>\n<p>&nbsp;<\/p>\n<p>&nbsp;<\/p>\n<p dir=\"ltr\" style=\"line-height: 1.295; margin-top: 0pt; margin-bottom: 8pt;\"><span style=\"font-size: 13pt; font-family: Arial; color: #000000; background-color: transparent; font-weight: 400; font-style: italic; font-variant: normal; text-decoration: underline; -webkit-text-decoration-skip: none; text-decoration-skip-ink: none; vertical-align: baseline; white-space: pre-wrap;\">IMPAGATS<\/span><\/p>\n<p dir=\"ltr\" style=\"line-height: 1.295; text-align: justify; margin-top: 0pt; margin-bottom: 8pt;\"><span style=\"font-size: 13pt; font-family: Arial; color: #000000; background-color: transparent; font-weight: 400; font-style: normal; font-variant: normal; text-decoration: none; vertical-align: baseline; white-space: pre-wrap;\">En cas de no estar al corrent del pagament del rebut el dia 10 del mes en vigor, l\u2019alumne no podr\u00e0 fer \u00fas del menjador. L\u2019AFA es posar\u00e0 en contacte amb els representants legals de l\u2019alumne per a que es facin c\u00e0rrec del seu fill\/a en horari de menjador fins que no es pagui el deute pendent.<\/span><\/p>\n<p>&nbsp;<\/p>\n<p>&nbsp;<\/p>\n<p dir=\"ltr\" style=\"line-height: 1.295; margin-top: 0pt; margin-bottom: 8pt;\"><span style=\"font-size: 13pt; font-family: Arial; color: #000000; background-color: transparent; font-weight: 400; font-style: italic; font-variant: normal; text-decoration: underline; -webkit-text-decoration-skip: none; text-decoration-skip-ink: none; vertical-align: baseline; white-space: pre-wrap;\">BEQUES<\/span><\/p>\n<p dir=\"ltr\" style=\"line-height: 1.295; margin-top: 0pt; margin-bottom: 8pt;\"><span style=\"font-size: 13pt; font-family: Arial; color: #000000; background-color: transparent; font-weight: 400; font-style: normal; font-variant: normal; text-decoration: none; vertical-align: baseline; white-space: pre-wrap;\">Aquest curs han concedit beques del 70% i del 100%<\/span><\/p>\n<p dir=\"ltr\" style=\"line-height: 1.295; margin-top: 0pt; margin-bottom: 8pt;\"><span style=\"font-size: 13pt; font-family: Arial; color: #000000; background-color: transparent; font-weight: 400; font-style: normal; font-variant: normal; text-decoration: none; vertical-align: baseline; white-space: pre-wrap;\">1.- Beca 100% els alumnes gaudiran del servei de menjador de dilluns a divendres<\/span><\/p>\n<p dir=\"ltr\" style=\"line-height: 1.295; margin-top: 0pt; margin-bottom: 8pt;\"><span style=\"font-size: 13pt; font-family: Arial; color: #000000; background-color: transparent; font-weight: 400; font-style: normal; font-variant: normal; text-decoration: none; vertical-align: baseline; white-space: pre-wrap;\">2.- Beca 70%.\u00a0<\/span><\/p>\n<p dir=\"ltr\" style=\"line-height: 1.295; text-align: justify; margin-top: 0pt; margin-bottom: 8pt;\"><span style=\"font-size: 13pt; font-family: Arial; color: #000000; background-color: transparent; font-weight: 400; font-style: normal; font-variant: normal; text-decoration: none; vertical-align: baseline; white-space: pre-wrap;\">Es podr\u00e0 optar per compactar la beca i gaudiran del servei de menjador dimarts, dimecres, dijous i divendres.\u00a0 En aquest cas, la beca finalitzar\u00e0 al maig (la data dependr\u00e0 del dia de la concessi\u00f3 de la beca)<\/span><\/p>\n<p dir=\"ltr\" style=\"line-height: 1.295; text-align: justify; margin-top: 0pt; margin-bottom: 8pt;\"><span style=\"font-size: 13pt; font-family: Arial; color: #000000; background-color: transparent; font-weight: 400; font-style: normal; font-variant: normal; text-decoration: none; vertical-align: baseline; white-space: pre-wrap;\">En cas de voler gaudir del servei de menjador tots els dies de la setmana, la beca finalitzar\u00e0 l\u2019\u00faltim dia de curs. El Consell Comarcal abonar\u00e0 el 70% de l\u2019import i les fam\u00edlies hauran d\u2019abonar el 30% restant en qualsevol de les formes de pagament indicades anteriorment.<\/span><\/p>\n<p dir=\"ltr\" style=\"line-height: 1.295; text-align: justify; margin-top: 0pt; margin-bottom: 8pt;\"><span style=\"font-size: 13pt; font-family: Arial; color: #000000; background-color: transparent; font-weight: 400; font-style: normal; font-variant: normal; text-decoration: none; vertical-align: baseline; white-space: pre-wrap;\">En el cas de les beques, les normes de pagament seran les mateixes i tamb\u00e9 hauran d\u2019avisar si algun alumne no utilitzar\u00e0 el servei de menjador.<\/span><\/p>\n<p>&nbsp;<\/p>\n<p>&nbsp;<\/p>\n<p dir=\"ltr\" style=\"line-height: 1.295; margin-top: 0pt; margin-bottom: 8pt;\"><span style=\"font-size: 13pt; font-family: Arial; color: #000000; background-color: transparent; font-weight: 400; font-style: italic; font-variant: normal; text-decoration: underline; -webkit-text-decoration-skip: none; text-decoration-skip-ink: none; vertical-align: baseline; white-space: pre-wrap;\">PREUS CURS 2022-23<\/span><\/p>\n<p dir=\"ltr\" style=\"line-height: 1.295; margin-top: 0pt; margin-bottom: 8pt;\"><span style=\"font-size: 13pt; font-family: Arial; color: #000000; background-color: transparent; font-weight: 400; font-style: normal; font-variant: normal; text-decoration: none; vertical-align: baseline; white-space: pre-wrap;\">Els preus per aquest curs son:<\/span><\/p>\n<p dir=\"ltr\" style=\"line-height: 1.295; margin-top: 0pt; margin-bottom: 8pt;\">\n<table style=\"border-collapse: collapse; width: 85.5738%; height: 387px;\">\n<tbody>\n<tr>\n<td style=\"width: 46.6005%;\"><img loading=\"lazy\" decoding=\"async\" class=\"alignnone wp-image-16778 size-medium\" src=\"https:\/\/agora.xtec.cat\/escjoanmaragall\/wp-content\/uploads\/usu115\/2023\/09\/Preus_menjador_23_24-532x376.jpeg\" alt=\"Preu menjador\" width=\"532\" height=\"376\" srcset=\"https:\/\/agora.xtec.cat\/escjoanmaragall\/wp-content\/uploads\/usu115\/2023\/09\/Preus_menjador_23_24-532x376.jpeg 532w, https:\/\/agora.xtec.cat\/escjoanmaragall\/wp-content\/uploads\/usu115\/2023\/09\/Preus_menjador_23_24-1024x724.jpeg 1024w, https:\/\/agora.xtec.cat\/escjoanmaragall\/wp-content\/uploads\/usu115\/2023\/09\/Preus_menjador_23_24-768x543.jpeg 768w, https:\/\/agora.xtec.cat\/escjoanmaragall\/wp-content\/uploads\/usu115\/2023\/09\/Preus_menjador_23_24-1536x1086.jpeg 1536w, https:\/\/agora.xtec.cat\/escjoanmaragall\/wp-content\/uploads\/usu115\/2023\/09\/Preus_menjador_23_24.jpeg 1999w\" sizes=\"auto, (max-width: 532px) 100vw, 532px\" \/><\/td>\n<td style=\"width: 40.56%;\"><img loading=\"lazy\" decoding=\"async\" class=\"alignnone wp-image-16779 size-medium\" src=\"https:\/\/agora.xtec.cat\/escjoanmaragall\/wp-content\/uploads\/usu115\/2023\/09\/Preus_mestres_23_24-270x376.jpeg\" alt=\"Preu mestres\" width=\"270\" height=\"376\" srcset=\"https:\/\/agora.xtec.cat\/escjoanmaragall\/wp-content\/uploads\/usu115\/2023\/09\/Preus_mestres_23_24-270x376.jpeg 270w, https:\/\/agora.xtec.cat\/escjoanmaragall\/wp-content\/uploads\/usu115\/2023\/09\/Preus_mestres_23_24-735x1024.jpeg 735w, https:\/\/agora.xtec.cat\/escjoanmaragall\/wp-content\/uploads\/usu115\/2023\/09\/Preus_mestres_23_24-768x1070.jpeg 768w, https:\/\/agora.xtec.cat\/escjoanmaragall\/wp-content\/uploads\/usu115\/2023\/09\/Preus_mestres_23_24.jpeg 1001w\" sizes=\"auto, (max-width: 270px) 100vw, 270px\" \/><\/td>\n<\/tr>\n<\/tbody>\n<\/table>\n<div><span style=\"font-size: 13pt; font-family: Arial; color: #000000; background-color: transparent; font-weight: 400; font-style: normal; font-variant: normal; text-decoration: none; vertical-align: baseline; white-space: pre-wrap;\">\u00a0<\/span><\/div>\n","protected":false},"excerpt":{"rendered":"<p>GESTI\u00d3 DEL SERVEI I FUNCIONAMENT ADMINISTRATIU<br \/>\nEl menjador escolar est\u00e0 gestionat per l\u2019AFA. El Consell escolar del centre va aprovar la concessi\u00f3 a l\u2019empresa ARAMARK per al curs 2023-24, que s\u2019encarrega de la contractaci\u00f3 del personal de cuina i monitoratge.<br \/>\nLes fam\u00edlies poden optar per deixar els&hellip;  <a href=\"https:\/\/agora.xtec.cat\/escjoanmaragall\/gestio-servei-menjador\/\" title=\"Read GESTI\u00d3 SERVEI MENJADOR\">Llegeix m\u00e9s\u00bb<\/a><\/p>\n","protected":false},"author":74,"featured_media":0,"parent":0,"menu_order":0,"comment_status":"closed","ping_status":"closed","template":"","meta":{"_bbp_topic_count":0,"_bbp_reply_count":0,"_bbp_total_topic_count":0,"_bbp_total_reply_count":0,"_bbp_voice_count":0,"_bbp_anonymous_reply_count":0,"_bbp_topic_count_hidden":0,"_bbp_reply_count_hidden":0,"_bbp_forum_subforum_count":0,"footnotes":""},"class_list":["post-14256","page","type-page","status-publish","hentry"],"post_mailing_queue_ids":[],"_links":{"self":[{"href":"https:\/\/agora.xtec.cat\/escjoanmaragall\/wp-json\/wp\/v2\/pages\/14256","targetHints":{"allow":["GET"]}}],"collection":[{"href":"https:\/\/agora.xtec.cat\/escjoanmaragall\/wp-json\/wp\/v2\/pages"}],"about":[{"href":"https:\/\/agora.xtec.cat\/escjoanmaragall\/wp-json\/wp\/v2\/types\/page"}],"author":[{"embeddable":true,"href":"https:\/\/agora.xtec.cat\/escjoanmaragall\/wp-json\/wp\/v2\/users\/74"}],"replies":[{"embeddable":true,"href":"https:\/\/agora.xtec.cat\/escjoanmaragall\/wp-json\/wp\/v2\/comments?post=14256"}],"version-history":[{"count":3,"href":"https:\/\/agora.xtec.cat\/escjoanmaragall\/wp-json\/wp\/v2\/pages\/14256\/revisions"}],"predecessor-version":[{"id":16780,"href":"https:\/\/agora.xtec.cat\/escjoanmaragall\/wp-json\/wp\/v2\/pages\/14256\/revisions\/16780"}],"wp:attachment":[{"href":"https:\/\/agora.xtec.cat\/escjoanmaragall\/wp-json\/wp\/v2\/media?parent=14256"}],"curies":[{"name":"wp","href":"https:\/\/api.w.org\/{rel}","templated":true}]}}