{"id":14236,"date":"2021-04-21T15:28:05","date_gmt":"2021-04-21T13:28:05","guid":{"rendered":"https:\/\/agora.xtec.cat\/escjoanmaragall\/?page_id=14236"},"modified":"2022-07-19T19:32:40","modified_gmt":"2022-07-19T17:32:40","slug":"horari","status":"publish","type":"page","link":"https:\/\/agora.xtec.cat\/escjoanmaragall\/horari\/","title":{"rendered":"HORARI"},"content":{"rendered":"<p style=\"text-align: justify;\"><span style=\"font-weight: 400;\">La franja hor\u00e0ria d\u2019utilitzaci\u00f3 del menjador s\u2019ha establert entre les 12.30h fins les 14.30h.\u00a0 Durant aquest temps els usuaris es distribueixen en dos torns:<\/span><\/p>\n<table>\n<tbody>\n<tr>\n<td><b>TORN<\/b><\/td>\n<td><b>HORARI<\/b><\/td>\n<td><b>ALUMNES<\/b><\/td>\n<\/tr>\n<tr>\n<td><span style=\"font-weight: 400;\">PRIMER<\/span><\/td>\n<td><span style=\"font-weight: 400;\">12.30-13.30<\/span><\/td>\n<td><span style=\"font-weight: 400;\">INF1-INF2-INF3-INF4-CI1-CI2-CI3-3\u00baA<\/span><\/td>\n<\/tr>\n<tr>\n<td><span style=\"font-weight: 400;\">SEGON<\/span><\/td>\n<td><span style=\"font-weight: 400;\">13.30-14.30<\/span><\/td>\n<td><span style=\"font-weight: 400;\">3\u00ba-4\u00ba-5\u00ba-6\u00ba<\/span><\/td>\n<\/tr>\n<\/tbody>\n<\/table>\n<p style=\"text-align: justify;\"><span style=\"font-weight: 400;\">La resta d\u2019usuaris el podran utilitzar en l\u2019horari que s\u2019ajusti m\u00e9s al seu temps lliure, per\u00f2 sempre en la franja hor\u00e0ria de 12.30h a 14.30 hores.<\/span><\/p>\n<table>\n<tbody>\n<tr>\n<td colspan=\"3\">\n<p style=\"text-align: center;\"><b>HORARI<\/b><\/p>\n<\/td>\n<\/tr>\n<tr>\n<td>\n<p style=\"text-align: center;\"><b>1r TORN<\/b><\/p>\n<\/td>\n<td><span style=\"font-weight: 400;\">12.30<\/span><\/td>\n<td><span style=\"font-weight: 400;\">Recollida dels alumnes al pati en el punt de trobada<\/span><\/td>\n<\/tr>\n<tr>\n<td><\/td>\n<td><span style=\"font-weight: 400;\">12.35-12.40<\/span><\/td>\n<td><span style=\"font-weight: 400;\">Rentar mans\u00a0<\/span><\/td>\n<\/tr>\n<tr>\n<td><\/td>\n<td><span style=\"font-weight: 400;\">12.40-13.30<\/span><\/td>\n<td><span style=\"font-weight: 400;\">Dinar<\/span><\/td>\n<\/tr>\n<tr>\n<td><\/td>\n<td><span style=\"font-weight: 400;\">13.30-13.40<\/span><\/td>\n<td><span style=\"font-weight: 400;\">Rentar mans\u00a0<\/span><\/td>\n<\/tr>\n<tr>\n<td><\/td>\n<td><span style=\"font-weight: 400;\">13.40-14.45<\/span><\/td>\n<td><span style=\"font-weight: 400;\">Joc lliure al pati\u00a0\u00a0<\/span><\/td>\n<\/tr>\n<tr>\n<td><\/td>\n<td><span style=\"font-weight: 400;\">14.45-14.55<\/span><\/td>\n<td><span style=\"font-weight: 400;\">Preparar files per portar els alumnes a la filera de les classes<\/span><\/td>\n<\/tr>\n<tr>\n<td><\/td>\n<td><span style=\"font-weight: 400;\">14.55-15.00<\/span><\/td>\n<td><span style=\"font-weight: 400;\">Esperar l\u2019arribada dels professors\/es\u00a0<\/span><\/td>\n<\/tr>\n<tr>\n<td>\n<p style=\"text-align: center;\"><b>2n TORN<\/b><\/p>\n<\/td>\n<td><span style=\"font-weight: 400;\">12.30-12.40<\/span><\/td>\n<td><span style=\"font-weight: 400;\">Recollida dels alumnes al pati en el punt de trobada<\/span><\/td>\n<\/tr>\n<tr>\n<td><\/td>\n<td><span style=\"font-weight: 400;\">12.40-13.30<\/span><\/td>\n<td><span style=\"font-weight: 400;\">Joc lliure al pati\u00a0\u00a0<\/span><\/td>\n<\/tr>\n<tr>\n<td><\/td>\n<td><span style=\"font-weight: 400;\">13.30-13.40<\/span><\/td>\n<td><span style=\"font-weight: 400;\">Fer files per anar a dinar<\/span><\/td>\n<\/tr>\n<tr>\n<td><\/td>\n<td><span style=\"font-weight: 400;\">13.40-13.45<\/span><\/td>\n<td><span style=\"font-weight: 400;\">Rentar mans<\/span><\/td>\n<\/tr>\n<tr>\n<td><\/td>\n<td><span style=\"font-weight: 400;\">13.50-14.35<\/span><\/td>\n<td><span style=\"font-weight: 400;\">Dinar<\/span><\/td>\n<\/tr>\n<tr>\n<td><\/td>\n<td><span style=\"font-weight: 400;\">14.35-14.45<\/span><\/td>\n<td><span style=\"font-weight: 400;\">Rentar mans<\/span><\/td>\n<\/tr>\n<tr>\n<td><\/td>\n<td><span style=\"font-weight: 400;\">14.45-14.55<\/span><\/td>\n<td><span style=\"font-weight: 400;\">Preparar files per portar els alumnes a la filera de les classes<\/span><\/td>\n<\/tr>\n<tr>\n<td><\/td>\n<td><span style=\"font-weight: 400;\">14.55-15.00<\/span><\/td>\n<td><span style=\"font-weight: 400;\">Esperar l\u2019arribada dels professors\/es\u00a0<\/span><\/td>\n<\/tr>\n<\/tbody>\n<\/table>\n<p><em>*Horaris aproximats<\/em><\/p>\n","protected":false},"excerpt":{"rendered":"<p>La franja hor\u00e0ria d\u2019utilitzaci\u00f3 del menjador s\u2019ha establert entre les 12.30h fins les 14.30h.\u00a0 Durant aquest temps els usuaris es distribueixen en dos torns:<\/p>\n<p>TORN<br \/>\nHORARI<br \/>\nALUMNES<\/p>\n<p>PRIMER<br \/>\n12.30-13.30<br \/>\nINF1-INF2-INF3-INF4-CI1-CI2-CI3-3\u00baA<\/p>\n<p>SEGON<br \/>\n13.30-14.30<br \/>\n3\u00ba-4\u00ba-5\u00ba-6\u00ba<\/p>\n<p>La resta d\u2019usuaris el podran utilitzar en l\u2019horari que s\u2019ajusti m\u00e9s al seu temps lliure, per\u00f2 sempre en la franja hor\u00e0ria de&hellip;  <a href=\"https:\/\/agora.xtec.cat\/escjoanmaragall\/horari\/\" title=\"Read HORARI\">Llegeix m\u00e9s\u00bb<\/a><\/p>\n","protected":false},"author":74,"featured_media":0,"parent":0,"menu_order":0,"comment_status":"closed","ping_status":"closed","template":"","meta":{"_bbp_topic_count":0,"_bbp_reply_count":0,"_bbp_total_topic_count":0,"_bbp_total_reply_count":0,"_bbp_voice_count":0,"_bbp_anonymous_reply_count":0,"_bbp_topic_count_hidden":0,"_bbp_reply_count_hidden":0,"_bbp_forum_subforum_count":0,"footnotes":""},"class_list":["post-14236","page","type-page","status-publish","hentry"],"post_mailing_queue_ids":[],"_links":{"self":[{"href":"https:\/\/agora.xtec.cat\/escjoanmaragall\/wp-json\/wp\/v2\/pages\/14236","targetHints":{"allow":["GET"]}}],"collection":[{"href":"https:\/\/agora.xtec.cat\/escjoanmaragall\/wp-json\/wp\/v2\/pages"}],"about":[{"href":"https:\/\/agora.xtec.cat\/escjoanmaragall\/wp-json\/wp\/v2\/types\/page"}],"author":[{"embeddable":true,"href":"https:\/\/agora.xtec.cat\/escjoanmaragall\/wp-json\/wp\/v2\/users\/74"}],"replies":[{"embeddable":true,"href":"https:\/\/agora.xtec.cat\/escjoanmaragall\/wp-json\/wp\/v2\/comments?post=14236"}],"version-history":[{"count":3,"href":"https:\/\/agora.xtec.cat\/escjoanmaragall\/wp-json\/wp\/v2\/pages\/14236\/revisions"}],"predecessor-version":[{"id":15384,"href":"https:\/\/agora.xtec.cat\/escjoanmaragall\/wp-json\/wp\/v2\/pages\/14236\/revisions\/15384"}],"wp:attachment":[{"href":"https:\/\/agora.xtec.cat\/escjoanmaragall\/wp-json\/wp\/v2\/media?parent=14236"}],"curies":[{"name":"wp","href":"https:\/\/api.w.org\/{rel}","templated":true}]}}