{"id":14177,"date":"2021-04-16T16:01:13","date_gmt":"2021-04-16T14:01:13","guid":{"rendered":"https:\/\/agora.xtec.cat\/escjoanmaragall\/?page_id=14177"},"modified":"2023-09-08T17:04:52","modified_gmt":"2023-09-08T15:04:52","slug":"menjador-2","status":"publish","type":"page","link":"https:\/\/agora.xtec.cat\/escjoanmaragall\/menjador-2\/","title":{"rendered":"MENJADOR"},"content":{"rendered":"<p style=\"text-align: justify;\"><span style=\"font-weight: 400;\">El menjador de l\u2019Escola Joan Maragall \u00e9s un servei complementari de car\u00e0cter educatiu i social que contribueix a fomentar en els alumnes, h\u00e0bits i conductes saludables relacionades amb la nutrici\u00f3.<\/span><\/p>\n<p style=\"text-align: justify;\"><span style=\"font-weight: 400;\">T\u00e9 com a objectiu fer conscients els alumnes de la import\u00e0ncia d\u2019una alimentaci\u00f3 adequada i una dieta equilibrada, que anir\u00e0 en benefici del seu creixement i desenvolupament.<\/span><\/p>\n<p>&nbsp;<\/p>\n<table style=\"height: 371px; width: 390px;\">\n<tbody>\n<tr style=\"height: 31px;\">\n<td style=\"height: 31px; width: 132.8px; text-align: center;\"><a href=\"https:\/\/agora.xtec.cat\/escjoanmaragall\/usuaris\/\" target=\"_blank\" rel=\"noopener noreferrer\"><img loading=\"lazy\" decoding=\"async\" class=\"aligncenter\" src=\"https:\/\/img.freepik.com\/vector-gratis\/pequenos-alumnos-su-maestra_29937-3586.jpg?size=626&amp;ext=jpg\" alt=\"Im\u00e1genes de Profesor Alumno | Vectores, fotos de stock y PSD gratuitos\" width=\"214\" height=\"142\" \/><\/a><\/td>\n<td style=\"height: 31px; width: 122.4px; text-align: center;\"><a href=\"https:\/\/agora.xtec.cat\/escjoanmaragall\/horari\/\" target=\"_blank\" rel=\"noopener noreferrer\"><img decoding=\"async\" src=\"https:\/\/st3.depositphotos.com\/1006076\/13257\/v\/600\/depositphotos_132576752-stock-illustration-clock-vector-drawing.jpg\" alt=\"Gr\u00e1fico vectorial Reloj dibujo romano \u25b7 Imagen vectorial Reloj dibujo romano | Depositphotos\u00ae\" \/><\/a><\/td>\n<td style=\"height: 31px; width: 139.2px; text-align: center;\"><a href=\"https:\/\/agora.xtec.cat\/escjoanmaragall\/pla-pedagogic-anual\/\" target=\"_blank\" rel=\"noopener noreferrer\"><img decoding=\"async\" src=\"https:\/\/static.vecteezy.com\/system\/resources\/previews\/000\/680\/213\/non_2x\/cartoon-vegetables-carrots-and-broccoli-that-are-enjoying.jpg\" alt=\"Dibujos animados de verduras, zanahorias y br\u00f3coli que est\u00e1n disfrutando 680213 - Descargar Vectores Gratis, Illustrator Graficos, Plantillas Dise\u00f1o\" \/><\/a><\/td>\n<\/tr>\n<tr style=\"height: 77px;\">\n<td style=\"height: 77px; width: 132.8px; text-align: center;\">USUARIS<\/td>\n<td style=\"height: 77px; width: 122.4px; text-align: center;\">HORARI<\/td>\n<td style=\"height: 77px; width: 139.2px; text-align: center;\">PLA PEDAG\u00d2GIC ANUAL<\/td>\n<\/tr>\n<tr style=\"height: 31px;\">\n<td style=\"height: 31px; width: 132.8px; text-align: center;\"><a href=\"https:\/\/agora.xtec.cat\/escjoanmaragall\/gestio-servei-menjador\/\" target=\"_blank\" rel=\"noopener noreferrer\"><img loading=\"lazy\" decoding=\"async\" class=\"\" src=\"https:\/\/i.pinimg.com\/originals\/b0\/41\/23\/b0412333db952f5175ce9738513e31e0.png\" alt=\"Resultado de imagen para DIBUJOS DE NINOS COMIENDO CON CUBIERTOS | Comedores escolares, Ni\u00f1os chef, Actividades de invierno para ni\u00f1os\" width=\"79\" height=\"103\" \/><\/a><\/td>\n<td style=\"height: 31px; width: 122.4px; text-align: center;\"><a href=\"https:\/\/agora.xtec.cat\/escjoanmaragall\/personal\/\" target=\"_blank\" rel=\"noopener noreferrer\"><img loading=\"lazy\" decoding=\"async\" class=\"\" src=\"https:\/\/previews.123rf.com\/images\/vectorshots\/vectorshots1307\/vectorshots130700570\/21098240-lindo-de-la-historieta-de-la-ni%C3%B1a-en-el-traje-del-cocinero-vector-de-dibujos-animados-ilustraci%C3%B3n.jpg\" alt=\"Lindo De La Historieta De La Ni\u00f1a En El Traje Del Cocinero - Vector De Dibujos Animados Ilustraci\u00f3n Ilustraciones Vectoriales, Clip Art Vectorizado Libre De Derechos. Image 21098240.\" width=\"64\" height=\"107\" \/><\/a><\/td>\n<td style=\"height: 31px; width: 139.2px; text-align: center;\"><a href=\"https:\/\/agora.xtec.cat\/escjoanmaragall\/normes-comportament\/\" target=\"_blank\" rel=\"noopener noreferrer\"><img decoding=\"async\" src=\"https:\/\/st2.depositphotos.com\/1431107\/7392\/v\/600\/depositphotos_73928909-stock-illustration-report-icon.jpg\" alt=\"Icono de informe Im\u00e1genes Vectoriales, Gr\u00e1fico Vectorial de Icono de informe | Depositphotos\u00ae\" \/><\/a><\/td>\n<\/tr>\n<tr style=\"height: 31px;\">\n<td style=\"height: 31px; width: 132.8px; text-align: center;\">GESTI\u00d3 DEL SERVEI I FUNCIONAMENT ADMINISTRATIU<\/td>\n<td style=\"height: 31px; width: 122.4px; text-align: center;\">PERSONAL<\/td>\n<td style=\"height: 31px; width: 139.2px; text-align: center;\">NORMES DE COMPORTAMENT DELS ALUMNES<\/td>\n<\/tr>\n<tr style=\"height: 31px;\">\n<td style=\"height: 31px; width: 132.8px; text-align: center;\"><a href=\"https:\/\/agora.xtec.cat\/escjoanmaragall\/procediments\/\" target=\"_blank\" rel=\"noopener noreferrer\"><img loading=\"lazy\" decoding=\"async\" class=\"\" src=\"https:\/\/img2.freepng.es\/20190527\/tqx\/kisspng-judge-clip-art-vector-graphics-court-gavel-e33b1ba3daeaborig-456-5-clipart-5cebb2f5c21b47.2041497315589506457951.jpg\" alt=\"Juez, Tribunal, Mallete imagen png - imagen transparente descarga gratuita\" width=\"98\" height=\"108\" \/><\/a><\/td>\n<td style=\"height: 31px; width: 122.4px; text-align: center;\"><a href=\"https:\/\/agora.xtec.cat\/escjoanmaragall\/medicacions\/\" target=\"_blank\" rel=\"noopener noreferrer\"><img decoding=\"async\" src=\"https:\/\/previews.123rf.com\/images\/mything\/mything1711\/mything171100054\/90152603-medicamentos-para-el-dolor-de-garganta-la-gripe-la-secreci%C3%B3n-nasal-la-gripe-la-tos-jarabe-medicinal-aer.jpg\" alt=\"Medicamentos Para El Dolor De Garganta, La Gripe, La Secreci\u00f3n Nasal, La Gripe, La Tos: Jarabe Medicinal, Aerosol Nasal, P\u00edldoras, C\u00e1psulas, Medicamentos. Ilustraci\u00f3n Vectorial Cartel De Icono De Dibujos Animados En Blanco.\" \/><\/a><\/td>\n<td style=\"height: 31px; width: 139.2px; text-align: center;\"><a href=\"https:\/\/agora.xtec.cat\/escjoanmaragall\/informes\/\" target=\"_blank\" rel=\"noopener noreferrer\"><img loading=\"lazy\" decoding=\"async\" class=\"\" src=\"https:\/\/img2.freepng.es\/20180514\/iq\/kisspng-paper-pen-drawing-5af98acae31e82.7247017315263034349303.jpg\" alt=\"Papel, L\u00e1piz, Dibujo imagen png - imagen transparente descarga gratuita\" width=\"105\" height=\"112\" \/><\/a><\/td>\n<\/tr>\n<tr style=\"height: 77px;\">\n<td style=\"height: 77px; width: 132.8px; text-align: center;\">PROCEDIMENTS EN CAS DE CONDUCTES CONTR\u00c0RIES<\/td>\n<td style=\"height: 77px; width: 122.4px; text-align: center;\">MEDICACIONS<\/td>\n<td style=\"height: 77px; width: 139.2px; text-align: center;\">INFORMES<\/td>\n<\/tr>\n<tr style=\"height: 31px;\">\n<td style=\"height: 31px; width: 132.8px; text-align: center;\"><a href=\"https:\/\/agora.xtec.cat\/escjoanmaragall\/informacio-comunitat\/\" target=\"_blank\" rel=\"noopener noreferrer\"><img loading=\"lazy\" decoding=\"async\" class=\"\" src=\"https:\/\/previews.123rf.com\/images\/hchjjl\/hchjjl1504\/hchjjl150406714\/39294929-informaci%C3%B3n-de-dibujo-del-doodle.jpg\" alt=\"Informaci\u00f3n De Dibujo Del Doodle Ilustraciones Vectoriales, Clip Art Vectorizado Libre De Derechos. Image 39294929.\" width=\"95\" height=\"95\" \/><\/a><\/td>\n<td style=\"height: 31px; width: 122.4px; text-align: center;\"><\/td>\n<td style=\"height: 31px; width: 139.2px; text-align: center;\"><\/td>\n<\/tr>\n<tr style=\"height: 62px;\">\n<td style=\"height: 62px; width: 132.8px; text-align: center;\">INFORMACI\u00d3 A LA COMUNITAT EDUCATIVA<\/td>\n<td style=\"height: 62px; width: 122.4px; text-align: center;\"><\/td>\n<td style=\"height: 62px; width: 139.2px; text-align: center;\"><\/td>\n<\/tr>\n<\/tbody>\n<\/table>\n<p>&nbsp;<\/p>\n","protected":false},"excerpt":{"rendered":"<p>El menjador de l\u2019Escola Joan Maragall \u00e9s un servei complementari de car\u00e0cter educatiu i social que contribueix a fomentar en els alumnes, h\u00e0bits i conductes saludables relacionades amb la nutrici\u00f3.<br \/>\nT\u00e9 com a objectiu fer conscients els alumnes de la import\u00e0ncia d\u2019una alimentaci\u00f3 adequada i una&hellip;  <a href=\"https:\/\/agora.xtec.cat\/escjoanmaragall\/menjador-2\/\" title=\"Read MENJADOR\">Llegeix m\u00e9s\u00bb<\/a><\/p>\n","protected":false},"author":74,"featured_media":0,"parent":0,"menu_order":0,"comment_status":"closed","ping_status":"closed","template":"","meta":{"_bbp_topic_count":0,"_bbp_reply_count":0,"_bbp_total_topic_count":0,"_bbp_total_reply_count":0,"_bbp_voice_count":0,"_bbp_anonymous_reply_count":0,"_bbp_topic_count_hidden":0,"_bbp_reply_count_hidden":0,"_bbp_forum_subforum_count":0,"footnotes":""},"class_list":["post-14177","page","type-page","status-publish","hentry"],"post_mailing_queue_ids":[],"_links":{"self":[{"href":"https:\/\/agora.xtec.cat\/escjoanmaragall\/wp-json\/wp\/v2\/pages\/14177","targetHints":{"allow":["GET"]}}],"collection":[{"href":"https:\/\/agora.xtec.cat\/escjoanmaragall\/wp-json\/wp\/v2\/pages"}],"about":[{"href":"https:\/\/agora.xtec.cat\/escjoanmaragall\/wp-json\/wp\/v2\/types\/page"}],"author":[{"embeddable":true,"href":"https:\/\/agora.xtec.cat\/escjoanmaragall\/wp-json\/wp\/v2\/users\/74"}],"replies":[{"embeddable":true,"href":"https:\/\/agora.xtec.cat\/escjoanmaragall\/wp-json\/wp\/v2\/comments?post=14177"}],"version-history":[{"count":4,"href":"https:\/\/agora.xtec.cat\/escjoanmaragall\/wp-json\/wp\/v2\/pages\/14177\/revisions"}],"predecessor-version":[{"id":16783,"href":"https:\/\/agora.xtec.cat\/escjoanmaragall\/wp-json\/wp\/v2\/pages\/14177\/revisions\/16783"}],"wp:attachment":[{"href":"https:\/\/agora.xtec.cat\/escjoanmaragall\/wp-json\/wp\/v2\/media?parent=14177"}],"curies":[{"name":"wp","href":"https:\/\/api.w.org\/{rel}","templated":true}]}}